{"id":1356,"date":"2022-09-29T11:47:42","date_gmt":"2022-09-29T11:47:42","guid":{"rendered":"https:\/\/wp.lancs.ac.uk\/sllat\/?page_id=1356"},"modified":"2022-09-29T11:50:56","modified_gmt":"2022-09-29T11:50:56","slug":"2021-2022-programme-archive","status":"publish","type":"page","link":"https:\/\/wp.lancs.ac.uk\/sllat\/2021-2022-programme-archive\/","title":{"rendered":"\u2014 2021\u20132022 Programme archive"},"content":{"rendered":"<p><em>SLLAT talks generally take place on <strong>Wednesdays, 12pm to 1pm<\/strong>. However, this year, a few talks will take place on Thursday, 3pm to 4pm. These are joint sessions with the Heritage\/Second Language Consortium (HL2C), of which Lancaster University is part. SLLAT members are welcome (and encouraged) to attend these events, too. For more information, or to get involved, <a href=\"http:\/\/wp.lancs.ac.uk\/heritage-language\/\" target=\"_blank\" rel=\"noopener\">please visit the HL2C website<\/a>. <\/em><\/p>\n<p><em>Abstracts are usually available one week before each talk. To download the abstract, simply click on the title links.<br \/>\n<\/em><\/p>\n<p><em>Talks will take place on MS Teams. <\/em><em>We will circulate the Teams link via the SLLAT mailing list, so please remember to join our mailing list in advance (<a href=\"http:\/\/wp.lancs.ac.uk\/sllat\/programme\/\">how to join<\/a>). <\/em><\/p>\n<table width=\"97.8898%\">\n<tbody>\n<tr>\n<td><strong>Date<\/strong><\/td>\n<td><strong>Time<br \/>\n<\/strong><\/td>\n<td><strong>Speaker<\/strong><\/td>\n<td><strong>Title<\/strong><\/td>\n<\/tr>\n<tr>\n<td>Sep 30<\/td>\n<td>Thursday, 3-4pm<\/td>\n<td><a href=\"https:\/\/www.luizamaral.net\/\">Luiz Amaral<\/a> and Alexandre Alves dos Santos (both UMass Amherst), Fl\u00e1via Cunha (Mt. Holyoke College), Tha\u00eds de S\u00e1 and Ricardo de Souza (both UFMG)<\/td>\n<td><a href=\"http:\/\/wp.lancs.ac.uk\/heritage-language\/2021\/10\/12\/seminar-sept-30\/\"><em>Evaluating heritage speakers\u2019 proficiency: Oral proficiency rubrics and a vocabulary test\u00a0 for Portuguese as a heritage language<\/em><\/a><\/td>\n<\/tr>\n<tr>\n<td>Oct 20<\/td>\n<td>Wednesday, 12-1pm<\/td>\n<td><a href=\"https:\/\/clunl.fcsh.unl.pt\/en\/team\/tavares-gabriela\/\">Gabriela Tavares<\/a> (NOVA CLUNL), <a href=\"http:\/\/demeandrea.web.elte.hu\/\">Andrea Deme<\/a> (E\u00f6tv\u00f6s Lor\u00e1nd University), and <a href=\"https:\/\/clunl.fcsh.unl.pt\/en\/team\/susana-correia\/\">Susana Correia<\/a> (NOVA CLUNL)<\/td>\n<td><a href=\"http:\/\/wp.lancs.ac.uk\/heritage-language\/2021\/10\/12\/seminar-oct-20\/\"><em>Phonological categorization of L2 Portuguese by Hungarian native speakers <\/em><\/a><\/td>\n<\/tr>\n<tr>\n<td>Oct 27<\/td>\n<td>Wednesday, 12-1pm<\/td>\n<td><a href=\"http:\/\/www.laslab.org\/pilar\/\">Mar\u00eda del Pilar Garcia Mayo<\/a> (UPV\/EHU)<\/td>\n<td><em><a href=\"http:\/\/wp.lancs.ac.uk\/heritage-language\/2021\/10\/20\/seminar-oct-27\/\">Children using collaborative tasks in an EFL context. Some insights from research<\/a><\/em><\/td>\n<\/tr>\n<tr>\n<td>Nov 17<\/td>\n<td>Wednesday, 12-1pm<\/td>\n<td><a href=\"http:\/\/www.clul.ulisboa.pt\/pessoa\/aidacard\">Aida Cardoso<\/a> (Lisbon)<\/td>\n<td><a href=\"http:\/\/wp.lancs.ac.uk\/heritage-language\/2021\/10\/12\/seminar-nov-17\/\"><em>Acquisition of infinitival constructions in L2 Portuguese by Spanish native speakers: A Feature Reassembly approach<\/em><\/a><\/td>\n<\/tr>\n<tr>\n<td>Dec\u00a0 1<\/td>\n<td>Wednesday, 12-1pm<\/td>\n<td><a href=\"https:\/\/www.anglistik.rwth-aachen.de\/cms\/Anglistik\/Anglistik-Amerikanistik\/Anglistische-Sprachwissenschaft\/~gdgf\/Kerz-Mit\/\">Elma Kerz<\/a> (Aachen)<\/td>\n<td><em><a href=\"http:\/\/wp.lancs.ac.uk\/heritage-language\/2021\/11\/24\/seminar-dec-01\/\">New\u00a0insights\u00a0into the role of\u00a0statistical learning abilities in second language learning<\/a><\/em><\/td>\n<\/tr>\n<tr>\n<td>Jan 26<\/td>\n<td>Wednesday, 12-1pm<\/td>\n<td>Joe Kakitani (LAEL)<\/td>\n<td><a href=\"http:\/\/wp.lancs.ac.uk\/heritage-language\/2022\/01\/19\/seminar-jan-26\/\"><em>Effects of distributed practice on L2 speech fluency development\u00a0<\/em><\/a><\/td>\n<\/tr>\n<tr>\n<td>Jan 27<\/td>\n<td>Thursday, 3-4pm<\/td>\n<td><a href=\"https:\/\/www.sowi.uni-kl.de\/psycholinguistics\/team\/professor-dr-shanley-em-allen\/\">Shanley Allen<\/a> (Kaiserslautern)<\/td>\n<td><a href=\"http:\/\/wp.lancs.ac.uk\/heritage-language\/2022\/01\/20\/seminar-jan-27\/\"><em>Information structure in the majority English of heritage speakers: Cross-linguistic influence and other patterns<\/em><\/a><\/td>\n<\/tr>\n<tr>\n<td>Feb 9<\/td>\n<td>Wednesday, 12-1pm<\/td>\n<td><a href=\"https:\/\/uni-tuebingen.de\/en\/faculties\/faculty-of-economics-and-social-sciences\/subjects\/department-of-social-sciences\/education-sciences-and-psychology\/institute\/staff\/chen-xiaobin-dr\/\">Xiaobin Chen<\/a> (T\u00fcbingen)<\/td>\n<td><a href=\"http:\/\/wp.lancs.ac.uk\/heritage-language\/2022\/02\/02\/seminar-feb-09\/\"><em>Aisla\u2014An intelligent agent for second language English learning in <\/em><em>real-life contexts\u00a0<\/em><\/a><\/td>\n<\/tr>\n<tr>\n<td>Feb 24<\/td>\n<td>Thursday, 3-4pm<\/td>\n<td><span class=\"TextRun BCX9 SCXW14481949\" lang=\"EN-GB\" xml:lang=\"EN-GB\" data-contrast=\"none\"><span class=\"NormalTextRun BCX9 SCXW14481949\"><a href=\"https:\/\/loop.frontiersin.org\/people\/222741\/overview\">Montserrat Comesa\u00f1a<\/a> (Minho)<\/span><\/span><\/td>\n<td><em><a href=\"http:\/\/wp.lancs.ac.uk\/heritage-language\/2022\/02\/16\/seminar-feb-24\/\">The representational nature of grammatical gender: The relevance of language transparency<\/a><\/em><\/td>\n<\/tr>\n<tr>\n<td>Mar 2<\/td>\n<td>Wednesday, 12-1pm<\/td>\n<td><a href=\"https:\/\/www.birmingham.ac.uk\/schools\/edacs\/departments\/englishlanguage\/research\/postgraduateresearch\/profiles\/grose-hodge-magdalena.aspx\">Magdalena Grose-Hodge<\/a> (Birmingham)<\/td>\n<td><a href=\"http:\/\/wp.lancs.ac.uk\/heritage-language\/2022\/02\/25\/seminar-mar-2\/\"><em>Are the heritage and dominant languages of early bilinguals less complex and less fluent than that of monolinguals? A comparison of linguistic abilities of pre-adolescent Polish Heritage Speakers and monolingual controls.<\/em><\/a><\/td>\n<\/tr>\n<tr>\n<td>Mar 9<\/td>\n<td>Wednesday, 12-1pm<\/td>\n<td><a href=\"https:\/\/scholar.google.com\/citations?user=PgoJNXkAAAAJ&amp;hl=en\">Nur Ehsan Mohd Said<\/a> (Universiti Kebangsaan Malaysia)<\/td>\n<td><a href=\"http:\/\/wp.lancs.ac.uk\/heritage-language\/2022\/03\/02\/seminar-march-09\/\"><em>Differentiating instruction for EFL learners: Identifying and measuring changes in language attitude and critical thinking<\/em><\/a><\/td>\n<\/tr>\n<tr>\n<td>Mar 23<\/td>\n<td>Wednesday, 12-1pm<\/td>\n<td>Ava Becker (University of British Columbia, Vancouver)<\/td>\n<td><em>Title tbc<\/em><\/td>\n<\/tr>\n<tr>\n<td>Mar 31<\/td>\n<td>Thursday, 3-4pm<\/td>\n<td><a href=\"https:\/\/www.nativescientist.com\/\">Joana Moscoso<\/a> (Native Scientist)<\/td>\n<td><em>Exploring the effectiveness of an innovative science outreach programme for migrant students\u00a0 <\/em>(Joint talk with HL2C.)<em><br \/>\n<\/em><\/td>\n<\/tr>\n<tr>\n<td>April 28<\/td>\n<td>Thursday, 3-4pm<\/td>\n<td><a href=\"https:\/\/orcid.org\/0000-0002-7991-140X\">Maria de Lurdes Gon\u00e7alves<\/a> (Cam\u00f5es Institute)<\/td>\n<td><em>Teacher training in heritage language education: Challenges and opportunities <\/em>(Joint talk with HL2C.)<\/td>\n<\/tr>\n<tr>\n<td>May 4<\/td>\n<td>Wednesday, 12-1pm<\/td>\n<td><em><a href=\"https:\/\/www.yorksj.ac.uk\/our-staff\/staff-profiles\/christopher-j-hall.php\">Christopher J. Hall<\/a> (York St. John)\u00a0<\/em><\/td>\n<td><em>Title tbc<\/em><\/td>\n<\/tr>\n<tr>\n<td>May 18-20<\/td>\n<td>Conference<\/td>\n<td width=\"301\"><a href=\"http:\/\/cehum.ilch.uminho.pt\/languages\">Heritage Languages Across the World<\/a> (HLAW), Lisbon<\/td>\n<td width=\"301\">Please join us in Lisbon for this exciting event.<\/td>\n<\/tr>\n<tr>\n<td>Jun 1<\/td>\n<td>Wednesday, 12-1pm<\/td>\n<td><a href=\"https:\/\/www.ed.ac.uk\/profile\/yvonne-foley\">Yvonne Foley<\/a> (Edinburgh)<\/td>\n<td><a href=\"http:\/\/wp.lancs.ac.uk\/sllat\/files\/2022\/05\/SLLAT_abstract_Yvonne-Foley.pdf\"><em>Diverse Critical Literacies: Pedagogies of Recognition<\/em><\/a><\/td>\n<\/tr>\n<tr>\n<td>Jun 9<\/td>\n<td>Thursday, 3-4pm<\/td>\n<td><a title=\"Original URL: https:\/\/www.clul.ulisboa.pt\/en\/pessoa\/jlverissimo Click to follow link.\" href=\"https:\/\/www.clul.ulisboa.pt\/en\/pessoa\/jlverissimo\"><span lang=\"PT-BR\">Jo\u00e3o Ver\u00edssimo (University of Lisbon)<\/span><\/a><\/td>\n<td><a href=\"https:\/\/wp.lancs.ac.uk\/heritage-language\/2022\/06\/01\/seminar-june-09\/\"><em>L2 morphological processing reveals the internal differentiation of the language system<\/em><\/a><\/td>\n<\/tr>\n<tr>\n<td>Jun 15<\/td>\n<td>Wednesday, 12-1pm<\/td>\n<td><a href=\"https:\/\/www.ugr.es\/en\/staff\/miriam-buendia-castro\">M\u00edriam Buend\u00eda Castro<\/a> (University of Granada, Spain)<\/td>\n<td><a href=\"http:\/\/wp.lancs.ac.uk\/sllat\/files\/2022\/06\/SLLAT_abstract_Miriam-Buendia-Castro.pdf\"><em>Design of a school science dictionary (English-Spanish) for bilingual primary schools in Spain<\/em><\/a><\/td>\n<\/tr>\n<tr>\n<td>Jun 30<\/td>\n<td>Thursday, 3-4pm<\/td>\n<td><a href=\"https:\/\/clunl.fcsh.unl.pt\/en\/team\/alexandra-fieis\/\">Alexandra Fi\u00e9is<\/a>, <a href=\"https:\/\/clunl.fcsh.unl.pt\/en\/team\/joana-teixeira\/\">Joana Teixeira<\/a>, and <a href=\"https:\/\/clunl.fcsh.unl.pt\/en\/team\/ana-madeira\/\">Ana Madeira<\/a> (all NOVA CLUNL)<\/td>\n<td><em>Title tbc <\/em>(Joint talk with HL2C.)<\/td>\n<\/tr>\n<\/tbody>\n<\/table>\n","protected":false},"excerpt":{"rendered":"<p>SLLAT talks generally take place on Wednesdays, 12pm to 1pm. However, this year, a few talks will take place on Thursday, 3pm to 4pm. These are joint sessions with the Heritage\/Second Language Consortium (HL2C), of which Lancaster University is part. SLLAT members are welcome (and encouraged) to attend these events, too. For more information, or [&hellip;]<\/p>\n","protected":false},"author":401,"featured_media":0,"parent":0,"menu_order":0,"comment_status":"closed","ping_status":"closed","template":"","meta":{"footnotes":""},"class_list":["post-1356","page","type-page","status-publish","hentry","post-preview"],"jetpack_sharing_enabled":true,"jetpack_shortlink":"https:\/\/wp.me\/P8b6mH-lS","jetpack-related-posts":[],"_links":{"self":[{"href":"https:\/\/wp.lancs.ac.uk\/sllat\/wp-json\/wp\/v2\/pages\/1356","targetHints":{"allow":["GET"]}}],"collection":[{"href":"https:\/\/wp.lancs.ac.uk\/sllat\/wp-json\/wp\/v2\/pages"}],"about":[{"href":"https:\/\/wp.lancs.ac.uk\/sllat\/wp-json\/wp\/v2\/types\/page"}],"author":[{"embeddable":true,"href":"https:\/\/wp.lancs.ac.uk\/sllat\/wp-json\/wp\/v2\/users\/401"}],"replies":[{"embeddable":true,"href":"https:\/\/wp.lancs.ac.uk\/sllat\/wp-json\/wp\/v2\/comments?post=1356"}],"version-history":[{"count":2,"href":"https:\/\/wp.lancs.ac.uk\/sllat\/wp-json\/wp\/v2\/pages\/1356\/revisions"}],"predecessor-version":[{"id":1361,"href":"https:\/\/wp.lancs.ac.uk\/sllat\/wp-json\/wp\/v2\/pages\/1356\/revisions\/1361"}],"wp:attachment":[{"href":"https:\/\/wp.lancs.ac.uk\/sllat\/wp-json\/wp\/v2\/media?parent=1356"}],"curies":[{"name":"wp","href":"https:\/\/api.w.org\/{rel}","templated":true}]}}