{"id":82,"date":"2025-07-14T19:42:22","date_gmt":"2025-07-14T19:42:22","guid":{"rendered":"https:\/\/wp.lancs.ac.uk\/neonlab\/?page_id=82"},"modified":"2026-03-05T13:38:17","modified_gmt":"2026-03-05T13:38:17","slug":"news","status":"publish","type":"page","link":"https:\/\/wp.lancs.ac.uk\/neonlab\/news\/","title":{"rendered":"News"},"content":{"rendered":"\n<h2 class=\"wp-block-heading has-text-color has-link-color wp-elements-390b60ebef26f24bad56864f851e9383\" style=\"color:#654589;padding-bottom:var(--wp--preset--spacing--30);font-style:normal;font-weight:600\">NEON News \ud83d\udcf0<\/h2>\n\n\n\n<p class=\"has-text-align-center has-text-color has-background has-link-color wp-elements-6f7850ebc40e619b7a65d9e1c8ed9487\" style=\"color:#654589;background-color:#f3eff7;padding-top:var(--wp--preset--spacing--20);padding-right:0;padding-bottom:var(--wp--preset--spacing--20);padding-left:0;font-size:clamp(17.371px, 1.086rem + ((1vw - 3.2px) * 0.944), 27px);font-style:normal;font-weight:600\">2026<\/p>\n\n\n\n<p class=\"has-text-align-left has-text-color has-link-color wp-elements-f76e0abeab8b6e77f7c57c64cc7b4026\" style=\"color:#654589;font-size:clamp(0.875rem, 0.875rem + ((1vw - 0.2rem) * 0.353), 1.1rem);font-style:normal;font-weight:600\">February 16, 2026<\/p>\n\n\n\n<p style=\"padding-bottom:0;font-size:clamp(14px, 0.875rem + ((1vw - 3.2px) * 0.392), 18px);\">\ud83d\udcdd Our new paper on the impact of anti-seizure medications on the neural dynamics of epileptic activity has been published in <em>Epilepsia<\/em>! In this study, we used intracranial EEG recordings to compare the location and spatiotemporal patterns of seizures in patients with epilepsy as their anti-seizure medication was tapered from high to low dosages. Read the article <a href=\"https:\/\/onlinelibrary.wiley.com\/doi\/10.1002\/epi.70149\" target=\"_blank\" rel=\"noreferrer noopener\">here<\/a>.<\/p>\n\n\n\n<hr class=\"wp-block-separator has-alpha-channel-opacity\" style=\"margin-top:var(--wp--preset--spacing--40);margin-bottom:var(--wp--preset--spacing--40)\" \/>\n\n\n\n<p class=\"has-text-align-left has-text-color has-link-color wp-elements-6c1bc6377d466530919d2332fb224e52\" style=\"color:#654589;font-size:clamp(0.875rem, 0.875rem + ((1vw - 0.2rem) * 0.353), 1.1rem);font-style:normal;font-weight:600\">January 28, 2026<\/p>\n\n\n\n<p style=\"padding-bottom:var(--wp--preset--spacing--40);font-size:clamp(14px, 0.875rem + ((1vw - 3.2px) * 0.392), 18px);\">\ud83d\udc4b A warm welcome to our new lab members, Raina Hill and Elen Jones! They are joining our team as casual Research Assistants through the Psychology Employability Programme, and will be supporting our sleep EEG studies.<\/p>\n\n\n\n<p class=\"has-text-align-center has-text-color has-background has-link-color wp-elements-06378aa5e478208741e0cf1ffe7fd0e7\" style=\"color:#654589;background-color:#f3eff7;padding-top:var(--wp--preset--spacing--20);padding-right:0;padding-bottom:var(--wp--preset--spacing--20);padding-left:0;font-size:clamp(17.371px, 1.086rem + ((1vw - 3.2px) * 0.944), 27px);font-style:normal;font-weight:600\">2025<\/p>\n\n\n\n<p class=\"has-text-align-left has-text-color has-link-color wp-elements-2a274c23eab602cdb45e28c703008d6d\" style=\"color:#654589;font-size:clamp(0.875rem, 0.875rem + ((1vw - 0.2rem) * 0.353), 1.1rem);font-style:normal;font-weight:600\">December 3, 2025<\/p>\n\n\n\n<p style=\"font-size:clamp(14px, 0.875rem + ((1vw - 3.2px) * 0.392), 18px);\">\ud83d\udc4b We were delighted to host Professor Edwin Robertson from the Centre for Cognitive Neuroimaging (CCNi), University of Glasgow for two days! In his thought-provoking talk &#8211; titled \u2018<em>Sharing information between human memory systems<\/em> \u2019 &#8211; Professor Robertson discussed how different memory systems interact in the brain, sparking many questions and insightful conversations.<\/p>\n\n\n\n<hr class=\"wp-block-separator has-alpha-channel-opacity\" style=\"margin-top:var(--wp--preset--spacing--40);margin-bottom:var(--wp--preset--spacing--40)\" \/>\n\n\n\n<p class=\"has-text-align-left has-text-color has-link-color wp-elements-aefd0dc6166e408fce14d64f38ab96c0\" style=\"color:#654589;font-size:clamp(0.875rem, 0.875rem + ((1vw - 0.2rem) * 0.353), 1.1rem);font-style:normal;font-weight:600\">November 3, 2025<\/p>\n\n\n\n<p style=\"font-size:clamp(14px, 0.875rem + ((1vw - 3.2px) * 0.392), 18px);\">\ud83d\udc4b This week, we hosted PhD student Vojt\u011bch Tr\u00e1vn\u00ed\u010dek in the NEON Lab! Vojt\u011bch visited us from the Institute of Scientific Instruments of the Czech Academy of Sciences in Brno, Czech Republic. We had a great week discussing ideas and sharing methods to address important questions in EEG, epilepsy and dementia.<\/p>\n\n\n\n<hr class=\"wp-block-separator has-alpha-channel-opacity\" style=\"margin-top:var(--wp--preset--spacing--40);margin-bottom:var(--wp--preset--spacing--40)\" \/>\n\n\n\n<p class=\"has-text-align-left has-text-color has-link-color wp-elements-6a099439b06e85bb99819ce729a39fa7\" style=\"color:#654589;font-size:clamp(0.875rem, 0.875rem + ((1vw - 0.2rem) * 0.353), 1.1rem);font-style:normal;font-weight:600\">October 1, 2025<\/p>\n\n\n\n<p style=\"font-size:clamp(14px, 0.875rem + ((1vw - 3.2px) * 0.392), 18px);\">\ud83d\udc4b A warm welcome back to Sofia Antoniazzi, who returns to the NEON Lab today as an MRes student after previously completing her third-year BSc dissertation with us! Sofia&#8217;s project will focus on investigating the complex links between late-onset epilepsy and dementia in older adults.<\/p>\n\n\n\n<hr class=\"wp-block-separator has-alpha-channel-opacity\" style=\"margin-top:var(--wp--preset--spacing--40);margin-bottom:var(--wp--preset--spacing--40)\" \/>\n\n\n\n<p class=\"has-text-align-left has-text-color has-link-color wp-elements-d3703dc76093ee394547154d3dba553e\" style=\"color:#654589;font-size:clamp(0.875rem, 0.875rem + ((1vw - 0.2rem) * 0.353), 1.1rem);font-style:normal;font-weight:600\">August 6, 2025<\/p>\n\n\n\n<p style=\"font-size:clamp(14px, 0.875rem + ((1vw - 3.2px) * 0.392), 18px);\">\ud83d\udcdd Our latest review on the role of slow-wave sleep in offline memory processing has been published in <em>Frontiers in Behavioral Neuroscience<\/em>! We draw on evidence from human EEG studies and discuss how slow-wave sleep supports the consolidation of both declarative and procedural memories and contributes to higher cognitive functions. Read the article <a href=\"https:\/\/www.frontiersin.org\/journals\/behavioral-neuroscience\/articles\/10.3389\/fnbeh.2025.1620544\/full\" target=\"_blank\" rel=\"noreferrer noopener\">here<\/a>.<\/p>\n\n\n\n<hr class=\"wp-block-separator has-alpha-channel-opacity\" style=\"margin-top:var(--wp--preset--spacing--40);margin-bottom:var(--wp--preset--spacing--40)\" \/>\n\n\n\n<p class=\"has-text-align-left has-text-color has-link-color wp-elements-4969cebf7cb90a0b8d5e7a782db6fb3b\" style=\"color:#654589;font-size:clamp(0.875rem, 0.875rem + ((1vw - 0.2rem) * 0.353), 1.1rem);font-style:normal;font-weight:600\">August 4, 2025<\/p>\n\n\n\n<p style=\"font-size:clamp(14px, 0.875rem + ((1vw - 3.2px) * 0.392), 18px);\">\ud83d\udc4b A huge welcome to Samantha-Jo Hollings, who joins the NEON Lab today as our new Research Technician! Sammy will be supporting our experimental studies on the role of sleep in memory processing.<\/p>\n\n\n\n<hr class=\"wp-block-separator has-alpha-channel-opacity\" style=\"margin-top:var(--wp--preset--spacing--40);margin-bottom:var(--wp--preset--spacing--40)\" \/>\n\n\n\n<p class=\"has-text-align-left has-text-color has-link-color wp-elements-a5bf7d80682bcfda5301ec6bd94a1644\" style=\"color:#654589;font-size:clamp(0.875rem, 0.875rem + ((1vw - 0.2rem) * 0.353), 1.1rem);font-style:normal;font-weight:600\">July 14, 2025<\/p>\n\n\n\n<p style=\"font-size:clamp(14px, 0.875rem + ((1vw - 3.2px) * 0.392), 18px);\">\ud83c\udf93 Congratulations to our 2024-25 BSc cohort on graduating this week! Yuan Sagala, Sofia Antoniazzi, Ella Spencer and Umar Suleman completed their final-year research projects in the NEON Lab. We wish them all the best in their next steps!<\/p>\n\n\n\n<hr class=\"wp-block-separator has-alpha-channel-opacity\" style=\"margin-top:var(--wp--preset--spacing--40);margin-bottom:var(--wp--preset--spacing--40)\" \/>\n\n\n\n<p class=\"has-text-align-left has-text-color has-link-color wp-elements-8f92548d0bf68ca8283deeda72f4fcd5\" style=\"color:#654589;font-size:clamp(0.875rem, 0.875rem + ((1vw - 0.2rem) * 0.353), 1.1rem);font-style:normal;font-weight:600\">July 1, 2025<\/p>\n\n\n\n<p style=\"font-size:clamp(14px, 0.875rem + ((1vw - 3.2px) * 0.392), 18px);\">\ud83c\udfa4 Dr Sana Hannan performed stand-up comedy at the Royal Society this evening! This event was part of the Royal Society\u2019s Summer Science Exhibition 2025 \u2013 a public engagement initiative aimed at making science accessible to a broad audience. Huge thanks to Steve Cross and the Royal Society for the kind invitation! Click <a href=\"https:\/\/www.linkedin.com\/posts\/sana-hannan_what-a-wonderful-experience-performing-stand-up-activity-7346830997616771073-f8Re?utm_source=share&amp;utm_medium=member_desktop&amp;rcm=ACoAAClxcTYBlRCwA0-raQyJVStJlV8FBbjeaOo\" target=\"_blank\" rel=\"noreferrer noopener\">here<\/a> to view the LinkedIn post and photos from the event.<\/p>\n\n\n\n<hr class=\"wp-block-separator has-alpha-channel-opacity\" style=\"margin-top:var(--wp--preset--spacing--40);margin-bottom:var(--wp--preset--spacing--40)\" \/>\n\n\n\n<p class=\"has-text-align-left has-text-color has-link-color wp-elements-c080ce2cf74f6133ddc50943ffbe74f3\" style=\"color:#654589;font-size:clamp(0.875rem, 0.875rem + ((1vw - 0.2rem) * 0.353), 1.1rem);font-style:normal;font-weight:600\">May 28, 2025<\/p>\n\n\n\n<p style=\"font-size:clamp(14px, 0.875rem + ((1vw - 3.2px) * 0.392), 18px);\">\ud83d\udc4b A warm welcome to Andrea Mosqueda-Jolly and Summer Rickard, who are joining the NEON Lab this week as casual Research Assistants, as part of the Psychology Employability Programme. We\u2019re excited to have them on board!<\/p>\n\n\n\n<hr class=\"wp-block-separator has-alpha-channel-opacity\" style=\"margin-top:var(--wp--preset--spacing--40);margin-bottom:var(--wp--preset--spacing--40)\" \/>\n\n\n\n<p class=\"has-text-align-left has-text-color has-link-color wp-elements-6321201ec220a8d6d8b071d507d93e98\" style=\"color:#654589;font-size:clamp(0.875rem, 0.875rem + ((1vw - 0.2rem) * 0.353), 1.1rem);font-style:normal;font-weight:600\">April 11, 2025<\/p>\n\n\n\n<p style=\"font-size:clamp(14px, 0.875rem + ((1vw - 3.2px) * 0.392), 18px);\">\ud83d\udcac Dr Sana Hannan, along with Professor Hedley Emsley (Lancaster Medical School) and Dr Clare Gordon (University of Central Lancashire), formally launch the Collaboration for Late-Onset and Vascular Epilepsy Research (CLOVER) \u2013 a new network focused on epilepsy that begins later in life. The event was marked by holding a Patient and Public Involvement (PPI) workshop to bring together individuals with lived experience of late-onset, post-stroke, and vascular epilepsies to help shape the top research priorities. Click <a href=\"https:\/\/epilepsy-institute.org.uk\/eri\/research\/features\/spotlight-on-the-clover-initiative\/\" target=\"_blank\" rel=\"noreferrer noopener\">here<\/a> to find out more about CLOVER.<\/p>\n\n\n\n<hr class=\"wp-block-separator has-alpha-channel-opacity\" style=\"margin-top:var(--wp--preset--spacing--40);margin-bottom:var(--wp--preset--spacing--40)\" \/>\n\n\n\n<p class=\"has-text-align-left has-text-color has-link-color wp-elements-4db59390a966f6f8b367589df5fb9f48\" style=\"color:#654589;font-size:clamp(0.875rem, 0.875rem + ((1vw - 0.2rem) * 0.353), 1.1rem);font-style:normal;font-weight:600\">April 7, 2025<\/p>\n\n\n\n<p style=\"font-size:clamp(14px, 0.875rem + ((1vw - 3.2px) * 0.392), 18px);\">\u2b50 Dr Sana Hannan has been awarded funding from the Academy of Medical Sciences! This award will support a new project investigating how the sleeping brain supports offline processing of memories. Click <a href=\"https:\/\/www.lancaster.ac.uk\/news\/talented-early-career-researchers-awarded-academy-of-medical-sciences-funding\" target=\"_blank\" rel=\"noreferrer noopener\">here<\/a> to see the press release.<\/p>\n\n\n\n<hr class=\"wp-block-separator has-alpha-channel-opacity\" style=\"margin-top:var(--wp--preset--spacing--40);margin-bottom:var(--wp--preset--spacing--40)\" \/>\n\n\n\n<p class=\"has-text-align-left has-text-color has-link-color wp-elements-f4f2f62af521891182730ab06039cad1\" style=\"color:#654589;font-size:clamp(0.875rem, 0.875rem + ((1vw - 0.2rem) * 0.353), 1.1rem);font-style:normal;font-weight:600\">April 4, 2025<\/p>\n\n\n\n<p style=\"font-size:clamp(14px, 0.875rem + ((1vw - 3.2px) * 0.392), 18px);\">\u2b50 Leanna Keeble presents her poster at the Faculty of Health and Medicine Postgraduate Research Symposium.<\/p>\n\n\n\n<hr class=\"wp-block-separator has-alpha-channel-opacity\" style=\"margin-top:var(--wp--preset--spacing--40);margin-bottom:var(--wp--preset--spacing--40)\" \/>\n\n\n\n<p class=\"has-text-align-left has-text-color has-link-color wp-elements-efbd9036b2b641b21f424c88c7ae51e3\" style=\"color:#654589;font-size:clamp(0.875rem, 0.875rem + ((1vw - 0.2rem) * 0.353), 1.1rem);font-style:normal;font-weight:600\">January 28, 2025<\/p>\n\n\n\n<p style=\"padding-bottom:var(--wp--preset--spacing--40);font-size:clamp(14px, 0.875rem + ((1vw - 3.2px) * 0.392), 18px);\">\ud83d\udc4b A warm welcome to Umesh Mudavath, who joins the NEON Lab as a Visiting PhD student!<\/p>\n\n\n\n<p class=\"has-text-align-center has-text-color has-background has-link-color wp-elements-9e4b4ade762fc457045fd3ca545e0e07\" style=\"color:#654589;background-color:#f3eff7;padding-top:var(--wp--preset--spacing--20);padding-right:0;padding-bottom:var(--wp--preset--spacing--20);padding-left:0;font-size:clamp(17.371px, 1.086rem + ((1vw - 3.2px) * 0.944), 27px);font-style:normal;font-weight:600\">2024<\/p>\n\n\n\n<p class=\"has-text-align-left has-text-color has-link-color wp-elements-d90fccea73dd0623f0fa65ef5b5bac0f\" style=\"color:#654589;font-size:clamp(0.875rem, 0.875rem + ((1vw - 0.2rem) * 0.353), 1.1rem);font-style:normal;font-weight:600\">November 28, 2024<\/p>\n\n\n\n<p style=\"font-size:clamp(14px, 0.875rem + ((1vw - 3.2px) * 0.392), 18px);\">\ud83c\udfa4 Dr Sana Hannan delivers an invited public lecture to celebrate the 100-year anniversary of EEG at the \u2018I Love EEG\u2019 event in Vilnius, Lithuania. In her talk, she discussed the importance of EEG as a tool for helping us understand the complex links between epilepsy and sleep.<\/p>\n\n\n\n<hr class=\"wp-block-separator has-alpha-channel-opacity\" style=\"margin-top:var(--wp--preset--spacing--40);margin-bottom:var(--wp--preset--spacing--40)\" \/>\n\n\n\n<p class=\"has-text-align-left has-text-color has-link-color wp-elements-d9611c6f6a2761af5ebe3875353a695d\" style=\"color:#654589;font-size:clamp(0.875rem, 0.875rem + ((1vw - 0.2rem) * 0.353), 1.1rem);font-style:normal;font-weight:600\">November 22, 2024<\/p>\n\n\n\n<p style=\"font-size:clamp(14px, 0.875rem + ((1vw - 3.2px) * 0.392), 18px);\">\ud83d\udcac Dr Sana Hannan organised and chaired a Patient and Public Involvement (PPI) workshop on epilepsy and Alzheimer&#8217;s Disease, bringing together volunteers from the Epilepsy Research Institute and Alzheimer&#8217;s Society patient networks. The workshop provided a platform for individuals with lived experience to offer valuable feedback on planned research in the NEON Lab, to help ensure our work is aligned with the needs and perspectives of those affected by these conditions.<\/p>\n\n\n\n<hr class=\"wp-block-separator has-alpha-channel-opacity\" style=\"margin-top:var(--wp--preset--spacing--40);margin-bottom:var(--wp--preset--spacing--40)\" \/>\n\n\n\n<p class=\"has-text-align-left has-text-color has-link-color wp-elements-a2c00485dd6c46e4878d0cf2f3f1a5d2\" style=\"color:#654589;font-size:clamp(0.875rem, 0.875rem + ((1vw - 0.2rem) * 0.353), 1.1rem);font-style:normal;font-weight:600\">November 14, 2024<\/p>\n\n\n\n<p style=\"font-size:clamp(14px, 0.875rem + ((1vw - 3.2px) * 0.392), 18px);\">\ud83c\udfa4 Dr Sana Hannan performs a science-themed stand-up comedy set at a sold-out Bright Club! She talked about research in the NEON Lab and used humour to engage a diverse audience and promote public understanding of science. Click <a href=\"https:\/\/www.linkedin.com\/posts\/sana-hannan_last-week-i-stood-on-a-stage-with-a-mic-activity-7264991991933931522-L6sD?utm_source=share&amp;utm_medium=member_desktop&amp;rcm=ACoAAClxcTYBlRCwA0-raQyJVStJlV8FBbjeaOo\" target=\"_blank\" rel=\"noreferrer noopener\">here<\/a> to view the LinkedIn post and photos from the event.<\/p>\n\n\n\n<hr class=\"wp-block-separator has-alpha-channel-opacity\" style=\"margin-top:var(--wp--preset--spacing--40);margin-bottom:var(--wp--preset--spacing--40)\" \/>\n\n\n\n<p class=\"has-text-align-left has-text-color has-link-color wp-elements-2d3d9993564b7bed0f6ac55081baedf8\" style=\"color:#654589;font-size:clamp(0.875rem, 0.875rem + ((1vw - 0.2rem) * 0.353), 1.1rem);font-style:normal;font-weight:600\">October 1, 2024<\/p>\n\n\n\n<p style=\"font-size:clamp(14px, 0.875rem + ((1vw - 3.2px) * 0.392), 18px);\">\ud83d\udc4b A huge welcome to Leanna Keeble, who joins the NEON Lab today as a PhD student funded by the BBSRC NorthWestBio Doctoral Training Partnership.<\/p>\n\n\n\n<hr class=\"wp-block-separator has-alpha-channel-opacity\" style=\"margin-top:var(--wp--preset--spacing--40);margin-bottom:var(--wp--preset--spacing--40)\" \/>\n\n\n\n<p class=\"has-text-align-left has-text-color has-link-color wp-elements-42afcc779c045b5f25dfe823eeceefe7\" style=\"color:#654589;font-size:clamp(0.875rem, 0.875rem + ((1vw - 0.2rem) * 0.353), 1.1rem);font-style:normal;font-weight:600\">July 17, 2024<\/p>\n\n\n\n<p style=\"font-size:clamp(14px, 0.875rem + ((1vw - 3.2px) * 0.392), 18px);\">\ud83c\udf93 Congratulations to our MSci students, Tamzin Holden and Laura Yianni, who graduated this week! Both completed their final-year research projects in the NEON Lab. We wish them every success in their next chapters.<\/p>\n\n\n\n<hr class=\"wp-block-separator has-alpha-channel-opacity\" style=\"margin-top:var(--wp--preset--spacing--40);margin-bottom:var(--wp--preset--spacing--40)\" \/>\n\n\n\n<p class=\"has-text-align-left has-text-color has-link-color wp-elements-22741b6a17bfbe819d721580ad868f48\" style=\"color:#654589;font-size:clamp(0.875rem, 0.875rem + ((1vw - 0.2rem) * 0.353), 1.1rem);font-style:normal;font-weight:600\">July 15, 2024<\/p>\n\n\n\n<p style=\"font-size:clamp(14px, 0.875rem + ((1vw - 3.2px) * 0.392), 18px);\">\u2b50 Congratulations to Joan Kolo who has been awarded a competitive BLS scholarship to undertake a Summer Research Internship in the NEON Lab!<\/p>\n\n\n\n<hr class=\"wp-block-separator has-alpha-channel-opacity\" style=\"margin-top:var(--wp--preset--spacing--40);margin-bottom:var(--wp--preset--spacing--40)\" \/>\n\n\n\n<p class=\"has-text-align-left has-text-color has-link-color wp-elements-56eaa142ea06ca68712f19644fb41149\" style=\"color:#654589;font-size:clamp(0.875rem, 0.875rem + ((1vw - 0.2rem) * 0.353), 1.1rem);font-style:normal;font-weight:600\">July 1, 2024<\/p>\n\n\n\n<p style=\"font-size:clamp(14px, 0.875rem + ((1vw - 3.2px) * 0.392), 18px);\">\ud83d\udcdd Our new paper on the clinical utility of sleep recordings during pre-surgical evaluation with stereo-EEG has been published in the <em>Journal of Clinical Neurophysiology<\/em>! This systematic review compiles evidence on the important bidirectional links between sleep and various types of epileptic activity. Read the article <a href=\"https:\/\/journals.lww.com\/clinicalneurophys\/abstract\/2024\/07000\/clinical_utility_of_sleep_recordings_during.8.aspx\" target=\"_blank\" rel=\"noreferrer noopener\">here<\/a>.<\/p>\n\n\n\n<hr class=\"wp-block-separator has-alpha-channel-opacity\" style=\"margin-top:var(--wp--preset--spacing--40);margin-bottom:var(--wp--preset--spacing--40)\" \/>\n\n\n\n<p class=\"has-text-align-left has-text-color has-link-color wp-elements-1b33bf867b609450ad56b748d68297d1\" style=\"color:#654589;font-size:clamp(0.875rem, 0.875rem + ((1vw - 0.2rem) * 0.353), 1.1rem);font-style:normal;font-weight:600\">March 15, 2024<\/p>\n\n\n\n<p style=\"padding-bottom:var(--wp--preset--spacing--40);font-size:clamp(14px, 0.875rem + ((1vw - 3.2px) * 0.392), 18px);\">\u2b50 Dr Sana Hannan has been awarded the Professional Development Fund from the Faculty of Health and Medicine, Lancaster University to present her study on the link between sleep fragmentation and epileptic activity at the 15<sup>th<\/sup> European Epilepsy Congress in Rome.<\/p>\n\n\n\n<p class=\"has-text-align-center has-text-color has-background has-link-color wp-elements-7d3769486294dbf651eb97417848ea21\" style=\"color:#654589;background-color:#f3eff7;padding-top:var(--wp--preset--spacing--20);padding-right:0;padding-bottom:var(--wp--preset--spacing--20);padding-left:0;font-size:clamp(17.371px, 1.086rem + ((1vw - 3.2px) * 0.944), 27px);font-style:normal;font-weight:600\">2023<\/p>\n\n\n\n<p class=\"has-text-align-left has-text-color has-link-color wp-elements-803cb9b61def0ba6b95cd54feb4e5e66\" style=\"color:#654589;font-size:clamp(0.875rem, 0.875rem + ((1vw - 0.2rem) * 0.353), 1.1rem);font-style:normal;font-weight:600\">October 18, 2023<\/p>\n\n\n\n<p style=\"font-size:clamp(14px, 0.875rem + ((1vw - 3.2px) * 0.392), 18px);\">\ud83d\udc4b A warm welcome to MSci students Tamzin Holden and Laura Yianni, who join the NEON Lab this week to begin their final-year research projects!<\/p>\n\n\n\n<hr class=\"wp-block-separator has-alpha-channel-opacity\" style=\"margin-top:var(--wp--preset--spacing--40);margin-bottom:var(--wp--preset--spacing--40)\" \/>\n\n\n\n<p class=\"has-text-align-left has-text-color has-link-color wp-elements-52bd2fd8d6806fec84c1154f002fe28e\" style=\"color:#654589;font-size:clamp(0.875rem, 0.875rem + ((1vw - 0.2rem) * 0.353), 1.1rem);font-style:normal;font-weight:600\">September 1, 2023<\/p>\n\n\n\n<p style=\"font-size:clamp(14px, 0.875rem + ((1vw - 3.2px) * 0.392), 18px);\">\u2b50 Dr Sana Hannan joins Lancaster University as a Lecturer (Assistant Professor) in Neuroscience and receives start-up funding from the Division of Biomedical and Life Sciences to build her research programme and set up the NEON Lab.<\/p>\n\n\n\n<hr class=\"wp-block-separator has-alpha-channel-opacity\" style=\"margin-top:var(--wp--preset--spacing--40);margin-bottom:0\" \/>\n","protected":false},"excerpt":{"rendered":"<p>NEON News \ud83d\udcf0 2026 February 16, 2026 \ud83d\udcdd Our new paper on the impact of anti-seizure medications on the neural dynamics of epileptic activity has been published in Epilepsia! In this study, we used intracranial EEG recordings to compare the location and spatiotemporal patterns of seizures in patients with epilepsy as their anti-seizure medication was [&hellip;]<\/p>\n","protected":false},"author":1929,"featured_media":0,"parent":0,"menu_order":0,"comment_status":"closed","ping_status":"closed","template":"page-no-title","meta":{"advanced_seo_description":"","jetpack_seo_html_title":"","jetpack_seo_noindex":false,"footnotes":""},"class_list":["post-82","page","type-page","status-publish","hentry"],"jetpack_sharing_enabled":true,"_links":{"self":[{"href":"https:\/\/wp.lancs.ac.uk\/neonlab\/wp-json\/wp\/v2\/pages\/82","targetHints":{"allow":["GET"]}}],"collection":[{"href":"https:\/\/wp.lancs.ac.uk\/neonlab\/wp-json\/wp\/v2\/pages"}],"about":[{"href":"https:\/\/wp.lancs.ac.uk\/neonlab\/wp-json\/wp\/v2\/types\/page"}],"author":[{"embeddable":true,"href":"https:\/\/wp.lancs.ac.uk\/neonlab\/wp-json\/wp\/v2\/users\/1929"}],"replies":[{"embeddable":true,"href":"https:\/\/wp.lancs.ac.uk\/neonlab\/wp-json\/wp\/v2\/comments?post=82"}],"version-history":[{"count":89,"href":"https:\/\/wp.lancs.ac.uk\/neonlab\/wp-json\/wp\/v2\/pages\/82\/revisions"}],"predecessor-version":[{"id":950,"href":"https:\/\/wp.lancs.ac.uk\/neonlab\/wp-json\/wp\/v2\/pages\/82\/revisions\/950"}],"wp:attachment":[{"href":"https:\/\/wp.lancs.ac.uk\/neonlab\/wp-json\/wp\/v2\/media?parent=82"}],"curies":[{"name":"wp","href":"https:\/\/api.w.org\/{rel}","templated":true}]}}