{"id":80,"date":"2025-06-14T20:34:45","date_gmt":"2025-06-14T20:34:45","guid":{"rendered":"https:\/\/wp.lancs.ac.uk\/neonlab\/?page_id=80"},"modified":"2026-02-17T10:28:13","modified_gmt":"2026-02-17T10:28:13","slug":"publications","status":"publish","type":"page","link":"https:\/\/wp.lancs.ac.uk\/neonlab\/publications\/","title":{"rendered":"Publications"},"content":{"rendered":"\n<h2 class=\"wp-block-heading has-text-color has-link-color wp-elements-cef3582a66004a8e9b71137d8b023547\" style=\"color:#654589;padding-bottom:var(--wp--preset--spacing--20);font-style:normal;font-weight:600;line-height:1\">Publications<\/h2>\n\n\n\n<p class=\"is-style-default has-text-color has-link-color has-large-font-size wp-elements-59a4e279ae3a31f40c1f58af44076c4d\" style=\"color:#8965b2;font-style:normal;font-weight:400\"><strong>Preprints:<\/strong><\/p>\n\n\n\n<p class=\"is-style-default has-contrast-color has-text-color has-link-color wp-elements-6a838e47a118ef27b45b644bb90e07aa\" style=\"font-size:clamp(14px, 0.875rem + ((1vw - 3.2px) * 0.294), 17px);font-style:normal;font-weight:400\">Frauscher B, Ho A, Matou\u0161kov\u00e1 B, Jaber K, Avigdor T, Minato E, Thomas J, Southwell D, Hall J, Klime\u0161 P, Peter-Derex L and <strong>Hannan S<\/strong>. Sleep fragmentation drives local, network-specific epileptic activity in human epilepsy. <em>bioRxiv<\/em>. 2025. DOI: <a href=\"https:\/\/doi.org\/10.64898\/2025.11.30.691386\" data-type=\"link\" data-id=\"https:\/\/doi.org\/10.64898\/2025.11.30.691386\" target=\"_blank\" rel=\"noreferrer noopener\">10.64898\/2025.11.30.691386<\/a><\/p>\n\n\n\n<p class=\"is-style-default has-contrast-color has-text-color has-link-color wp-elements-689c2f9c7427c0e11ce00e923e523df7\" style=\"font-size:clamp(14px, 0.875rem + ((1vw - 3.2px) * 0.294), 17px);font-style:normal;font-weight:400\">Avigdor T, Ho A, Moye M, Davalan W, Minato E, <strong>Hannan S<\/strong>, Holden T, Bouchet T, Wang Y L, Jaber K, Khweileh M, Kaplan S, Travnicek V, Carlson D and Frauscher B. Anatomical determinants of epilepsy surgery outcomes: a systematic review and individual patient data meta-analysis. <em>medRxiv<\/em>. 2025. DOI: <a href=\"https:\/\/www.medrxiv.org\/content\/10.1101\/2025.05.13.25327534v1\" target=\"_blank\" rel=\"noreferrer noopener\">10.1101\/2025.05.13.25327534<\/a><\/p>\n\n\n\n<p class=\"has-text-color has-link-color wp-elements-9c6c4ccf9294209f9cb4eab5c5ae5a8b\" style=\"color:#8965b2;padding-top:var(--wp--preset--spacing--30);font-style:normal;font-weight:400\"><strong>Peer-reviewed articles:<\/strong><\/p>\n\n\n\n<p class=\"has-contrast-color has-text-color has-link-color wp-elements-4c6dee862e467dbd3e41fb84d3f0c51c\" style=\"padding-bottom:var(--wp--preset--spacing--20);font-size:clamp(14px, 0.875rem + ((1vw - 3.2px) * 0.294), 17px);font-style:normal;font-weight:400\">Ren G*, <strong>Hannan S*<\/strong>, Schiller K, Thomas J, Moye M, Avigdor T, Jaber K, Wei X, Ye H, Ho A, Ghosn NJ, Conrad EC, Southwell D, Hall J, Shao X, Wang Q, Radtke R, Gotman J and Frauscher B. Impact of antiseizure medication taper on electroencephalographic dynamics in focal epilepsy: A\u00a0stereoelectroencephalographic study. <em>Epilepsia<\/em>. 2026 Feb 16; <em>in press<\/em>. DOI: <a href=\"https:\/\/doi.org\/10.1002\/epi.70149\" target=\"_blank\" rel=\"noreferrer noopener\">10.1002\/epi.70149<\/a><\/p>\n\n\n\n<p class=\"has-contrast-color has-text-color has-link-color wp-elements-fd32abeb4a8b1446f57283893096b97b\" style=\"padding-bottom:var(--wp--preset--spacing--20);font-size:clamp(14px, 0.875rem + ((1vw - 3.2px) * 0.294), 17px);font-style:normal;font-weight:400\">Keeble L, Monaghan P, Robertson E and <strong>Hannan S<\/strong>. Slow-wave sleep as a key player in offline memory processing: insights from human EEG studies. <em>Front Behav Neurosci<\/em>. 2025 Aug 6;19:1620544. DOI: <a href=\"https:\/\/doi.org\/10.3389\/fnbeh.2025.1620544\" target=\"_blank\" rel=\"noreferrer noopener\">10.3389\/fnbeh.2025.1620544<\/a><\/p>\n\n\n\n<p class=\"has-text-align-left is-style-default has-contrast-color has-text-color has-link-color wp-elements-a8a007d7cd4626a4544d56469d5fbb68\" style=\"padding-right:0;padding-bottom:var(--wp--preset--spacing--20);padding-left:0;font-size:clamp(14px, 0.875rem + ((1vw - 3.2px) * 0.294), 17px);font-style:normal;font-weight:400\"><strong>Hannan S<\/strong>*, Ho A* and Frauscher B. Clinical utility of sleep recordings during presurgical epilepsy evaluation with stereo-electroencephalography: a systematic review. <em>J Clin Neurophysiol<\/em>. 2024 Jul 1;41(5):430-443. DOI: <a href=\"https:\/\/journals.lww.com\/clinicalneurophys\/abstract\/2024\/07000\/clinical_utility_of_sleep_recordings_during.8.aspx\" target=\"_blank\" rel=\"noreferrer noopener\">10.1097\/WNP.0000000000001057<\/a><\/p>\n\n\n\n<p class=\"has-link-color wp-elements-33fff4046ddc7e4880bcad03c4b2572a\" style=\"padding-bottom:var(--wp--preset--spacing--20);font-size:clamp(14px, 0.875rem + ((1vw - 3.2px) * 0.294), 17px);font-style:normal;font-weight:400\">Wang YL, Avigdor T, <strong>Hannan S<\/strong>, Abdallah C, Dubeau F, Peter-Derex L and Frauscher B. Intracerebral dynamics of sleep arousals: a combined scalp-intracranial EEG study. <em>J Neurosci<\/em>. 2024 Apr 17;44(16):e0617232024. DOI: <a href=\"https:\/\/www.jneurosci.org\/content\/44\/16\/e0617232024\" target=\"_blank\" rel=\"noreferrer noopener\">10.1523\/JNEUROSCI.0617-23.2024<\/a><\/p>\n\n\n\n<p class=\"has-link-color wp-elements-fd1f84fa4aecd2c754eb8a676f52ea33\" style=\"padding-bottom:var(--wp--preset--spacing--20);font-size:clamp(14px, 0.875rem + ((1vw - 3.2px) * 0.294), 17px);font-style:normal;font-weight:400\"><strong>Hannan S<\/strong>, Thomas J, Jaber K, El Kosseifi C, Ho A, Abdallah C, Avigdor T, Gotman J and Frauscher B. The differing effects of sleep on ictal and interictal network dynamics in drug-resistant epilepsy. <em>Ann Neurol<\/em>. 2024;95:42-56. DOI: <a href=\"https:\/\/onlinelibrary.wiley.com\/doi\/full\/10.1002\/ana.26796\" target=\"_blank\" rel=\"noreferrer noopener\">10.1002\/ana.26796<\/a><\/p>\n\n\n\n<p class=\"has-link-color wp-elements-f1862ecca4afb582364717d496744dec\" style=\"padding-bottom:var(--wp--preset--spacing--20);font-size:clamp(14px, 0.875rem + ((1vw - 3.2px) * 0.294), 17px);font-style:normal;font-weight:400\">Ho A, <strong>Hannan S<\/strong>, Thomas J, Avigdor T, Abdallah C, Dubeau F, Gotman J and Frauscher B. Rapid eye movement sleep affects interictal epileptic activity differently in mesiotemporal and neocortical areas. <em>Epilepsia<\/em>. 2023 Nov;64(11):3036-3048. DOI: <a href=\"https:\/\/onlinelibrary.wiley.com\/doi\/10.1111\/epi.17763\" target=\"_blank\" rel=\"noreferrer noopener\">10.1111\/epi.17763<\/a><\/p>\n\n\n\n<p class=\"has-link-color wp-elements-e3a2d94e18499cdd4122882d6f31af38\" style=\"padding-bottom:var(--wp--preset--spacing--20);font-size:clamp(14px, 0.875rem + ((1vw - 3.2px) * 0.294), 17px);font-style:normal;font-weight:400\">Schiller K, Rauchenzauner M, Avidgor T, <strong>Hannan S<\/strong>, Lorenzen C, Kaml M, Walser G, Unterberger I, Filippi V, Broessner G and Luef G. Primary headache types in adult epilepsy patients. <em>Eur J Med Res<\/em>. 2023 Jan 27;28(1):49. DOI: <a href=\"https:\/\/eurjmedres.biomedcentral.com\/articles\/10.1186\/s40001-023-01023-8\" target=\"_blank\" rel=\"noreferrer noopener\">10.1186\/s40001-023-01023-8<\/a><\/p>\n\n\n\n<p class=\"has-link-color wp-elements-5af112daff76480e350460e0a0ef0f06\" style=\"padding-bottom:var(--wp--preset--spacing--20);font-size:clamp(14px, 0.875rem + ((1vw - 3.2px) * 0.294), 17px);font-style:normal;font-weight:400\"><strong>Hannan S<\/strong>, Aristovich K, Faulkner M, Avery J, Walker MC and Holder DS. Imaging slow brain activity during neocortical and hippocampal epileptiform events with electrical impedance tomography. <em>Physiol Meas<\/em>. 2021 Feb 6;42(1):014001. DOI: <a href=\"https:\/\/iopscience.iop.org\/article\/10.1088\/1361-6579\/abd67a\" target=\"_blank\" rel=\"noreferrer noopener\">10.1088\/1361-6579\/abd67a<\/a><\/p>\n\n\n\n<p class=\"has-link-color wp-elements-b6bfeb518c4326742a0e56b6f96fbd54\" style=\"padding-bottom:var(--wp--preset--spacing--20);font-size:clamp(14px, 0.875rem + ((1vw - 3.2px) * 0.294), 17px);font-style:normal;font-weight:400\"><strong>Hannan S<\/strong>, Faulkner M, Aristovich K, Avery J, Walker MC and Holder DS. Optimised induction of on-demand focal hippocampal and neocortical seizures by electrical stimulation. <em>J Neurosci Methods<\/em>. 2020 Dec 1;346:108911. DOI: <a href=\"https:\/\/www.sciencedirect.com\/science\/article\/abs\/pii\/S0165027020303344?via%3Dihub\" target=\"_blank\" rel=\"noreferrer noopener\">10.1016\/j.jneumeth.2020.108911<\/a><\/p>\n\n\n\n<p class=\"has-link-color wp-elements-bdbfcb5fdbb6bc698b88aa0fea71dc41\" style=\"padding-bottom:var(--wp--preset--spacing--20);font-size:clamp(14px, 0.875rem + ((1vw - 3.2px) * 0.294), 17px);font-style:normal;font-weight:400\"><strong>Hannan S<\/strong>, Faulkner M, Aristovich K, Avery J, Walker MC and Holder DS. In vivo imaging of deep neural activity from the cortical surface during hippocampal epileptiform events in the rat brain using electrical impedance tomography. <em>Neuroimage<\/em>. 2020 Apr 1;209:116525. DOI: <a href=\"https:\/\/www.sciencedirect.com\/science\/article\/pii\/S1053811920300124?via%3Dihub\" target=\"_blank\" rel=\"noreferrer noopener\">10.1016\/j.neuroimage.2020.116525<\/a><\/p>\n\n\n\n<p class=\"has-link-color wp-elements-71819b8c069ac9bbe24b59f59b699576\" style=\"padding-bottom:var(--wp--preset--spacing--20);font-size:clamp(14px, 0.875rem + ((1vw - 3.2px) * 0.294), 17px);font-style:normal;font-weight:400\"><strong>Hannan S<\/strong>, Faulkner M, Aristovich K, Avery J and Holder D. Investigating the safety of fast neural electrical impedance tomography in the rat brain. <em>Physiol Meas<\/em>. 2019 Apr 3;40(3):034003. DOI: <a href=\"https:\/\/iopscience.iop.org\/article\/10.1088\/1361-6579\/ab0d53\" target=\"_blank\" rel=\"noreferrer noopener\">10.1088\/1361-6579\/ab0d53<\/a><\/p>\n\n\n\n<p class=\"has-link-color wp-elements-679c2982b7d948f5aae239e5e0f7a845\" style=\"padding-bottom:var(--wp--preset--spacing--20);font-size:clamp(14px, 0.875rem + ((1vw - 3.2px) * 0.294), 17px);font-style:normal;font-weight:400\"><strong>Hannan S<\/strong>, Faulkner M, Aristovich K, Avery J, Walker M and Holder D. Imaging fast electrical activity in the brain during ictal epileptiform discharges with electrical impedance tomography. <em>Neuroimage Clin<\/em>. 2018;20:674-684. DOI: <a href=\"https:\/\/www.sciencedirect.com\/science\/article\/pii\/S2213158218302766?via%3Dihub\" target=\"_blank\" rel=\"noreferrer noopener\">10.1016\/j.nicl.2018.09.004<\/a><\/p>\n\n\n\n<p class=\"has-link-color wp-elements-b85e4c52f1357a4dc9a0646a4882d271\" style=\"padding-bottom:var(--wp--preset--spacing--20);font-size:clamp(14px, 0.875rem + ((1vw - 3.2px) * 0.294), 17px);font-style:normal;font-weight:400\">Aristovich K, Doneg\u00e1 M, Blochet C, Avery J, <strong>Hannan S<\/strong>, Chew DJ and Holder D. Imaging fast neural traffic at fascicular level with electrical impedance tomography: proof of principle in rat sciatic nerve. <em>J Neural Eng<\/em>. 2018 Oct;15(5):056025. DOI: <a href=\"https:\/\/iopscience.iop.org\/article\/10.1088\/1741-2552\/aad78e\" target=\"_blank\" rel=\"noreferrer noopener\">10.1088\/1741-2552\/aad78e<\/a><\/p>\n\n\n\n<p class=\"has-link-color wp-elements-dc58aa559acfa918d8c3cd9ee5975f67\" style=\"padding-bottom:var(--wp--preset--spacing--20);font-size:clamp(14px, 0.875rem + ((1vw - 3.2px) * 0.294), 17px);font-style:normal;font-weight:400\">Faulkner M, <strong>Hannan S<\/strong>, Aristovich K, Avery J and Holder D. Feasibility of imaging evoked activity throughout the rat brain using electrical impedance tomography. <em>Neuroimage<\/em>. 2018 Sep;178:1-10. DOI: <a href=\"https:\/\/www.sciencedirect.com\/science\/article\/pii\/S1053811918304270?via%3Dihub\" target=\"_blank\" rel=\"noreferrer noopener\">10.1016\/j.neuroimage.2018.05.022\u00a0<\/a><\/p>\n\n\n\n<p class=\"has-link-color wp-elements-719d3e07f335ed14818677411fa8c557\" style=\"padding-bottom:var(--wp--preset--spacing--20);font-size:clamp(14px, 0.875rem + ((1vw - 3.2px) * 0.294), 17px);font-style:normal;font-weight:400\"><strong>Hannan S<\/strong>, Faulkner M, Aristovich K, Avery J and Holder D. Frequency-dependent characterisation of impedance changes during epileptiform activity in a rat model of epilepsy. <em>Physiol Meas<\/em>. 2018 Aug 20;39(8):085003. DOI: <a href=\"https:\/\/iopscience.iop.org\/article\/10.1088\/1361-6579\/aad5f4\" target=\"_blank\" rel=\"noreferrer noopener\">10.1088\/1361-6579\/aad5f4<\/a><\/p>\n\n\n\n<p class=\"has-link-color wp-elements-1c713da06b2cc4991e43354c075f2d94\" style=\"font-size:clamp(14px, 0.875rem + ((1vw - 3.2px) * 0.294), 17px);font-style:normal;font-weight:400\">Faulkner M, <strong>Hannan S<\/strong>, Aristovich K, Avery J and Holder D. Characterising the frequency response of impedance changes during evoked physiological activity in the rat brain. <em>Physiol Meas<\/em>. 2018 Apr 3;39(3):034007. DOI: <a href=\"https:\/\/iopscience.iop.org\/article\/10.1088\/1361-6579\/aab01f\" target=\"_blank\" rel=\"noreferrer noopener\">10.1088\/1361-6579\/aab01f<\/a><\/p>\n\n\n\n<p class=\"has-link-color wp-elements-8d0bfadc69a5c664cec5e141f9ef2a7b\" style=\"font-size:clamp(14px, 0.875rem + ((1vw - 3.2px) * 0.196), 16px);font-style:normal;font-weight:400\"><br>*<em> Contributed equally<\/em><\/p>\n","protected":false},"excerpt":{"rendered":"<p>Publications Preprints: Frauscher B, Ho A, Matou\u0161kov\u00e1 B, Jaber K, Avigdor T, Minato E, Thomas J, Southwell D, Hall J, Klime\u0161 P, Peter-Derex L and Hannan S. Sleep fragmentation drives local, network-specific epileptic activity in human epilepsy. bioRxiv. 2025. DOI: 10.64898\/2025.11.30.691386 Avigdor T, Ho A, Moye M, Davalan W, Minato E, Hannan S, Holden T, [&hellip;]<\/p>\n","protected":false},"author":1929,"featured_media":0,"parent":0,"menu_order":3,"comment_status":"closed","ping_status":"closed","template":"page-no-title","meta":{"advanced_seo_description":"","jetpack_seo_html_title":"","jetpack_seo_noindex":false,"footnotes":""},"class_list":["post-80","page","type-page","status-publish","hentry"],"jetpack_sharing_enabled":true,"_links":{"self":[{"href":"https:\/\/wp.lancs.ac.uk\/neonlab\/wp-json\/wp\/v2\/pages\/80","targetHints":{"allow":["GET"]}}],"collection":[{"href":"https:\/\/wp.lancs.ac.uk\/neonlab\/wp-json\/wp\/v2\/pages"}],"about":[{"href":"https:\/\/wp.lancs.ac.uk\/neonlab\/wp-json\/wp\/v2\/types\/page"}],"author":[{"embeddable":true,"href":"https:\/\/wp.lancs.ac.uk\/neonlab\/wp-json\/wp\/v2\/users\/1929"}],"replies":[{"embeddable":true,"href":"https:\/\/wp.lancs.ac.uk\/neonlab\/wp-json\/wp\/v2\/comments?post=80"}],"version-history":[{"count":33,"href":"https:\/\/wp.lancs.ac.uk\/neonlab\/wp-json\/wp\/v2\/pages\/80\/revisions"}],"predecessor-version":[{"id":923,"href":"https:\/\/wp.lancs.ac.uk\/neonlab\/wp-json\/wp\/v2\/pages\/80\/revisions\/923"}],"wp:attachment":[{"href":"https:\/\/wp.lancs.ac.uk\/neonlab\/wp-json\/wp\/v2\/media?parent=80"}],"curies":[{"name":"wp","href":"https:\/\/api.w.org\/{rel}","templated":true}]}}