{"id":24,"date":"2019-06-11T17:14:09","date_gmt":"2019-06-11T17:14:09","guid":{"rendered":"http:\/\/wp.lancs.ac.uk\/medsardinia\/?page_id=24"},"modified":"2024-08-09T16:44:17","modified_gmt":"2024-08-09T16:44:17","slug":"engagement","status":"publish","type":"page","link":"https:\/\/wp.lancs.ac.uk\/medsardinia\/engagement\/","title":{"rendered":"Engagement"},"content":{"rendered":"<p>&nbsp;<\/p>\n<ul>\n<li>\n<h3>Invited research seminars and lectures<\/h3>\n<\/li>\n<\/ul>\n<p style=\"font-weight: 400\">Alex Metcalfe, &#8216;The Muslims of Medieval Italy&#8217;, University of Colorado, Boulder. April 2019.<\/p>\n<p style=\"font-weight: 400\">Hervin Fern\u00e1ndez-Aceves, \u2018A Byzantine register or a Latin chartulary? The textual sources of Medieval Sardinia\u2019, Lancaster University. November 2019.<\/p>\n<p style=\"font-weight: 400\">Alex Metcalfe, \u2018Byzantine Sardinia and the Arab Conquests\u2019, Edinburgh University. November 2019.<\/p>\n<p style=\"font-weight: 400\">Hervin Fern\u00e1ndez-Aceves, \u2018Toxic Historiography and a Made-Up Medieval Past: The Forgeries of Arborea\u2019, Lancaster University. February 2020.<\/p>\n<p style=\"font-weight: 400\">\u2018Tunisia in the Global Middle Ages: Gold Routes and Silver Supply in the Byzantine and Early Islamic Periods.\u2019 A panel discussion with Alex Metcalfe, \u2018On the source and supply of silver dirhams in early \u02bfAbb\u0101sid Tunisia\u2019; Hervin Fern\u00e1ndez-Aceves, \u2018The making of medieval Tunisia and Sardinia: Parallel or divergent histories?\u2019 and Marco Muresu, \u2019The minting of gold coinage at Byzantine Carthage: Its rise and fall?\u2019. Respondent: William E. Granara, Professor of Arabic and Comparative Literature at Harvard University.<em> Tunisia Office of the Center for Middle Eastern Studies at Harvard University. 27 June 2022.<\/em><\/p>\n<p>Tom Birch, &#8216;Staters, denarii, dirhams and sceattas: 10 years of archaeometric research into silver coinage from the ancient Greeks to the Vikings&#8217;. <em>Rencontres Interdisciplinaires sur les m\u00e9taux (RIMS)<\/em>, 1st December 2023, CNRS Universit\u00e9 Paris, Nanterre.<\/p>\n<p>Alex Metcalfe: \u2018Medieval Sardinia\u2019: Lancaster University Brown Bag Seminar, 25 October 2023.<\/p>\n<p>Hervin Fernandez-Aceves: &#8216;Repatriando a un medievalista malinchista y provinciano: \u00bfEs posible en M\u00e9xico la investigaci\u00f3n libre de la Edad Media?&#8217;, Fondo de Cultura Econ\u00f3mica, Mexico City, 20 October 2023.<\/p>\n<p>Luciano Gallinari, &#8216;Da al-Idrisi alle Memorie patrie: la Sardegna tra Storiografia e Psichiatria (XII-XIX secolo)&#8217;, held in the Bachelor&#8217;s Degree Course in Humanities and Cultural Heritage of the University of Cagliari, 2023, 18 April.<\/p>\n<p>Luciano Gallinari, &#8216;Da al-Idrisi alle Memorie patrie: la Sardegna tra Storiografia e Psichiatria (XII-XIX secolo)&#8217;, held in the Doctorate Course in Historical Studies of the Universities of Florence and Siena; 2023, 14 March.<\/p>\n<p>&nbsp;<\/p>\n<ul>\n<li>\n<h3>Conference papers<\/h3>\n<\/li>\n<\/ul>\n<p style=\"font-weight: 400\">Giovanni Serreli, \u2018Siamo stati giudicati\u00a0 La Sardegna giudicale tra originalit\u00e0 e tradizione\u2019, <em>Cagliari, Ex Vetreria, 5 May 2019.<\/em><\/p>\n<p style=\"font-weight: 400\">Hervin Fern\u00e1ndez-Aceves, &#8216;Reading, Connecting, and Visualising the Condaghes: The Networks of Medieval Sardinia&#8217;, <em>International Medieval Congress, Leeds, UK, 5 July 2019<\/em>.<\/p>\n<p style=\"font-weight: 400\">Hervin Fern\u00e1ndez-Aceves, \u2018Moving from Byzantine to Latin: a Comparative Proposal for the Study of the Sardinian \u2018Condaghes\u2019, <em>Society for the Medieval Mediterranean 6th Biennial Conference, Barcelona, Spain, 9 July 2019.<\/em><\/p>\n<p style=\"font-weight: 400\">Marco Muresu, &#8216;The coin as an archaeological \u2018settlement marker\u2019 to reconstruct the organization of Byzantine Sardinia (VI-XI cent. AD)&#8217;, <em>VI International Numismatic and Economic Conference \u201cPecunia Omnes Vincit\u201d (Krakow, Institute of Archaeology, Jagiellonian University, 31 May\u20131 June 1 2019).<\/em><\/p>\n<p style=\"font-weight: 400\">Thomas Birch (with M. Mrnji\u0107, G. Barfod, G.A. Hagen-Peter, S.M. Sindb\u00e6k, and C. Lesher), \u2018Identification of silver surface enrichment in historical silver coins \u2013 a method improvement and a study of trace element behaviour,\u2019 <em>Archaeometallurgy in Europe (AIE) V,<\/em> <em>19\u201321 June 2019, Miskolc, Hungary.<\/em><\/p>\n<p style=\"font-weight: 400\">Marco Muresu, \u2018Barbarikinoi, Barbaricini? Riflessioni storiche e archeologiche su un dubbio ancora irrisolto (secoli V-VI)\u2019, <em>Storia della Barbagia. Primo appunto, Gavoi, Sardinia, 9 November 2019.<\/em><\/p>\n<p style=\"font-weight: 400\">Hervin Fern\u00e1ndez-Aceves, &#8216;Mapping the networks of Medieval Sardinia&#8217;, <em>Digital Humanities Research Forum, Lancaster, UK, 13 November 2019.<\/em><\/p>\n<p>Marco Muresu,\u2018Santa Igia come \u201ccitt\u00e0 della complessit\u00e0\u2019, <em>Citt\u00e0 tra mare e laguna: da Santa Gilla a Cagliari. Aspetti archeologici, geologici, storici, insediativi e sociali<\/em>\u00a0(Cagliari, 19-20 January 2022).<\/p>\n<p>Marco Muresu,\u00a0\u2018Nuovi studi sulla chiesa di S. Maria (Villasimius-Cagliari)\u2019, <em>XII Congresso Nazionale di Archeologia Cristiana \u201cArcheologia Cristiana in Italia. Ricerche, metodi e prospettive (1993-2022)\u201d<\/em> (Rome, 20-23 September 2022).<\/p>\n<p>Marco Muresu, \u2018The Byzantine Fibulae of Sardinia\u2019, <em>Ancient Greek, Roman and Byzantine fibulae. An International e-conference in honour of Dr Maurizio Buora<\/em>\u00a0(Izmir, Tukey, 12-13 May 2022).<\/p>\n<p>Marco Muresu, \u2018I sigilli arcontali della Sardegna, tra Bisanzio e i Giudicati\u2019.<em> L\u2019Italia Meridionale nel Medioevo. Un centro politico, culturale ed economico (Secoli V-XIII)<\/em>\u00a0(Amalfi, Centro di Storia e Cultura Amalfitana, 9-11 December 2021).<\/p>\n<p>Marco Muresu, &#8216;Identity, Community and \u2018Language of Power\u2019 in Byzantine Sardinia: burials in nuraghi (seventh &#8211; ninth c. CE)\u2019.\u00a0<em>International Congress of Classical Antiquities\u00a0<\/em>(Rome, Universit\u00e0 \u201cTor Vergata\u201d, 22-24 November 2021).<\/p>\n<p>Marco Muresu,\u00a0\u2018The Byzantine Seals of Sardinia: Rise of the Archontes\u2019.<em> International Congress of Medieval Studie<\/em>s (Medieval Institute, Western Michigan University, 13-16 May 2021).<\/p>\n<p>Marco Muresu, \u2018Ipotesi di ricostruzione di una rete difensiva nel territorio della Sardegna bizantina. Dati dalle sepolture di militari\u2019, <em>La difesa militare bizantina in Italia (sec. VI-XI)<\/em> (15-18 April 2021; on line).<\/p>\n<p>Marco Muresu, \u2018Lo sviluppo locale e gli itinerari turistico culturali: una tematica di ricerca\u2019, closing event of the third edition of the Project <em>Elini Paese Museo<\/em>, sponsored by the Comune di Elini and fund by Fondazione di Sardegna (23 January 2021).<\/p>\n<p>Marco Muresu,\u00a0\u2018Coastal and Inland Landscapes of Sardinia between Byzantines and Fatimids. A Matter of Continuity through the Magnifier of Coinage and Amphorae (6th-11th centuries CE)\u2019, <em>Archaeological Institute of America Annual Meeting<\/em> (New Orleans, 5-8 January 2023).<\/p>\n<p>Alex Metcalfe, \u2018Long-term historiographies \u2013 Muslim expansion in the western Mediterranean and the case of medieval Sardinia\u2019. Usages du pass\u00e9 islamique m\u00e9di\u00e9vcal et orintalisme dans l\u2019Europe m\u00e9ridionale di XIXe si\u00e8cle : une histoire transationale (Italie, Espagne, Portugal, France). Universit\u00e9 Paris 1 Panth\u00e9on-Sorbonne (9\u201310 February 2023).<\/p>\n<p>Tom Birch, \u201cRome\u2019s diplomatic mission in the North: archaeometallurgical results from Eggers type 92 bronze cauldrons\u201d.\u00a0<em>Archaeometallurgy in Europe (6<sup>th<\/sup>\u00a0International Conference)<\/em>, 11th-14th June 2024, Falun (Oral) \u2013 with R Andreasen, M Leen Jensen, M Taube, T Grane.<\/p>\n<p>Tom Birch, \u201cProvenancing of Icelandic Viking Age slag: combining strontium isotopes and trace elements\u201d.\u00a0<em>Archaeometallurgy in Europe (6<sup>th<\/sup>\u00a0International Conference)<\/em>, 11th-14th June 2024, Falun (Oral) \u2013 with KU M\u00f8ller, R Andreasen.<\/p>\n<p>Tom Birch, \u201cThe Damhus Hoard: new insights into some of the earliest Viking silver coinage\u201d.\u00a0<em>Archaeometallurgy in Europe (6<sup>th<\/sup>\u00a0International Conference)<\/em>, 11th-14th June 2024, Falun \u2013 with H Horsn\u00e6s, R Andreasen, C Feveile, S Merkel, J Kershaw, R Naismith, JC Moesgaard.<\/p>\n<p>Tom Birch, \u201cRomerrigets diplomatiske mission i Norden \u2013 Ark\u00e6ometallurgiske resultater fra Eggers type 92 bronzekar\u201d.\u00a0<em>Organisationen af Danske Museer \u2013 Kultur-, naturhistorisk- og kunstfagligt orienteeringsm\u00f8de<\/em>, 15th-16<sup>th<\/sup> November 2023, Munkebjerg Hotel, Vejle (Oral) \u2013 with R Andreasen, RB Jensen, M Leen Jensen, M Taube, T Grane.<\/p>\n<p>Tom Birch, \u201cProveniensbestemmelse af slagge fra Island\u201d.\u00a0<em>Organisationen af Danske Museer \u2013 Kultur-, naturhistorisk- og kunstfagligt orienteeringsm\u00f8de<\/em>, 15th-16<sup>th<\/sup> November 2023, Munkebjerg Hotel, Vejle (Poster) \u2013 with KU M\u00f8ller, R Andreasen.<\/p>\n<p>Tom Birch, \u201cSporing af Guld?\u201d\u00a0<em>Organisationen af Danske Museer \u2013 Kultur-, naturhistorisk- og kunstfagligt orienteeringsm\u00f8de<\/em>, 15th-16<sup>th<\/sup> November 2023, Munkebjerg Hotel, Vejle (Poster) \u2013 with R Andreasen.<\/p>\n<p>Tom Birch, \u201cVariationer over et tema \u2013 romerske bronzekar af Eggers 92 i detajler\u201d.\u00a0<em>Organisationen af Danske Museer \u2013 Kultur-, naturhistorisk- og kunstfagligt orienteeringsm\u00f8de<\/em>, 15th-16<sup>th<\/sup> November 2023, Munkebjerg Hotel, Vejle (Poster) \u2013 with R Andreasen, Rikke Brok Jensen, M Leen Jensen, M Taube, T Grane.<\/p>\n<p>Tom Birch, Materially (dis)connecting Roman contacts in Southern Scandinavia: using lead isotope and chemical analyses to monitor for variation and to interpret the origins of the Eggers type 92 bronze basins\u201d.\u00a0<em>Materialising Roman Diplomacy (Workshop)<\/em>, 25th-26th January 2023, Danish Academy in Rome (Oral) \u2013 with R Andreasen, RB Jensen.<\/p>\n<p>Alex Metcalfe, Universit\u00e9 Paris 1 Panth\u00e9on-Sorbonne, \u2018Long-term historiographies \u2013 Muslim expansion in the western Mediterranean and the case of medieval Sardinia\u2019. <em>Usages du pass\u00e9 islamique m\u00e9di\u00e9vcal et orintalisme dans l\u2019Europe m\u00e9ridionale di XIXe si\u00e8cle : une histoire transationale (Italie, Espagne, Portugal, France).<\/em> 10 February 2023.<\/p>\n<p>Marco Muresu, &#8216;Weapons and lands: framing the military in Byzantine Sardinia (8th-9th c.)&#8217;<em>, <\/em>International Congress \u201c<em>War in Byzantine and Mediterranean Contexts (9th-16th centuries) -History, Archaeology, Philosophy<\/em>\u201d (on line, 8-10 December 2023). Held by Aristotle University of Thessaloniki; Masaryk University Brno; Plovdiv University \u201cPaisii Hilendarski\u201d; Ibn-Haldun University, Istanbul.<\/p>\n<p>Marco Muresu, &#8216;I corredi bizantini della necropoli di Tharros&#8217;, National Congress \u201cFerruccio Barreca tra tutela e ricerca a 100 anni dalla nascita\u201d (Cagliari, 1-2 December 2023). Held by Universit\u00e0 degli Studi di Cagliari, Dipartimento di Lettere, Lingue e Beni culturali; Soprintendenza Archeologia, Belle Arti e Paesaggio per la citt\u00e0 metropolitana di Cagliari e le Province di Oristano e Sud Sardegna.<\/p>\n<p>Marco Muresu, &#8216;&#8221;Remember us&#8221;. Framing Byzantine culture in Medieval Sardinia between continuity and storytelling&#8217;, Conference of the Association Internationale des \u00c9tudes Byzantines (Komisji Bizantynologicznej Polskiego) (\u0141\u00f3d\u017a, 25 November 2023). Held by University of \u0141\u00f3d\u017a.<br \/>\nPaper.<\/p>\n<p>Marco Muresu, &#8216;Jews and Christians&#8217; relations in the rural landscape of Late Antique Sardinia (5th-6th c. CE)&#8217;, International Congress \u201cEuropean Association of Biblical Studies Annual Conference\u201d (Syracuse, 10-13 July 2023). Held by European Association of Biblical Studies, Istituto Superiore di Scienze Religiose \u201cSan Metodio\u201d (Siracusa), Fondazione Centro Biblico Emmaus, Comune di Siracusa, Associazione Biblica Italiana.<\/p>\n<p>Marco Muresu, &#8216;La valle del fiume Mogoro (Sardegna): ricerche territoriali e lettura diacronica del paesaggio tra et\u00e0 romana e altomedioevo&#8217; (with D. D\u2019Orlando); &#8216;The Military landscape of Classical and Late Antique Sardinia&#8217; (with J.A. Conti), International Congress\u201cExperiencing the Landscape in Antiquity III\u201d. (Rome, 29-31 May 2023). Held by Universit\u00e0 degli Studi di Roma \u201cTor Vergata\u201d.<\/p>\n<p>Marco Muresu, &#8216;Sardinia and the Byzantine west. Paradigm shifts and changing perceptions&#8217;, International Congress \u201cFifth Colloquia Ceranea International Conference\u201d (\u0141\u00f3d\u017a, 11-13 May 2023). Held by University of \u0141\u00f3d\u017a.<\/p>\n<p>Marco Muresu, &#8216;Coastal and Inland Landscapes of Sardinia between Byzantines and Fatimids. A Matter of Continuity through the Magnifier of Coinage and Amphorae (6th-11th centuries CE)&#8217; (with L. Soro), International Congress \u201c2023 Archaeological Institute of America Annual Meeting\u201d (New Orleans, USA, 5-8 January 2023). Held by Archaeological Institute of America.<\/p>\n<p>Marco Muresu, &#8216;L\u2019umile mensa del monaco. Mangiare in convento&#8217;, <em>I pomeriggi del romanico \u2013 Ciclo di Conferenze 2024<\/em>, held by APS Itinera Romanica \u2013 Amici del Romanico at Oristano (Museo Diocesano Arborense) (contact: Ms. Giuseppina Deligia).\u00a0 Held on il 16\/02\/2024.<\/p>\n<p>Marco Muresu, &#8216;Monete, battaglie e identit\u00e0: raccontare i giudicati tra conoscenza e narrazione<em>&#8216;<\/em>, <em>La battaglia di Sanluri: riscoperta e valorizzazione del medioevo in Sardegna<\/em> (contact: Mr Luca Puddu). Held on 30\/06\/2023.<\/p>\n<p>Hervin Fernandez-Aceves. Organiser, \u201cFestival del Libro Medieval 2023\u201d, Mexico City, October 2023. Fondo de Cultura Econ\u00f3mica and Educal.<\/p>\n<p>Hervin Fernandez-Aceves: Weekly guest speaker on a different cultural or historical topic: Radio Morning Show, EXA FM 101.1, Jalisco and Puebla (M\u00e9xico). Every Thursday, 2022\u20132024.<\/p>\n<p>Hervin Fernandez-Aceves: Public reading, w Vladimir Pallares, &#8220;Un juego de tronos realmente medieval: Hugo Falcando en lat\u00edn y espa\u00f1ol\u201d, Fondo de Cultura Econ\u00f3mica, Mexico City, 21 October.<\/p>\n<p>Luciano Gallinari, &#8216;Tre sorelle e un miracolo: ovverosia la riscrittura dell\u2019origine dei giudici di Torres (XI-XVI ss.)&#8217;,<em> International Conference &#8220;Dissentire, lottare, trasgredire: \u201cdonne contro\u201d nell\u2019Europa medievale<\/em>, (Palermo, 13-15 November 2023).<\/p>\n<p>Luciano Gallinari, &#8216;Negotiating a layered Byzantine identity within the Western Euro-Mediterranean area: the interesting case study of Sardinian Giudicati (10th-13th centuries)&#8217;,\u00a0 <em>Race\u2019 Divisive Law, and Group Identity in Medieval Europe<\/em>, held at the Swansea University (UK), 2023.<\/p>\n<p>Luciano Gallinari, &#8216;Entre G\u00e9nova, Pisa, los musulmanes y los condes-reyes catalanes: los or\u00edgenes de las relaciones directas e indirectas entre Cerde\u00f1a y la Pen\u00ednsula Ib\u00e9rica en la Edad Media (siglos XI y XII)&#8217;, <em>11th International Medieval Meeting in Lleida, <\/em>2023.<\/p>\n<p>&nbsp;<\/p>\n<ul>\n<li>\n<h3>Other Engagement activities<\/h3>\n<\/li>\n<\/ul>\n<p style=\"font-weight: 400\">Marco Muresu (with D. D&#8217;Orlando), &#8216;Continuit\u00e0 insediative e possibili sincretismi devozionali nel paesaggio protostorico della Sardegna: i casi dei nuraghi Cuccurada (Mogoro) e Santu Miali (Pompu) nell\u2019alta Marmilla&#8217;. Poster presentation. Cagliari, 21\u201322 June 2019.<\/p>\n<p style=\"font-weight: 400\">Marco Muresu, &#8216;Monete frazionate dai contesti funerari della Sardegna bizantina&#8217;. Poster presentation. Milan, 16-17 September 2019.<\/p>\n<p style=\"font-weight: 400\">Marco Muresu (with G. Seche), \u2018Economia e monete della Sardegna medioevale\u2019, TV programme and interview by Simona Scioni, shown on <em>Sardegna Uno<\/em>, 18 November 2019.<\/p>\n<p>Alex Metcalfe, book launch event for The Making of Medieval Sardinia (Leiden, 2021) at The John Rylands Research Institute and Library in Manchester, 13 June 2022.<\/p>\n<p>Tom Birch, \u201cTowards open data sharing in archaeometallurgy of iron: The CHIPS database and ongoing projects\u201d. Webinar (Laboratoire Arch\u00e9omat\u00e9riaux et Pr\u00e9vision de l&#8217;Alt\u00e9ration\/Arch\u00e9ologies et Sciences de l\u2019Antiquit\u00e9, CNRS), 11th March 2024 (Participant).<\/p>\n<p>Alex Metcalfe: Conference organinsation: <em>Power, society and (dis)connectivity in medieval Sardinia<\/em>: Cagliari 2\u20134 May 2024.<\/p>\n<p>Marco Muresu, Participation in the TV broadcast \u201cRadar\u201d on Videolina (contact: Mr. Nicola Scano). Single episode, duration h 1. On air on 09\/11\/2023.<\/p>\n<p>Marco Muresu, Guided tours at the catacombs and Romanesque basilica of Sant\u2019Antioco (Sant\u2019Antioco, Carbonia-Iglesias) within the cultural event \u201cVI Giornata delle Catacombe 2023 \u2013 Percorsi di Pace\u201d, held by the Pontificia Commissione di Archeologia Sacra (contact: prof. Rossana Martorelli, Universit\u00e0 degli Studi di Cagliari). Held on 07\/10\/2023; Guided tours at the Romanesque basilica of Sant\u2019Efisio (Pula, Cagliari) within the event \u201cPularch\u00e0ios\u201d, held by Fondazione Pula Cultura Diffusa from 7th September to 7th October 2023 (contacts: prof. Rossana Martorelli, Marco Giuman, Romina Carboni, Universit\u00e0 degli Studi di Cagliari). Held on 21\/09\/2023.<\/p>\n<p>Marco Muresu,\u00a0 Guided tours at the Romanesque churches of San Forzorio and Santa Maria di Cepola (Quartu Sant\u2019Elena, Cagliari) within the event \u201cFocus Romanico. Giornata di valorizzazione e studio sulle chiese romaniche di Quartu\u201d, held by Fondazione Sardegna Isola del Romanico and the Municipality of Quartu Sant\u2019Elena (contacts: prof. Rossana Martorelli, Universit\u00e0 degli Studi di Cagliari; Ms. Anna Maria Demurtas, Municipality of Quartu Sant\u2019Elena). Held on 11\/06\/2023.<\/p>\n<p>Marco Muresu, Conference \u201c\u0392\u03b1\u03c1\u03b2\u03b1\u03c1\u03b9\u03ba\u03b9\u03bd\u03bf\u03b9, Barbaricini? Un tema di ricerca sulla Sardegna bizantina tra archeologia, storiografia e (dis)continuit\u00e0\u201d, within the series of events \u201cChronos. Incontri di archeologia e arte in museo\u201d, held by MuA &#8211; Museo e Archivio Sinnai (contact: dr. Valerio Deidda). Held on 06\/06\/2023.<\/p>\n<p>Marco Muresu, Conference \u201cLa Sardegna medievale. Potere, societ\u00e0, (dis)continuit\u00e0\u201d, within the series of events \u201cExpat4Art\u201d, held by Associazione Amici del Museo Archeologico Nazionale di Cagliari (contact: dr. Franco Masala). Duration h 1. Held on 23\/05\/2023.<\/p>\n<p>Marco Muresu, Conference \u201cSardegna Bizantina: davvero la periferia al centro?\u201d, held by Gruppo Culturale III Millennio Futuro within the activities of the University of the Third Age of Cagliari (contact: Mr. Pietro Corona). Duration h 2. Held on 04\/05\/2023.<\/p>\n<p>Marco Muresu, Conference \u201cUn castrum bizantino a Sant\u2019Antioco? Storie e vicende di un luogo scomparso\u201d, held by Istituto Italiano Castelli \u2013 Sezione Sardegna (Cagliari) (contact: prof. Marcello Schirru, Universit\u00e0 degli Studi di Cagliari). Duration h 2. Held on 04\/05\/2023.<\/p>\n<p>Marco Muresu, Conference \u201cLa Sardegna di Bisanzio. L\u2019isola prima dei giudici\u201d, held by Cooperativa Villa Abbas and the Municipality of Sardara (Sud Sardegna) (contact: Mr. Giuseppe Garau). Duration h 2. Held on 25\/02\/2023.<\/p>\n<p>Luciano Gallinari, Chair of a Round Table entitled &#8216;Jeux Vid\u00e9o, Pratiques plastiques contemporaines et histoire(s)&#8217;, D\u00e8partement Arts Plastiques; centre de recherche RIRRA21 &#8211; Universit\u00e9 Paul-Val\u00e9ry Montpellier (France) and the Istituto di Storia dell\u2019Europa Mediterranea of the Italian CNR (Consiglio Nazionale delle Ricerche), 2023.<\/p>\n<p>&nbsp;<\/p>\n<ul>\n<li>\n<h3>Awards and prizes<\/h3>\n<\/li>\n<\/ul>\n<p style=\"font-weight: 400\">Marco Muresu, Research Award at Dumbarton Oaks Research Library and Collection (Jan\u2013Feb 2019).<\/p>\n<p style=\"font-weight: 400\">Marco Muresu, 24th \u2018Premio Cimitile\u2019 Prize awarded for the best monograph on Christian and Medieval Archaeology published in Italy (2019).<\/p>\n<p style=\"font-weight: 400\">Hervin Fern\u00e1ndez-Aceves, British School at Rome Award (2019).<\/p>\n","protected":false},"excerpt":{"rendered":"<p>&nbsp; Invited research seminars and lectures Alex Metcalfe, &#8216;The Muslims of Medieval Italy&#8217;, University of Colorado, Boulder. April 2019. Hervin Fern\u00e1ndez-Aceves, \u2018A Byzantine register or a Latin chartulary? The textual sources of Medieval Sardinia\u2019, Lancaster University. November 2019. Alex Metcalfe, \u2018Byzantine Sardinia and the Arab Conquests\u2019, Edinburgh University. November 2019. Hervin Fern\u00e1ndez-Aceves, \u2018Toxic Historiography and <a href=\"https:\/\/wp.lancs.ac.uk\/medsardinia\/engagement\/\" rel=\"nofollow\"><span class=\"sr-only\">Read more about Engagement<\/span>[&hellip;]<\/a><\/p>\n","protected":false},"author":1156,"featured_media":0,"parent":0,"menu_order":0,"comment_status":"closed","ping_status":"closed","template":"","meta":{"_monsterinsights_skip_tracking":false,"_monsterinsights_sitenote_active":false,"_monsterinsights_sitenote_note":"","_monsterinsights_sitenote_category":0,"footnotes":""},"class_list":["post-24","page","type-page","status-publish","hentry"],"jetpack_sharing_enabled":true,"_links":{"self":[{"href":"https:\/\/wp.lancs.ac.uk\/medsardinia\/wp-json\/wp\/v2\/pages\/24","targetHints":{"allow":["GET"]}}],"collection":[{"href":"https:\/\/wp.lancs.ac.uk\/medsardinia\/wp-json\/wp\/v2\/pages"}],"about":[{"href":"https:\/\/wp.lancs.ac.uk\/medsardinia\/wp-json\/wp\/v2\/types\/page"}],"author":[{"embeddable":true,"href":"https:\/\/wp.lancs.ac.uk\/medsardinia\/wp-json\/wp\/v2\/users\/1156"}],"replies":[{"embeddable":true,"href":"https:\/\/wp.lancs.ac.uk\/medsardinia\/wp-json\/wp\/v2\/comments?post=24"}],"version-history":[{"count":23,"href":"https:\/\/wp.lancs.ac.uk\/medsardinia\/wp-json\/wp\/v2\/pages\/24\/revisions"}],"predecessor-version":[{"id":708,"href":"https:\/\/wp.lancs.ac.uk\/medsardinia\/wp-json\/wp\/v2\/pages\/24\/revisions\/708"}],"wp:attachment":[{"href":"https:\/\/wp.lancs.ac.uk\/medsardinia\/wp-json\/wp\/v2\/media?parent=24"}],"curies":[{"name":"wp","href":"https:\/\/api.w.org\/{rel}","templated":true}]}}