{"id":5383,"date":"2022-04-07T11:11:38","date_gmt":"2022-04-07T11:11:38","guid":{"rendered":"https:\/\/wp.lancs.ac.uk\/great\/?page_id=5383"},"modified":"2022-11-25T20:51:06","modified_gmt":"2022-11-25T20:51:06","slug":"influyendo-en-politica","status":"publish","type":"page","link":"https:\/\/wp.lancs.ac.uk\/great\/es\/influyendo-en-politica\/","title":{"rendered":"Influyendo en Pol\u00edtica"},"content":{"rendered":"\t\t<div data-elementor-type=\"wp-page\" data-elementor-id=\"5383\" class=\"elementor elementor-5383\">\n\t\t\t\t\t\t<section class=\"elementor-section elementor-top-section elementor-element elementor-element-f0045a1 elementor-section-boxed elementor-section-height-default elementor-section-height-default\" data-id=\"f0045a1\" data-element_type=\"section\" data-e-type=\"section\" data-settings=\"{&quot;background_background&quot;:&quot;slideshow&quot;,&quot;background_slideshow_gallery&quot;:[{&quot;id&quot;:&quot;5700&quot;,&quot;url&quot;:&quot;https:\\\/\\\/wp.lancs.ac.uk\\\/great\\\/files\\\/2022\\\/11\\\/secretaria-vivienda-scaled-e1669409354447.jpg&quot;},{&quot;id&quot;:&quot;5701&quot;,&quot;url&quot;:&quot;https:\\\/\\\/wp.lancs.ac.uk\\\/great\\\/files\\\/2022\\\/11\\\/Secretario-de-Paz-scaled.jpg&quot;}],&quot;background_slideshow_loop&quot;:&quot;yes&quot;,&quot;background_slideshow_slide_duration&quot;:5000,&quot;background_slideshow_slide_transition&quot;:&quot;fade&quot;,&quot;background_slideshow_transition_duration&quot;:500}\">\n\t\t\t\t\t\t\t<div class=\"elementor-background-overlay\"><\/div>\n\t\t\t\t\t\t\t<div class=\"elementor-container elementor-column-gap-default\">\n\t\t\t\t\t<div class=\"elementor-column elementor-col-100 elementor-top-column elementor-element elementor-element-3583865\" data-id=\"3583865\" data-element_type=\"column\" data-e-type=\"column\">\n\t\t\t<div class=\"elementor-widget-wrap elementor-element-populated\">\n\t\t\t\t\t\t<div class=\"elementor-element elementor-element-53d5909 elementor-widget elementor-widget-spacer\" data-id=\"53d5909\" data-element_type=\"widget\" data-e-type=\"widget\" data-widget_type=\"spacer.default\">\n\t\t\t\t<div class=\"elementor-widget-container\">\n\t\t\t\t\t\t\t<div class=\"elementor-spacer\">\n\t\t\t<div class=\"elementor-spacer-inner\"><\/div>\n\t\t<\/div>\n\t\t\t\t\t\t<\/div>\n\t\t\t\t<\/div>\n\t\t\t\t<div class=\"elementor-element elementor-element-cab4161 elementor-widget elementor-widget-spacer\" data-id=\"cab4161\" data-element_type=\"widget\" data-e-type=\"widget\" data-widget_type=\"spacer.default\">\n\t\t\t\t<div class=\"elementor-widget-container\">\n\t\t\t\t\t\t\t<div class=\"elementor-spacer\">\n\t\t\t<div class=\"elementor-spacer-inner\"><\/div>\n\t\t<\/div>\n\t\t\t\t\t\t<\/div>\n\t\t\t\t<\/div>\n\t\t\t\t<div class=\"elementor-element elementor-element-d9dafe5 elementor-widget elementor-widget-heading\" data-id=\"d9dafe5\" data-element_type=\"widget\" data-e-type=\"widget\" data-widget_type=\"heading.default\">\n\t\t\t\t<div class=\"elementor-widget-container\">\n\t\t\t\t\t<h2 class=\"elementor-heading-title elementor-size-default\">Influenciando la pol\u00edtica<\/h2>\t\t\t\t<\/div>\n\t\t\t\t<\/div>\n\t\t\t\t<div class=\"elementor-element elementor-element-5c3ebef elementor-widget elementor-widget-spacer\" data-id=\"5c3ebef\" data-element_type=\"widget\" data-e-type=\"widget\" data-widget_type=\"spacer.default\">\n\t\t\t\t<div class=\"elementor-widget-container\">\n\t\t\t\t\t\t\t<div class=\"elementor-spacer\">\n\t\t\t<div class=\"elementor-spacer-inner\"><\/div>\n\t\t<\/div>\n\t\t\t\t\t\t<\/div>\n\t\t\t\t<\/div>\n\t\t\t\t\t<\/div>\n\t\t<\/div>\n\t\t\t\t\t<\/div>\n\t\t<\/section>\n\t\t\t\t<section class=\"elementor-section elementor-top-section elementor-element elementor-element-2f937d6 elementor-section-boxed elementor-section-height-default elementor-section-height-default\" data-id=\"2f937d6\" data-element_type=\"section\" data-e-type=\"section\" data-settings=\"{&quot;background_background&quot;:&quot;classic&quot;}\">\n\t\t\t\t\t\t\t<div class=\"elementor-background-overlay\"><\/div>\n\t\t\t\t\t\t\t<div class=\"elementor-container elementor-column-gap-default\">\n\t\t\t\t\t<div class=\"elementor-column elementor-col-100 elementor-top-column elementor-element elementor-element-9703299\" data-id=\"9703299\" data-element_type=\"column\" data-e-type=\"column\">\n\t\t\t<div class=\"elementor-widget-wrap elementor-element-populated\">\n\t\t\t\t\t\t<div class=\"elementor-element elementor-element-469d12e elementor-widget elementor-widget-text-editor\" data-id=\"469d12e\" data-element_type=\"widget\" data-e-type=\"widget\" data-widget_type=\"text-editor.default\">\n\t\t\t\t<div class=\"elementor-widget-container\">\n\t\t\t\t\t\t\t\t\t<p>Nuestros esfuerzos se han concentrado en establecer fuertes v\u00ednculos duraderos con las autoridades, organizaciones y comunidades con las que GREAT trabaja en Cali y La Habana.<\/p><p>En Cali, GREAT se asocia con las Secretar\u00edas de: Planeaci\u00f3n y Participaci\u00f3n Ciudadana, Salud (en particular el Programa Psicosocial disponible para las v\u00edctimas del conflicto armado), Salud Ambiental, y Vivienda; la agencia local de Gesti\u00f3n Ambiental (DAGMA); y la Fundaci\u00f3n Carvajal, una ONG con 50 a\u00f1os de experiencia trabajando con comunidades de asentamientos informales, en particular, involucrando programas exitosos sobre emprendimiento social. GREAT tambi\u00e9n trabaja estrechamente con tres l\u00edderes comunitarios presidentes de las Juntas de Acci\u00f3n Comunal y muchos residentes, que han participado en diversas actividades dirigidas por el equipo de Univalle. Adem\u00e1s, GREAT ha establecido una colaboraci\u00f3n con la Fundaci\u00f3n Tecnis\u00f3lidos, una organizaci\u00f3n de recicladores que opera en las Comunas 17, 18 y 19 de Cali en la recuperaci\u00f3n de materiales reciclables. Otro colaborador es COOTRANSOL, una cooperativa de transporte que opera dos de las rutas m\u00e1s importantes que conectan los cuatro asentamientos con la ciudad.\u00a0\u00a0<\/p><p>\u00a0<\/p><p>\u00a0<\/p>\t\t\t\t\t\t\t\t<\/div>\n\t\t\t\t<\/div>\n\t\t\t\t<section class=\"elementor-section elementor-inner-section elementor-element elementor-element-80e9a0f elementor-section-boxed elementor-section-height-default elementor-section-height-default\" data-id=\"80e9a0f\" data-element_type=\"section\" data-e-type=\"section\">\n\t\t\t\t\t\t<div class=\"elementor-container elementor-column-gap-default\">\n\t\t\t\t\t<div class=\"elementor-column elementor-col-50 elementor-inner-column elementor-element elementor-element-06492aa\" data-id=\"06492aa\" data-element_type=\"column\" data-e-type=\"column\">\n\t\t\t<div class=\"elementor-widget-wrap elementor-element-populated\">\n\t\t\t\t\t\t<div class=\"elementor-element elementor-element-79c22f7 elementor-widget elementor-widget-spacer\" data-id=\"79c22f7\" data-element_type=\"widget\" data-e-type=\"widget\" data-widget_type=\"spacer.default\">\n\t\t\t\t<div class=\"elementor-widget-container\">\n\t\t\t\t\t\t\t<div class=\"elementor-spacer\">\n\t\t\t<div class=\"elementor-spacer-inner\"><\/div>\n\t\t<\/div>\n\t\t\t\t\t\t<\/div>\n\t\t\t\t<\/div>\n\t\t\t\t<div class=\"elementor-element elementor-element-3df9631 elementor-widget elementor-widget-text-editor\" data-id=\"3df9631\" data-element_type=\"widget\" data-e-type=\"widget\" data-widget_type=\"text-editor.default\">\n\t\t\t\t<div class=\"elementor-widget-container\">\n\t\t\t\t\t\t\t\t\t<p>Cali ha adoptado el enfoque de interseccionalidad en su Pol\u00edtica de Mejoramiento Integral del H\u00e1bitat.\u00a0<\/p>\t\t\t\t\t\t\t\t<\/div>\n\t\t\t\t<\/div>\n\t\t\t\t\t<\/div>\n\t\t<\/div>\n\t\t\t\t<div class=\"elementor-column elementor-col-50 elementor-inner-column elementor-element elementor-element-7a0ce32\" data-id=\"7a0ce32\" data-element_type=\"column\" data-e-type=\"column\">\n\t\t\t<div class=\"elementor-widget-wrap elementor-element-populated\">\n\t\t\t\t\t\t<div class=\"elementor-element elementor-element-cfece58 elementor-widget elementor-widget-video\" data-id=\"cfece58\" data-element_type=\"widget\" data-e-type=\"widget\" data-settings=\"{&quot;youtube_url&quot;:&quot;https:\\\/\\\/youtu.be\\\/wfG4u3xuLI8&quot;,&quot;video_type&quot;:&quot;youtube&quot;,&quot;controls&quot;:&quot;yes&quot;}\" data-widget_type=\"video.default\">\n\t\t\t\t<div class=\"elementor-widget-container\">\n\t\t\t\t\t\t\t<div class=\"elementor-wrapper elementor-open-inline\">\n\t\t\t<div class=\"elementor-video\"><\/div>\t\t<\/div>\n\t\t\t\t\t\t<\/div>\n\t\t\t\t<\/div>\n\t\t\t\t\t<\/div>\n\t\t<\/div>\n\t\t\t\t\t<\/div>\n\t\t<\/section>\n\t\t\t\t<div class=\"elementor-element elementor-element-eae3fca elementor-widget elementor-widget-spacer\" data-id=\"eae3fca\" data-element_type=\"widget\" data-e-type=\"widget\" data-widget_type=\"spacer.default\">\n\t\t\t\t<div class=\"elementor-widget-container\">\n\t\t\t\t\t\t\t<div class=\"elementor-spacer\">\n\t\t\t<div class=\"elementor-spacer-inner\"><\/div>\n\t\t<\/div>\n\t\t\t\t\t\t<\/div>\n\t\t\t\t<\/div>\n\t\t\t\t<section class=\"elementor-section elementor-inner-section elementor-element elementor-element-ef1d18b elementor-section-boxed elementor-section-height-default elementor-section-height-default\" data-id=\"ef1d18b\" data-element_type=\"section\" data-e-type=\"section\">\n\t\t\t\t\t\t<div class=\"elementor-container elementor-column-gap-default\">\n\t\t\t\t\t<div class=\"elementor-column elementor-col-50 elementor-inner-column elementor-element elementor-element-d4b3606\" data-id=\"d4b3606\" data-element_type=\"column\" data-e-type=\"column\">\n\t\t\t<div class=\"elementor-widget-wrap elementor-element-populated\">\n\t\t\t\t\t\t<div class=\"elementor-element elementor-element-15a6192 elementor-widget elementor-widget-spacer\" data-id=\"15a6192\" data-element_type=\"widget\" data-e-type=\"widget\" data-widget_type=\"spacer.default\">\n\t\t\t\t<div class=\"elementor-widget-container\">\n\t\t\t\t\t\t\t<div class=\"elementor-spacer\">\n\t\t\t<div class=\"elementor-spacer-inner\"><\/div>\n\t\t<\/div>\n\t\t\t\t\t\t<\/div>\n\t\t\t\t<\/div>\n\t\t\t\t<div class=\"elementor-element elementor-element-c5ce328 elementor-widget elementor-widget-text-editor\" data-id=\"c5ce328\" data-element_type=\"widget\" data-e-type=\"widget\" data-widget_type=\"text-editor.default\">\n\t\t\t\t<div class=\"elementor-widget-container\">\n\t\t\t\t\t\t\t\t\t<p>En noviembre de 2022 se realiz\u00f3 el evento Ciudad, Territorito y Paz en el Marco del lanzamiento del &#8220;PopuLab&#8221; en la Ciudad de Cali. La Secretar\u00eda de Vivienda Social y H\u00e1bitat particip\u00f3 en este evento que convoc\u00f3 a la comunidad de la Comuna 18, as\u00ed como otros representantes del gobierno local.<\/p>\t\t\t\t\t\t\t\t<\/div>\n\t\t\t\t<\/div>\n\t\t\t\t\t<\/div>\n\t\t<\/div>\n\t\t\t\t<div class=\"elementor-column elementor-col-50 elementor-inner-column elementor-element elementor-element-5122e3a\" data-id=\"5122e3a\" data-element_type=\"column\" data-e-type=\"column\">\n\t\t\t<div class=\"elementor-widget-wrap elementor-element-populated\">\n\t\t\t\t\t\t<div class=\"elementor-element elementor-element-d215b24 elementor-widget elementor-widget-video\" data-id=\"d215b24\" data-element_type=\"widget\" data-e-type=\"widget\" data-settings=\"{&quot;youtube_url&quot;:&quot;https:\\\/\\\/youtu.be\\\/Cf2u-vn2-28&quot;,&quot;video_type&quot;:&quot;youtube&quot;,&quot;controls&quot;:&quot;yes&quot;}\" data-widget_type=\"video.default\">\n\t\t\t\t<div class=\"elementor-widget-container\">\n\t\t\t\t\t\t\t<div class=\"elementor-wrapper elementor-open-inline\">\n\t\t\t<div class=\"elementor-video\"><\/div>\t\t<\/div>\n\t\t\t\t\t\t<\/div>\n\t\t\t\t<\/div>\n\t\t\t\t\t<\/div>\n\t\t<\/div>\n\t\t\t\t\t<\/div>\n\t\t<\/section>\n\t\t\t\t<div class=\"elementor-element elementor-element-d8ab4a1 elementor-widget elementor-widget-spacer\" data-id=\"d8ab4a1\" data-element_type=\"widget\" data-e-type=\"widget\" data-widget_type=\"spacer.default\">\n\t\t\t\t<div class=\"elementor-widget-container\">\n\t\t\t\t\t\t\t<div class=\"elementor-spacer\">\n\t\t\t<div class=\"elementor-spacer-inner\"><\/div>\n\t\t<\/div>\n\t\t\t\t\t\t<\/div>\n\t\t\t\t<\/div>\n\t\t\t\t<section class=\"elementor-section elementor-inner-section elementor-element elementor-element-3ae3cd9 elementor-section-boxed elementor-section-height-default elementor-section-height-default\" data-id=\"3ae3cd9\" data-element_type=\"section\" data-e-type=\"section\">\n\t\t\t\t\t\t<div class=\"elementor-container elementor-column-gap-default\">\n\t\t\t\t\t<div class=\"elementor-column elementor-col-50 elementor-inner-column elementor-element elementor-element-002370a\" data-id=\"002370a\" data-element_type=\"column\" data-e-type=\"column\">\n\t\t\t<div class=\"elementor-widget-wrap elementor-element-populated\">\n\t\t\t\t\t\t<div class=\"elementor-element elementor-element-f2c3af9 elementor-widget elementor-widget-spacer\" data-id=\"f2c3af9\" data-element_type=\"widget\" data-e-type=\"widget\" data-widget_type=\"spacer.default\">\n\t\t\t\t<div class=\"elementor-widget-container\">\n\t\t\t\t\t\t\t<div class=\"elementor-spacer\">\n\t\t\t<div class=\"elementor-spacer-inner\"><\/div>\n\t\t<\/div>\n\t\t\t\t\t\t<\/div>\n\t\t\t\t<\/div>\n\t\t\t\t<div class=\"elementor-element elementor-element-4f5e197 elementor-widget elementor-widget-text-editor\" data-id=\"4f5e197\" data-element_type=\"widget\" data-e-type=\"widget\" data-widget_type=\"text-editor.default\">\n\t\t\t\t<div class=\"elementor-widget-container\">\n\t\t\t\t\t\t\t\t\t<p>Lanzamiento del Laboratorio de Barrios Populares &#8220;PopuLab&#8221; en la Ciudad de Cali<\/p>\t\t\t\t\t\t\t\t<\/div>\n\t\t\t\t<\/div>\n\t\t\t\t\t<\/div>\n\t\t<\/div>\n\t\t\t\t<div class=\"elementor-column elementor-col-50 elementor-inner-column elementor-element elementor-element-9a74964\" data-id=\"9a74964\" data-element_type=\"column\" data-e-type=\"column\">\n\t\t\t<div class=\"elementor-widget-wrap elementor-element-populated\">\n\t\t\t\t\t\t<div class=\"elementor-element elementor-element-214217e elementor-widget elementor-widget-video\" data-id=\"214217e\" data-element_type=\"widget\" data-e-type=\"widget\" data-settings=\"{&quot;youtube_url&quot;:&quot;https:\\\/\\\/youtu.be\\\/SCx22XXTzx4&quot;,&quot;start&quot;:&quot;32&quot;,&quot;video_type&quot;:&quot;youtube&quot;,&quot;controls&quot;:&quot;yes&quot;}\" data-widget_type=\"video.default\">\n\t\t\t\t<div class=\"elementor-widget-container\">\n\t\t\t\t\t\t\t<div class=\"elementor-wrapper elementor-open-inline\">\n\t\t\t<div class=\"elementor-video\"><\/div>\t\t<\/div>\n\t\t\t\t\t\t<\/div>\n\t\t\t\t<\/div>\n\t\t\t\t\t<\/div>\n\t\t<\/div>\n\t\t\t\t\t<\/div>\n\t\t<\/section>\n\t\t\t\t<div class=\"elementor-element elementor-element-fe7374e elementor-widget elementor-widget-spacer\" data-id=\"fe7374e\" data-element_type=\"widget\" data-e-type=\"widget\" data-widget_type=\"spacer.default\">\n\t\t\t\t<div class=\"elementor-widget-container\">\n\t\t\t\t\t\t\t<div class=\"elementor-spacer\">\n\t\t\t<div class=\"elementor-spacer-inner\"><\/div>\n\t\t<\/div>\n\t\t\t\t\t\t<\/div>\n\t\t\t\t<\/div>\n\t\t\t\t<div class=\"elementor-element elementor-element-c933e5b elementor-widget elementor-widget-text-editor\" data-id=\"c933e5b\" data-element_type=\"widget\" data-e-type=\"widget\" data-widget_type=\"text-editor.default\">\n\t\t\t\t<div class=\"elementor-widget-container\">\n\t\t\t\t\t\t\t\t\t<p>En La Habana, GREAT ha establecido una asociaci\u00f3n con la comisi\u00f3n del Plan Perspectivo de la Bah\u00eda de La Habana (PPBH) con el apoyo de la Universidad de La Habana. Participan en la comisi\u00f3n la Oficina del Historiador de La Habana y su Departamento de Planificaci\u00f3n (Plan Maestro) y la Direcci\u00f3n General de Transporte de La Habana. Tambi\u00e9n son socios de GREAT el Grupo Empresarial del Reciclaje, cuya misi\u00f3n es recuperar, procesar y comercializar los residuos reciclables de la industria, el comercio y las zonas residenciales. La comisi\u00f3n del PPBH ha programado para el a\u00f1o 2023 la publicaci\u00f3n de una serie de instrumentos complementarios de gesti\u00f3n urbana como son: el Plan de Movilidad de la Bah\u00eda de La Habana, el Plan de Emergencia de Saneamiento y Gesti\u00f3n Ambiental, un Plan Especial de Desarrollo de Infraestructuras Avanzadas y un Plan Especial de Desarrollo de Asentamientos Informales ubicados en el per\u00edmetro de su jurisdicci\u00f3n. Uno de estos asentamientos es el de San Nicol\u00e1s, donde trabaja GREAT. El prop\u00f3sito de esta colaboraci\u00f3n es traducir los resultados de la co-investigaci\u00f3n y los principios que aporta el proyecto GREAT en herramientas de gesti\u00f3n y planificaci\u00f3n urbana. Adem\u00e1s, el Instituto Nacional de Planificaci\u00f3n (INOTU) ha identificado a GREAT como uno de los proyectos clave que contribuyen a una estrategia nacional sobre asentamientos informales. En relaci\u00f3n con esto, se ha invitado a dos miembros del equipo GREAT de La Habana a formar parte del equipo de expertos del proyecto de elaboraci\u00f3n de pol\u00edticas &#8220;II Mejora de las condiciones de vida, condiciones del h\u00e1bitat&#8221;, que forma parte del Plan Nacional de Desarrollo 2030 (PNDES2030).<\/p>\t\t\t\t\t\t\t\t<\/div>\n\t\t\t\t<\/div>\n\t\t\t\t<div class=\"elementor-element elementor-element-a19ca27 elementor-widget elementor-widget-spacer\" data-id=\"a19ca27\" data-element_type=\"widget\" data-e-type=\"widget\" data-widget_type=\"spacer.default\">\n\t\t\t\t<div class=\"elementor-widget-container\">\n\t\t\t\t\t\t\t<div class=\"elementor-spacer\">\n\t\t\t<div class=\"elementor-spacer-inner\"><\/div>\n\t\t<\/div>\n\t\t\t\t\t\t<\/div>\n\t\t\t\t<\/div>\n\t\t\t\t\t<\/div>\n\t\t<\/div>\n\t\t\t\t\t<\/div>\n\t\t<\/section>\n\t\t\t\t<\/div>\n\t\t","protected":false},"excerpt":{"rendered":"<p>Influenciando la pol\u00edtica Nuestros esfuerzos se han concentrado en establecer fuertes v\u00ednculos duraderos con las autoridades, organizaciones y comunidades con las que GREAT trabaja en Cali y La Habana. En Cali, GREAT se asocia con las Secretar\u00edas de: Planeaci\u00f3n y Participaci\u00f3n Ciudadana, Salud (en particular el Programa Psicosocial disponible para las v\u00edctimas del conflicto armado), [&hellip;]<\/p>\n","protected":false},"author":1580,"featured_media":0,"parent":0,"menu_order":0,"comment_status":"closed","ping_status":"closed","template":"elementor_theme","meta":{"_monsterinsights_skip_tracking":false,"_monsterinsights_sitenote_active":false,"_monsterinsights_sitenote_note":"","_monsterinsights_sitenote_category":0,"site-sidebar-layout":"no-sidebar","site-content-layout":"page-builder","ast-site-content-layout":"default","site-content-style":"default","site-sidebar-style":"default","ast-global-header-display":"","ast-banner-title-visibility":"","ast-main-header-display":"","ast-hfb-above-header-display":"","ast-hfb-below-header-display":"","ast-hfb-mobile-header-display":"disabled","site-post-title":"disabled","ast-breadcrumbs-content":"","ast-featured-img":"disabled","footer-sml-layout":"","ast-disable-related-posts":"","theme-transparent-header-meta":"enabled","adv-header-id-meta":"","stick-header-meta":"","header-above-stick-meta":"","header-main-stick-meta":"","header-below-stick-meta":"","astra-migrate-meta-layouts":"default","ast-page-background-enabled":"default","ast-page-background-meta":{"desktop":{"background-color":"var(--ast-global-color-4)","background-image":"","background-repeat":"repeat","background-position":"center center","background-size":"auto","background-attachment":"scroll","background-type":"","background-media":"","overlay-type":"","overlay-color":"","overlay-opacity":"","overlay-gradient":""},"tablet":{"background-color":"","background-image":"","background-repeat":"repeat","background-position":"center center","background-size":"auto","background-attachment":"scroll","background-type":"","background-media":"","overlay-type":"","overlay-color":"","overlay-opacity":"","overlay-gradient":""},"mobile":{"background-color":"","background-image":"","background-repeat":"repeat","background-position":"center center","background-size":"auto","background-attachment":"scroll","background-type":"","background-media":"","overlay-type":"","overlay-color":"","overlay-opacity":"","overlay-gradient":""}},"ast-content-background-meta":{"desktop":{"background-color":"var(--ast-global-color-5)","background-image":"","background-repeat":"repeat","background-position":"center center","background-size":"auto","background-attachment":"scroll","background-type":"","background-media":"","overlay-type":"","overlay-color":"","overlay-opacity":"","overlay-gradient":""},"tablet":{"background-color":"var(--ast-global-color-5)","background-image":"","background-repeat":"repeat","background-position":"center center","background-size":"auto","background-attachment":"scroll","background-type":"","background-media":"","overlay-type":"","overlay-color":"","overlay-opacity":"","overlay-gradient":""},"mobile":{"background-color":"var(--ast-global-color-5)","background-image":"","background-repeat":"repeat","background-position":"center center","background-size":"auto","background-attachment":"scroll","background-type":"","background-media":"","overlay-type":"","overlay-color":"","overlay-opacity":"","overlay-gradient":""}},"footnotes":""},"class_list":["post-5383","page","type-page","status-publish","hentry"],"jetpack_sharing_enabled":true,"_links":{"self":[{"href":"https:\/\/wp.lancs.ac.uk\/great\/wp-json\/wp\/v2\/pages\/5383","targetHints":{"allow":["GET"]}}],"collection":[{"href":"https:\/\/wp.lancs.ac.uk\/great\/wp-json\/wp\/v2\/pages"}],"about":[{"href":"https:\/\/wp.lancs.ac.uk\/great\/wp-json\/wp\/v2\/types\/page"}],"author":[{"embeddable":true,"href":"https:\/\/wp.lancs.ac.uk\/great\/wp-json\/wp\/v2\/users\/1580"}],"replies":[{"embeddable":true,"href":"https:\/\/wp.lancs.ac.uk\/great\/wp-json\/wp\/v2\/comments?post=5383"}],"version-history":[{"count":46,"href":"https:\/\/wp.lancs.ac.uk\/great\/wp-json\/wp\/v2\/pages\/5383\/revisions"}],"predecessor-version":[{"id":5710,"href":"https:\/\/wp.lancs.ac.uk\/great\/wp-json\/wp\/v2\/pages\/5383\/revisions\/5710"}],"wp:attachment":[{"href":"https:\/\/wp.lancs.ac.uk\/great\/wp-json\/wp\/v2\/media?parent=5383"}],"curies":[{"name":"wp","href":"https:\/\/api.w.org\/{rel}","templated":true}]}}