{"id":5327,"date":"2022-04-15T15:00:12","date_gmt":"2022-04-15T15:00:12","guid":{"rendered":"https:\/\/wp.lancs.ac.uk\/great\/?page_id=5327"},"modified":"2022-11-14T04:59:21","modified_gmt":"2022-11-14T04:59:21","slug":"publiclabs-en-cali","status":"publish","type":"page","link":"https:\/\/wp.lancs.ac.uk\/great\/es\/cali-espanol\/publiclabs-en-cali\/","title":{"rendered":"PublicLabs en Cali"},"content":{"rendered":"\t\t<div data-elementor-type=\"wp-page\" data-elementor-id=\"5327\" class=\"elementor elementor-5327\">\n\t\t\t\t\t\t<section class=\"elementor-section elementor-top-section elementor-element elementor-element-f1de7f0 elementor-section-boxed elementor-section-height-default elementor-section-height-default\" data-id=\"f1de7f0\" data-element_type=\"section\" data-e-type=\"section\" data-settings=\"{&quot;background_background&quot;:&quot;classic&quot;}\">\n\t\t\t\t\t\t\t<div class=\"elementor-background-overlay\"><\/div>\n\t\t\t\t\t\t\t<div class=\"elementor-container elementor-column-gap-default\">\n\t\t\t\t\t<div class=\"elementor-column elementor-col-100 elementor-top-column elementor-element elementor-element-f0494e1\" data-id=\"f0494e1\" data-element_type=\"column\" data-e-type=\"column\">\n\t\t\t<div class=\"elementor-widget-wrap elementor-element-populated\">\n\t\t\t\t\t\t<div class=\"elementor-element elementor-element-8e068b1 elementor-widget elementor-widget-spacer\" data-id=\"8e068b1\" data-element_type=\"widget\" data-e-type=\"widget\" data-widget_type=\"spacer.default\">\n\t\t\t\t<div class=\"elementor-widget-container\">\n\t\t\t\t\t\t\t<div class=\"elementor-spacer\">\n\t\t\t<div class=\"elementor-spacer-inner\"><\/div>\n\t\t<\/div>\n\t\t\t\t\t\t<\/div>\n\t\t\t\t<\/div>\n\t\t\t\t<div class=\"elementor-element elementor-element-1e459c3 elementor-widget elementor-widget-heading\" data-id=\"1e459c3\" data-element_type=\"widget\" data-e-type=\"widget\" data-widget_type=\"heading.default\">\n\t\t\t\t<div class=\"elementor-widget-container\">\n\t\t\t\t\t<h2 class=\"elementor-heading-title elementor-size-default\">PublicLabs en Cali<\/h2>\t\t\t\t<\/div>\n\t\t\t\t<\/div>\n\t\t\t\t<div class=\"elementor-element elementor-element-31d7417 elementor-widget elementor-widget-spacer\" data-id=\"31d7417\" data-element_type=\"widget\" data-e-type=\"widget\" data-widget_type=\"spacer.default\">\n\t\t\t\t<div class=\"elementor-widget-container\">\n\t\t\t\t\t\t\t<div class=\"elementor-spacer\">\n\t\t\t<div class=\"elementor-spacer-inner\"><\/div>\n\t\t<\/div>\n\t\t\t\t\t\t<\/div>\n\t\t\t\t<\/div>\n\t\t\t\t\t<\/div>\n\t\t<\/div>\n\t\t\t\t\t<\/div>\n\t\t<\/section>\n\t\t\t\t<section class=\"elementor-section elementor-top-section elementor-element elementor-element-46e7698 elementor-section-boxed elementor-section-height-default elementor-section-height-default\" data-id=\"46e7698\" data-element_type=\"section\" data-e-type=\"section\" data-settings=\"{&quot;background_background&quot;:&quot;classic&quot;}\">\n\t\t\t\t\t\t\t<div class=\"elementor-background-overlay\"><\/div>\n\t\t\t\t\t\t\t<div class=\"elementor-container elementor-column-gap-default\">\n\t\t\t\t\t<div class=\"elementor-column elementor-col-100 elementor-top-column elementor-element elementor-element-43bcccb\" data-id=\"43bcccb\" data-element_type=\"column\" data-e-type=\"column\">\n\t\t\t<div class=\"elementor-widget-wrap elementor-element-populated\">\n\t\t\t\t\t\t<div class=\"elementor-element elementor-element-0fa4941 elementor-tabs-alignment-center elementor-tabs-view-horizontal elementor-widget elementor-widget-tabs\" data-id=\"0fa4941\" data-element_type=\"widget\" data-e-type=\"widget\" data-widget_type=\"tabs.default\">\n\t\t\t\t<div class=\"elementor-widget-container\">\n\t\t\t\t\t\t\t<div class=\"elementor-tabs\">\n\t\t\t<div class=\"elementor-tabs-wrapper\" role=\"tablist\" >\n\t\t\t\t\t\t\t\t\t<div id=\"elementor-tab-title-1641\" class=\"elementor-tab-title elementor-tab-desktop-title\" aria-selected=\"true\" data-tab=\"1\" role=\"tab\" tabindex=\"0\" aria-controls=\"elementor-tab-content-1641\" aria-expanded=\"false\">Transporte &amp; Movilidad<\/div>\n\t\t\t\t\t\t\t\t\t<div id=\"elementor-tab-title-1642\" class=\"elementor-tab-title elementor-tab-desktop-title\" aria-selected=\"false\" data-tab=\"2\" role=\"tab\" tabindex=\"-1\" aria-controls=\"elementor-tab-content-1642\" aria-expanded=\"false\">Basura Cero<\/div>\n\t\t\t\t\t\t\t\t\t<div id=\"elementor-tab-title-1643\" class=\"elementor-tab-title elementor-tab-desktop-title\" aria-selected=\"false\" data-tab=\"3\" role=\"tab\" tabindex=\"-1\" aria-controls=\"elementor-tab-content-1643\" aria-expanded=\"false\">Pol\u00edtica &amp; Planificaci\u00f3n Urbana<\/div>\n\t\t\t\t\t\t\t<\/div>\n\t\t\t<div class=\"elementor-tabs-content-wrapper\" role=\"tablist\" aria-orientation=\"vertical\">\n\t\t\t\t\t\t\t\t\t<div class=\"elementor-tab-title elementor-tab-mobile-title\" aria-selected=\"true\" data-tab=\"1\" role=\"tab\" tabindex=\"0\" aria-controls=\"elementor-tab-content-1641\" aria-expanded=\"false\">Transporte &amp; Movilidad<\/div>\n\t\t\t\t\t<div id=\"elementor-tab-content-1641\" class=\"elementor-tab-content elementor-clearfix\" data-tab=\"1\" role=\"tabpanel\" aria-labelledby=\"elementor-tab-title-1641\" tabindex=\"0\" hidden=\"false\"><p><span style=\"font-size: 14pt\"><img fetchpriority=\"high\" decoding=\"async\" data-recalc-dims=\"1\" class=\"wp-image-4351 aligncenter\" src=\"https:\/\/i0.wp.com\/wp.lancs.ac.uk\/great\/files\/2022\/04\/Transport.jpeg?resize=378%2C180&#038;ssl=1\" alt=\"\" width=\"378\" height=\"180\" srcset=\"https:\/\/i0.wp.com\/wp.lancs.ac.uk\/great\/files\/2022\/04\/Transport.jpeg?w=1209&amp;ssl=1 1209w, https:\/\/i0.wp.com\/wp.lancs.ac.uk\/great\/files\/2022\/04\/Transport.jpeg?resize=300%2C143&amp;ssl=1 300w, https:\/\/i0.wp.com\/wp.lancs.ac.uk\/great\/files\/2022\/04\/Transport.jpeg?resize=1024%2C487&amp;ssl=1 1024w, https:\/\/i0.wp.com\/wp.lancs.ac.uk\/great\/files\/2022\/04\/Transport.jpeg?resize=150%2C71&amp;ssl=1 150w, https:\/\/i0.wp.com\/wp.lancs.ac.uk\/great\/files\/2022\/04\/Transport.jpeg?resize=768%2C365&amp;ssl=1 768w\" sizes=\"(max-width: 378px) 100vw, 378px\" \/><\/span><\/p><p><span style=\"font-size: 14pt\">Las alternativas de transporte en Cali se dividen en p\u00fablico (colectivo e individual) y privado. Para abordar las deficiencias del transporte p\u00fablico, en 2006 la ciudad inici\u00f3 la implementaci\u00f3n de un sistema de Tr\u00e1nsito de Buses R\u00e1pidos (BRT) que a\u00fan est\u00e1 en desarrollo y actualmente se complementa con buses convencionales que a\u00fan existen.<\/span><\/p><p>\u00a0<\/p><p><span style=\"font-size: 14pt\">En cuanto a la partici\u00f3n modal, los sistemas de buses (BRT y buses convencionales) son utilizados en alrededor del 18% de los viajes, mientras que el transporte p\u00fablico individual (taxi) es utilizado aproximadamente el 6%. Las alternativas privadas de car\u00e1cter individual (autom\u00f3viles y motos) contribuyen con el 13% y el 18% de los viajes respectivamente. Entre las opciones sostenibles, la bicicleta es utilizada por una fracci\u00f3n de aproximadamente el 5%, mientras que los viajes a pie son los m\u00e1s representativos en la partici\u00f3n modal, con un 32% (ver gr\u00e1fico a continuaci\u00f3n), lo que indica que un gran porcentaje de los viajes que se realizan entre or\u00edgenes y destinos son aptos para caminar.<\/span><\/p><p><span style=\"font-size: 14pt\"><img decoding=\"async\" data-recalc-dims=\"1\" class=\"alignleft\" style=\"font-weight: inherit\" src=\"https:\/\/i0.wp.com\/wp.lancs.ac.uk\/great\/files\/2020\/05\/Modal-partition.png?resize=483%2C372&#038;ssl=1\" alt=\"\" width=\"483\" height=\"372\" \/><\/span><\/p><p><span style=\"font-size: 14pt\">Las investigaciones sobre movilidad en Cali muestran la insatisfacci\u00f3n de los usuarios con los medios de transporte p\u00fablico disponibles. Esto ha generado el crecimiento de la cantidad de autom\u00f3viles y motocicletas, que no contribuyen a la consolidaci\u00f3n de la movilidad sostenible en la ciudad. En este contexto, es necesario reducir las brechas existentes entre la inversi\u00f3n en modos de transporte y la proporci\u00f3n de viajes que movilizan, y promover la equidad en la oferta de transporte (operacional y espacial), y minimizar las desventajas en t\u00e9rminos de accesibilidad que presentan algunos territorios de la ciudad.<\/span><\/p><\/div>\n\t\t\t\t\t\t\t\t\t<div class=\"elementor-tab-title elementor-tab-mobile-title\" aria-selected=\"false\" data-tab=\"2\" role=\"tab\" tabindex=\"-1\" aria-controls=\"elementor-tab-content-1642\" aria-expanded=\"false\">Basura Cero<\/div>\n\t\t\t\t\t<div id=\"elementor-tab-content-1642\" class=\"elementor-tab-content elementor-clearfix\" data-tab=\"2\" role=\"tabpanel\" aria-labelledby=\"elementor-tab-title-1642\" tabindex=\"0\" hidden=\"hidden\"><p><span style=\"font-size: 14pt\"><img decoding=\"async\" data-recalc-dims=\"1\" class=\"wp-image-4349 aligncenter\" src=\"https:\/\/i0.wp.com\/wp.lancs.ac.uk\/great\/files\/2022\/04\/Zero-Waste.jpeg?resize=333%2C159&#038;ssl=1\" alt=\"\" width=\"333\" height=\"159\" srcset=\"https:\/\/i0.wp.com\/wp.lancs.ac.uk\/great\/files\/2022\/04\/Zero-Waste.jpeg?w=1209&amp;ssl=1 1209w, https:\/\/i0.wp.com\/wp.lancs.ac.uk\/great\/files\/2022\/04\/Zero-Waste.jpeg?resize=300%2C143&amp;ssl=1 300w, https:\/\/i0.wp.com\/wp.lancs.ac.uk\/great\/files\/2022\/04\/Zero-Waste.jpeg?resize=1024%2C490&amp;ssl=1 1024w, https:\/\/i0.wp.com\/wp.lancs.ac.uk\/great\/files\/2022\/04\/Zero-Waste.jpeg?resize=150%2C72&amp;ssl=1 150w, https:\/\/i0.wp.com\/wp.lancs.ac.uk\/great\/files\/2022\/04\/Zero-Waste.jpeg?resize=768%2C367&amp;ssl=1 768w\" sizes=\"(max-width: 333px) 100vw, 333px\" \/><\/span><\/p><p><span style=\"font-size: 14pt\">En 2018, la generaci\u00f3n de residuos s\u00f3lidos ordinarios en Cali fue del orden de las 800.000 toneladas (ver gr\u00e1fico a continuaci\u00f3n). Seg\u00fan datos del municipio, la ciudad generaba 1.900 toneladas diarias, de las cuales solo 27 toneladas (1,4%) se recuperaban a trav\u00e9s de la cadena de reciclaje.<\/span><\/p><p><span style=\"font-size: 14pt\"><img loading=\"lazy\" decoding=\"async\" data-recalc-dims=\"1\" class=\"alignnone wp-image-1248\" src=\"https:\/\/i0.wp.com\/wp.lancs.ac.uk\/great\/files\/2020\/05\/Solid-waste.png?resize=394%2C172&#038;ssl=1\" alt=\"\" width=\"394\" height=\"172\" srcset=\"https:\/\/i0.wp.com\/wp.lancs.ac.uk\/great\/files\/2020\/05\/Solid-waste.png?w=841&amp;ssl=1 841w, https:\/\/i0.wp.com\/wp.lancs.ac.uk\/great\/files\/2020\/05\/Solid-waste.png?resize=300%2C131&amp;ssl=1 300w, https:\/\/i0.wp.com\/wp.lancs.ac.uk\/great\/files\/2020\/05\/Solid-waste.png?resize=150%2C65&amp;ssl=1 150w, https:\/\/i0.wp.com\/wp.lancs.ac.uk\/great\/files\/2020\/05\/Solid-waste.png?resize=768%2C335&amp;ssl=1 768w\" sizes=\"(max-width: 394px) 100vw, 394px\" \/><\/span><\/p><p><span style=\"font-size: 14pt\">La baja tasa de reducci\u00f3n y reciclaje est\u00e1 obligando a una alta disposici\u00f3n de biorresiduos en el relleno sanitario, lo que genera impactos negativos desde el punto de vista sanitario, ambiental y econ\u00f3mico. En esta ciudad, seg\u00fan CIAT, DAGMA &amp; CVC (2015), la descomposici\u00f3n de los biorresiduos se ha convertido en la segunda fuente de generaci\u00f3n de GEI.<\/span><\/p><p><span style=\"font-size: 14pt\">El Relleno Sanitario Colomba-El Guabal, ubicado a 62 kil\u00f3metros de Cali en el municipio de Yotoco, recibi\u00f3 en 2018 alrededor de 2.500 toneladas diarias de residuos s\u00f3lidos provenientes de 20 municipios. De esta cantidad Cali aport\u00f3 el 74% de los residuos, que en su mayor\u00eda fueron biorresiduos (61,4%) seguido del pl\u00e1stico (18,7%) y papel\/cart\u00f3n (9,8%). Estas cifras indican la urgencia de reducir la generaci\u00f3n de residuos s\u00f3lidos a trav\u00e9s de estrategias como Basura Cero y, al mismo tiempo, aumentar el aprovechamiento de los residuos a trav\u00e9s del reciclaje para disminuir la cantidad de toneladas que se env\u00edan al relleno sanitario.<\/span><\/p><\/div>\n\t\t\t\t\t\t\t\t\t<div class=\"elementor-tab-title elementor-tab-mobile-title\" aria-selected=\"false\" data-tab=\"3\" role=\"tab\" tabindex=\"-1\" aria-controls=\"elementor-tab-content-1643\" aria-expanded=\"false\">Pol\u00edtica &amp; Planificaci\u00f3n Urbana<\/div>\n\t\t\t\t\t<div id=\"elementor-tab-content-1643\" class=\"elementor-tab-content elementor-clearfix\" data-tab=\"3\" role=\"tabpanel\" aria-labelledby=\"elementor-tab-title-1643\" tabindex=\"0\" hidden=\"hidden\"><img loading=\"lazy\" decoding=\"async\" data-recalc-dims=\"1\" class=\"wp-image-4350 aligncenter\" src=\"https:\/\/i0.wp.com\/wp.lancs.ac.uk\/great\/files\/2022\/04\/Policy-and-Planning.jpeg?resize=321%2C154&#038;ssl=1\" alt=\"\" width=\"321\" height=\"154\" srcset=\"https:\/\/i0.wp.com\/wp.lancs.ac.uk\/great\/files\/2022\/04\/Policy-and-Planning.jpeg?w=1212&amp;ssl=1 1212w, https:\/\/i0.wp.com\/wp.lancs.ac.uk\/great\/files\/2022\/04\/Policy-and-Planning.jpeg?resize=300%2C144&amp;ssl=1 300w, https:\/\/i0.wp.com\/wp.lancs.ac.uk\/great\/files\/2022\/04\/Policy-and-Planning.jpeg?resize=1024%2C491&amp;ssl=1 1024w, https:\/\/i0.wp.com\/wp.lancs.ac.uk\/great\/files\/2022\/04\/Policy-and-Planning.jpeg?resize=150%2C72&amp;ssl=1 150w, https:\/\/i0.wp.com\/wp.lancs.ac.uk\/great\/files\/2022\/04\/Policy-and-Planning.jpeg?resize=768%2C368&amp;ssl=1 768w\" sizes=\"(max-width: 321px) 100vw, 321px\" \/><\/div>\n\t\t\t\t\t\t\t<\/div>\n\t\t<\/div>\n\t\t\t\t\t\t<\/div>\n\t\t\t\t<\/div>\n\t\t\t\t<div class=\"elementor-element elementor-element-74459eb elementor-widget elementor-widget-spacer\" data-id=\"74459eb\" data-element_type=\"widget\" data-e-type=\"widget\" data-widget_type=\"spacer.default\">\n\t\t\t\t<div class=\"elementor-widget-container\">\n\t\t\t\t\t\t\t<div class=\"elementor-spacer\">\n\t\t\t<div class=\"elementor-spacer-inner\"><\/div>\n\t\t<\/div>\n\t\t\t\t\t\t<\/div>\n\t\t\t\t<\/div>\n\t\t\t\t\t<\/div>\n\t\t<\/div>\n\t\t\t\t\t<\/div>\n\t\t<\/section>\n\t\t\t\t<\/div>\n\t\t","protected":false},"excerpt":{"rendered":"<p>PublicLabs en Cali Transporte &amp; Movilidad Basura Cero Pol\u00edtica &amp; Planificaci\u00f3n Urbana Transporte &amp; Movilidad Las alternativas de transporte en Cali se dividen en p\u00fablico (colectivo e individual) y privado. Para abordar las deficiencias del transporte p\u00fablico, en 2006 la ciudad inici\u00f3 la implementaci\u00f3n de un sistema de Tr\u00e1nsito de Buses R\u00e1pidos (BRT) que a\u00fan [&hellip;]<\/p>\n","protected":false},"author":1580,"featured_media":0,"parent":5217,"menu_order":0,"comment_status":"closed","ping_status":"closed","template":"","meta":{"_monsterinsights_skip_tracking":false,"_monsterinsights_sitenote_active":false,"_monsterinsights_sitenote_note":"","_monsterinsights_sitenote_category":0,"site-sidebar-layout":"no-sidebar","site-content-layout":"page-builder","ast-site-content-layout":"default","site-content-style":"default","site-sidebar-style":"default","ast-global-header-display":"","ast-banner-title-visibility":"","ast-main-header-display":"","ast-hfb-above-header-display":"","ast-hfb-below-header-display":"","ast-hfb-mobile-header-display":"","site-post-title":"disabled","ast-breadcrumbs-content":"","ast-featured-img":"disabled","footer-sml-layout":"","ast-disable-related-posts":"","theme-transparent-header-meta":"default","adv-header-id-meta":"","stick-header-meta":"","header-above-stick-meta":"","header-main-stick-meta":"","header-below-stick-meta":"","astra-migrate-meta-layouts":"default","ast-page-background-enabled":"default","ast-page-background-meta":{"desktop":{"background-color":"var(--ast-global-color-4)","background-image":"","background-repeat":"repeat","background-position":"center center","background-size":"auto","background-attachment":"scroll","background-type":"","background-media":"","overlay-type":"","overlay-color":"","overlay-opacity":"","overlay-gradient":""},"tablet":{"background-color":"","background-image":"","background-repeat":"repeat","background-position":"center center","background-size":"auto","background-attachment":"scroll","background-type":"","background-media":"","overlay-type":"","overlay-color":"","overlay-opacity":"","overlay-gradient":""},"mobile":{"background-color":"","background-image":"","background-repeat":"repeat","background-position":"center center","background-size":"auto","background-attachment":"scroll","background-type":"","background-media":"","overlay-type":"","overlay-color":"","overlay-opacity":"","overlay-gradient":""}},"ast-content-background-meta":{"desktop":{"background-color":"var(--ast-global-color-5)","background-image":"","background-repeat":"repeat","background-position":"center center","background-size":"auto","background-attachment":"scroll","background-type":"","background-media":"","overlay-type":"","overlay-color":"","overlay-opacity":"","overlay-gradient":""},"tablet":{"background-color":"var(--ast-global-color-5)","background-image":"","background-repeat":"repeat","background-position":"center center","background-size":"auto","background-attachment":"scroll","background-type":"","background-media":"","overlay-type":"","overlay-color":"","overlay-opacity":"","overlay-gradient":""},"mobile":{"background-color":"var(--ast-global-color-5)","background-image":"","background-repeat":"repeat","background-position":"center center","background-size":"auto","background-attachment":"scroll","background-type":"","background-media":"","overlay-type":"","overlay-color":"","overlay-opacity":"","overlay-gradient":""}},"footnotes":""},"class_list":["post-5327","page","type-page","status-publish","hentry"],"jetpack_sharing_enabled":true,"_links":{"self":[{"href":"https:\/\/wp.lancs.ac.uk\/great\/wp-json\/wp\/v2\/pages\/5327","targetHints":{"allow":["GET"]}}],"collection":[{"href":"https:\/\/wp.lancs.ac.uk\/great\/wp-json\/wp\/v2\/pages"}],"about":[{"href":"https:\/\/wp.lancs.ac.uk\/great\/wp-json\/wp\/v2\/types\/page"}],"author":[{"embeddable":true,"href":"https:\/\/wp.lancs.ac.uk\/great\/wp-json\/wp\/v2\/users\/1580"}],"replies":[{"embeddable":true,"href":"https:\/\/wp.lancs.ac.uk\/great\/wp-json\/wp\/v2\/comments?post=5327"}],"version-history":[{"count":13,"href":"https:\/\/wp.lancs.ac.uk\/great\/wp-json\/wp\/v2\/pages\/5327\/revisions"}],"predecessor-version":[{"id":5374,"href":"https:\/\/wp.lancs.ac.uk\/great\/wp-json\/wp\/v2\/pages\/5327\/revisions\/5374"}],"up":[{"embeddable":true,"href":"https:\/\/wp.lancs.ac.uk\/great\/wp-json\/wp\/v2\/pages\/5217"}],"wp:attachment":[{"href":"https:\/\/wp.lancs.ac.uk\/great\/wp-json\/wp\/v2\/media?parent=5327"}],"curies":[{"name":"wp","href":"https:\/\/api.w.org\/{rel}","templated":true}]}}