{"id":2142,"date":"2020-06-19T16:18:02","date_gmt":"2020-06-19T16:18:02","guid":{"rendered":"http:\/\/wp.lancs.ac.uk\/great-dev\/?page_id=2142"},"modified":"2022-11-11T14:43:17","modified_gmt":"2022-11-11T14:43:17","slug":"collaborators","status":"publish","type":"page","link":"https:\/\/wp.lancs.ac.uk\/great\/collaborators\/","title":{"rendered":"Collaborators"},"content":{"rendered":"\t\t<div data-elementor-type=\"wp-page\" data-elementor-id=\"2142\" class=\"elementor elementor-2142\">\n\t\t\t\t\t\t<section class=\"elementor-section elementor-top-section elementor-element elementor-element-6f525f4 elementor-section-boxed elementor-section-height-default elementor-section-height-default\" data-id=\"6f525f4\" data-element_type=\"section\" data-e-type=\"section\" data-settings=\"{&quot;background_background&quot;:&quot;classic&quot;}\">\n\t\t\t\t\t\t\t<div class=\"elementor-background-overlay\"><\/div>\n\t\t\t\t\t\t\t<div class=\"elementor-container elementor-column-gap-default\">\n\t\t\t\t\t<div class=\"elementor-column elementor-col-100 elementor-top-column elementor-element elementor-element-cb90778\" data-id=\"cb90778\" data-element_type=\"column\" data-e-type=\"column\" data-settings=\"{&quot;background_background&quot;:&quot;classic&quot;}\">\n\t\t\t<div class=\"elementor-widget-wrap elementor-element-populated\">\n\t\t\t\t\t\t<div class=\"elementor-element elementor-element-f9229e7 elementor-widget elementor-widget-spacer\" data-id=\"f9229e7\" data-element_type=\"widget\" data-e-type=\"widget\" data-widget_type=\"spacer.default\">\n\t\t\t\t<div class=\"elementor-widget-container\">\n\t\t\t\t\t\t\t<div class=\"elementor-spacer\">\n\t\t\t<div class=\"elementor-spacer-inner\"><\/div>\n\t\t<\/div>\n\t\t\t\t\t\t<\/div>\n\t\t\t\t<\/div>\n\t\t\t\t<div class=\"elementor-element elementor-element-3361e12 elementor-invisible elementor-widget elementor-widget-heading\" data-id=\"3361e12\" data-element_type=\"widget\" data-e-type=\"widget\" data-settings=\"{&quot;_animation&quot;:&quot;fadeInLeft&quot;}\" data-widget_type=\"heading.default\">\n\t\t\t\t<div class=\"elementor-widget-container\">\n\t\t\t\t\t<h2 class=\"elementor-heading-title elementor-size-default\">Collaborators<\/h2>\t\t\t\t<\/div>\n\t\t\t\t<\/div>\n\t\t\t\t<div class=\"elementor-element elementor-element-68733be elementor-widget elementor-widget-spacer\" data-id=\"68733be\" data-element_type=\"widget\" data-e-type=\"widget\" data-widget_type=\"spacer.default\">\n\t\t\t\t<div class=\"elementor-widget-container\">\n\t\t\t\t\t\t\t<div class=\"elementor-spacer\">\n\t\t\t<div class=\"elementor-spacer-inner\"><\/div>\n\t\t<\/div>\n\t\t\t\t\t\t<\/div>\n\t\t\t\t<\/div>\n\t\t\t\t\t<\/div>\n\t\t<\/div>\n\t\t\t\t\t<\/div>\n\t\t<\/section>\n\t\t\t\t<section class=\"elementor-section elementor-top-section elementor-element elementor-element-4d11a76 elementor-section-boxed elementor-section-height-default elementor-section-height-default\" data-id=\"4d11a76\" data-element_type=\"section\" data-e-type=\"section\" data-settings=\"{&quot;background_background&quot;:&quot;classic&quot;}\">\n\t\t\t\t\t\t\t<div class=\"elementor-background-overlay\"><\/div>\n\t\t\t\t\t\t\t<div class=\"elementor-container elementor-column-gap-default\">\n\t\t\t\t\t<div class=\"elementor-column elementor-col-100 elementor-top-column elementor-element elementor-element-b300436\" data-id=\"b300436\" data-element_type=\"column\" data-e-type=\"column\" data-settings=\"{&quot;background_background&quot;:&quot;classic&quot;}\">\n\t\t\t<div class=\"elementor-widget-wrap elementor-element-populated\">\n\t\t\t\t\t\t<div class=\"elementor-element elementor-element-c19326e elementor-widget elementor-widget-heading\" data-id=\"c19326e\" data-element_type=\"widget\" data-e-type=\"widget\" data-widget_type=\"heading.default\">\n\t\t\t\t<div class=\"elementor-widget-container\">\n\t\t\t\t\t<h2 class=\"elementor-heading-title elementor-size-default\">Cali, Colombia<\/h2>\t\t\t\t<\/div>\n\t\t\t\t<\/div>\n\t\t\t\t<div class=\"elementor-element elementor-element-ec7cad0 elementor-widget elementor-widget-text-editor\" data-id=\"ec7cad0\" data-element_type=\"widget\" data-e-type=\"widget\" data-widget_type=\"text-editor.default\">\n\t\t\t\t<div class=\"elementor-widget-container\">\n\t\t\t\t\t\t\t\t\t<p><span style=\"font-family: 'Open Sans', sans-serif\"><span style=\"font-size: 18pt\">Governmental actors:\u00a0<br \/><\/span><\/span><\/p><ul><li><span style=\"font-family: 'Open Sans', sans-serif\"><span style=\"font-size: 18pt\">Planning and Citizenship Participation,\u00a0<br \/><\/span><span style=\"font-size: 18pt\">Health (in particular the Psycho-Social Programme available to victims of the armed conflict),\u00a0<br \/><\/span><\/span><\/li><li><span style=\"font-size: 18pt;font-family: 'Open Sans', sans-serif\">Secretary of Environmental Health\u00a0<span style=\"font-style: inherit;font-weight: inherit\">and Housing<br \/><\/span><\/span><\/li><li><span style=\"font-size: 18pt;font-family: 'Open Sans', sans-serif\">The local agency for Environmental Management (DAGMA)<\/span><\/li><li><span style=\"font-family: 'Open Sans', sans-serif\"><span style=\"font-size: 18pt\">\u00a0<\/span><span style=\"font-size: 18pt\">The Carvajal Foundation<br \/><\/span><\/span><\/li><li><span style=\"font-size: 18pt;font-family: 'Open Sans', sans-serif\">Juntas de Acci\u00f3n Comunal, or, Local Action Assemblies<\/span><\/li><li><span style=\"font-size: 18pt;font-family: 'Open Sans', sans-serif\">Foundation Tecnis\u00f3lidos<\/span><\/li><\/ul>\t\t\t\t\t\t\t\t<\/div>\n\t\t\t\t<\/div>\n\t\t\t\t<div class=\"elementor-element elementor-element-d01b45f elementor-widget elementor-widget-heading\" data-id=\"d01b45f\" data-element_type=\"widget\" data-e-type=\"widget\" data-widget_type=\"heading.default\">\n\t\t\t\t<div class=\"elementor-widget-container\">\n\t\t\t\t\t<h2 class=\"elementor-heading-title elementor-size-default\">Havana, Cuba<\/h2>\t\t\t\t<\/div>\n\t\t\t\t<\/div>\n\t\t\t\t<div class=\"elementor-element elementor-element-c92e13e elementor-widget elementor-widget-text-editor\" data-id=\"c92e13e\" data-element_type=\"widget\" data-e-type=\"widget\" data-widget_type=\"text-editor.default\">\n\t\t\t\t<div class=\"elementor-widget-container\">\n\t\t\t\t\t\t\t\t\t<ul><li class=\"MsoNormal\" style=\"font-size: 15px;font-style: normal;font-weight: 400\"><span lang=\"EN-US\" style=\"font-family: 'Open Sans', sans-serif;font-size: 18pt\">Plan Perspectivo de la bah\u00eda de La Habana (Havana\u00b4s Bay Development Perspective) <\/span><\/li><li class=\"MsoNormal\" style=\"font-size: 15px;font-style: normal;font-weight: 400\"><span style=\"font-family: 'Open Sans', sans-serif;font-size: 18pt\">Universidad de La Habana<\/span><\/li><li class=\"MsoNormal\" style=\"font-size: 15px;font-style: normal;font-weight: 400\"><span style=\"font-family: 'Open Sans', sans-serif;font-size: 18pt\">Havana\u00b4s Historian Office and its Planning Department (Plan Maestro)<\/span><\/li><li class=\"MsoNormal\" style=\"font-size: 15px;font-style: normal;font-weight: 400\"><span style=\"font-family: 'Open Sans', sans-serif;font-size: 18pt\">General Directorate of Transport of Havana (DGT &#8211; Habana).<\/span><\/li><li class=\"MsoNormal\" style=\"font-size: 15px;font-style: normal;font-weight: 400\"><span style=\"font-family: 'Open Sans', sans-serif;font-size: 18pt\">The Recycling Entrepreneurial Group (Grupo Empresarial del Reciclaje)<\/span><\/li><li class=\"MsoNormal\" style=\"font-size: 15px;font-style: normal;font-weight: 400\"><span style=\"font-family: 'Open Sans', sans-serif;font-size: 18pt\">The municipal authorities represented by the Local Development Department.\u00a0<\/span><\/li><\/ul>\t\t\t\t\t\t\t\t<\/div>\n\t\t\t\t<\/div>\n\t\t\t\t<div class=\"elementor-element elementor-element-abcb0b6 elementor-widget elementor-widget-spacer\" data-id=\"abcb0b6\" data-element_type=\"widget\" data-e-type=\"widget\" data-widget_type=\"spacer.default\">\n\t\t\t\t<div class=\"elementor-widget-container\">\n\t\t\t\t\t\t\t<div class=\"elementor-spacer\">\n\t\t\t<div class=\"elementor-spacer-inner\"><\/div>\n\t\t<\/div>\n\t\t\t\t\t\t<\/div>\n\t\t\t\t<\/div>\n\t\t\t\t\t<\/div>\n\t\t<\/div>\n\t\t\t\t\t<\/div>\n\t\t<\/section>\n\t\t\t\t<\/div>\n\t\t","protected":false},"excerpt":{"rendered":"<p>Collaborators Cali, Colombia Governmental actors: Planning and Citizenship Participation, Health (in particular the Psycho-Social Programme available to victims of the armed conflict), Secretary of Environmental Health\u00a0and Housing The local agency for Environmental Management (DAGMA) \u00a0The Carvajal Foundation Juntas de Acci\u00f3n Comunal, or, Local Action Assemblies Foundation Tecnis\u00f3lidos Havana, Cuba Plan Perspectivo de la bah\u00eda de [&hellip;]<\/p>\n","protected":false},"author":1530,"featured_media":0,"parent":0,"menu_order":0,"comment_status":"closed","ping_status":"closed","template":"","meta":{"_monsterinsights_skip_tracking":false,"_monsterinsights_sitenote_active":false,"_monsterinsights_sitenote_note":"","_monsterinsights_sitenote_category":0,"site-sidebar-layout":"no-sidebar","site-content-layout":"page-builder","ast-site-content-layout":"default","site-content-style":"default","site-sidebar-style":"default","ast-global-header-display":"","ast-banner-title-visibility":"","ast-main-header-display":"","ast-hfb-above-header-display":"","ast-hfb-below-header-display":"","ast-hfb-mobile-header-display":"","site-post-title":"disabled","ast-breadcrumbs-content":"","ast-featured-img":"disabled","footer-sml-layout":"","ast-disable-related-posts":"","theme-transparent-header-meta":"default","adv-header-id-meta":"","stick-header-meta":"","header-above-stick-meta":"","header-main-stick-meta":"","header-below-stick-meta":"","astra-migrate-meta-layouts":"default","ast-page-background-enabled":"default","ast-page-background-meta":{"desktop":{"background-color":"var(--ast-global-color-4)","background-image":"","background-repeat":"repeat","background-position":"center center","background-size":"auto","background-attachment":"scroll","background-type":"","background-media":"","overlay-type":"","overlay-color":"","overlay-opacity":"","overlay-gradient":""},"tablet":{"background-color":"","background-image":"","background-repeat":"repeat","background-position":"center center","background-size":"auto","background-attachment":"scroll","background-type":"","background-media":"","overlay-type":"","overlay-color":"","overlay-opacity":"","overlay-gradient":""},"mobile":{"background-color":"","background-image":"","background-repeat":"repeat","background-position":"center center","background-size":"auto","background-attachment":"scroll","background-type":"","background-media":"","overlay-type":"","overlay-color":"","overlay-opacity":"","overlay-gradient":""}},"ast-content-background-meta":{"desktop":{"background-color":"var(--ast-global-color-5)","background-image":"","background-repeat":"repeat","background-position":"center center","background-size":"auto","background-attachment":"scroll","background-type":"","background-media":"","overlay-type":"","overlay-color":"","overlay-opacity":"","overlay-gradient":""},"tablet":{"background-color":"var(--ast-global-color-5)","background-image":"","background-repeat":"repeat","background-position":"center center","background-size":"auto","background-attachment":"scroll","background-type":"","background-media":"","overlay-type":"","overlay-color":"","overlay-opacity":"","overlay-gradient":""},"mobile":{"background-color":"var(--ast-global-color-5)","background-image":"","background-repeat":"repeat","background-position":"center center","background-size":"auto","background-attachment":"scroll","background-type":"","background-media":"","overlay-type":"","overlay-color":"","overlay-opacity":"","overlay-gradient":""}},"footnotes":""},"class_list":["post-2142","page","type-page","status-publish","hentry"],"jetpack_sharing_enabled":true,"_links":{"self":[{"href":"https:\/\/wp.lancs.ac.uk\/great\/wp-json\/wp\/v2\/pages\/2142","targetHints":{"allow":["GET"]}}],"collection":[{"href":"https:\/\/wp.lancs.ac.uk\/great\/wp-json\/wp\/v2\/pages"}],"about":[{"href":"https:\/\/wp.lancs.ac.uk\/great\/wp-json\/wp\/v2\/types\/page"}],"author":[{"embeddable":true,"href":"https:\/\/wp.lancs.ac.uk\/great\/wp-json\/wp\/v2\/users\/1530"}],"replies":[{"embeddable":true,"href":"https:\/\/wp.lancs.ac.uk\/great\/wp-json\/wp\/v2\/comments?post=2142"}],"version-history":[{"count":97,"href":"https:\/\/wp.lancs.ac.uk\/great\/wp-json\/wp\/v2\/pages\/2142\/revisions"}],"predecessor-version":[{"id":5203,"href":"https:\/\/wp.lancs.ac.uk\/great\/wp-json\/wp\/v2\/pages\/2142\/revisions\/5203"}],"wp:attachment":[{"href":"https:\/\/wp.lancs.ac.uk\/great\/wp-json\/wp\/v2\/media?parent=2142"}],"curies":[{"name":"wp","href":"https:\/\/api.w.org\/{rel}","templated":true}]}}