{"id":143,"date":"2017-04-07T12:52:33","date_gmt":"2017-04-07T12:52:33","guid":{"rendered":"http:\/\/wp.lancs.ac.uk\/emocomlab\/?page_id=143"},"modified":"2025-09-12T13:00:58","modified_gmt":"2025-09-12T13:00:58","slug":"press-release","status":"publish","type":"page","link":"https:\/\/wp.lancs.ac.uk\/emocomlab\/press-release\/","title":{"rendered":"Press release \/ Media"},"content":{"rendered":"<p><strong>Interview for Faculti.net:<\/strong> <strong><a href=\"https:\/\/faculti.net\/metaphorical-language-processing-and-amygdala-activation-in-non-native-and-native-speakers\" target=\"_blank\" rel=\"noopener\">Metaphorical language processing and amygdala activation in non-native and native speakers<\/a><\/strong>, April 2024<\/p>\n<p><strong>Princeton University Office of Communications:<\/strong> <strong><a href=\"https:\/\/www.princeton.edu\/news\/2021\/10\/20\/new-cognitive-research-princeton-peoples-eyes-reveal-cliches-are-underrated\" target=\"_blank\" rel=\"noopener\">In new cognitive research people&#8217;s eyes reveal that clich\u00e9s are underrated<\/a><\/strong><span style=\"color: #000000\">, October 2021<\/span><\/p>\n<p><strong><span style=\"color: #000000\">Recorded talk:\u00a0<\/span><a href=\"https:\/\/www.youtube.com\/watch?v=P0_LAM1lvRA&amp;feature=youtu.be\">Emotion, language, and aesthetic perception: The impact of a powerful read<\/a><\/strong>, <strong>Lancaster Psychology<\/strong> <strong><a href=\"http:\/\/wp.lancs.ac.uk\/psy-lockdown-seminars\/\">Research Showcase Series<\/a><\/strong>, online, June 2021<\/p>\n<p><strong>Video of my contribution to the <a href=\"https:\/\/www.youtube.com\/watch?v=ttUEG6LafzI\" target=\"_blank\" rel=\"noopener\">Section &#8220;Metaphor and emotion&#8221;<\/a><\/strong>, minutes 5.50-6.55, <strong>The Creative Power or Metaphor Conference<\/strong>, Oxford, March 2019<\/p>\n<p><strong>Video of my panellist contribution to the <a href=\"https:\/\/ox.cloud.panopto.eu\/Panopto\/Pages\/Viewer.aspx?id=2d0a200f-c04e-4da9-ae0b-aa3f00f543b6\" target=\"_blank\" rel=\"noopener\">Roundtable Discussion on &#8220;Metaphor and Emotion&#8221;<\/a><\/strong>, minutes 1.20-3.17; 11.13-17.05; 44.12-47.16; 54.30-55.26; 60.07-69.35, <strong>The Creative Power of Metaphor Conference<\/strong>, Oxford, March 2019 &#8211;\u00a0<a href=\"https:\/\/www.creativeml.ox.ac.uk\/further-reading-metaphor-and-emotion\" target=\"_blank\" rel=\"noopener\">Further readings here.<\/a><\/p>\n<p><span style=\"font-size: medium\"><strong>The Conversation: &#8220;<a href=\"https:\/\/theconversation.com\/how-just-one-little-metaphor-can-fire-up-our-emotions-66249\" target=\"_blank\" rel=\"nofollow noopener noreferrer\">How just one little metaphor can fire up our emotions<\/a>&#8220;<\/strong> (November 2016)<\/span><\/p>\n<p><span style=\"font-size: medium\">Lancaster University: <a href=\"http:\/\/www.lancaster.ac.uk\/news\/articles\/2015\/how-the-vocabulary-of-harry-potter-triggers-emotion\/\" target=\"_blank\" rel=\"nofollow noopener noreferrer\">&#8220;How the vocabulary of Harry Potter triggers emotion&#8221;<\/a> (April 2015)<\/span><\/p>\n<p><span style=\"font-size: medium\">Daily Mail, UK: <a href=\"http:\/\/www.dailymail.co.uk\/sciencetech\/article-3041957\/Harry-Potter-books-light-parts-brain-linked-strong-emotions.html\" target=\"_blank\" rel=\"nofollow noopener noreferrer\">&#8220;The secret to Harry Potter&#8217;s success&#8221;<\/a> (April 2015)<\/span><\/p>\n<p><span style=\"font-size: medium\">Interview on taste metaphors for the Danish programme &#8220;Scientific world&#8221; [Videnskabens Werden], on DR radio: <a href=\"http:\/\/www.dr.dk\/radio\/ondemand\/p1\/videnskabens-verden-150#!\/\" target=\"_blank\" rel=\"nofollow noopener noreferrer\">listen here!<\/a>\u00a0(in Danish, except my voice!) (February 2015)<\/span><\/p>\n<p><span style=\"font-size: medium\">Consiglio Nazionale delle Ricerche (CNR):\u00a0<a href=\"https:\/\/www.cnr.it\/en\/press-release\/6010\/riconosciamo-un-animale-prima-ancora-di-esserne-coscienti\" target=\"_blank\" rel=\"nofollow noopener noreferrer\">&#8220;Riconosciamo un animale prima ancora di esserne coscienti&#8221;<\/a>\u00a0(February 2015)<\/span><\/p>\n<p><span style=\"font-size: large\"><span style=\"font-size: medium\">From the Linguisticator, Cambridge, UK: <a href=\"http:\/\/www.linguisticator.com\/languagewithflavour\/\" target=\"_blank\" rel=\"nofollow noopener noreferrer\">&#8220;Language with Flavour&#8221;<\/a>\u00a0(August 2014)<\/span><b><u><br \/>\n<\/u><\/b><\/span><\/p>\n<p><span style=\"font-size: medium\">From the Cognitive Neuroscience Society<a href=\"http:\/\/www.cogneurosociety.org\/sweet_metaphors_citron\/\" target=\"_blank\" rel=\"nofollow noopener noreferrer\">: &#8220;Sweet! Taste metaphors elicit more emotion than literal phrases&#8221;<\/a>\u00a0(May 2014)<\/span><\/p>\n<p><span style=\"font-size: medium\">From the Cluster &#8220;Languages of Emotion&#8221;, Free University of Berlin: <a href=\"http:\/\/www.loe.fu-berlin.de\/zentrum\/aktuelles\/news\/suesse-worte-goldberg.html\" target=\"_blank\" rel=\"nofollow noopener noreferrer\">S\u00fc\u00dfe Worte \u2013 Geschmacksmetaphern ber\u00fchren Leser emotional st\u00e4rker als w\u00f6rtliche Wendungen<\/a>\u00a0(June 2014)<\/span><\/p>\n<p><span style=\"font-size: medium\">From the Free University of Berlin: <a href=\"http:\/\/www.fu-berlin.de\/en\/presse\/informationen\/fup\/2014\/fup_14_208-metaphern-geschmack-studie\/index.html\" target=\"_blank\" rel=\"nofollow noopener noreferrer\">Sweet Words \u2013 Taste Metaphors Elicit More Emotion in Readers than Literal Expressions<\/a>\u00a0(June 2014)<\/span><\/p>\n<p><span style=\"font-size: medium\">From Princeton University: <a href=\"http:\/\/www.princeton.edu\/main\/news\/archive\/S40\/32\/95S45\/\" target=\"_blank\" rel=\"nofollow noopener noreferrer\">&#8220;Neural sweet talk: Sweet metaphors emotionally engage the brain&#8221;<\/a>\u00a0(June 2014)<\/span><\/p>\n","protected":false},"excerpt":{"rendered":"<p>Interview for Faculti.net: Metaphorical language processing and amygdala activation in non-native and native speakers, April 2024 Princeton University Office of Communications: In new cognitive research people&#8217;s eyes reveal that clich\u00e9s are underrated, October 2021 Recorded talk:\u00a0Emotion, language, and aesthetic perception: &hellip; <a href=\"https:\/\/wp.lancs.ac.uk\/emocomlab\/press-release\/\">Continue reading <span class=\"meta-nav\">&rarr;<\/span><\/a><\/p>\n","protected":false},"author":353,"featured_media":0,"parent":0,"menu_order":3,"comment_status":"closed","ping_status":"closed","template":"","meta":{"footnotes":""},"class_list":["post-143","page","type-page","status-publish","hentry"],"_links":{"self":[{"href":"https:\/\/wp.lancs.ac.uk\/emocomlab\/wp-json\/wp\/v2\/pages\/143","targetHints":{"allow":["GET"]}}],"collection":[{"href":"https:\/\/wp.lancs.ac.uk\/emocomlab\/wp-json\/wp\/v2\/pages"}],"about":[{"href":"https:\/\/wp.lancs.ac.uk\/emocomlab\/wp-json\/wp\/v2\/types\/page"}],"author":[{"embeddable":true,"href":"https:\/\/wp.lancs.ac.uk\/emocomlab\/wp-json\/wp\/v2\/users\/353"}],"replies":[{"embeddable":true,"href":"https:\/\/wp.lancs.ac.uk\/emocomlab\/wp-json\/wp\/v2\/comments?post=143"}],"version-history":[{"count":12,"href":"https:\/\/wp.lancs.ac.uk\/emocomlab\/wp-json\/wp\/v2\/pages\/143\/revisions"}],"predecessor-version":[{"id":449,"href":"https:\/\/wp.lancs.ac.uk\/emocomlab\/wp-json\/wp\/v2\/pages\/143\/revisions\/449"}],"wp:attachment":[{"href":"https:\/\/wp.lancs.ac.uk\/emocomlab\/wp-json\/wp\/v2\/media?parent=143"}],"curies":[{"name":"wp","href":"https:\/\/api.w.org\/{rel}","templated":true}]}}