{"id":2,"date":"2017-01-21T12:46:14","date_gmt":"2017-01-21T12:46:14","guid":{"rendered":"http:\/\/wp.lancs.ac.uk\/cfie\/?page_id=2"},"modified":"2018-10-16T14:52:11","modified_gmt":"2018-10-16T14:52:11","slug":"fnp2018","status":"publish","type":"page","link":"https:\/\/wp.lancs.ac.uk\/cfie\/fnp2018\/","title":{"rendered":"FNP 2018"},"content":{"rendered":"<h1><span style=\"font-size: 12pt\">The First Financial Narrative Processing Workshop (FNP 2018), 7 May 2018<\/span><\/h1>\n<p>Held at the\u00a011th Edition of the Language Resources and Evaluation Conference (<a href=\"http:\/\/lrec2018.lrec-conf.org\/en\/\" target=\"_blank\" rel=\"noopener\">LREC 2018<\/a>), 7-12 May 2018, Miyazaki (Japan).<\/p>\n<h2>Workshop Proceedings:<\/h2>\n<p><span style=\"font-size: 12pt\"><a href=\"http:\/\/lrec-conf.org\/workshops\/lrec2018\/W27\/pdf\/book_of_proceedings.pdf\" target=\"_blank\" rel=\"noopener\">FNP 2018 Full Proceedings<\/a><\/span><\/p>\n<p>&nbsp;<\/p>\n<h2>The workshop was streamed on YouTube, see part 1 and 2 below:<\/h2>\n<p><iframe loading=\"lazy\" title=\"FNP 2018 \ud83d\udd34 Part 2\" width=\"825\" height=\"464\" src=\"https:\/\/www.youtube.com\/embed\/eoDPCOZY1W0?feature=oembed\" frameborder=\"0\" allow=\"accelerometer; autoplay; clipboard-write; encrypted-media; gyroscope; picture-in-picture; web-share\" referrerpolicy=\"strict-origin-when-cross-origin\" allowfullscreen><\/iframe><\/p>\n<p><iframe loading=\"lazy\" title=\"FNP 2018 \ud83d\udd34 Part 1\" width=\"825\" height=\"464\" src=\"https:\/\/www.youtube.com\/embed\/8Y1f5IhrxFg?feature=oembed\" frameborder=\"0\" allow=\"accelerometer; autoplay; clipboard-write; encrypted-media; gyroscope; picture-in-picture; web-share\" referrerpolicy=\"strict-origin-when-cross-origin\" allowfullscreen><\/iframe><\/p>\n<p>&nbsp;<\/p>\n<a href=\"mailto:m.el-haj@lancaster.ac.uk?subject=FNP%202018%20Query&#038;cc=p.rayson@lancaster.ac.uk;%20a.moore@lancaster.ac.uk\" class=\"su-button su-button-style-flat\" style=\"color:#150700;background-color:#ef8b2d;border-color:#c07024;border-radius:5px\" target=\"_self\" title=\"Contact Us\"><span style=\"color:#150700;padding:6px 16px;font-size:13px;line-height:20px;border-color:#f4ae6c;border-radius:5px;text-shadow:none\"><i class=\"sui sui-envelope-o\" style=\"font-size:13px;color:#000000\"><\/i> Contact Us<\/span><\/a>\n<a href=\"https:\/\/www.softconf.com\/lrec2018\/FNP2018\/\" class=\"su-button su-button-style-flat\" style=\"color:#150700;background-color:#ef8b2d;border-color:#c07024;border-radius:5px\" target=\"__blank\"><span style=\"color:#150700;padding:6px 16px;font-size:13px;line-height:20px;border-color:#f4ae6c;border-radius:5px;text-shadow:none\"><i class=\"sui sui-send-o\" style=\"font-size:13px;color:#000000\"><\/i> FNP2018 SoftConf<\/span><\/a>\n<hr \/>\n<h1><span style=\"color: #ff6600;font-size: 14pt\"><a id=\"importantDates\"><\/a>Important Dates:<\/span><\/h1>\n<p><del>Nov 2, 2017: First Call for Workshop Papers<\/del><\/p>\n<p><del>Dec 7, 2017: Second Call for Workshop Papers<\/del><\/p>\n<p><del>Jan 22, 2018 (Midnight PST): Workshop Paper Due Date (** extended **)<\/del><\/p>\n<p><del>Feb 14, 2018: Notification of Acceptance<\/del><\/p>\n<p><del>Mar 2, 2018 (Midnight GMT -12): Camera Ready Papers<\/del><\/p>\n<p><del>Mar 15, 2018 Workshop Schedule<\/del><\/p>\n<p><del>Monday May 7, 2018: Workshop Date (afternoon half-day session 2-6pm).<\/del><\/p>\n<h1><\/h1>\n<hr \/>\n<h1 style=\"text-align: justify\"><span style=\"font-size: 14pt\"><span style=\"color: #ff6600\"><a id=\"WorkshopDescription\"><\/a>Workshop Description:<\/span><\/span><\/h1>\n<p style=\"text-align: justify\">The workshop will focus on the use of Natural Language Processing (NLP), Machine Learning (ML), and Corpus Linguistics (CL) methods related to all aspects of financial text mining and financial narrative processing (FNP). There is a growing interest in the application of automatic and computer-aided approaches for extracting, summarising, and analysing both qualitative and quantitative financial data. In recent years, previous manual small-scale research in the Accounting and Finance literature has been scaled up with the aid of NLP and ML methods, for example to examine approaches to retrieving structured content from financial reports, and to study the causes and consequences of corporate disclosure and financial reporting outcomes. One focal point of the proposed workshop is to develop a better understanding of the determinants of financial disclosure quality and the factors that influence the quality of information disclosed to investors beyond the quantitative da ta reported in the financial statements. The workshop will also encourage efforts to build resources and tools to help advance the work on financial narrative processing (including content retrieval and classification) due to the dearth of publicly available datasets and the high cost and limited access of content providers. The workshop aims to advance research on the lexical properties and narrative aspects of corporate disclosures, including glossy (PDF) annual reports, US 10-K and 10-Q financial documents, corporate press releases (including earning announcements), conference calls, media articles, social media, etc.<\/p>\n<hr \/>\n<h1 style=\"text-align: justify\"><span style=\"color: #ff6600;font-size: 14pt\"><a id=\"motivation\"><\/a>Motivation and topics of interest:<\/span><\/h1>\n<p style=\"text-align: justify\">Financial narrative disclosures represent a large part of firms&#8217; overall financial communications with investors. Textual commentaries help to clarify issues obscured by complex accounting methods and footnote disclosures. In addition, narratives summarise corporate strategy, contextualize results, explain governance arrangements, describe corporate social responsibility policy, and provide forward-looking information for investors. They also provide management with an opportunity to obfuscate accounting results and manipulate readers\u2019 perceptions of underlying economic performance.<\/p>\n<hr \/>\n<h1><span style=\"color: #ff6600;font-size: 14pt\"><a id=\"organisingCommittee\"><\/a>Organising Committee:<\/span><\/h1>\n<p><strong>General Chairs:\u00a0<\/strong>\u00a0<a href=\"http:\/\/www.lancaster.ac.uk\/staff\/elhaj\" target=\"_blank\" rel=\"noopener\">Dr Mahmoud El-Haj<\/a>, and <a href=\"http:\/\/www.lancaster.ac.uk\/staff\/rayson\/\" target=\"_blank\" rel=\"noopener\">Dr Paul Rayson<\/a> (SCC, Lancaster University, UK)<\/p>\n<p><strong>Program Chair:\u00a0<\/strong><a href=\"http:\/\/www.lancaster.ac.uk\/lums\/people\/steven-young\" target=\"_blank\" rel=\"noopener\">Prof Steven Young<\/a> (LUMS, Lancaster University, UK)<\/p>\n<p><strong>Publication Chair:\u00a0<\/strong><a href=\"http:\/\/www.research.lancs.ac.uk\/portal\/en\/people\/andrew-moore(db19f815-4ab9-431f-814c-746f2fce5cc1).html\" target=\"_blank\" rel=\"noopener\">Andrew Moore<\/a> (SCC, Lancaster University, UK)<\/p>\n<p><strong>Publicity Chairs:\u00a0<\/strong><a href=\"http:\/\/www.stefan-evert.de\/\" target=\"_blank\" rel=\"noopener\">Prof Stefan Evert<\/a> (CS, Friedrich-Alexander-Universit\u00e4t Erlangen-N\u00fcrnberg, Germany), and <a href=\"http:\/\/www.lancaster.ac.uk\/lums\/people\/catherine-salzedo\" target=\"_blank\" rel=\"noopener\">Dr Catherine Salzedo<\/a> (LUMS, Lancaster University, UK)<\/p>\n<div class=\"su-button-center\"><a href=\"mailto:m.el-haj@lancaster.ac.uk?subject=FNP%202018%20Query&#038;cc=p.rayson@lancaster.ac.uk;%20a.moore@lancaster.ac.uk\" class=\"su-button su-button-style-flat\" style=\"color:#150700;background-color:#ef8b2d;border-color:#c07024;border-radius:5px\" target=\"_self\" title=\"Contact Us\"><span style=\"color:#150700;padding:6px 16px;font-size:13px;line-height:20px;border-color:#f4ae6c;border-radius:5px;text-shadow:none\"><i class=\"sui sui-envelope-o\" style=\"font-size:13px;color:#000000\"><\/i> Contact Us<\/span><\/a><\/div>\n<hr \/>\n<h1><span style=\"color: #ff6600;font-size: 14pt\"><a id=\"callForPapers\"><\/a>Call For Papers<\/span><\/h1>\n<p style=\"text-align: justify\">We invite submissions on topics that include, but are not limited to, the following:<\/p>\n<ul style=\"text-align: justify\">\n<li>Applying core technologies on financial narratives: morphological analysis, disambiguation, tokenization, POS tagging, named entity detection, chunking, parsing, semantic role labelling, sentiment analysis, document quality and advanced readability metrics etc.<\/li>\n<li>Financial narratives resources: dictionaries, annotated data, tools and technologies etc.<\/li>\n<li>Given the international nature of LREC, we particularly welcome FNP papers reporting non-English and multilingual research, describing the different regulatory regimes within which companies operate internationally.<\/li>\n<\/ul>\n<p style=\"text-align: justify\">Submissions may include work in progress as well as finished work. Submissions must have a clear focus on specific issues pertaining to the financial narrative processing whether it is English or multilingual. Descriptions of commercial systems are welcome but authors should be willing to discuss the details of their work. Dual submissions should be disclosed at time of submission.<\/p>\n<hr \/>\n<h1><span style=\"color: #ff6600;font-size: 14pt\">Identify, Describe and Share Your LRs:<\/span><\/h1>\n<p style=\"text-align: justify\">When submitting a paper from the START page, authors will be asked to provide essential information about resources (in a broad sense, i.e. also technologies, standards, evaluation kits, etc.) that have been used for the work described in the paper or are a new result of your research.<\/p>\n<p style=\"text-align: justify\">Moreover, ELRA encourages all LREC authors to share the described LRs (data, tools, services, etc.) to enable their reuse and replicability of experiments (including evaluation ones)<\/p>\n<p style=\"text-align: justify\">Describing your LRs in the LRE Map is now a normal practice in the submission procedure of LREC (introduced in 2010 and adopted by other conferences). To continue the efforts initiated at LREC 2014 about \u201cSharing LRs\u201d (data, tools, web-services, etc.), authors will have the possibility,\u00a0 when submitting a paper, to upload LRs in a special LREC repository.\u00a0 This effort of sharing LRs, linked to the LRE Map for their description, may become a new \u201cregular\u201d feature for conferences in our field, thus contributing to creating a common repository where everyone can deposit and share data.<\/p>\n<p>As scientific work requires accurate citations of referenced work so as to allow the community to understand the whole context and also replicate the experiments conducted by other researchers, LREC 2018 endorses the need to uniquely Identify LRs through the use of the International Standard Language Resource Number (ISLRN, <a href=\"http:\/\/www.islrn.org\">www.islrn.org<\/a>), a Persistent Unique Identifier to be assigned to each Language Resource. The assignment of ISLRNs to LRs cited in LREC papers\u00a0 will be offered at submission time.<\/p>\n<hr \/>\n<h1><span style=\"color: #ff6600;font-size: 14pt\"><b><a id=\"paperInstructions\"><\/a>Paper Submission Instructions:<\/b><\/span><\/h1>\n<p><b>Paper Length:<\/b>\u00a0Submissions are expected to be\u00a0<strong class=\"spip\">between a minimum of 4 and a maximum of 8 pages in length<\/strong>.<\/p>\n<p><b>Submission Format:<\/b>\u00a0Please check LREC author&#8217;s kit page for more details.\u00a0Papers that do not conform to these requirements will be rejected without review.\u00a0<a href=\"http:\/\/lrec2018.lrec-conf.org\/en\/submission\/authors-kit\/\">http:\/\/lrec2018.lrec-conf.org\/en\/submission\/authors-kit\/<\/a><\/p>\n<p><strong>Conflict of Interest Guidelines:<\/strong> We are following the ACL conflict of interest guidelines, please see the following link for more details:\u00a0<a href=\"https:\/\/aclweb.org\/adminwiki\/index.php?title=ACL_Conference_Conflict-of-interest_policy\">https:\/\/aclweb.org\/adminwiki\/index.php?title=ACL_Conference_Conflict-of-interest_policy<\/a><\/p>\n<p><b>Submission Website:\u00a0<\/b><a href=\"https:\/\/www.softconf.com\/lrec2018\/FNP2018\/\" target=\"_blank\" rel=\"noopener\">https:\/\/www.softconf.com\/lrec2018\/FNP2018\/<\/a><\/p>\n<hr \/>\n<h1><span style=\"color: #ff6600;font-size: 14pt\"><a id=\"schedule\"><\/a>Workshop Schedule (The workshop is a half-day event):<\/span><\/h1>\n<p>The workshop will be on the afternoon session of Monday, 7 May 2018.<\/p>\n<p>The workshop will be from 2pm to 6pm. Below is a provisional schedule:<\/p>\n<table style=\"width: 352.857px\">\n<tbody>\n<tr>\n<td style=\"width: 117px\">14:00-14:10<\/td>\n<td style=\"width: 215.857px\">Opening Remarks<\/td>\n<\/tr>\n<tr>\n<td style=\"width: 117px\">\u00a014:10-16:00<\/td>\n<td style=\"width: 215.857px\">Session 1<\/td>\n<\/tr>\n<tr>\n<td style=\"width: 117px\">16:00-16:30<\/td>\n<td style=\"width: 215.857px\">Coffee Break<\/td>\n<\/tr>\n<tr>\n<td style=\"width: 117px\">16:30-18:00<\/td>\n<td style=\"width: 215.857px\">Session 2<\/td>\n<\/tr>\n<tr>\n<td style=\"width: 117px\"><\/td>\n<td style=\"width: 215.857px\"><\/td>\n<\/tr>\n<\/tbody>\n<\/table>\n<p><strong>Session 1:<\/strong><\/p>\n<table>\n<tbody>\n<tr>\n<td>14.00 &#8211; 14.10<\/td>\n<td>Opening Remarks by Workshop Chair (Dr Mahmoud El-Haj)<\/td>\n<\/tr>\n<tr>\n<td>14.10 &#8211; 14.30<\/td>\n<td>The Ontology-Based Banking Chatbot<\/td>\n<\/tr>\n<tr>\n<td>14.30 &#8211; 14.50<\/td>\n<td>Analysis and Annotation of English-Chinese Financial Terms for Benchmarking and Language Processing<\/td>\n<\/tr>\n<tr>\n<td>14.50 &#8211; 15.10<\/td>\n<td>BORSAH: An Arabic Sentiment Financial Tweets Corpus<\/td>\n<\/tr>\n<tr>\n<td>15.10 &#8211; 15.30<\/td>\n<td>Diachronic Lexical Changes in Company Reports<\/td>\n<\/tr>\n<tr>\n<td>15.30 &#8211; 15.50<\/td>\n<td>Mapping Corporate Filings to Knowledge Graphs using Deep NLP<\/td>\n<\/tr>\n<tr>\n<td>16.00 &#8211; 16.30<\/td>\n<td>Coffee Break<\/td>\n<\/tr>\n<\/tbody>\n<\/table>\n<p><strong>Session 2:<\/strong><\/p>\n<table>\n<tbody>\n<tr>\n<td>16.30 &#8211; 16.50<\/td>\n<td>NSTUSD-Fin: A Market Sentiment Dictionary for Financial Social Media Data Applications<\/td>\n<\/tr>\n<tr>\n<td>16.50 &#8211; 17.10<\/td>\n<td>QSRL: A Semantic Role-Labelling Schema for Quantitative Facts<\/td>\n<\/tr>\n<tr>\n<td>17.10 &#8211; 17.30<\/td>\n<td>Multilingual Financial Narrative Processing<\/td>\n<\/tr>\n<tr>\n<td>17.30 &#8211; 17.50<\/td>\n<td>Trust and Doubt Terms in Financial Communication<\/td>\n<\/tr>\n<tr>\n<td>17.50 &#8211; 18.00<\/td>\n<td>Closing Remarks by Workshop Chair (Dr Paul Rayson)<\/td>\n<\/tr>\n<\/tbody>\n<\/table>\n<p>&nbsp;<\/p>\n<p>The workshop will be at the Phoenix Seagaia Resort.<\/p>\n<div class=\"su-gmap su-u-responsive-media-yes\"><iframe loading=\"lazy\" width=\"340\" height=\"340\" src=\"\/\/maps.google.com\/maps?q=Phoenix%20Seagaia%20Resort&amp;output=embed\" title=\"\"><\/iframe><\/div>\n<hr \/>\n<h1><span style=\"color: #ff6600;font-size: 14pt\"><a id=\"programmeCommittee\"><\/a>Programme Committee:<\/span><\/h1>\n<ul>\n<li>Andrew Moore\u00a0 (SCC, Lancaster University)<\/li>\n<li>Antonio Moreno Sandoval (UAM)<\/li>\n<li>Catherine Salzedo\u00a0(LUMS, Lancaster University)<\/li>\n<li>Denys Proux (Naver Labs)<\/li>\n<li>George Giannakopoulos (SKEL Lab &#8211; NCSR Demokritos)<\/li>\n<li>Mahmoud El-Haj (SCC, Lancaster University)<\/li>\n<li>Marina Litvak (Sami Shamoon College of Engineering)<\/li>\n<li>Martin Walker (University of Manchester)<\/li>\n<li>Paul Rayson\u00a0 (SCC, Lancaster University)<\/li>\n<li>Scott Piao (SCC, Lancaster University)<\/li>\n<li>Simonetta Montemagni (Istituto di Linguistica Computazionale &#8211; ILC)<\/li>\n<li>Stefan Evert (CS, Friedrich-Alexander-Universit\u00e4t Erlangen-N\u00fcrnberg)<\/li>\n<li>Steven Young (LUMS, Lancaster University)<\/li>\n<li>Vasiliki Athanasakou (LSE)<\/li>\n<\/ul>\n<h1><\/h1>\n<h1><span style=\"color: #ff6600;font-size: 14pt\"><a id=\"AcceptedPapers\"><\/a>List of Accepted Papers:<\/span><\/h1>\n<table width=\"1366\">\n<tbody>\n<tr>\n<td width=\"734\"><strong>Title<\/strong><\/td>\n<td width=\"632\"><strong>Authors<\/strong><\/td>\n<\/tr>\n<tr>\n<td><span style=\"color: #993300\">NTUSD-Fin : A Market Sentiment Dictionary for Financial Social Media Data Applications<\/span><\/td>\n<td><em>Chung-Chi Chen, Hen-Hsen Huang and Hsin-Hsi Chen<\/em><\/td>\n<\/tr>\n<tr>\n<td><span style=\"color: #993300\">Towards a Multilingual Financial Narrative Processing System<\/span><\/td>\n<td><em>Mahmoud El-Haj, Paul Rayson, Paulo Alves and Steven Young<\/em><\/td>\n<\/tr>\n<tr>\n<td><span style=\"color: #993300\">An Ontology-Based Dialogue Management System for Banking and Finance Dialogue Systems<\/span><\/td>\n<td><em>Duygu Altinok<\/em><\/td>\n<\/tr>\n<tr>\n<td><span style=\"color: #993300\">Analysis and Annotation of English-Chinese Financial Terms for Benchmarking and Language Processing<\/span><\/td>\n<td><em>Oi Yee Kwong<\/em><\/td>\n<\/tr>\n<tr>\n<td><span style=\"color: #993300\">Trust and Doubt Terms in Financial Tweets and Periodic Reports<\/span><\/td>\n<td><em>Martin \u017dnidar\u0161i\u010d, Jasmina Smailovi\u0107,\u00a0 Jan Gor\u0161e, Miha Gr\u010dar, Igor Mozeti\u010d and Senja Pollak<\/em><\/td>\n<\/tr>\n<tr>\n<td><span style=\"color: #993300\">Mapping Deep NLP to Knowledge Graphs: An Enhanced Approach to Analyzing Corporate Filings with Regulators<\/span><\/td>\n<td><em>Damir Cavar and Matthew Josefy<\/em><\/td>\n<\/tr>\n<tr>\n<td><span style=\"color: #993300\">Diachronic Lexical Changes In Company Reports: An Initial Investigation<\/span><\/td>\n<td><em>Matthew Purver, Aljo\u0161a Valentin\u010di\u010d, Marko Pahor and Senja Pollak<\/em><\/td>\n<\/tr>\n<tr>\n<td><span style=\"color: #993300\">QSRL: A semantic role-labeling schema for quantitative facts<\/span><\/td>\n<td><em>Matthew Lamm, Arun Chaganty, Dan Jurafsky, Christopher D. Manning and Percy Liang<\/em><\/td>\n<\/tr>\n<tr>\n<td><span style=\"color: #993300\">BORSAH: An Arabic Sentiment Financial Tweets Corpus<\/span><\/td>\n<td><em>Mohammed Alshahrani, Fuxi Zhu, Mohammed Alghaili, Eshrag Refaee And Mervat Bamiah<\/em><\/td>\n<\/tr>\n<\/tbody>\n<\/table>\n\n<div class=\"twitter-share\"><a href=\"https:\/\/twitter.com\/intent\/tweet?via=FinancialNLP\" class=\"twitter-share-button\" data-size=\"large\">Tweet<\/a><\/div>\n","protected":false},"excerpt":{"rendered":"<p>The First Financial Narrative Processing Workshop (FNP 2018), 7 May 2018 Held at the\u00a011th Edition of the Language Resources and Evaluation Conference (LREC 2018), 7-12 May 2018, Miyazaki (Japan). Workshop&hellip; <a href=\"https:\/\/wp.lancs.ac.uk\/cfie\/fnp2018\/\" class=\"more-link\">Continue reading <span class=\"screen-reader-text\">FNP 2018<\/span><\/a><\/p>\n","protected":false},"author":43,"featured_media":0,"parent":0,"menu_order":0,"comment_status":"closed","ping_status":"closed","template":"","meta":{"_monsterinsights_skip_tracking":false,"_monsterinsights_sitenote_active":false,"_monsterinsights_sitenote_note":"","_monsterinsights_sitenote_category":0,"footnotes":""},"class_list":["post-2","page","type-page","status-publish","hentry","without-featured-image"],"_links":{"self":[{"href":"https:\/\/wp.lancs.ac.uk\/cfie\/wp-json\/wp\/v2\/pages\/2","targetHints":{"allow":["GET"]}}],"collection":[{"href":"https:\/\/wp.lancs.ac.uk\/cfie\/wp-json\/wp\/v2\/pages"}],"about":[{"href":"https:\/\/wp.lancs.ac.uk\/cfie\/wp-json\/wp\/v2\/types\/page"}],"author":[{"embeddable":true,"href":"https:\/\/wp.lancs.ac.uk\/cfie\/wp-json\/wp\/v2\/users\/43"}],"replies":[{"embeddable":true,"href":"https:\/\/wp.lancs.ac.uk\/cfie\/wp-json\/wp\/v2\/comments?post=2"}],"version-history":[{"count":5,"href":"https:\/\/wp.lancs.ac.uk\/cfie\/wp-json\/wp\/v2\/pages\/2\/revisions"}],"predecessor-version":[{"id":403,"href":"https:\/\/wp.lancs.ac.uk\/cfie\/wp-json\/wp\/v2\/pages\/2\/revisions\/403"}],"wp:attachment":[{"href":"https:\/\/wp.lancs.ac.uk\/cfie\/wp-json\/wp\/v2\/media?parent=2"}],"curies":[{"name":"wp","href":"https:\/\/api.w.org\/{rel}","templated":true}]}}