{"id":51,"date":"2024-03-12T19:14:44","date_gmt":"2024-03-12T19:14:44","guid":{"rendered":"https:\/\/wp.lancs.ac.uk\/celtic\/?page_id=51"},"modified":"2024-03-25T17:10:28","modified_gmt":"2024-03-25T17:10:28","slug":"programme","status":"publish","type":"page","link":"https:\/\/wp.lancs.ac.uk\/celtic\/programme\/","title":{"rendered":"Programme"},"content":{"rendered":"<p><span style=\"font-size: 10pt;font-family: helvetica\">The CLIDA 2024 workshop will run on 9 April 2024 at the Lancaster University&#8217;s Management School (LUMS), LT16 (<a href=\"https:\/\/wp.lancs.ac.uk\/celtic\/venue\/\" target=\"_blank\" rel=\"noopener\">for venue click here<\/a>)<\/span><\/p>\n<p>A printable version of the Programme can be found here (<a href=\"https:\/\/docs.google.com\/document\/d\/1u69sqW7jPW94Fhb3fYQnsyua64BlOQx4nRB-QHquBdQ\/edit?usp=sharing\" target=\"_blank\" rel=\"noopener\">click to download<\/a>)<\/p>\n<table style=\"width: 74.4751%;height: 456px\" border=\"1\">\n<tbody>\n<tr style=\"height: 24px\">\n<td style=\"width: 11.4355%;height: 24px\"><strong>9:00 am &#8211; 9:30<\/strong><\/td>\n<td style=\"width: 26.8242%;height: 24px\">Arrival and Coffee<\/td>\n<td style=\"width: 61.0708%;height: 24px\">\u00a0Management School, Lancaster University<\/td>\n<\/tr>\n<tr style=\"height: 24px\">\n<td style=\"width: 11.4355%;height: 24px\">9:30 am &#8211; 9:40<\/td>\n<td style=\"width: 26.8242%;height: 24px\"><a href=\"https:\/\/www.lancaster.ac.uk\/staff\/elhaj\/index.html\">Dr Mo El-Haj<\/a> and <a href=\"https:\/\/www.lancaster.ac.uk\/staff\/ezzini\/\">Dr Saad Ezzini<\/a><\/td>\n<td style=\"width: 61.0708%;height: 24px\">Welcome and Opening Remarks<\/td>\n<\/tr>\n<tr style=\"height: 24px\">\n<td style=\"width: 11.4355%;height: 24px\">9:40 am &#8211; 10:05<\/td>\n<td style=\"width: 26.8242%;height: 24px\"><a href=\"https:\/\/pure.qub.ac.uk\/en\/persons\/merryn-davies-deacon-2\">Dr Merryn Davies-Deacon, Queen\u2019s University Belfast<\/a><\/td>\n<td style=\"width: 61.0708%;height: 24px\">Variation and communities among speakers of Breton and Cornish<\/td>\n<\/tr>\n<tr style=\"height: 24px\">\n<td style=\"width: 11.4355%;height: 24px\">10:05 am &#8211; 10:30<\/td>\n<td style=\"width: 26.8242%;height: 24px\"><a href=\"https:\/\/staffdirectory.southwales.ac.uk\/users\/daniel.cunliffe.html\">Dr Daniel Cunliffe, University of South Wales<\/a><\/td>\n<td style=\"width: 61.0708%;height: 24px\">Exploring the presence of Cymraeg on TikTok<\/td>\n<\/tr>\n<tr style=\"height: 48px\">\n<td style=\"width: 11.4355%;height: 48px\">10:30 am &#8211; 10:55<\/td>\n<td style=\"width: 26.8242%;height: 48px\"><a href=\"https:\/\/profiles.cardiff.ac.uk\/staff\/knightd5\">Professor Dawn Knight, Cardiff Universit<\/a><\/td>\n<td style=\"width: 61.0708%;height: 48px\">Enhancing language technology resources in minoritised language contexts: past, present and future research projects and opportunities<\/td>\n<\/tr>\n<tr style=\"height: 24px\">\n<td style=\"width: 11.4355%;height: 24px\">10:55 am &#8211; 11:20<\/td>\n<td style=\"width: 26.8242%;height: 24px\"><a href=\"https:\/\/www.bangor.ac.uk\/canolfanbedwyr\/staff\/gruff-prys\/en\">Mr Gruffudd Prys, Bangor University<\/a><\/td>\n<td style=\"width: 61.0708%;height: 24px\">Recent Language Technology developments for Welsh at Bangor University<\/td>\n<\/tr>\n<tr style=\"height: 24px\">\n<td style=\"width: 11.4355%;height: 24px\">11:20 am &#8211; 11:35<\/td>\n<td style=\"width: 26.8242%;height: 24px\">Coffee Break<\/td>\n<td style=\"width: 61.0708%;height: 24px\">(15 minutes)<\/td>\n<\/tr>\n<tr style=\"height: 24px\">\n<td style=\"width: 11.4355%;height: 24px\">11:35 am &#8211; 12:00<\/td>\n<td style=\"width: 26.8242%;height: 24px\"><a href=\"https:\/\/www.dcu.ie\/fiontarscoilnagaeilge\/people\/dr-micheal-j-o-meachair\">Dr M\u00edche\u00e1l J. \u00d3 Meachair, Dublin City University<\/a><\/td>\n<td style=\"width: 61.0708%;height: 24px\">NLP and corpus-linguistic tasks: Current work and challenges for the Irish language<\/td>\n<\/tr>\n<tr style=\"height: 24px\">\n<td style=\"width: 11.4355%;height: 24px\">12:00 pm &#8211; 12:25<\/td>\n<td style=\"width: 26.8242%;height: 24px\"><a href=\"https:\/\/davehowcroft.com\/\">Dr David Howcroft, Edinburgh Napier University<\/a><\/td>\n<td style=\"width: 61.0708%;height: 24px\">Scottish Gaelic in Natural Language Processing<\/td>\n<\/tr>\n<tr style=\"height: 24px\">\n<td style=\"width: 11.4355%;height: 24px\">12:25 pm &#8211; 12:50<\/td>\n<td style=\"width: 26.8242%;height: 24px\"><a href=\"https:\/\/www.strath.ac.uk\/staff\/birnieingeborgmrs\/\">Dr Inge Birnie, University of Strathclyde (Glasgow)<\/a><\/td>\n<td style=\"width: 61.0708%;height: 24px\">Gaelic language use and identity in the digital era<\/td>\n<\/tr>\n<tr style=\"height: 24px\">\n<td style=\"width: 11.4355%;height: 24px\">12:50 pm &#8211; 2:00<\/td>\n<td style=\"width: 26.8242%;height: 24px\">Lunch Break<\/td>\n<td style=\"width: 61.0708%;height: 24px\">(1h 10m)<\/td>\n<\/tr>\n<tr style=\"height: 24px\">\n<td style=\"width: 11.4355%;height: 24px\">2:00 pm &#8211; 2:20<\/td>\n<td style=\"width: 26.8242%;height: 24px\"><a href=\"https:\/\/www.lancaster.ac.uk\/scc\/about-us\/people\/nouran-khallaf\">Dr Nouran Khallaf<\/a> and\u00a0<a href=\"https:\/\/www.lancaster.ac.uk\/scc\/about-us\/people\/ignatius-ezeani\">Dr Ignatius Ezeani<\/a><\/td>\n<td style=\"width: 61.0708%;height: 24px\">Advancing Welsh Natural Language Processing: Bridging Gaps in Resources and Tools for Low-Resource Languages<\/td>\n<\/tr>\n<tr style=\"height: 24px\">\n<td style=\"width: 11.4355%;height: 24px\">2:20 pm &#8211; 2:45<\/td>\n<td style=\"width: 26.8242%;height: 24px\"><a href=\"https:\/\/scholar.google.com\/citations?user=H8prvCkAAAAJ&amp;hl=en\">Dr Cedric Lothritz, University of Luxembourg<\/a><\/td>\n<td style=\"width: 61.0708%;height: 24px\">Exploring Data Augmentation and Transfer Learning Techniques to Create Language Models for Luxembourgish<\/td>\n<\/tr>\n<tr style=\"height: 24px\">\n<td style=\"width: 11.4355%;height: 24px\">2:45 pm &#8211; 3:10<\/td>\n<td style=\"width: 26.8242%;height: 24px\"><a href=\"https:\/\/kevinscannell.com\/\">Professor Kevin Scannell<\/a><\/td>\n<td style=\"width: 61.0708%;height: 24px\">Explainable AI for Irish grammatical error correction<\/td>\n<\/tr>\n<tr style=\"height: 24px\">\n<td style=\"width: 11.4355%;height: 24px\">3:10 pm &#8211; 3:25<\/td>\n<td style=\"width: 26.8242%;height: 24px\"><a href=\"https:\/\/www.adaptcentre.ie\/experts\/abigail-walsh\/\">Dr Abigail Walsh<\/a><\/td>\n<td style=\"width: 61.0708%;height: 24px\">eST\u00d3R and More: Developing Datasets for Irish NLP<\/td>\n<\/tr>\n<tr style=\"height: 24px\">\n<td style=\"width: 11.4355%;height: 24px\">3:25 pm &#8211; 3:40<\/td>\n<td style=\"width: 26.8242%;height: 24px\"><a href=\"https:\/\/www.lancaster.ac.uk\/scc\/about-us\/people\/paul-rayson\">Professor Paul Rayson<\/a><\/td>\n<td style=\"width: 61.0708%;height: 24px\">Affordances of the CLARIN research infrastructure for corpus research on Celtic languages<\/td>\n<\/tr>\n<tr style=\"height: 24px\">\n<td style=\"width: 11.4355%;height: 24px\">3:40 pm &#8211; 3:55<\/td>\n<td style=\"width: 26.8242%;height: 24px\">Coffee Break<\/td>\n<td style=\"width: 61.0708%;height: 24px\">(15 minutes)<\/td>\n<\/tr>\n<tr style=\"height: 24px\">\n<td style=\"width: 11.4355%;height: 24px\">3:55 pm &#8211; 5:15<\/td>\n<td style=\"width: 26.8242%;height: 24px\">Panel Discussion<\/td>\n<td style=\"width: 61.0708%;height: 24px\"><\/td>\n<\/tr>\n<\/tbody>\n<\/table>\n","protected":false},"excerpt":{"rendered":"<p>The CLIDA 2024 workshop will run on 9 April 2024 at the Lancaster University&#8217;s Management School (LUMS), LT16 (for venue click here) A printable version of the Programme can be found here (click to download) 9:00 am &#8211; 9:30 Arrival and Coffee \u00a0Management School, Lancaster University 9:30 am &#8211; 9:40 Dr Mo El-Haj and Dr&hellip; <a href=\"https:\/\/wp.lancs.ac.uk\/celtic\/programme\/\" class=\"more-link\">Continue reading <span class=\"screen-reader-text\">Programme<\/span><\/a><\/p>\n","protected":false},"author":660,"featured_media":0,"parent":0,"menu_order":0,"comment_status":"closed","ping_status":"closed","template":"","meta":{"footnotes":""},"tags":[],"class_list":["post-51","page","type-page","status-publish","hentry","without-featured-image"],"_links":{"self":[{"href":"https:\/\/wp.lancs.ac.uk\/celtic\/wp-json\/wp\/v2\/pages\/51","targetHints":{"allow":["GET"]}}],"collection":[{"href":"https:\/\/wp.lancs.ac.uk\/celtic\/wp-json\/wp\/v2\/pages"}],"about":[{"href":"https:\/\/wp.lancs.ac.uk\/celtic\/wp-json\/wp\/v2\/types\/page"}],"author":[{"embeddable":true,"href":"https:\/\/wp.lancs.ac.uk\/celtic\/wp-json\/wp\/v2\/users\/660"}],"replies":[{"embeddable":true,"href":"https:\/\/wp.lancs.ac.uk\/celtic\/wp-json\/wp\/v2\/comments?post=51"}],"version-history":[{"count":10,"href":"https:\/\/wp.lancs.ac.uk\/celtic\/wp-json\/wp\/v2\/pages\/51\/revisions"}],"predecessor-version":[{"id":86,"href":"https:\/\/wp.lancs.ac.uk\/celtic\/wp-json\/wp\/v2\/pages\/51\/revisions\/86"}],"wp:attachment":[{"href":"https:\/\/wp.lancs.ac.uk\/celtic\/wp-json\/wp\/v2\/media?parent=51"}],"wp:term":[{"taxonomy":"post_tag","embeddable":true,"href":"https:\/\/wp.lancs.ac.uk\/celtic\/wp-json\/wp\/v2\/tags?post=51"}],"curies":[{"name":"wp","href":"https:\/\/api.w.org\/{rel}","templated":true}]}}