{"id":947,"date":"2017-09-12T17:54:08","date_gmt":"2017-09-12T17:54:08","guid":{"rendered":"http:\/\/universalhistories.org\/?page_id=947"},"modified":"2018-06-13T11:26:20","modified_gmt":"2018-06-13T11:26:20","slug":"appel-a-contribution-quelle-universalite-pour-les-musees-universels","status":"publish","type":"page","link":"http:\/\/wp.lancs.ac.uk\/universalhistories\/evenements\/appel-a-contribution-quelle-universalite-pour-les-musees-universels\/","title":{"rendered":"Annonce de manifestation: Colloque international: \u00abQuelle universalit\u00e9 pour les mus\u00e9es universels?\u00bb"},"content":{"rendered":"<p><strong><em>15-16 juin 2018, 10h &#8211; 18h, Mus\u00e9e des Arts et M\u00e9tiers (Conference room), Paris.<\/em><\/strong><\/p>\n<p>Cette conf\u00e9rence explorera les d\u00e9finitions contemporaines des histoires \u00abuniverselles\u00bb et des mus\u00e9es \u00abuniversels\u00bb, avec des comparaisons entre eux. Cette rencontre participe de la recherche men\u00e9e dans le cadre du projet \u00abHistoires universelles et mus\u00e9es universels\u00bb, soutenu par l\u2019AHRC &#8216;<a href=\"https:\/\/ahrc.ukri.org\/funding\/apply-for-funding\/archived-opportunities\/careforthefuturelabex\/\">Care for the Future<\/a>&#8216; et le LABEX &#8216;<a href=\"http:\/\/passes-present.eu\/en\">Les pass\u00e9s dans le pr\u00e9sent<\/a>&#8216;. Ce projet a d\u00e9velopp\u00e9 une critique comparative des approches de l&#8217;histoire universelle dans les mus\u00e9es et du r\u00f4le des mus\u00e9es dans la construction des connaissances sur l&#8217;avenir. La conf\u00e9rence s&#8217;appuiera \u00e9galement sur des recherches historiques pr\u00e9liminaires sur les collections, les taxonomies des mus\u00e9es, la r\u00e9ception publique et les id\u00e9es des universalit\u00e9s pr\u00e9sent\u00e9es dans les ateliers pr\u00e9c\u00e9dents du projet:<\/p>\n<ul style=\"list-style-type: square\">\n<li>\u00abL&#8217;\u00e9volution des mus\u00e9es\u00bb: au Science Museum, Londres, 13-14 juillet 2017<\/li>\n<li>\u00abMuse\u0301ographie compare\u0301e: l\u2019exemple des arts asiatiques\u00bb: au Mus\u00e9e de l&#8217;Homme, 28 septembre 2017<\/li>\n<li>\u00abLes universalit\u00e9s mus\u00e9ales dans les grandes m\u00e9tropoles occidentales du XVIIIe au XXe si\u00e8cle\u00bb: \u00e0 l&#8217;Universit\u00e9 Paris Nanterre, 17 novembre 2017<\/li>\n<\/ul>\n<p>Des recherches transdisciplinaires et transnationales sur les mus\u00e9es, leurs r\u00f4les publics et leur relation avec les sujets sp\u00e9cialis\u00e9s soutiendront une discussion sur la d\u00e9finition et la constitution des universalit\u00e9s dans les mus\u00e9es. La conf\u00e9rence cherchera \u00e0 exposer les notions du mus\u00e9e \u00abglobal\u00bb, \u00abuniversel\u00bb et \u00abencyclop\u00e9dique\u00bb et les implications de l&#8217;utilisation de ces d\u00e9finitions en relation aussi avec les id\u00e9es actuelles sur les universalit\u00e9s dans la recherche historique.#<\/p>\n<p><strong>Coordonn\u00e9es:<\/strong><\/p>\n<blockquote><p><em><strong>Mus\u00e9e des Arts et M\u00e9tiers<\/strong><br \/>\n<\/em><em>60 rue R\u00e9amur<br \/>\n75003 Paris<\/em><\/p>\n<p><em><strong>M\u00e9tro:<br \/>\n<\/strong><\/em>Lignes 3 et 11: Station Arts-et-M\u00e9tiers<br \/>\nLigne 4: Station R\u00e9aumur-S\u00e9bastopol<\/p><\/blockquote>\n<p>Entr\u00e9e libre et gratuite dans la limite des places disponsibles.<\/p>\n<p><strong>Herv\u00e9 Inglebert:<\/strong> <a href=\"mailto:herve.inglebert@parisnanterre.fr\">herve.inglebert@parisnanterre.fr<\/a><br \/>\n<strong>Sandra Kemp:<\/strong> <a href=\"mailto:sandra.kemp@lancaster.ac.uk\">sandra.kemp@lancaster.ac.uk<\/a><\/p>\n","protected":false},"excerpt":{"rendered":"<p>15-16 juin 2018, 10h &#8211; 18h, Mus\u00e9e des Arts et M\u00e9tiers (Conference room), Paris. Cette conf\u00e9rence explorera les d\u00e9finitions contemporaines des histoires \u00abuniverselles\u00bb et des mus\u00e9es \u00abuniversels\u00bb, avec des comparaisons entre eux. Cette rencontre participe de la recherche men\u00e9e dans le cadre du projet \u00abHistoires universelles et mus\u00e9es universels\u00bb, soutenu par l\u2019AHRC &#8216;Care for the &hellip; <a href=\"http:\/\/wp.lancs.ac.uk\/universalhistories\/evenements\/appel-a-contribution-quelle-universalite-pour-les-musees-universels\/\" class=\"more-link\">Continue reading <span class=\"screen-reader-text\">Annonce de manifestation: Colloque international: \u00abQuelle universalit\u00e9 pour les mus\u00e9es universels?\u00bb<\/span><\/a><\/p>\n","protected":false},"author":317,"featured_media":0,"parent":1695,"menu_order":0,"comment_status":"closed","ping_status":"closed","template":"","meta":{"jetpack_post_was_ever_published":false,"footnotes":""},"class_list":["post-947","page","type-page","status-publish","hentry","without-featured-image"],"jetpack_sharing_enabled":true,"jetpack_shortlink":"https:\/\/wp.me\/P9Q5ty-fh","_links":{"self":[{"href":"http:\/\/wp.lancs.ac.uk\/universalhistories\/wp-json\/wp\/v2\/pages\/947","targetHints":{"allow":["GET"]}}],"collection":[{"href":"http:\/\/wp.lancs.ac.uk\/universalhistories\/wp-json\/wp\/v2\/pages"}],"about":[{"href":"http:\/\/wp.lancs.ac.uk\/universalhistories\/wp-json\/wp\/v2\/types\/page"}],"author":[{"embeddable":true,"href":"http:\/\/wp.lancs.ac.uk\/universalhistories\/wp-json\/wp\/v2\/users\/317"}],"replies":[{"embeddable":true,"href":"http:\/\/wp.lancs.ac.uk\/universalhistories\/wp-json\/wp\/v2\/comments?post=947"}],"version-history":[{"count":20,"href":"http:\/\/wp.lancs.ac.uk\/universalhistories\/wp-json\/wp\/v2\/pages\/947\/revisions"}],"predecessor-version":[{"id":1920,"href":"http:\/\/wp.lancs.ac.uk\/universalhistories\/wp-json\/wp\/v2\/pages\/947\/revisions\/1920"}],"up":[{"embeddable":true,"href":"http:\/\/wp.lancs.ac.uk\/universalhistories\/wp-json\/wp\/v2\/pages\/1695"}],"wp:attachment":[{"href":"http:\/\/wp.lancs.ac.uk\/universalhistories\/wp-json\/wp\/v2\/media?parent=947"}],"curies":[{"name":"wp","href":"https:\/\/api.w.org\/{rel}","templated":true}]}}