{"id":921,"date":"2017-08-09T08:44:12","date_gmt":"2017-08-09T08:44:12","guid":{"rendered":"http:\/\/universalhistories.org\/?page_id=921"},"modified":"2018-06-12T10:56:53","modified_gmt":"2018-06-12T10:56:53","slug":"appel-a-contribution-les-universalites-museales-dans-les-grandes-metropoles-occidentales-de-xviiie-a-xxe-siecle","status":"publish","type":"page","link":"http:\/\/wp.lancs.ac.uk\/universalhistories\/evenements\/atelier-les-universalites-museales-dans-les-grandes-metropoles-occidentales-de-xviiie-a-xxe-siecle\/appel-a-contribution-les-universalites-museales-dans-les-grandes-metropoles-occidentales-de-xviiie-a-xxe-siecle\/","title":{"rendered":"Appel \u00e0 contribution: \u00abLes universalit\u00e9s mus\u00e9ales dans les grandes m\u00e9tropoles occidentales de XVIIIe \u00e0 XXe si\u00e8cle\u00bb"},"content":{"rendered":"<p><strong><em>17 novembre 2017, Universit\u00e9 Paris Nanterre.<\/em><\/strong><\/p>\n<p>Vers 1900, chaque grande m\u00e9tropole occidentale proposait aux visiteurs une repr\u00e9sentation particuli\u00e8re de l\u2019universalit\u00e9 de l\u2019humanit\u00e9, par l\u2019addition de ses collections d\u2019art, d\u2019arch\u00e9ologie, d\u2019arts appliqu\u00e9s, de sciences et d\u2019ethnographie. Diverses circonstances avaient contribu\u00e9 \u00e0 l\u2019expansion des collections mus\u00e9ales (par exemple, les colonialismes, le march\u00e9 des \u0153uvres d\u2019art, et les dons de divers m\u00e9c\u00e8nes), donc, dans de nombreux cas, le rassemblement des objets avait pr\u00e9c\u00e9d\u00e9 la r\u00e9flexion \u00e9pist\u00e9mologique sur la raison d\u2019\u00eatre de ces nouveaux objets dans chaque institution. En plus, il y avait aussi des \u00e9l\u00e9ments communs qui influen\u00e7ait le d\u00e9veloppement des mus\u00e9es occidentaux: intellectuels, une m\u00eame conception de l\u2019universalit\u00e9 encyclop\u00e9dique h\u00e9rit\u00e9e des Lumi\u00e8res mais transform\u00e9e ensuite par le d\u00e9veloppement des savoirs et des sciences; \u00e9conomiques, l\u2019\u00e9poque industrielle et des nouveaux int\u00e9r\u00eats commerciaux; politiques, l\u2019\u00e9mergence des \u00c9tats-nations et des Empires; sociaux, la croissance de la bourgeoisie et des nouveaux espaces de r\u00e9cr\u00e9ation. Ceci, en m\u00eame temps de l\u2019enrichissement des collections, entrainait des r\u00e9flexions dans les mus\u00e9es sur les taxonomies et les mani\u00e8res de pr\u00e9senter les objets.<\/p>\n<p>Cependant, les historiens qui tentaient d\u2019\u00e9crire des histoires universelles avaient la m\u00eame question m\u00e9thodologique. Toutefois, l\u2019impact r\u00e9ciproque des r\u00e9flexions historiographiques et mus\u00e9ologiques n\u2019a pas \u00e9t\u00e9 v\u00e9ritablement \u00e9tudi\u00e9.<\/p>\n<p>L\u2019atelier r\u00e9unira historiens et chercheurs sur les mus\u00e9es et il sollicitera la comparaison transdisciplinaire et transnationale. Nous sollicitons des contributions sur les sujets suivants:<\/p>\n<ul style=\"list-style-type: square\">\n<li>D\u00e9finitions d\u2019universalit\u00e9 dans les mus\u00e9es \u2013 particuli\u00e8rement ceux qui se pr\u00e9occupent aussi des pens\u00e9es contemporaines dans l\u2019historiographie, la philosophie d\u2019histoire, et l\u2019histoire des savoirs et des sciences.<\/li>\n<li>\u00c9tudes sur les mus\u00e9es universels europ\u00e9ens et nord-am\u00e9ricains \u2013 particuli\u00e8rement dans les villes suivantes: Londres, Paris, St. P\u00e9tersbourg, Berlin, Rome, Philadelphia, New York, Washington DC.<\/li>\n<li>Expositions universelles &#8211; particuli\u00e8rement celles qui approfondissent leur relation avec mus\u00e9es et l\u2019histoire des collections.<\/li>\n<\/ul>\n<p><u>Information<\/u>:<\/p>\n<ul style=\"list-style-type: square\">\n<li>Propositions pour communications: 300 mots maximum (20 minutes communications)<\/li>\n<\/ul>\n<p><strong>Date limite d&#8217;envoi des propositions \u00e0 <a href=\"mailto:universalhistoriesmuseums@gmail.com\">universalhistoriesmuseums@gmail.com<\/a>\u00a0a expir\u00e9 (1 octobre 2017).<\/strong><\/p>\n<p>Les participants ont\u00a0re\u00e7u la notification d&#8217;acceptation avant le 10 octobre.<\/p>\n<p>Notez: nous d\u00e9sirons publier une s\u00e9lection des communications pr\u00e9sent\u00e9es aux ateliers du projet \u00ab\u00a0Histoires universelles et mus\u00e9es universels\u00a0\u00bb dans un num\u00e9ro sp\u00e9cial d\u2019une revue internationale.<\/p>\n<p class=\"x_Default\"><em>Cet atelier est le dernier du projet \u00ab\u00a0Histoires universelles et mus\u00e9es universels \u00bb soutenu par l&#8217;AHRC\/Care for the Future et le LABEX \u00ab\u00a0Les pass\u00e9s dans le pr\u00e9sent\u00a0\u00bb (Universit\u00e9 Paris Nanterre).<\/em><\/p>\n","protected":false},"excerpt":{"rendered":"<p>17 novembre 2017, Universit\u00e9 Paris Nanterre. Vers 1900, chaque grande m\u00e9tropole occidentale proposait aux visiteurs une repr\u00e9sentation particuli\u00e8re de l\u2019universalit\u00e9 de l\u2019humanit\u00e9, par l\u2019addition de ses collections d\u2019art, d\u2019arch\u00e9ologie, d\u2019arts appliqu\u00e9s, de sciences et d\u2019ethnographie. Diverses circonstances avaient contribu\u00e9 \u00e0 l\u2019expansion des collections mus\u00e9ales (par exemple, les colonialismes, le march\u00e9 des \u0153uvres d\u2019art, et les &hellip; <a href=\"http:\/\/wp.lancs.ac.uk\/universalhistories\/evenements\/atelier-les-universalites-museales-dans-les-grandes-metropoles-occidentales-de-xviiie-a-xxe-siecle\/appel-a-contribution-les-universalites-museales-dans-les-grandes-metropoles-occidentales-de-xviiie-a-xxe-siecle\/\" class=\"more-link\">Continue reading <span class=\"screen-reader-text\">Appel \u00e0 contribution: \u00abLes universalit\u00e9s mus\u00e9ales dans les grandes m\u00e9tropoles occidentales de XVIIIe \u00e0 XXe si\u00e8cle\u00bb<\/span><\/a><\/p>\n","protected":false},"author":317,"featured_media":0,"parent":1272,"menu_order":0,"comment_status":"closed","ping_status":"closed","template":"","meta":{"jetpack_post_was_ever_published":false,"footnotes":""},"class_list":["post-921","page","type-page","status-publish","hentry","without-featured-image"],"jetpack_sharing_enabled":true,"jetpack_shortlink":"https:\/\/wp.me\/P9Q5ty-eR","_links":{"self":[{"href":"http:\/\/wp.lancs.ac.uk\/universalhistories\/wp-json\/wp\/v2\/pages\/921","targetHints":{"allow":["GET"]}}],"collection":[{"href":"http:\/\/wp.lancs.ac.uk\/universalhistories\/wp-json\/wp\/v2\/pages"}],"about":[{"href":"http:\/\/wp.lancs.ac.uk\/universalhistories\/wp-json\/wp\/v2\/types\/page"}],"author":[{"embeddable":true,"href":"http:\/\/wp.lancs.ac.uk\/universalhistories\/wp-json\/wp\/v2\/users\/317"}],"replies":[{"embeddable":true,"href":"http:\/\/wp.lancs.ac.uk\/universalhistories\/wp-json\/wp\/v2\/comments?post=921"}],"version-history":[{"count":7,"href":"http:\/\/wp.lancs.ac.uk\/universalhistories\/wp-json\/wp\/v2\/pages\/921\/revisions"}],"predecessor-version":[{"id":1908,"href":"http:\/\/wp.lancs.ac.uk\/universalhistories\/wp-json\/wp\/v2\/pages\/921\/revisions\/1908"}],"up":[{"embeddable":true,"href":"http:\/\/wp.lancs.ac.uk\/universalhistories\/wp-json\/wp\/v2\/pages\/1272"}],"wp:attachment":[{"href":"http:\/\/wp.lancs.ac.uk\/universalhistories\/wp-json\/wp\/v2\/media?parent=921"}],"curies":[{"name":"wp","href":"https:\/\/api.w.org\/{rel}","templated":true}]}}