{"id":895,"date":"2017-07-14T10:15:47","date_gmt":"2017-07-14T10:15:47","guid":{"rendered":"http:\/\/universalhistories.org\/?page_id=895"},"modified":"2018-06-12T10:57:40","modified_gmt":"2018-06-12T10:57:40","slug":"appel-a-contribution-museographie-comparee-lexemple-des-arts-asiatiques","status":"publish","type":"page","link":"http:\/\/wp.lancs.ac.uk\/universalhistories\/evenements\/atelier-museographie-comparee-lexemple-des-arts-asiatiques\/appel-a-contribution-museographie-comparee-lexemple-des-arts-asiatiques\/","title":{"rendered":"Appel \u00e0 contribution: \u00abMus\u00e9ographie compar\u00e9e: l\u2019exemple des arts asiatiques\u00bb"},"content":{"rendered":"<p><em><strong>27 septembre 2017, Mus\u00e9e de l&#8217;Homme.<\/strong><\/em><\/p>\n<p>Au 19<sup>e<\/sup> si\u00e8cle, de nombreuses collections d&#8217;art asiatique ont rejoint les mus\u00e9es europ\u00e9ens, soit par la d\u00e9couverte de sites arch\u00e9ologiques, soit par l&#8217;intensification des contacts. Ces collections d&#8217;arts asiatiques dans les mus\u00e9es universels offrent l\u2019opportunit\u00e9 de comparaisons avantageuses pour explorer l&#8217;accueil de ces cultures dans les diff\u00e9rents mus\u00e9es occidentaux. Bien qu&#8217;il soit possible de reconna\u00eetre quelques moments cl\u00e9s du mouvement des objets d&#8217;Orient vers l\u2019Occident (par exemple, la d\u00e9couverte d&#8217;antiquit\u00e9s bouddhiques au milieu du si\u00e8cle ou l&#8217;expansion et l&#8217;\u00e9tablissement des colonialismes), l&#8217;incorporation de ces objets dans les collections de mus\u00e9es existantes ou leur interpr\u00e9tation selon les connaissances savantes \u00e0 l&#8217;\u00e9poque, diff\u00e8rent selon les objets disponibles et les diff\u00e9rentes traditions savantes nationales.<\/p>\n<p>L&#8217;une des \u00e9tudes de cas du projet &#8216;Histoires universelles et mus\u00e9es universels&#8217; s&#8217;appuie sur les collections de l&#8217;Asie du Sud du Victoria and Albert Museum, y compris celles qui ont \u00e9t\u00e9 amen\u00e9es en Europe pour \u00eatre montr\u00e9es dans des expositions temporaires. La recherche porte sur les objectifs des mus\u00e9es qui souhait\u00e8rent se procurer ces objets, et les utilis\u00e8rent dans les expositions et dans les \u00e9v\u00e9nements publics, et entend discuter de la position de ces objets dans les collections.<\/p>\n<p>Cet atelier vise \u00e0 examiner les modes d\u2019acquisition, l&#8217;inventaire et l&#8217;exposition des objets asiatiques dans les mus\u00e9es occidentaux. L&#8217;atelier rassemblera des chercheurs de l&#8217;ethnographie, de l&#8217;arch\u00e9ologie et de l&#8217;histoire des mus\u00e9es pour \u00e9tudier l&#8217;acquisition, l&#8217;exposition et la r\u00e9ception des arts asiatiques en Europe. L&#8217;atelier insistera \u00e9galement sur les trajectoires et l\u2019influence des objets au cours d&#8217;une session en relation avec une s\u00e9rie d\u2019objets \u00e9tudi\u00e9s dans le projet &#8216;Histoires universelles et mus\u00e9es universels&#8217;. Nous cherchons des contributions qui explorent les agences qui ont contribu\u00e9 \u00e0 la collecte et \u00e0 l&#8217;exposition des arts asiatiques. Les contributions pourraient porter, mais pas uniquement, sur les th\u00e8mes suivants:<\/p>\n<ul style=\"list-style-type: square\">\n<li>Collection et pr\u00e9sentation des arts asiatiques dans les mus\u00e9es occidentaux au XIXe si\u00e8cle et au d\u00e9but du XXe si\u00e8cle<\/li>\n<li>Histoires des mus\u00e9es des arts asiatiques et de leurs collections (par exemple du Mus\u00e9e National des Arts Asiatiques &#8211; Guimet)<\/li>\n<li>Les collections des mus\u00e9es et le d\u00e9veloppement de l&#8217;ethnographie<\/li>\n<li>L&#8217;impact des expositions temporaires et des expositions universelles sur la cr\u00e9ation et le d\u00e9veloppement de collections mus\u00e9ales, y compris les p\u00e9riples d\u2019autres objets vers le mus\u00e9es par soci\u00e9t\u00e9s savantes, collections priv\u00e9es, etc.<\/li>\n<\/ul>\n<p><u>Information<\/u>:<\/p>\n<ul style=\"list-style-type: square\">\n<li><strong>Date limite d&#8217;envoi des propositions \u00e0 <a href=\"mailto:universalhistoriesmuseums@gmail.com\">universalhistoriesmuseums@gmail.com<\/a>\u00a0a expir\u00e9 (7 ao\u00fbt 2017).<\/strong><\/li>\n<\/ul>\n<p>Les participants ont\u00a0re\u00e7u la notification d&#8217;acceptation avant le 10 ao\u00fbt.<\/p>\n<p>Notez: nous d\u00e9sirons publier une s\u00e9lection des communications pr\u00e9sent\u00e9es aux ateliers du projet \u2018Histoires universelles et mus\u00e9es universels\u2019 dans un num\u00e9ro sp\u00e9cial d\u2019une revue internationale.<\/p>\n","protected":false},"excerpt":{"rendered":"<p>27 septembre 2017, Mus\u00e9e de l&#8217;Homme. Au 19e si\u00e8cle, de nombreuses collections d&#8217;art asiatique ont rejoint les mus\u00e9es europ\u00e9ens, soit par la d\u00e9couverte de sites arch\u00e9ologiques, soit par l&#8217;intensification des contacts. Ces collections d&#8217;arts asiatiques dans les mus\u00e9es universels offrent l\u2019opportunit\u00e9 de comparaisons avantageuses pour explorer l&#8217;accueil de ces cultures dans les diff\u00e9rents mus\u00e9es occidentaux. &hellip; <a href=\"http:\/\/wp.lancs.ac.uk\/universalhistories\/evenements\/atelier-museographie-comparee-lexemple-des-arts-asiatiques\/appel-a-contribution-museographie-comparee-lexemple-des-arts-asiatiques\/\" class=\"more-link\">Continue reading <span class=\"screen-reader-text\">Appel \u00e0 contribution: \u00abMus\u00e9ographie compar\u00e9e: l\u2019exemple des arts asiatiques\u00bb<\/span><\/a><\/p>\n","protected":false},"author":317,"featured_media":0,"parent":1052,"menu_order":0,"comment_status":"closed","ping_status":"closed","template":"","meta":{"jetpack_post_was_ever_published":false,"footnotes":""},"class_list":["post-895","page","type-page","status-publish","hentry","without-featured-image"],"jetpack_sharing_enabled":true,"jetpack_shortlink":"https:\/\/wp.me\/P9Q5ty-er","_links":{"self":[{"href":"http:\/\/wp.lancs.ac.uk\/universalhistories\/wp-json\/wp\/v2\/pages\/895","targetHints":{"allow":["GET"]}}],"collection":[{"href":"http:\/\/wp.lancs.ac.uk\/universalhistories\/wp-json\/wp\/v2\/pages"}],"about":[{"href":"http:\/\/wp.lancs.ac.uk\/universalhistories\/wp-json\/wp\/v2\/types\/page"}],"author":[{"embeddable":true,"href":"http:\/\/wp.lancs.ac.uk\/universalhistories\/wp-json\/wp\/v2\/users\/317"}],"replies":[{"embeddable":true,"href":"http:\/\/wp.lancs.ac.uk\/universalhistories\/wp-json\/wp\/v2\/comments?post=895"}],"version-history":[{"count":6,"href":"http:\/\/wp.lancs.ac.uk\/universalhistories\/wp-json\/wp\/v2\/pages\/895\/revisions"}],"predecessor-version":[{"id":1910,"href":"http:\/\/wp.lancs.ac.uk\/universalhistories\/wp-json\/wp\/v2\/pages\/895\/revisions\/1910"}],"up":[{"embeddable":true,"href":"http:\/\/wp.lancs.ac.uk\/universalhistories\/wp-json\/wp\/v2\/pages\/1052"}],"wp:attachment":[{"href":"http:\/\/wp.lancs.ac.uk\/universalhistories\/wp-json\/wp\/v2\/media?parent=895"}],"curies":[{"name":"wp","href":"https:\/\/api.w.org\/{rel}","templated":true}]}}