{"id":261,"date":"2017-03-20T17:22:10","date_gmt":"2017-03-20T17:22:10","guid":{"rendered":"http:\/\/universalhistories.org\/?page_id=261"},"modified":"2018-06-04T08:54:46","modified_gmt":"2018-06-04T08:54:46","slug":"appel-a-contribution-levolution-des-musees","status":"publish","type":"page","link":"http:\/\/wp.lancs.ac.uk\/universalhistories\/evenements\/atelier-levolution-des-musees\/appel-a-contribution-levolution-des-musees\/","title":{"rendered":"Appel \u00e0 contribution: \u00abL&#8217;\u00e9volution des mus\u00e9es\u00bb"},"content":{"rendered":"<p><em><strong><b>13-14 juillet 2017, Science Museum, Londres.<\/b><\/strong><\/em><\/p>\n<p>Les nouveaux ajouts aux collections &#8211; et parfois les cessions ou pertes de parties d\u2019entre elles -, les transformations dans les mani\u00e8res de les compl\u00e9ter, les modifications dans leurs pr\u00e9sentations et l\u2019influence des expositions temporaires ont un impact important sur l&#8217;\u00e9volution des mus\u00e9es. Il en est de m\u00eame de l&#8217;adoption de nouvelles perspectives p\u00e9dagogiques correspondant a\u0300 un renouvellement des questionnements ou des \u00e9volutions id\u00e9ologiques, que ce soit en mus\u00e9ologie ou dans les th\u00e9matiques disciplinaires en lien avec les collections.<\/p>\n<p>Cet atelier r\u00e9fl\u00e9chira \u00e0 partir d\u2019\u00e9tudes de cas afin d\u2019analyser l&#8217;impact de ces changements et l&#8217;enchev\u00eatrement des questions m\u00e9thodologiques relatives aux liens entre histoires universelles et mus\u00e9es universels. En particulier, on s\u2019attachera \u00e0 l&#8217;impact des expositions temporaires et de la circulation des connaissances dans la sph\u00e8re publique sur l&#8217;\u00e9volution des mus\u00e9es. L&#8217;atelier vise ainsi \u00e0 r\u00e9fl\u00e9chir sur les pratiques des connaissances sociales et leur influence sur l\u2019agencement des connaissances institutionnelles ainsi que sur l&#8217;\u00e9mergence de nouvelles disciplines.<\/p>\n<p>Les \u00e9tudes de cas que nous examinerons pour retracer cette \u00e9volution au fil du temps sont la Loan Collection of Scientific Apparatus de 1876 et la cr\u00e9ation du Mus\u00e9e d&#8217;Ethnographie du Trocad\u00e9ro.<\/p>\n<p>Le premier exemple est une exposition temporaire qui a eu lieu en 1876 au Mus\u00e9e de South Kensington qui rassembla l&#8217;une des collections fondatrices du futur Science Museum. Cette exposition offre un cas d\u2019\u00e9cole id\u00e9al pour analyser la mani\u00e8re dont des expositions temporaires ont un impact permanent dans les collections nationales et internationales et comment l&#8217;interpr\u00e9tation et la pr\u00e9sentation des objets est modifi\u00e9e lors de ce processus.<\/p>\n<p>Le Mus\u00e9e d&#8217;Ethnographie du Trocad\u00e9ro a ouvert en 1882 suite \u00e0 l&#8217;Exposition Internationale de 1878, pour laquelle le palais du Trocad\u00e9ro avait \u00e9t\u00e9 construit. De nombreuses \u00e9tudes ont examin\u00e9 les transformations successives de ce mus\u00e9e en Mus\u00e9e de l&#8217;Homme, puis en Mus\u00e9e du Quai Branly et en MUCEM ; toutefois, le premier assemblage et l&#8217;exposition de ces collections ethnographiques restent peu connues. Les motivations des collectionneurs, des soci\u00e9t\u00e9s savantes et des publics qui ont influenc\u00e9 la cr\u00e9ation du Mus\u00e9e d&#8217;Ethnographie, ainsi que leurs relations mutuelles, seront analys\u00e9es parall\u00e8lement \u00e0 la place accord\u00e9e aux arts, aux r\u00e9gions du monde et aux diff\u00e9rents th\u00e8mes dans les expositions universelles \u00e0 Paris, et plus particuli\u00e8rement dans celle de 1878.<\/p>\n<p>L&#8217;atelier invitera des chercheurs en ethnographie, en histoire des sciences et en histoire des mus\u00e9es pour examiner l&#8217;\u00e9volution des mus\u00e9es, principalement &#8211; mais pas seulement &#8211; en France et au Royaume-Uni. L&#8217;atelier inclura aussi une session avec les objets \u00e9tudi\u00e9s dans le projet \u2018Histoires universelles et mus\u00e9es universels\u2019. Nous invitons \u00e0 pr\u00e9senter des contributions et des posters qui explorent l\u2019histoire et la r\u00e9ception de ces deux institutions et de leurs collections. Les contributions pourraient examiner, mais pas uniquement, les th\u00e8mes suivants:<\/p>\n<ul style=\"list-style-type: square\">\n<li>Histoire des collections scientifiques du South Kensington Museum et de la cr\u00e9ation du Science Museum<\/li>\n<li>Histoire des collections ethnographiques \u00e0 Paris (mais aussi en comparaison avec d&#8217;autres villes et notamment avec Londres) et du premier Mus\u00e9e d&#8217;Ethnographie du Trocad\u00e9ro<\/li>\n<li>L&#8217;impact des expositions temporaires et des expositions universelles sur la cr\u00e9ation et le d\u00e9veloppement des collections mus\u00e9ales.<\/li>\n<\/ul>\n<p><u>Information<\/u>:<\/p>\n<ul style=\"list-style-type: square\">\n<li>Propositions pour communications : 300 mots maximum (communications de 30 minutes)<\/li>\n<li>Propositions pour posters : 300 mots maximum<\/li>\n<\/ul>\n<p><strong>Date limite d&#8217;envoi des propositions \u00e0 <a href=\"mailto:universalhistoriesmuseums@gmail.com\">universalhistoriesmuseums@gmail.com<\/a>\u00a0a expir\u00e9 (30 avril 2017).<\/strong><\/p>\n<p>Les participants ont\u00a0re\u00e7u la notification d&#8217;acceptation avant le 30 avril.<\/p>\n<p>Notez: nous d\u00e9sirons publier une s\u00e9lection des communications pr\u00e9sent\u00e9es aux ateliers du projet \u2018Histoires universelles et mus\u00e9es universels\u2019 dans un num\u00e9ro sp\u00e9cial d\u2019une revue internationale.<\/p>\n","protected":false},"excerpt":{"rendered":"<p>13-14 juillet 2017, Science Museum, Londres. Les nouveaux ajouts aux collections &#8211; et parfois les cessions ou pertes de parties d\u2019entre elles -, les transformations dans les mani\u00e8res de les compl\u00e9ter, les modifications dans leurs pr\u00e9sentations et l\u2019influence des expositions temporaires ont un impact important sur l&#8217;\u00e9volution des mus\u00e9es. Il en est de m\u00eame de &hellip; <a href=\"http:\/\/wp.lancs.ac.uk\/universalhistories\/evenements\/atelier-levolution-des-musees\/appel-a-contribution-levolution-des-musees\/\" class=\"more-link\">Continue reading <span class=\"screen-reader-text\">Appel \u00e0 contribution: \u00abL&#8217;\u00e9volution des mus\u00e9es\u00bb<\/span><\/a><\/p>\n","protected":false},"author":317,"featured_media":0,"parent":752,"menu_order":0,"comment_status":"closed","ping_status":"closed","template":"","meta":{"jetpack_post_was_ever_published":false,"footnotes":""},"class_list":["post-261","page","type-page","status-publish","hentry","without-featured-image"],"jetpack_sharing_enabled":true,"jetpack_shortlink":"https:\/\/wp.me\/P9Q5ty-4d","_links":{"self":[{"href":"http:\/\/wp.lancs.ac.uk\/universalhistories\/wp-json\/wp\/v2\/pages\/261","targetHints":{"allow":["GET"]}}],"collection":[{"href":"http:\/\/wp.lancs.ac.uk\/universalhistories\/wp-json\/wp\/v2\/pages"}],"about":[{"href":"http:\/\/wp.lancs.ac.uk\/universalhistories\/wp-json\/wp\/v2\/types\/page"}],"author":[{"embeddable":true,"href":"http:\/\/wp.lancs.ac.uk\/universalhistories\/wp-json\/wp\/v2\/users\/317"}],"replies":[{"embeddable":true,"href":"http:\/\/wp.lancs.ac.uk\/universalhistories\/wp-json\/wp\/v2\/comments?post=261"}],"version-history":[{"count":5,"href":"http:\/\/wp.lancs.ac.uk\/universalhistories\/wp-json\/wp\/v2\/pages\/261\/revisions"}],"predecessor-version":[{"id":1631,"href":"http:\/\/wp.lancs.ac.uk\/universalhistories\/wp-json\/wp\/v2\/pages\/261\/revisions\/1631"}],"up":[{"embeddable":true,"href":"http:\/\/wp.lancs.ac.uk\/universalhistories\/wp-json\/wp\/v2\/pages\/752"}],"wp:attachment":[{"href":"http:\/\/wp.lancs.ac.uk\/universalhistories\/wp-json\/wp\/v2\/media?parent=261"}],"curies":[{"name":"wp","href":"https:\/\/api.w.org\/{rel}","templated":true}]}}