{"id":253,"date":"2017-03-20T17:19:15","date_gmt":"2017-03-20T17:19:15","guid":{"rendered":"http:\/\/universalhistories.org\/?page_id=253"},"modified":"2018-06-12T10:55:40","modified_gmt":"2018-06-12T10:55:40","slug":"call-for-papers-the-evolution-of-the-museum","status":"publish","type":"page","link":"http:\/\/wp.lancs.ac.uk\/universalhistories\/events-2\/programme\/call-for-papers-the-evolution-of-the-museum\/","title":{"rendered":"Call for Papers: \u2018The Evolution of the Museum\u2019"},"content":{"rendered":"<p><em><strong>13-14<sup>th<\/sup> July 2017, Science Museum, London.<\/strong><\/em><\/p>\n<p>Museums are emergent entities \u2013 and the evolution of a museum is dependent on a number of factors, including: changes in collecting and disposal practices; re-displays; and the legacy of temporary exhibitions. New pedagogical perspectives relating to new questions or ideological trends, either in museology or in the disciplines represented in the collections, are also influential.<\/p>\n<p>This workshop will focus on selected case studies to analyse the impact of these changes on methodological issues relating to universal histories and universal museums. In particular, the evolution of the museum will be discussed in relation to the impact of temporary exhibitions and the circulation of knowledge in the public sphere. The workshop will explore how social knowledge practices influence the structuring of institutional knowledge, and the emergence of new disciplines.<\/p>\n<p>The case studies that we will use to trace this evolution over time are the 1876 Loan Collection of Scientific Apparatus at the South Kensington Museum and the creation of the Mus\u00e9e d&#8217;Ethnographie du Trocad\u00e9ro.<\/p>\n<p>The 1876 Loan Exhibition is a temporary exhibition which took place in 1876 at the South Kensington Museum and was one of the founding displays which led to the creation of the Science Museum. This exhibition offers an ideal case study for the ways in which temporary displays have a permanent legacy in national and international museum collections, and how far the interpretation and presentation of materials was transformed in this process.<\/p>\n<p>The Mus\u00e9e d&#8217;Ethnographie du Trocad\u00e9ro opened in 1882 following the 1878 International Exhibition, for which the Trocad\u00e9ro palace had been built. Though many studies have focused on the successive transformations of this museum in the Mus\u00e9e de l\u2019Homme and, successively, the Mus\u00e9e du Quai Branly and the MUCEM, the first assemblage and display of these ethnographic collections is less well known. Drawing on the place given to the arts, the regions, and different themes in universal exhibitions in Paris, and particularly in the 1878 exhibition, the discussion of the Mus\u00e9e d&#8217;Ethnographie will cast new light on the motivations and relationships of collectors, learned societies, politicians, and publics in informing the creation of this museum.<\/p>\n<p>The workshop will bring together researchers from ethnography, history of science, and museum history, to explore the evolution of museums, mainly \u2013 but not only \u2013 in France and the UK. The workshop will also contain a session with the objects studied in the Universal Histories and Universal Museums project. We invite papers and posters exploring the agencies and reception of these two institutions and their collections. Contributions might consider, but need not be confined to, the following themes:<\/p>\n<ul style=\"list-style-type: square\">\n<li>History and\/or comparison of the science and art collections in the South Kensington Museum, and the foundation of the Science Museum<\/li>\n<li>History of ethnographic collections in Paris (and direct comparisons with other cities and particularly with London) and of the first Mus\u00e9e d&#8217;Ethnographie du Trocad\u00e9ro<\/li>\n<li>The impact of temporary exhibitions and universal exhibitions on the creation and development of museum collections.<\/li>\n<\/ul>\n<p><u>Important information<\/u>:<\/p>\n<ul style=\"list-style-type: square\">\n<li>Papers &#8211; abstract: 300 words (30 minutes papers)<\/li>\n<li>Poster presentations \u2013 abstract: 300 words<\/li>\n<\/ul>\n<p><strong>The deadline for abstract submissions to\u00a0<a href=\"mailto:universalhistoriesmuseums@gmail.com\">universalhistoriesmuseums@gmail.com<\/a>\u00a0has passed (30<sup>th<\/sup> April 2017).<\/strong><\/p>\n<p>Authors were notified by the 30<sup>th<\/sup> April.<\/p>\n<p>Please note: we aim to publish a selection of the papers from the workshops of the \u2018Universal Histories and Universal Museums\u2019 research project as a journal special issue.<\/p>\n","protected":false},"excerpt":{"rendered":"<p>13-14th July 2017, Science Museum, London. Museums are emergent entities \u2013 and the evolution of a museum is dependent on a number of factors, including: changes in collecting and disposal practices; re-displays; and the legacy of temporary exhibitions. New pedagogical perspectives relating to new questions or ideological trends, either in museology or in the disciplines &hellip; <a href=\"http:\/\/wp.lancs.ac.uk\/universalhistories\/events-2\/programme\/call-for-papers-the-evolution-of-the-museum\/\" class=\"more-link\">Continue reading <span class=\"screen-reader-text\">Call for Papers: \u2018The Evolution of the Museum\u2019<\/span><\/a><\/p>\n","protected":false},"author":317,"featured_media":0,"parent":745,"menu_order":0,"comment_status":"closed","ping_status":"closed","template":"","meta":{"jetpack_post_was_ever_published":false,"footnotes":""},"class_list":["post-253","page","type-page","status-publish","hentry","without-featured-image"],"jetpack_sharing_enabled":true,"jetpack_shortlink":"https:\/\/wp.me\/P9Q5ty-45","_links":{"self":[{"href":"http:\/\/wp.lancs.ac.uk\/universalhistories\/wp-json\/wp\/v2\/pages\/253","targetHints":{"allow":["GET"]}}],"collection":[{"href":"http:\/\/wp.lancs.ac.uk\/universalhistories\/wp-json\/wp\/v2\/pages"}],"about":[{"href":"http:\/\/wp.lancs.ac.uk\/universalhistories\/wp-json\/wp\/v2\/types\/page"}],"author":[{"embeddable":true,"href":"http:\/\/wp.lancs.ac.uk\/universalhistories\/wp-json\/wp\/v2\/users\/317"}],"replies":[{"embeddable":true,"href":"http:\/\/wp.lancs.ac.uk\/universalhistories\/wp-json\/wp\/v2\/comments?post=253"}],"version-history":[{"count":6,"href":"http:\/\/wp.lancs.ac.uk\/universalhistories\/wp-json\/wp\/v2\/pages\/253\/revisions"}],"predecessor-version":[{"id":1906,"href":"http:\/\/wp.lancs.ac.uk\/universalhistories\/wp-json\/wp\/v2\/pages\/253\/revisions\/1906"}],"up":[{"embeddable":true,"href":"http:\/\/wp.lancs.ac.uk\/universalhistories\/wp-json\/wp\/v2\/pages\/745"}],"wp:attachment":[{"href":"http:\/\/wp.lancs.ac.uk\/universalhistories\/wp-json\/wp\/v2\/media?parent=253"}],"curies":[{"name":"wp","href":"https:\/\/api.w.org\/{rel}","templated":true}]}}