{"id":208,"date":"2017-02-17T12:23:55","date_gmt":"2017-02-17T12:23:55","guid":{"rendered":"https:\/\/universalmuseums.wordpress.com\/?page_id=208"},"modified":"2020-03-09T15:28:36","modified_gmt":"2020-03-09T15:28:36","slug":"team","status":"publish","type":"page","link":"http:\/\/wp.lancs.ac.uk\/universalhistories\/team\/","title":{"rendered":"L&#8217;\u00e9quipe"},"content":{"rendered":"<p>Le responsables du projet sont Prof\u00a0<strong><a href=\"https:\/\/www.parisnanterre.fr\/m-herve-inglebert--695949.kjsp\" target=\"_blank\" rel=\"noopener noreferrer\"><span style=\"color: #525252\">Herv\u00e9 Inglebert<\/span><\/a><\/strong>, Professeur d\u2019histoire romaine et\u00a0directeur du de\u0301partement d\u2019histoire a\u0300 l\u2019Universite\u0301 Paris Nanterre; Prof\u00a0<strong><a href=\"https:\/\/www.vam.ac.uk\/info\/research-project-universal-histories\" target=\"_blank\" rel=\"noopener noreferrer\">Sandra Kemp<\/a><\/strong>, Directeur, <em>The Ruskin \u2013 Library, Museum and Research Centre, <\/em>Lancaster University et professeur invit\u00e9, Imperial College London; et <strong><a href=\"https:\/\/href.li\/?https:\/\/fr.wikipedia.org\/wiki\/Andr%C3%A9_Delpuech\" target=\"_blank\" rel=\"noopener noreferrer\"><span style=\"color: #525252\">Andr\u00e9 Delpuech<\/span><\/a><\/strong>, Directeur du Mus\u00e9e de l&#8217;Homme. <strong><a href=\"https:\/\/href.li\/?http:\/\/vam.academia.edu\/ChiaraZuanni\/Papers\" target=\"_blank\" rel=\"noopener noreferrer\"><span style=\"color: #525252\">Chiara Zuanni<\/span><\/a><\/strong> est la post-doctorante sur le projet.<\/p>\n","protected":false},"excerpt":{"rendered":"<p>Le responsables du projet sont Prof\u00a0Herv\u00e9 Inglebert, Professeur d\u2019histoire romaine et\u00a0directeur du de\u0301partement d\u2019histoire a\u0300 l\u2019Universite\u0301 Paris Nanterre; Prof\u00a0Sandra Kemp, Directeur, The Ruskin \u2013 Library, Museum and Research Centre, Lancaster University et professeur invit\u00e9, Imperial College London; et Andr\u00e9 Delpuech, Directeur du Mus\u00e9e de l&#8217;Homme. Chiara Zuanni est la post-doctorante sur le projet.<\/p>\n","protected":false},"author":317,"featured_media":0,"parent":0,"menu_order":0,"comment_status":"closed","ping_status":"closed","template":"","meta":{"jetpack_post_was_ever_published":false,"footnotes":""},"class_list":["post-208","page","type-page","status-publish","hentry","without-featured-image"],"jetpack_sharing_enabled":false,"jetpack_shortlink":"https:\/\/wp.me\/P9Q5ty-3m","_links":{"self":[{"href":"http:\/\/wp.lancs.ac.uk\/universalhistories\/wp-json\/wp\/v2\/pages\/208","targetHints":{"allow":["GET"]}}],"collection":[{"href":"http:\/\/wp.lancs.ac.uk\/universalhistories\/wp-json\/wp\/v2\/pages"}],"about":[{"href":"http:\/\/wp.lancs.ac.uk\/universalhistories\/wp-json\/wp\/v2\/types\/page"}],"author":[{"embeddable":true,"href":"http:\/\/wp.lancs.ac.uk\/universalhistories\/wp-json\/wp\/v2\/users\/317"}],"replies":[{"embeddable":true,"href":"http:\/\/wp.lancs.ac.uk\/universalhistories\/wp-json\/wp\/v2\/comments?post=208"}],"version-history":[{"count":8,"href":"http:\/\/wp.lancs.ac.uk\/universalhistories\/wp-json\/wp\/v2\/pages\/208\/revisions"}],"predecessor-version":[{"id":2083,"href":"http:\/\/wp.lancs.ac.uk\/universalhistories\/wp-json\/wp\/v2\/pages\/208\/revisions\/2083"}],"wp:attachment":[{"href":"http:\/\/wp.lancs.ac.uk\/universalhistories\/wp-json\/wp\/v2\/media?parent=208"}],"curies":[{"name":"wp","href":"https:\/\/api.w.org\/{rel}","templated":true}]}}