{"id":17,"date":"2016-11-21T15:06:12","date_gmt":"2016-11-21T15:06:12","guid":{"rendered":"https:\/\/universalmuseums.wordpress.com\/a-propos\/"},"modified":"2020-03-09T10:01:58","modified_gmt":"2020-03-09T10:01:58","slug":"a-propos","status":"publish","type":"page","link":"http:\/\/wp.lancs.ac.uk\/universalhistories\/a-propos\/","title":{"rendered":"A propos"},"content":{"rendered":"<p>Le\u00a0projet\u00a0veut\u00a0developper une\u00a0critique comparative des approches des histoires universelles dans les mus\u00e9es et du r\u00f4le des mus\u00e9es dans la construction de connaissances sur l&#8217;avenir.<\/p>\n<p>La recherche inclura une analyse critique des histoires universelles et mus\u00e9es universels dans trois ateliers &#8211; deux \u00e0 Paris et un \u00e0 Londres &#8211; et deux \u00e9tudes de cas historiques dans les collections du Victoria and Albert Museum et dans lesquelles du Mus\u00e9e du quai Branly.<\/p>\n<p>Le projet \u2018<a href=\"https:\/\/www.vam.ac.uk\/info\/research-project-universal-histories\">Histoires universelles et mus\u00e9es universels<\/a>\u2019 inclura un colloque et une exposition. Les publications comprendront un ouvrage, des articles dans des revues de r\u00e9f\u00e9rence et la num\u00e9risation de ressources d\u2019archives.<\/p>\n<p>La recherche est financ\u00e9e par le programme \u2018<a href=\"http:\/\/careforthefuture.exeter.ac.uk\/\" target=\"_blank\" rel=\"noopener noreferrer\">Care for the Future: Thinking Forward through the Past<\/a>\u2019 par Arts and Humanities Research Council et le programme \u2018<a href=\"http:\/\/www.passes-present.eu\/\" target=\"_blank\" rel=\"noopener noreferrer\">Le\u00a0pass\u00e9s dans le present<\/a>\u2019 par LABEX.<\/p>\n<div id=\"b_content\"><img loading=\"lazy\" decoding=\"async\" class=\"aligncenter wp-image-106\" src=\"http:\/\/wp.lancs.ac.uk\/universalhistories\/files\/2016\/12\/img_4407.jpg?w=2048\" alt=\"img_4407\" width=\"474\" height=\"415\" srcset=\"http:\/\/wp.lancs.ac.uk\/universalhistories\/files\/2016\/12\/img_4407.jpg 2288w, http:\/\/wp.lancs.ac.uk\/universalhistories\/files\/2016\/12\/img_4407-300x264.jpg 300w\" sizes=\"auto, (max-width: 474px) 100vw, 474px\" \/><\/div>\n","protected":false},"excerpt":{"rendered":"<p>Le\u00a0projet\u00a0veut\u00a0developper une\u00a0critique comparative des approches des histoires universelles dans les mus\u00e9es et du r\u00f4le des mus\u00e9es dans la construction de connaissances sur l&#8217;avenir. La recherche inclura une analyse critique des histoires universelles et mus\u00e9es universels dans trois ateliers &#8211; deux \u00e0 Paris et un \u00e0 Londres &#8211; et deux \u00e9tudes de cas historiques dans les &hellip; <a href=\"http:\/\/wp.lancs.ac.uk\/universalhistories\/a-propos\/\" class=\"more-link\">Continue reading <span class=\"screen-reader-text\">A propos<\/span><\/a><\/p>\n","protected":false},"author":317,"featured_media":0,"parent":0,"menu_order":0,"comment_status":"closed","ping_status":"closed","template":"","meta":{"jetpack_post_was_ever_published":false,"footnotes":""},"class_list":["post-17","page","type-page","status-publish","hentry","without-featured-image"],"jetpack_sharing_enabled":false,"jetpack_shortlink":"https:\/\/wp.me\/P9Q5ty-h","_links":{"self":[{"href":"http:\/\/wp.lancs.ac.uk\/universalhistories\/wp-json\/wp\/v2\/pages\/17","targetHints":{"allow":["GET"]}}],"collection":[{"href":"http:\/\/wp.lancs.ac.uk\/universalhistories\/wp-json\/wp\/v2\/pages"}],"about":[{"href":"http:\/\/wp.lancs.ac.uk\/universalhistories\/wp-json\/wp\/v2\/types\/page"}],"author":[{"embeddable":true,"href":"http:\/\/wp.lancs.ac.uk\/universalhistories\/wp-json\/wp\/v2\/users\/317"}],"replies":[{"embeddable":true,"href":"http:\/\/wp.lancs.ac.uk\/universalhistories\/wp-json\/wp\/v2\/comments?post=17"}],"version-history":[{"count":7,"href":"http:\/\/wp.lancs.ac.uk\/universalhistories\/wp-json\/wp\/v2\/pages\/17\/revisions"}],"predecessor-version":[{"id":2074,"href":"http:\/\/wp.lancs.ac.uk\/universalhistories\/wp-json\/wp\/v2\/pages\/17\/revisions\/2074"}],"wp:attachment":[{"href":"http:\/\/wp.lancs.ac.uk\/universalhistories\/wp-json\/wp\/v2\/media?parent=17"}],"curies":[{"name":"wp","href":"https:\/\/api.w.org\/{rel}","templated":true}]}}