{"id":1695,"date":"2018-06-04T08:41:01","date_gmt":"2018-06-04T08:41:01","guid":{"rendered":"http:\/\/wp.lancs.ac.uk\/universalhistories\/?page_id=1695"},"modified":"2018-06-14T07:58:17","modified_gmt":"2018-06-14T07:58:17","slug":"evenements","status":"publish","type":"page","link":"http:\/\/wp.lancs.ac.uk\/universalhistories\/evenements\/","title":{"rendered":"\u00c9v\u00e9nements"},"content":{"rendered":"<p>Voici les d\u00e9tails de nos ateliers et colloque ci-dessous.<\/p>\n<p><img loading=\"lazy\" decoding=\"async\" class=\"alignnone size-full wp-image-141\" src=\"http:\/\/wp.lancs.ac.uk\/universalhistories\/files\/2017\/01\/test1.png\" alt=\"test1\" width=\"1180\" height=\"160\" srcset=\"http:\/\/wp.lancs.ac.uk\/universalhistories\/files\/2017\/01\/test1.png 1180w, http:\/\/wp.lancs.ac.uk\/universalhistories\/files\/2017\/01\/test1-300x41.png 300w, http:\/\/wp.lancs.ac.uk\/universalhistories\/files\/2017\/01\/test1-768x104.png 768w, http:\/\/wp.lancs.ac.uk\/universalhistories\/files\/2017\/01\/test1-1024x139.png 1024w\" sizes=\"auto, (max-width: 1180px) 100vw, 1180px\" \/><\/p>\n<h3><\/h3>\n<p>&nbsp;<\/p>\n<h3><a href=\"http:\/\/wp.lancs.ac.uk\/universalhistories\/evenements\/colloque-international-quelle-universalite-pour-les-musees-universels\/\"><strong>Colloque international: \u00abQuelle universalit\u00e9 pour les mus\u00e9es universels?\u00bb<\/strong><\/a><\/h3>\n<p><em>15-16 juin 2018, 10h &#8211; 18h, Mus\u00e9e des Arts et M\u00e9tiers, Paris.\u00a0<\/em><a href=\"http:\/\/wp.lancs.ac.uk\/universalhistories\/evenements\/colloque-international-quelle-universalite-pour-les-musees-universels\/\"><em>Plus d&#8217;informations&#8230;<\/em><\/a><\/p>\n<p>&nbsp;<\/p>\n<table style=\"height: 287px;width: 100%;border-collapse: collapse\" border=\"0\" cellspacing=\"10\">\n<tbody>\n<tr style=\"height: 126px\">\n<td style=\"width: 100%;height: 126px\">\n<h3><a href=\"http:\/\/wp.lancs.ac.uk\/universalhistories\/atelier-les-universalites-museales-dans-les-grandes-metropoles-occidentales-de-xviiie-a-xxe-siecle\/\"><strong>Atelier 3: \u00abLes universalit\u00e9s mus\u00e9ales dans les grandes m\u00e9tropoles occidentales de XVIIIe \u00e0 XXe si\u00e8cle\u00bb<\/strong><\/a><\/h3>\n<p><em>17\u00a0novembre 2017, Universit\u00e9 Paris Nanterre&#8230; <a href=\"http:\/\/wp.lancs.ac.uk\/universalhistories\/atelier-les-universalites-museales-dans-les-grandes-metropoles-occidentales-de-xviiie-a-xxe-siecle\/\">Plus d&#8217;informations&#8230;<\/a><\/em><\/td>\n<\/tr>\n<tr style=\"height: 102px\">\n<td style=\"width: 100%;height: 102px\">\n<h3><a href=\"http:\/\/wp.lancs.ac.uk\/universalhistories\/atelier-museographie-comparee-lexemple-des-arts-asiatiques\/\"><strong>Atelier 2: \u00abMus\u00e9ographie compar\u00e9e: l\u2019exemple des arts asiatiques\u00bb<\/strong><\/a><\/h3>\n<p><em>27\u00a0septembre 2017, Mus\u00e9e de l\u2019Homme&#8230; <a href=\"http:\/\/wp.lancs.ac.uk\/universalhistories\/atelier-museographie-comparee-lexemple-des-arts-asiatiques\/\">Plus d&#8217;informations&#8230;<\/a><\/em><\/td>\n<\/tr>\n<tr style=\"height: 105px\">\n<td style=\"width: 100%;height: 105px\">\n<h3><a href=\"http:\/\/wp.lancs.ac.uk\/universalhistories\/atelier-levolution-des-musees\/\"><strong>Atelier 1: \u00abL\u2019\u00e9volution des mus\u00e9es\u00bb<\/strong><\/a><\/h3>\n<p><em>13-14\u00a0juillet 2017, Science Museum, Londres&#8230; <a href=\"http:\/\/wp.lancs.ac.uk\/universalhistories\/atelier-levolution-des-musees\/\">Plus d&#8217;informations&#8230;<\/a><\/em><\/td>\n<\/tr>\n<\/tbody>\n<\/table>\n<p>&nbsp;<\/p>\n","protected":false},"excerpt":{"rendered":"<p>Voici les d\u00e9tails de nos ateliers et colloque ci-dessous. &nbsp; Colloque international: \u00abQuelle universalit\u00e9 pour les mus\u00e9es universels?\u00bb 15-16 juin 2018, 10h &#8211; 18h, Mus\u00e9e des Arts et M\u00e9tiers, Paris.\u00a0Plus d&#8217;informations&#8230; &nbsp; Atelier 3: \u00abLes universalit\u00e9s mus\u00e9ales dans les grandes m\u00e9tropoles occidentales de XVIIIe \u00e0 XXe si\u00e8cle\u00bb 17\u00a0novembre 2017, Universit\u00e9 Paris Nanterre&#8230; Plus d&#8217;informations&#8230; Atelier &hellip; <a href=\"http:\/\/wp.lancs.ac.uk\/universalhistories\/evenements\/\" class=\"more-link\">Continue reading <span class=\"screen-reader-text\">\u00c9v\u00e9nements<\/span><\/a><\/p>\n","protected":false},"author":898,"featured_media":0,"parent":0,"menu_order":0,"comment_status":"closed","ping_status":"closed","template":"","meta":{"jetpack_post_was_ever_published":false,"footnotes":""},"class_list":["post-1695","page","type-page","status-publish","hentry","without-featured-image"],"jetpack_sharing_enabled":true,"jetpack_shortlink":"https:\/\/wp.me\/P9Q5ty-rl","_links":{"self":[{"href":"http:\/\/wp.lancs.ac.uk\/universalhistories\/wp-json\/wp\/v2\/pages\/1695","targetHints":{"allow":["GET"]}}],"collection":[{"href":"http:\/\/wp.lancs.ac.uk\/universalhistories\/wp-json\/wp\/v2\/pages"}],"about":[{"href":"http:\/\/wp.lancs.ac.uk\/universalhistories\/wp-json\/wp\/v2\/types\/page"}],"author":[{"embeddable":true,"href":"http:\/\/wp.lancs.ac.uk\/universalhistories\/wp-json\/wp\/v2\/users\/898"}],"replies":[{"embeddable":true,"href":"http:\/\/wp.lancs.ac.uk\/universalhistories\/wp-json\/wp\/v2\/comments?post=1695"}],"version-history":[{"count":7,"href":"http:\/\/wp.lancs.ac.uk\/universalhistories\/wp-json\/wp\/v2\/pages\/1695\/revisions"}],"predecessor-version":[{"id":1941,"href":"http:\/\/wp.lancs.ac.uk\/universalhistories\/wp-json\/wp\/v2\/pages\/1695\/revisions\/1941"}],"wp:attachment":[{"href":"http:\/\/wp.lancs.ac.uk\/universalhistories\/wp-json\/wp\/v2\/media?parent=1695"}],"curies":[{"name":"wp","href":"https:\/\/api.w.org\/{rel}","templated":true}]}}