{"id":991,"date":"2019-10-03T10:56:42","date_gmt":"2019-10-03T10:56:42","guid":{"rendered":"http:\/\/wp.lancs.ac.uk\/sllat\/?page_id=991"},"modified":"2019-10-03T11:04:32","modified_gmt":"2019-10-03T11:04:32","slug":"programme-2018-2019","status":"publish","type":"page","link":"http:\/\/wp.lancs.ac.uk\/sllat\/programme-2018-2019\/","title":{"rendered":"Programme 2018-2019"},"content":{"rendered":"<table style=\"width: 593px;height: 702px\" width=\"0\">\n<tbody>\n<tr style=\"height: 21px\">\n<td style=\"width: 122px;height: 21px\"><strong>Date<\/strong><\/td>\n<td style=\"width: 181px;height: 21px\"><strong>Speaker<\/strong><\/td>\n<td style=\"width: 268px;height: 21px\"><strong>Title<\/strong><\/td>\n<\/tr>\n<tr style=\"height: 92px\">\n<td style=\"width: 122px;height: 92px\">Sept 11<\/p>\n<p><strong>Note: <\/strong>11am<strong>\u00a0talk<\/strong><\/td>\n<td style=\"width: 181px;height: 92px\">Rod Ellis (Curtin University)<\/td>\n<td style=\"width: 268px;height: 92px\"><a href=\"http:\/\/wp.lancs.ac.uk\/sllat\/files\/2018\/08\/Rod-Ellis-abstract.pdf\">Measuring implicit and explicit L2 knowledge:\u00a0 Implications for assessing pragmatic knowledge<\/a><\/td>\n<\/tr>\n<tr style=\"height: 43px\">\n<td style=\"width: 122px;height: 43px\">October 10<\/td>\n<td style=\"width: 181px;height: 43px\"><a href=\"https:\/\/www.researchgate.net\/profile\/Kata_Csizer\">Kata Csiz\u00e9r<\/a>\u00a0(E\u00f6tv\u00f6s Lor\u00e1nd University)<\/td>\n<td style=\"width: 268px;height: 43px\"><a href=\"http:\/\/wp.lancs.ac.uk\/sllat\/files\/2018\/10\/Lancaster_abstract_Kata.pdf\">Developing an international research project: Self-regulation in study abroad contexts<\/a><\/td>\n<\/tr>\n<tr style=\"height: 114px\">\n<td style=\"width: 122px;height: 114px\">October 26<\/p>\n<p>Note: <strong>9.30-11.00<\/strong><\/td>\n<td style=\"width: 181px;height: 114px\">Tess Fitzpatrick<\/p>\n<p>(Swansea University)<\/td>\n<td style=\"width: 268px;height: 114px\">The development of pedagogic wordlists in Welsh and implications for tests based on frequency paradigms<strong> (County South D72)<\/strong><\/td>\n<\/tr>\n<tr style=\"height: 65px\">\n<td style=\"width: 122px;height: 65px\">November 7<\/td>\n<td style=\"width: 181px;height: 65px\">Gulsah Kutuk<br \/>\n(Edge Hill University)<\/td>\n<td style=\"width: 268px;height: 65px\"><a href=\"http:\/\/wp.lancs.ac.uk\/sllat\/files\/2018\/07\/Gulsah-Kutuk-Abstract.pdf\">Development and Validation of a New Multidimensional Language Class Anxiety Scale<\/a><\/td>\n<\/tr>\n<tr style=\"height: 21px\">\n<td style=\"width: 122px;height: 21px\">November 21<\/td>\n<td style=\"width: 181px;height: 21px\"><a href=\"http:\/\/www.lancaster.ac.uk\/linguistics\/about-us\/people\/Jenefer-Philp\">Jenefer Philp<\/a>\u00a0(LAEL)<\/td>\n<td style=\"width: 268px;height: 21px\"><a href=\"http:\/\/wp.lancs.ac.uk\/sllat\/files\/2018\/11\/Jenefer-Philip.pdf\">Encouraging adolescent learners\u2019 active interaction in the FL classroom<\/a><\/td>\n<\/tr>\n<tr style=\"height: 43px\">\n<td style=\"width: 122px;height: 43px\">November 28<\/td>\n<td style=\"width: 181px;height: 43px\">Zoe Broisson<\/td>\n<td style=\"width: 268px;height: 43px\"><a href=\"http:\/\/wp.lancs.ac.uk\/sllat\/files\/2018\/11\/SLLAT-Abstract-Zoe-Broisson.pdf\">Comparative constructions in CLIL vs. Non-CLIL French-speaking Belgian learners of English: A case study<\/a> <strong>(County South B59)<\/strong><\/td>\n<\/tr>\n<tr style=\"height: 114px\">\n<td style=\"width: 122px;height: 114px\">December 6<\/p>\n<p><strong>15:00-16:30 <\/strong><\/td>\n<td style=\"width: 181px;height: 114px\">Frank Boers<\/p>\n<p>(Western University, Canada)<\/td>\n<td style=\"width: 268px;height: 114px\">Trial and error on trial: The case of phrasal verbs <strong>(County South D72)<\/strong><\/td>\n<\/tr>\n<tr style=\"height: 21px\">\n<td style=\"width: 122px;height: 21px\">January 16<\/td>\n<td style=\"width: 181px;height: 21px\">Neil Walker<br \/>\n(LAEL)<\/td>\n<td style=\"width: 268px;height: 21px\">\n<p class=\"p1\"><a href=\"http:\/\/wp.lancs.ac.uk\/sllat\/files\/2019\/01\/Neil-Walker.pdf\"><span class=\"s1\">The distributed practice effect under intentional and incidental learning conditions<\/span><\/a><\/p>\n<\/td>\n<\/tr>\n<tr style=\"height: 21px\">\n<td style=\"width: 122px;height: 21px\">February 20<\/td>\n<td style=\"width: 181px;height: 21px\">\n<p class=\"p1\">Mary Jane Abrahams (Alberto Hurtado University)<\/p>\n<\/td>\n<td style=\"width: 268px;height: 21px\"><a href=\"http:\/\/wp.lancs.ac.uk\/sllat\/files\/2019\/02\/Mary-Jane-Abrahams.pdf\">Developing and updating of the Chilean English Teacher Training Standards: cultural and socio-political contexts and implications<\/a><\/p>\n<p><strong>(County South B59)<\/strong><\/td>\n<\/tr>\n<tr style=\"height: 21px\">\n<td style=\"width: 122px;height: 21px\">February 27<\/td>\n<td style=\"width: 181px;height: 21px\"><a href=\"http:\/\/www.lancaster.ac.uk\/linguistics\/about-us\/people\/oksana-afitska\">Oksana Afitska<\/a> (LAEL)<\/td>\n<td style=\"width: 268px;height: 21px\">\n<div><a href=\"http:\/\/wp.lancs.ac.uk\/sllat\/files\/2019\/02\/Oksana-Afitska.pdf\">Doing classroom-based research: Using evidence to inform practice<\/a><\/div>\n<\/td>\n<\/tr>\n<tr style=\"height: 21px\">\n<td style=\"width: 122px;height: 21px\">March 13<\/td>\n<td style=\"width: 181px;height: 21px\">Tanjun Liu (LAEL)<\/td>\n<td style=\"width: 268px;height: 21px\">Evaluating the effect of DDL on the acquisition of academic collocations by Chinese learners of English<\/td>\n<\/tr>\n<tr>\n<td style=\"width: 122px\">March 27<\/td>\n<td style=\"width: 181px\">Bottini, Raffaella (LAEL)<\/td>\n<td style=\"width: 268px\"><a href=\"http:\/\/wp.lancs.ac.uk\/sllat\/files\/2019\/03\/Rafaella-Bottini-LAEL.pdf\">Vocabulary learning opportunities: are coursebooks enough?<\/a><\/p>\n<p><strong>(County South D72)<\/strong><\/td>\n<\/tr>\n<tr style=\"height: 21px\">\n<td style=\"width: 122px;height: 21px\">April 30<\/td>\n<td style=\"width: 181px;height: 21px\">Nour Toumi (LAEL)<\/td>\n<td style=\"width: 268px;height: 21px\"><a href=\"http:\/\/wp.lancs.ac.uk\/sllat\/files\/2019\/01\/Toumi-Nour.pdf\">Towards an efficient meta-level processing: The effects of concept mapping and summarization on second language reading and metacognitive accuracy<\/a><\/p>\n<p><strong>(County South B59)<\/strong><\/td>\n<\/tr>\n<tr style=\"height: 21px\">\n<td style=\"width: 122px;height: 21px\">May 8<\/td>\n<td style=\"width: 181px;height: 21px\">Andressa Rodrigues Gomide (LAEL)<\/td>\n<td style=\"width: 268px;height: 21px\">\n<p class=\"p1\"><a href=\"http:\/\/wp.lancs.ac.uk\/sllat\/files\/2019\/05\/Andressa-Rodrigues.pdf\"><span class=\"s1\">Corpus linguistics software: enhancing learners and educators\u2019 experience<\/span><\/a><\/p>\n<\/td>\n<\/tr>\n<tr>\n<td style=\"width: 122px\">May 22<\/td>\n<td style=\"width: 181px\">no talk<\/td>\n<td style=\"width: 268px\"><\/td>\n<\/tr>\n<tr style=\"height: 21px\">\n<td style=\"width: 122px;height: 21px\">June 5<\/td>\n<td style=\"width: 181px;height: 21px\">no talk<\/td>\n<td style=\"width: 268px;height: 21px\"><\/td>\n<\/tr>\n<tr style=\"height: 21px\">\n<td style=\"width: 122px;height: 21px\">June 19<\/td>\n<td style=\"width: 181px;height: 21px\">Bottini, Raffaella (LAEL)<\/td>\n<td style=\"width: 268px;height: 21px\"><a href=\"http:\/\/wp.lancs.ac.uk\/sllat\/files\/2019\/06\/Raffaella-Bottini-.pdf\">The effect of age on lexical preferences of test-takers: Evidence from the Trinity Lancaster Corpus<\/a><\/td>\n<\/tr>\n<tr style=\"height: 21px\">\n<td style=\"width: 122px;height: 21px\">July 5<\/p>\n<p>(Friday)<\/td>\n<td style=\"width: 181px;height: 21px\">Alison Mackey and Laura Bryfonski<\/p>\n<p>(Georgetown University)<\/td>\n<td style=\"width: 268px;height: 21px\"><a href=\"http:\/\/wp.lancs.ac.uk\/sllat\/files\/2019\/05\/Bryfonski_Talk-Abstract-and-Bio_for-Lancaster1.pdf\">Task-Based Language Teaching: Implementation and L2 Outcomes<\/a><\/td>\n<\/tr>\n<tr>\n<td style=\"width: 122px\"><\/td>\n<td style=\"width: 181px\"><\/td>\n<td style=\"width: 268px\"><\/td>\n<\/tr>\n<\/tbody>\n<\/table>\n","protected":false},"excerpt":{"rendered":"<p>Date Speaker Title Sept 11 Note: 11am\u00a0talk Rod Ellis (Curtin University) Measuring implicit and explicit L2 knowledge:\u00a0 Implications for assessing pragmatic knowledge October 10 Kata Csiz\u00e9r\u00a0(E\u00f6tv\u00f6s Lor\u00e1nd University) Developing an international research project: Self-regulation in study abroad contexts October 26 Note: 9.30-11.00 Tess Fitzpatrick (Swansea University) The development of pedagogic wordlists in Welsh and implications [&hellip;]<\/p>\n","protected":false},"author":1192,"featured_media":0,"parent":0,"menu_order":0,"comment_status":"closed","ping_status":"closed","template":"","meta":{"jetpack_post_was_ever_published":false,"footnotes":""},"class_list":["post-991","page","type-page","status-publish","hentry","post-preview"],"jetpack_sharing_enabled":true,"jetpack_shortlink":"https:\/\/wp.me\/P8b6mH-fZ","jetpack-related-posts":[],"_links":{"self":[{"href":"http:\/\/wp.lancs.ac.uk\/sllat\/wp-json\/wp\/v2\/pages\/991","targetHints":{"allow":["GET"]}}],"collection":[{"href":"http:\/\/wp.lancs.ac.uk\/sllat\/wp-json\/wp\/v2\/pages"}],"about":[{"href":"http:\/\/wp.lancs.ac.uk\/sllat\/wp-json\/wp\/v2\/types\/page"}],"author":[{"embeddable":true,"href":"http:\/\/wp.lancs.ac.uk\/sllat\/wp-json\/wp\/v2\/users\/1192"}],"replies":[{"embeddable":true,"href":"http:\/\/wp.lancs.ac.uk\/sllat\/wp-json\/wp\/v2\/comments?post=991"}],"version-history":[{"count":4,"href":"http:\/\/wp.lancs.ac.uk\/sllat\/wp-json\/wp\/v2\/pages\/991\/revisions"}],"predecessor-version":[{"id":997,"href":"http:\/\/wp.lancs.ac.uk\/sllat\/wp-json\/wp\/v2\/pages\/991\/revisions\/997"}],"wp:attachment":[{"href":"http:\/\/wp.lancs.ac.uk\/sllat\/wp-json\/wp\/v2\/media?parent=991"}],"curies":[{"name":"wp","href":"https:\/\/api.w.org\/{rel}","templated":true}]}}