{"id":1016,"date":"2019-10-04T04:08:18","date_gmt":"2019-10-04T04:08:18","guid":{"rendered":"http:\/\/wp.lancs.ac.uk\/sllat\/?page_id=1016"},"modified":"2023-06-19T15:56:26","modified_gmt":"2023-06-19T15:56:26","slug":"current-programme","status":"publish","type":"page","link":"http:\/\/wp.lancs.ac.uk\/sllat\/current-programme\/","title":{"rendered":"Current programme (2022-2023)"},"content":{"rendered":"<p><em>SLLAT talks generally take place on <strong>Wednesdays, 12pm to 1pm<\/strong>. However, this year, a few talks will take place on Thursday, 5pm to 6pm. These are joint sessions with the Heritage\/Second Language Consortium (HL2C), of which Lancaster University is part. SLLAT members are welcome (and encouraged) to attend these events, too. For more information, or to get involved, <a href=\"http:\/\/wp.lancs.ac.uk\/heritage-language\/\" target=\"_blank\" rel=\"noopener\">please visit the HL2C website<\/a>. <\/em><\/p>\n<p><em>Abstracts are usually available one week before each talk. To download the abstract, simply click on the title links.<br \/>\n<\/em><\/p>\n<p><em>Talks will take place on MS Teams. <\/em><em>We will circulate the Teams link via the SLLAT mailing list, so please remember to join our mailing list in advance (<a href=\"http:\/\/wp.lancs.ac.uk\/sllat\/programme\/\">how to join<\/a>). <\/em><\/p>\n<table style=\"height: 557px;width: 98.0322%\" width=\"97.8898%\">\n<tbody>\n<tr style=\"height: 21px\">\n<td style=\"width: 13.3735%;height: 21px\"><strong>Date<\/strong><\/td>\n<td style=\"width: 16.4509%;height: 21px\"><strong>Time<br \/>\n<\/strong><\/td>\n<td style=\"width: 30.7521%;height: 21px\"><strong>Speaker<\/strong><\/td>\n<td style=\"width: 67.5686%;height: 21px\"><strong>Title<\/strong><\/td>\n<\/tr>\n<tr style=\"height: 17px\">\n<td style=\"width: 13.3735%;height: 17px\">Oct 12<\/td>\n<td style=\"width: 16.4509%;height: 17px\">Wednesday, 12-1pm<\/td>\n<td style=\"width: 30.7521%;height: 17px\">Monika Schmid (York)<\/td>\n<td style=\"width: 67.5686%;height: 17px\"><a href=\"https:\/\/www.lancaster.ac.uk\/linguistics\/events\/hl2c-sllat-seminar-monika-schmid-york\"><em>How resilient is L2 knowledge post-instruction?<\/em><\/a><\/td>\n<\/tr>\n<tr style=\"height: 92px\">\n<td style=\"width: 13.3735%;height: 10px\">Nov 3<\/td>\n<td style=\"width: 16.4509%;height: 10px\">Thursday, 5-6pm<\/td>\n<td style=\"width: 30.7521%;height: 10px\">Maria Polinsky (Maryland)<\/td>\n<td style=\"width: 67.5686%;height: 10px\"><a href=\"https:\/\/www.lancaster.ac.uk\/linguistics\/events\/hl2c-sllat-seminar-maria-polinsky-maryland\"><i>Heritage languages and endangered languages: point and counterpoint\u00a0<\/i><\/a><\/td>\n<\/tr>\n<tr style=\"height: 92px\">\n<td style=\"width: 13.3735%;height: 17px\">Nov 16<\/td>\n<td style=\"width: 16.4509%;height: 17px\">Wednesday, 12-1pm<\/td>\n<td style=\"width: 30.7521%;height: 17px\">Brechje van Osch (Arctic University of Norway)<\/td>\n<td style=\"width: 67.5686%;height: 17px\"><a href=\"https:\/\/www.lancaster.ac.uk\/linguistics\/events\/hl2c-sllat-seminar-brechje-van-osch-arctic-university-of-norway\"><em>Cross-linguistics influence in L2 Norwegian: comparing offline and online measures<\/em><\/a><\/td>\n<\/tr>\n<tr style=\"height: 92px\">\n<td style=\"width: 13.3735%;height: 10px\">Nov 24<\/td>\n<td style=\"width: 16.4509%;height: 10px\">Thursday, 5-6pm<\/td>\n<td style=\"width: 30.7521%;height: 10px\">Ava Becker (University of Alberta)<\/td>\n<td style=\"width: 67.5686%;height: 10px\"><a href=\"https:\/\/www.lancaster.ac.uk\/linguistics\/events\/hl2c-sllat-seminar-ava-becker-university-of-alberta\"><em>Heritage language development three generations after exile: Insights from a language socialization study<\/em><i><\/i><\/a><\/td>\n<\/tr>\n<tr style=\"height: 92px\">\n<td style=\"width: 13.3735%;height: 10px\">Dec\u00a0 7<\/td>\n<td style=\"width: 16.4509%;height: 10px\">Wednesday, 12-1pm<\/td>\n<td style=\"width: 30.7521%;height: 10px\">Cindy Ge, Padraic Monaghan, and Patrick Rebuschat (Lancaster)<\/td>\n<td style=\"width: 67.5686%;height: 10px\"><a href=\"https:\/\/www.lancaster.ac.uk\/linguistics\/news\/hl2c-seminar-cindy-ge-padraic-monaghan-and-patrick-rebuschat-lancaster\"><em>The role of phonology in L2 word learning: Evidence from cross-situational statistical learning<\/em><\/a><\/td>\n<\/tr>\n<tr style=\"height: 92px\">\n<td style=\"width: 13.3735%;height: 10px\">Dec 15<\/td>\n<td style=\"width: 16.4509%;height: 10px\">Thursday, 5-6pm<\/td>\n<td style=\"width: 30.7521%;height: 10px\">\u00a0Cristina Flores (Minho), Esther Rinke and Jacopo Torregrossa (Frankfurt)<\/td>\n<td style=\"width: 67.5686%;height: 10px\"><a href=\"https:\/\/www.lancaster.ac.uk\/linguistics\/events\/hl2c-sllat-seminar-cristina-flores-minho-esther-rinke-and-jacopo-torregrossa-frankfurt\"><i>What modulates the acquisition of difficult structures in a heritage language?<\/i><\/a><\/td>\n<\/tr>\n<tr style=\"height: 95px\">\n<td style=\"width: 13.3735%;height: 10px\">Jan 26<\/td>\n<td style=\"width: 16.4509%;height: 10px\">Thursday, 5-6pm<\/td>\n<td style=\"width: 30.7521%;height: 10px\">Ana Madeira, Alexandra Fieis, Joana Teixeira (NOVA University Lisbon)<\/td>\n<td style=\"width: 67.5686%;height: 10px\"><a href=\"https:\/\/www.lancaster.ac.uk\/linguistics\/events\/hl2c-sllat-seminar-ana-madeira-alexandra-fieis-joana-teixeira-nova-university-lisbon\"><i>Clitics and null objects in L2 European Portuguese<\/i><\/a><\/td>\n<\/tr>\n<tr style=\"height: 34px\">\n<td style=\"width: 13.3735%;height: 34px\">Feb 8<\/td>\n<td style=\"width: 16.4509%;height: 34px\">Wednesday, 12-1pm<\/td>\n<td style=\"width: 30.7521%;height: 34px\">Wei Yi \u6613\u7ef4 (Beijing)<\/td>\n<td style=\"width: 67.5686%;height: 34px\"><a href=\"https:\/\/www.lancaster.ac.uk\/linguistics\/events\/hl2c-sllat-seminar-wei-yi-beijing\"><em>Statistical sensitivity, cognitive aptitudes and processing of collocations<\/em><\/a><\/td>\n<\/tr>\n<tr style=\"height: 34px\">\n<td style=\"width: 13.3735%;height: 34px\">Feb 22<\/td>\n<td style=\"width: 16.4509%;height: 34px\">Wednesday, 12-1pm<\/td>\n<td style=\"width: 30.7521%;height: 34px\">Yun-Wei Lee (Lancaster)<\/td>\n<td style=\"width: 67.5686%;height: 34px\"><i><a href=\"https:\/\/www.lancaster.ac.uk\/linguistics\/events\/hl2c-sllat-seminar-yun-wei-lee-lancaster\">The variability of bilingual language control in L1\/L2 language context<\/a><\/i><\/td>\n<\/tr>\n<tr style=\"height: 86px\">\n<td style=\"width: 13.3735%;height: 86px\">Feb 23<\/td>\n<td style=\"width: 16.4509%;height: 86px\">Thursday, 5-6pm<\/td>\n<td style=\"width: 30.7521%;height: 86px\">Gian Luigi de Rosa (Universit\u00e0 Roma Tre)<\/td>\n<td style=\"width: 67.5686%;height: 86px\"><a href=\"https:\/\/www.lancaster.ac.uk\/linguistics\/events\/hl2c-sllat-seminar-gian-luigi-de-rosa-universita-roma-tre\"><em><span class=\"x_ContentPasted2 ContentPasted0\">Grammatical<\/span><span class=\"x_ContentPasted2 ContentPasted0\"><span class=\"ContentPasted0\">\u00a0h<\/span>eritage and language<span class=\"ContentPasted0\">\u00a0m<\/span><\/span><span class=\"x_ContentPasted2 ContentPasted0\">aintenance:\u00a0<\/span><span class=\"x_ContentPasted2 ContentPasted0\">Brazilian<\/span><span class=\"x_ContentPasted2 ContentPasted0\"><span class=\"ContentPasted0\">\u00a0h<\/span>eritage speakers\u00a0<\/span><span class=\"x_ContentPasted2 ContentPasted0\">in contact with<span class=\"ContentPasted0\">\u00a0<\/span><\/span><span class=\"x_ContentPasted2 ContentPasted0\">Italian<\/span><\/em><\/a><\/td>\n<\/tr>\n<tr style=\"height: 17px\">\n<td style=\"width: 13.3735%;height: 10px\">Mar 1<\/td>\n<td style=\"width: 16.4509%;height: 10px\">Wednesday, 5-6pm<\/td>\n<td style=\"width: 30.7521%;height: 10px\">Manuel Pulido (Pennsylvania State)<\/td>\n<td style=\"width: 67.5686%;height: 10px\"><a href=\"https:\/\/www.lancaster.ac.uk\/language-learning\/events\/hl2c-sllat-seminar-manuel-pulido-pennsylvania-state\"><i><span class=\"s4\">L<\/span><span class=\"s4\">earning <\/span><span class=\"s4\">and generalization <\/span><span class=\"s4\">of L1-L2 incongruent collocations: <\/span><span class=\"s4\">Evidence from <\/span><span class=\"s4\">behavior<\/span><span class=\"s4\"> and brain potentials<\/span><\/i><\/a><\/td>\n<\/tr>\n<tr style=\"height: 92px\">\n<td style=\"width: 13.3735%;height: 10px\">Mar 8<\/td>\n<td style=\"width: 16.4509%;height: 10px\">Wednesday, 12-1pm<\/td>\n<td style=\"width: 30.7521%;height: 10px\">Gwen Brekelmans (QMUL)<\/td>\n<td style=\"width: 67.5686%;height: 10px\"><a href=\"https:\/\/www.lancaster.ac.uk\/linguistics\/events\/hl2c-sllat-seminar-gwen-brekelmans-qmul\"><i>Language learning across the ages: the role of talker variability<\/i><\/a><\/td>\n<\/tr>\n<tr style=\"height: 34px\">\n<td style=\"width: 13.3735%;height: 34px\">Mar 15<\/td>\n<td style=\"width: 16.4509%;height: 34px\">Wednesday, 12-1pm<\/td>\n<td style=\"width: 30.7521%;height: 34px\">Sarah Si Chen (Hong Kong Polytechnic)<\/td>\n<td style=\"width: 67.5686%;height: 34px\"><a href=\"https:\/\/www.lancaster.ac.uk\/linguistics\/events\/hl2c-sllat-seminar-sarah-si-chen-hong-kong-polytechnic\"><i>Modelling representations in speech normalization of prosodic cues by native and non-native speakers<\/i><\/a><\/td>\n<\/tr>\n<tr style=\"height: 92px\">\n<td style=\"width: 13.3735%;height: 10px\">Mar 23<\/td>\n<td style=\"width: 16.4509%;height: 10px\">Thursday, 5-6pm<\/td>\n<td style=\"width: 30.7521%;height: 10px\">Fatih Bayram (Arctic University Norway)<\/td>\n<td style=\"width: 67.5686%;height: 10px\"><a href=\"https:\/\/www.lancaster.ac.uk\/linguistics\/events\/hl2c-sllat-seminar-fatih-bayram-arctic-university-norway\"><em>To be confirmed<\/em><\/a><\/td>\n<\/tr>\n<tr style=\"height: 95px\">\n<td style=\"width: 13.3735%;height: 95px\">April 27<\/td>\n<td style=\"width: 16.4509%;height: 95px\">Thursday, 5-6pm<\/td>\n<td style=\"width: 30.7521%;height: 95px\">Paulo Santos, S\u00f3nia Valente Rodrigues, Isabel Margarida Duarte, Simone Tom\u00e9, F\u00e1tima Silva, \u00c2ngela Carvalho, F\u00e1tima Outeirinho, Lu\u00eds Fardilha (Porto)<\/td>\n<td style=\"width: 67.5686%;height: 95px\"><a href=\"https:\/\/www.lancaster.ac.uk\/linguistics\/events\/hl2c-sllat-seminar-isabel-margarida-duarte-paulo-santos-fatima-outeirinho-simone-auf-der-maur-fatima-silva-angela-carvalho-sonia-rodrigues-porto\"><em><span class=\"s2\">Characterization of Portuguese <\/span><span class=\"s2\">l<\/span><span class=\"s2\">anguage <\/span><span class=\"s2\">h<\/span><span class=\"s2\">eritage <\/span><span class=\"s2\">t<\/span><span class=\"s2\">eachers: A <\/span><span class=\"s2\">p<\/span><span class=\"s2\">reliminary <\/span><span class=\"s2\">s<\/span><span class=\"s2\">tudy<\/span><\/em><\/a><\/td>\n<\/tr>\n<tr style=\"height: 92px\">\n<td style=\"width: 13.3735%;height: 10px\">May 17<\/td>\n<td style=\"width: 16.4509%;height: 10px\">Wednesday, 12-1pm<\/td>\n<td style=\"width: 30.7521%;height: 10px\">Hilal \u015eahin (University of Education Schw\u00e4bisch Gm\u00fcnd)<\/td>\n<td style=\"width: 67.5686%;height: 10px\"><a href=\"https:\/\/www.lancaster.ac.uk\/linguistics\/events\/hl2c-sllat-seminar-hilal-sahin-university-of-education-schwabisch-gmund\"><em>Pre-service EFL teachers\u2019 professional identity development in a course on multilingualism<\/em><\/a><\/td>\n<\/tr>\n<tr style=\"height: 51px\">\n<td style=\"width: 13.3735%;height: 51px\">May 24<\/td>\n<td style=\"width: 16.4509%;height: 51px\">Wednesday, 12-1pm<\/td>\n<td style=\"width: 30.7521%;height: 51px\">Raffaella Bottini (Lancaster University)<\/td>\n<td style=\"width: 67.5686%;height: 51px\"><a href=\"https:\/\/www.lancaster.ac.uk\/linguistics\/events\/hl2c-sllat-seminar-raffaella-bottini-lancaster\"><em><i>T<\/i><i>ask effects on l<\/i><i><span lang=\"EN-US\">exical complexity in L2 English speech: Evidence from the Trinity Lancaster Corpus<\/span><\/i><\/em><\/a><\/td>\n<\/tr>\n<tr style=\"height: 92px\">\n<td style=\"width: 13.3735%;height: 10px\">May 25<\/td>\n<td style=\"width: 16.4509%;height: 10px\">Thursday, 5-6pm<\/td>\n<td style=\"width: 30.7521%;height: 10px\" width=\"301\">Olesya Kisselev (U of Texas &#8211; San Antonio)<\/td>\n<td style=\"width: 67.5686%;height: 10px\" width=\"301\"><a href=\"https:\/\/www.lancaster.ac.uk\/linguistics\/events\/hl2c-sllat-seminar-olesya-kisselev-u-of-texas-san-antonio\"><em>Corpus linguistics methods in the study of learner language varieties: Using automatic measures of linguistic complexity to measure development, gains, and proficiency in second and heritage learners of Russian.<\/em><\/a><\/td>\n<\/tr>\n<tr style=\"height: 34px\">\n<td style=\"width: 13.3735%;height: 34px\">June 14<\/td>\n<td style=\"width: 16.4509%;height: 34px\">Wednesday, 12-1pm<\/td>\n<td style=\"width: 30.7521%;height: 34px\">M\u00edriam Buend\u00eda Castro (University of Granada, Spain)<\/td>\n<td style=\"width: 67.5686%;height: 34px\"><a href=\"https:\/\/www.lancaster.ac.uk\/language-learning\/events\/hl2c-sllat-seminar-miriam-buendia-castro-university-of-granada-spain\"><em>Design of a school science dictionary (English-Spanish) for bilingual primary schools in Spain<\/em><\/a><\/td>\n<\/tr>\n<\/tbody>\n<\/table>\n","protected":false},"excerpt":{"rendered":"<p>SLLAT talks generally take place on Wednesdays, 12pm to 1pm. However, this year, a few talks will take place on Thursday, 5pm to 6pm. These are joint sessions with the Heritage\/Second Language Consortium (HL2C), of which Lancaster University is part. SLLAT members are welcome (and encouraged) to attend these events, too. For more information, or [&hellip;]<\/p>\n","protected":false},"author":401,"featured_media":0,"parent":0,"menu_order":0,"comment_status":"closed","ping_status":"closed","template":"","meta":{"footnotes":""},"class_list":["post-1016","page","type-page","status-publish","hentry","post-preview"],"jetpack_sharing_enabled":true,"jetpack_shortlink":"https:\/\/wp.me\/P8b6mH-go","jetpack-related-posts":[],"_links":{"self":[{"href":"http:\/\/wp.lancs.ac.uk\/sllat\/wp-json\/wp\/v2\/pages\/1016","targetHints":{"allow":["GET"]}}],"collection":[{"href":"http:\/\/wp.lancs.ac.uk\/sllat\/wp-json\/wp\/v2\/pages"}],"about":[{"href":"http:\/\/wp.lancs.ac.uk\/sllat\/wp-json\/wp\/v2\/types\/page"}],"author":[{"embeddable":true,"href":"http:\/\/wp.lancs.ac.uk\/sllat\/wp-json\/wp\/v2\/users\/401"}],"replies":[{"embeddable":true,"href":"http:\/\/wp.lancs.ac.uk\/sllat\/wp-json\/wp\/v2\/comments?post=1016"}],"version-history":[{"count":150,"href":"http:\/\/wp.lancs.ac.uk\/sllat\/wp-json\/wp\/v2\/pages\/1016\/revisions"}],"predecessor-version":[{"id":1396,"href":"http:\/\/wp.lancs.ac.uk\/sllat\/wp-json\/wp\/v2\/pages\/1016\/revisions\/1396"}],"wp:attachment":[{"href":"http:\/\/wp.lancs.ac.uk\/sllat\/wp-json\/wp\/v2\/media?parent=1016"}],"curies":[{"name":"wp","href":"https:\/\/api.w.org\/{rel}","templated":true}]}}