{"id":1279,"date":"2019-09-04T15:20:36","date_gmt":"2019-09-04T15:20:36","guid":{"rendered":"http:\/\/wp.lancs.ac.uk\/shakespearelangproject\/?page_id=1279"},"modified":"2019-09-13T11:49:04","modified_gmt":"2019-09-13T11:49:04","slug":"access","status":"publish","type":"page","link":"http:\/\/wp.lancs.ac.uk\/shakespearelang\/project-resources\/access\/","title":{"rendered":"Access to corpora"},"content":{"rendered":"<p>You can access our datasets via the Lancaster University CQPweb server:<\/p>\n<ol>\n<li>Create an account on <a href=\"https:\/\/cqpweb.lancs.ac.uk\" target=\"_blank\" rel=\"noopener noreferrer\">cqpweb.lancs.ac.uk<\/a> if you don&#8217;t already have one.\n<ul>\n<li>From the main page, click on <b>Create account<\/b>.<\/li>\n<li>Complete the form, submit it, and then click the link that will be emailed to you to validate your account.<\/li>\n<li>Make a note of the username of your newly-created account. You will need it for the signup-form below.<\/li>\n<li><em>If you already have a CQPweb account, you do not need to create another one.<\/em><\/li>\n<\/ul>\n<\/li>\n<li>Then return to this page, read through the terms of use, and complete the signup form below. (Some of the details duplicate those that you needed to enter when creating your CQPweb account \u2013 sorry about that!)<\/li>\n<li>By submitting the online form, you affirm that you have read and understand the terms of use, and that you agree to abide by them.<\/li>\n<li>Your CQPweb account will be granted access to the corpus immediately. (<a href=\"http:\/\/corpora.lancs.ac.uk\/esc-user-service\/index.php\">Click here for direct links to the corpora.<\/a>)<\/li>\n<\/ol>\n<p><style>\r\n\/* extra styling for a licence-box *\/\r\n\r\ndiv.licenceBox {\r\n\tdisplay: block;\r\n\tmargin-top: 50px;\r\n\tmargin-bottom: 50px;\r\n\tmargin-left: auto;\r\n\tmargin-right: auto;\r\n\twidth: 95%;\r\n\tbackground-color: #ffffdd;\r\n\tfont-family: \"Times New Roman\", Times, serif;\r\n\tcolor: black;\r\n\tborder: 3px dashed LightGrey; \r\n\tpadding-left: 40px;\r\n\tpadding-right: 40px;\r\n}\r\n\r\ndiv.licenceBox > h1 {\r\n    font-weight:bold;\r\n}\r\ndiv.licenceBox > h2 {\r\n    font-style:italic;\r\n}\r\ndiv.licenceBox > h1, div.licenceBox > h2 {\r\n\tcolor:black;\r\n\tfont-size: 1.5em;\r\n} \r\n\r\ndiv.licenceScroll {\r\n\toverflow: scroll; \r\n\theight: 400px;\r\n}\r\n\r\n\r\n#signup-form input {\r\n       line-height:normal;\r\n       margin:1px;\r\n}\r\n\r\n<\/style>\r\n\r\n\r\n<div class=\"licenceBox licenceScroll\">\r\n\r\n\t<!-- this is the RAW licence HTML; remember to embed this in an appropriately-classed <div> to pick up styles for the elements within! -->\r\n\r\n<h1>Enhanced Shakespearean Corpus: Terms of Use<\/h1>\r\n\r\n<h2>Definitions<\/h2>\r\n\r\n<ul>\r\n\r\n\t<li><strong>You<\/strong>: the individual signing to agree to these terms and conditions. <\/li>\r\n\r\n\t<li><strong>We\/Us<\/strong>: the AHRC-funded <em>Encyclopedia of Shakespeare\u2019s Language<\/em> Project and its participants. <\/li>\r\n\r\n\t<li><strong>Enhanced Shakespearean Corpus (ESC)<\/strong>: a multipart textual dataset, each component having a specific name and abbreviation. <\/li>\r\n\r\n\t<li>\r\n\t\t<strong>ESC: First Folio Plus (ESC:Folio)<\/strong>: the component consisting of the plays of William Shakespeare, \r\n\t\tspecifically the edition contained in the First Folio, or (for those plays not in the First Folio) a Quarto edition. \r\n\t\t<\/li>\r\n\r\n\t<li><strong>ESC: Comparative Plays (ESC:Comp)<\/strong>: the component consisting of Early Modern English plays selected as a suitable point of comparison for the plays of Shakespeare. <\/li>\r\n\r\n\t<li><strong>ESC: EEBO-TCP Segment (ESC:EEBO)<\/strong>: the component consisting of a segment of the EEBO-TCP Phase I texts, other than plays. <\/li>\r\n\r\n\t<li><strong>ESC: Quartos<\/strong>: the component consisting of editions of Shakespeare\u2019s plays in quarto. <\/li>\r\n\r\n\t<li><strong>ESC: Verse<\/strong>: the component consisting of Shakespeare\u2019s verse. <\/li>\r\n\r\n\t<li>\r\n\t\t<strong>Enhancements<\/strong>: all enhancements made to the above datasets including, among others: unified XML structure; \r\n\t\trectified character attribution; addition of layers of regularised spelling, part-of-speech annotation, semantic annotation and \r\n\t\tlemmatisation; and connections with newly-compiled textual and character metadata.  \r\n\t<\/li>\r\n\r\n<\/ul>\r\n\r\n\r\n<h2>Intellectual property<\/h2>\r\n\r\n<ol>\r\n\t<li>\r\n\t\tIP in the underlying electronic texts of the ESC:Folio belongs to the <strong><em>University of Victoria<\/em><\/strong> and \r\n\t\tis licensed under a <a href=https:\/\/creativecommons.org\/licenses\/by-nc-sa\/4.0\/legalcode target=_blank> Creative Commons \r\n\t\tAttribution-Noncommercial-ShareAlike 4.0 International License<\/a> (CC BY-NC-SA).\r\n\t<\/li>\r\n\r\n\t<li>\r\n\t\tIP in the underlying electronic texts used in ESC:Comp and ESC:EEBO belongs to the <strong><em>Text Creation Partnership<\/em><\/strong> (TCP), \r\n\t\tas they are drawn from the EEBO-TCP phase 1 release. The TCP\u2019s terms on the use of EEBO-TCP phase 1 may be found here:  \r\n\t\t<a href=https:\/\/www.textcreationpartnership.org\/tcp-eebo\/ target=_blank>https:\/\/www.textcreationpartnership.org\/tcp-eebo\/<\/a>\r\n\t<\/li>\r\n\r\n\t<li>\r\n\t\tIP in the Enhancements made to these texts by <strong>Us<\/strong> belongs to <strong><em>Lancaster University<\/em><\/strong>. \r\n\t\t<strong>We<\/strong> make them available under the terms stated in this document. \r\n\t<\/li>\r\n\r\n<\/ol>\r\n\r\n<p>\r\n\tYour use of this IP is subject to the <a href=https:\/\/creativecommons.org\/licenses\/by-nc-sa\/4.0\/legalcode target=_blank>Creative Commons \r\n\tAttribution-Noncommercial-ShareAlike 4.0 International License<\/a> (CC BY-NC-SA). \r\n<\/p>\r\n\r\n\r\n<h2>License<\/h2>\r\n\r\n<p>We ask that <strong>you fulfil the requirements of the CC BY-NC-SA<\/strong> license as follows: <\/p>\r\n\r\n<h3>Attribution<\/h3>\r\n\r\n<p>By making use of the Enhancements under these terms of use, <strong>you agree<\/strong> that you will attribute their creation to <strong>Us<\/strong>. <\/p>\r\n\r\n<p>\r\n\tParticularly <strong>we request that<\/strong>, in any academic writing (published or unpublished) that you may produce on the basis of your use of the \r\n\tEnhancements, <strong>you credit us<\/strong> by citing, in the usual format for your field, the primary reference publication for each of the \r\n\tcomponent corpora that you make use of. \r\n<\/p>\r\n\r\n<p>The primary reference citations are as follows:<\/p>\r\n\r\n<ul>\r\n\t<li>\r\n\t\tESC:Folio\r\n\t\t<blockquote>\r\n\t\tCulpeper, Jonathan, Hardie, Andrew, Demmen, Jane, Timperley, Matt and Hughes, Jennifer (in preparation). \r\n\t\tSupporting studying Shakespeare: Structural markup and grammatical annotation enhancing a corpus of the First Folio. <em>Journal tbc<\/em>.\r\n\t\t<\/blockquote>\r\n\t<\/li>\r\n\r\n\t<li>\r\n\t\tESC:Comp\r\n\t\t<blockquote>\r\n\t\tDemmen, Jane (submitted). \r\n\t\tIssues and challenges in compiling a corpus of early modern English plays for comparison with those of William Shakespeare. <em>Journal tbc<\/em>. \r\n\t\t<\/blockquote>\r\n\t<\/li>\r\n\r\n\t<li>\r\n\t\tESC:EEBO\r\n\t\t<blockquote>\r\n\t\tMurphy, Sean (2019). \r\n\t\tShakespeare and his contemporaries: Designing a genre classification scheme for Early English Books Online 1560\u20131640. <em>ICAME Journal 43<\/em>(1): 59-82. \r\n\t\t<\/blockquote>\r\n\t<\/li>\r\n\r\n\t<li>\r\n\t\tESC:Quartos\r\n\t\t<blockquote>\r\n\t\tCulpeper, Jonathan, Hardie, Andrew, Demmen, Jane, Timperley, Matt and Hughes, Jennifer (in preparation). \r\n\t\tSupporting studying Shakespeare: Structural markup and grammatical annotation enhancing a corpus of the First Folio. <em>Journal tbc<\/em>. \r\n\t\t<\/blockquote>\r\n\t<\/li>\r\n\r\n\t<li>\r\n\t\tESC:Verse\r\n\t\t<blockquote>\r\n\t\tCulpeper, Jonathan, Hardie, Andrew, Demmen, Jane, Timperley, Matt and Hughes, Jennifer (in preparation). \r\n\t\tSupporting studying Shakespeare: Structural markup and grammatical annotation enhancing a corpus of the First Folio. <em>Journal tbc<\/em>. \r\n\t\t<\/blockquote>\r\n\t<\/li>\r\n<\/ul>\r\n\r\n\r\n<p>\r\n\t<strong>We ask you to<\/strong> (but you do not have to) inform us of such publications through our website, so that we can list them in appropriate \r\n\tpublic bibliographies of research that uses the Enhancements.\r\n<\/p>\r\n\r\n<h3>No commercial use<\/h3>\r\n\r\n<p>\r\n\t<strong>You may not<\/strong> make commercial use of the Enhancements under these Terms of Use. If <strong>you wish<\/strong> to make commercial use \r\n\tof the material, please contact us (<a href=mailto:j.culpeper@lancaster.ac.uk target=_blank>j.culpeper@lancaster.ac.uk<\/a>). \r\n\tWe reserve the right to grant or not grant permission for such uses, at our discretion, based on the precise nature of the request \r\n\tand any such intellectual property issues as may arise.\r\n<\/p>\r\n\r\n<h3>Share Alike<\/h3>\r\n\r\n<p>\r\n\t<strong>You are free<\/strong> to transform or build upon the Enhancements. However, if you wish to distribute your contributions,\r\n\t<strong>you must<\/strong> distribute them under the same licence as we apply here to the Enhancements.\r\n<\/p>\r\n\r\n<p>\r\n\t<strong>You may not<\/strong> add any additional restrictions to the terms of use that you apply to any such contributions. Please refer to \r\n\t<a href=https:\/\/creativecommons.org\/licenses\/by-nc-sa\/4.0\/legalcode target=_about_blank>Creative Commons Attribution-Noncommercial-ShareAlike 4.0 International License<\/a> \r\n\t(CC BY-NC-SA) for more details.\r\n<\/p>\r\n\r\n\r\n<\/div><\/p>\n<p><form id=\"signup-form\" action=\"http:\/\/corpora.lancs.ac.uk\/esc-user-service\/do-signup.php\" method=\"post\">\r\n\t\r\n\r\n\t<table width=\"95%\">\r\n\t\t<tr>\r\n\t\t\t<td colspan=\"2\">\r\n\t\t\t\t<b>Now complete the following form.<\/b>\r\n\t\t\t<\/td>\r\n\t\t<\/tr>\r\n\r\n\t\t<tr>\r\n\t\t\t<td>Please tick to confirm this statement:<\/td>\r\n\t\t\t<td>\r\n\t\t\t\t<input type=\"checkbox\" name=\"confirmRead\" value=\"yes\">\r\n\t\t\t\tI confirm that I have read, and agree to, the terms of use above.\r\n\t\t\t<\/td>\r\n\t\t<\/tr>\r\n\r\n\t\t<tr>\r\n\t\t\t<td>Please enter your name:<\/td>\r\n\t\t\t<td>\r\n\t\t\t\t<input type=\"text\" name=\"name\">\r\n\t\t\t<\/td>\r\n\t\t<\/tr>\r\n\r\n\t\t<tr>\r\n\t\t\t<td>\r\n\t\t\t\tPlease enter your institutional affiliation:\r\n\t\t\t\t<br>\r\n\t\t\t\t(leave empty if none)\r\n\t\t\t<\/td>\r\n\t\t\t<td>\r\n\t\t\t\t<input type=\"text\" name=\"affiliation\">\r\n\t\t\t<\/td>\r\n\t\t<\/tr>\r\n\r\n\t\t<tr>\r\n\t\t\t<td>Please select your country \/ location:<\/td>\r\n\t\t\t<td>\r\n\t\t\t\t<select name=\"country\">\r\n\t\t\t\t\t<option selected>Choose from list...<\/option>\r\n\t\t\t\t\t<option value=\"00\">--Unknown or not specified--<\/option><option value=\"AF\">Afghanistan<\/option><option value=\"AL\">Albania<\/option><option value=\"DZ\">Algeria<\/option><option value=\"AS\">American Samoa<\/option><option value=\"AD\">Andorra<\/option><option value=\"AO\">Angola<\/option><option value=\"AI\">Anguilla<\/option><option value=\"AQ\">Antarctica<\/option><option value=\"AG\">Antigua and Barbuda<\/option><option value=\"AR\">Argentina<\/option><option value=\"AM\">Armenia<\/option><option value=\"AW\">Aruba<\/option><option value=\"AU\">Australia<\/option><option value=\"AT\">Austria<\/option><option value=\"AZ\">Azerbaijan<\/option><option value=\"BS\">Bahamas<\/option><option value=\"BH\">Bahrain<\/option><option value=\"BD\">Bangladesh<\/option><option value=\"BB\">Barbados<\/option><option value=\"BY\">Belarus<\/option><option value=\"BE\">Belgium<\/option><option value=\"BZ\">Belize<\/option><option value=\"BJ\">Benin<\/option><option value=\"BM\">Bermuda<\/option><option value=\"BT\">Bhutan<\/option><option value=\"BO\">Bolivia<\/option><option value=\"BQ\">Bonaire, Sint Eustatius and Saba<\/option><option value=\"BA\">Bosnia and Herzegovina<\/option><option value=\"BW\">Botswana<\/option><option value=\"BV\">Bouvet Island<\/option><option value=\"BR\">Brazil<\/option><option value=\"IO\">British Indian Ocean Territory<\/option><option value=\"BN\">Brunei<\/option><option value=\"BG\">Bulgaria<\/option><option value=\"BF\">Burkina Faso<\/option><option value=\"BI\">Burundi<\/option><option value=\"KH\">Cambodia<\/option><option value=\"CM\">Cameroon<\/option><option value=\"CA\">Canada<\/option><option value=\"CV\">Cape Verde<\/option><option value=\"KY\">Cayman Islands<\/option><option value=\"CF\">Central African Republic<\/option><option value=\"TD\">Chad<\/option><option value=\"CL\">Chile<\/option><option value=\"CN\">China<\/option><option value=\"CX\">Christmas Island<\/option><option value=\"CC\">Cocos (Keeling) Islands<\/option><option value=\"CO\">Colombia<\/option><option value=\"KM\">Comoros<\/option><option value=\"CG\">Congo-Brazzaville<\/option><option value=\"CD\">Congo-Kinshasa<\/option><option value=\"CK\">Cook Islands<\/option><option value=\"CR\">Costa Rica<\/option><option value=\"HR\">Croatia<\/option><option value=\"CU\">Cuba<\/option><option value=\"CW\">Cura\u00e7ao<\/option><option value=\"CY\">Cyprus<\/option><option value=\"CZ\">Czech Republic<\/option><option value=\"CI\">C\u00f4te D\u2019Ivoire<\/option><option value=\"DK\">Denmark<\/option><option value=\"DJ\">Djibouti<\/option><option value=\"DM\">Dominica<\/option><option value=\"DO\">Dominican Republic<\/option><option value=\"EC\">Ecuador<\/option><option value=\"EG\">Egypt<\/option><option value=\"SV\">El Salvador<\/option><option value=\"GQ\">Equatorial Guinea<\/option><option value=\"ER\">Eritrea<\/option><option value=\"EE\">Estonia<\/option><option value=\"ET\">Ethiopia<\/option><option value=\"FK\">Falkland Islands<\/option><option value=\"FO\">Faroe Islands<\/option><option value=\"FM\">Federated States of Micronesia<\/option><option value=\"FJ\">Fiji<\/option><option value=\"FI\">Finland<\/option><option value=\"FR\">France<\/option><option value=\"GF\">French Guiana<\/option><option value=\"PF\">French Polynesia<\/option><option value=\"TF\">French Southern Territories<\/option><option value=\"GA\">Gabon<\/option><option value=\"GM\">Gambia<\/option><option value=\"GE\">Georgia<\/option><option value=\"DE\">Germany<\/option><option value=\"GH\">Ghana<\/option><option value=\"GI\">Gibraltar<\/option><option value=\"GR\">Greece<\/option><option value=\"GL\">Greenland<\/option><option value=\"GD\">Grenada<\/option><option value=\"GP\">Guadeloupe<\/option><option value=\"GU\">Guam<\/option><option value=\"GT\">Guatemala<\/option><option value=\"GG\">Guernsey<\/option><option value=\"GN\">Guinea<\/option><option value=\"GW\">Guinea-Bissau<\/option><option value=\"GY\">Guyana<\/option><option value=\"HT\">Haiti<\/option><option value=\"HM\">Heard Island and Mcdonald Islands<\/option><option value=\"HN\">Honduras<\/option><option value=\"HK\">Hong Kong<\/option><option value=\"HU\">Hungary<\/option><option value=\"IS\">Iceland<\/option><option value=\"IN\">India<\/option><option value=\"ID\">Indonesia<\/option><option value=\"IR\">Iran<\/option><option value=\"IQ\">Iraq<\/option><option value=\"IE\">Ireland<\/option><option value=\"IM\">Isle of Man<\/option><option value=\"IL\">Israel<\/option><option value=\"IT\">Italy<\/option><option value=\"JM\">Jamaica<\/option><option value=\"JP\">Japan<\/option><option value=\"JE\">Jersey<\/option><option value=\"JO\">Jordan<\/option><option value=\"KZ\">Kazakhstan<\/option><option value=\"KE\">Kenya<\/option><option value=\"KI\">Kiribati<\/option><option value=\"KW\">Kuwait<\/option><option value=\"KG\">Kyrgyzstan<\/option><option value=\"LA\">Laos<\/option><option value=\"LV\">Latvia<\/option><option value=\"LB\">Lebanon<\/option><option value=\"LS\">Lesotho<\/option><option value=\"LR\">Liberia<\/option><option value=\"LY\">Libya<\/option><option value=\"LI\">Liechtenstein<\/option><option value=\"LT\">Lithuania<\/option><option value=\"LU\">Luxembourg<\/option><option value=\"MO\">Macao<\/option><option value=\"MK\">Macedonia<\/option><option value=\"MG\">Madagascar<\/option><option value=\"MW\">Malawi<\/option><option value=\"MY\">Malaysia<\/option><option value=\"MV\">Maldives<\/option><option value=\"ML\">Mali<\/option><option value=\"MT\">Malta<\/option><option value=\"MH\">Marshall Islands<\/option><option value=\"MQ\">Martinique<\/option><option value=\"MR\">Mauritania<\/option><option value=\"MU\">Mauritius<\/option><option value=\"YT\">Mayotte<\/option><option value=\"MX\">Mexico<\/option><option value=\"MD\">Moldova<\/option><option value=\"MC\">Monaco<\/option><option value=\"MN\">Mongolia<\/option><option value=\"ME\">Montenegro<\/option><option value=\"MS\">Montserrat<\/option><option value=\"MA\">Morocco<\/option><option value=\"MZ\">Mozambique<\/option><option value=\"MM\">Myanmar<\/option><option value=\"NA\">Namibia<\/option><option value=\"NR\">Nauru<\/option><option value=\"NP\">Nepal<\/option><option value=\"NL\">Netherlands<\/option><option value=\"AN\">Netherlands Antilles<\/option><option value=\"NC\">New Caledonia<\/option><option value=\"NZ\">New Zealand<\/option><option value=\"NI\">Nicaragua<\/option><option value=\"NE\">Niger<\/option><option value=\"NG\">Nigeria<\/option><option value=\"NU\">Niue<\/option><option value=\"NF\">Norfolk Island<\/option><option value=\"MP\">Northern Mariana Islands<\/option><option value=\"KP\">North Korea<\/option><option value=\"NO\">Norway<\/option><option value=\"OM\">Oman<\/option><option value=\"PK\">Pakistan<\/option><option value=\"PW\">Palau<\/option><option value=\"PS\">Palestine<\/option><option value=\"PA\">Panama<\/option><option value=\"PG\">Papua New Guinea<\/option><option value=\"PY\">Paraguay<\/option><option value=\"PE\">Peru<\/option><option value=\"PH\">Philippines<\/option><option value=\"PN\">Pitcairn<\/option><option value=\"PL\">Poland<\/option><option value=\"PT\">Portugal<\/option><option value=\"PR\">Puerto Rico<\/option><option value=\"QA\">Qatar<\/option><option value=\"RO\">Romania<\/option><option value=\"RU\">Russia<\/option><option value=\"RW\">Rwanda<\/option><option value=\"RE\">R\u00e9union<\/option><option value=\"BL\">Saint Barth\u00e9lemy<\/option><option value=\"SH\">Saint Helena, Ascension and Tristan da Cunha<\/option><option value=\"KN\">Saint Kitts and Nevis<\/option><option value=\"LC\">Saint Lucia<\/option><option value=\"MF\">Saint Martin (French)<\/option><option value=\"PM\">Saint Pierre and Miquelon<\/option><option value=\"VC\">Saint Vincent and the Grenadines<\/option><option value=\"WS\">Samoa<\/option><option value=\"SM\">San Marino<\/option><option value=\"SA\">Saudi Arabia<\/option><option value=\"SN\">Senegal<\/option><option value=\"RS\">Serbia<\/option><option value=\"SC\">Seychelles<\/option><option value=\"SL\">Sierra Leone<\/option><option value=\"SG\">Singapore<\/option><option value=\"SX\">Sint Maarten (Dutch)<\/option><option value=\"SK\">Slovakia<\/option><option value=\"SI\">Slovenia<\/option><option value=\"SB\">Solomon Islands<\/option><option value=\"SO\">Somalia<\/option><option value=\"ZA\">South Africa<\/option><option value=\"GS\">South Georgia and South Sandwich Islands<\/option><option value=\"KR\">South Korea<\/option><option value=\"SS\">South Sudan<\/option><option value=\"ES\">Spain<\/option><option value=\"LK\">Sri Lanka<\/option><option value=\"SD\">Sudan<\/option><option value=\"SR\">Suriname<\/option><option value=\"SJ\">Svalbard and Jan Mayen<\/option><option value=\"SZ\">Swaziland<\/option><option value=\"SE\">Sweden<\/option><option value=\"CH\">Switzerland<\/option><option value=\"SY\">Syria<\/option><option value=\"ST\">S\u00e3o Tom\u00e9 and Pr\u00edncipe<\/option><option value=\"TW\">Taiwan<\/option><option value=\"TJ\">Tajikistan<\/option><option value=\"TZ\">Tanzania<\/option><option value=\"TH\">Thailand<\/option><option value=\"TL\">Timor-Leste<\/option><option value=\"TG\">Togo<\/option><option value=\"TK\">Tokelau<\/option><option value=\"TO\">Tonga<\/option><option value=\"TT\">Trinidad and Tobago<\/option><option value=\"TN\">Tunisia<\/option><option value=\"TR\">Turkey<\/option><option value=\"TM\">Turkmenistan<\/option><option value=\"TC\">Turks and Caicos Islands<\/option><option value=\"TV\">Tuvalu<\/option><option value=\"UG\">Uganda<\/option><option value=\"UA\">Ukraine<\/option><option value=\"AE\">United Arab Emirates<\/option><option value=\"GB\">United Kingdom<\/option><option value=\"UM\">United States Minor Outlying Islands<\/option><option value=\"US\">United States of America<\/option><option value=\"UY\">Uruguay<\/option><option value=\"UZ\">Uzbekistan<\/option><option value=\"VU\">Vanuatu<\/option><option value=\"VA\">Vatican City<\/option><option value=\"VE\">Venezuela<\/option><option value=\"VN\">Vietnam<\/option><option value=\"VG\">Virgin Islands, British<\/option><option value=\"VI\">Virgin Islands, U.S.<\/option><option value=\"WF\">Wallis and Futuna<\/option><option value=\"EH\">Western Sahara<\/option><option value=\"YE\">Yemen<\/option><option value=\"ZM\">Zambia<\/option><option value=\"ZW\">Zimbabwe<\/option><option value=\"AX\">\u00c5land Islands<\/option>\t\t\t\t<\/select>\r\n\t\t\t<\/td>\r\n\t\t<\/tr>\r\n\r\n\t\t<tr>\r\n\t\t\t<td>\r\n\t\t\t\tPlease enter your email address:\r\n\t\t\t\t<br>\r\n\t\t\t\t(and check it carefully!)\r\n\t\t\t<\/td>\r\n\t\t\t<td>\r\n\t\t\t\t<input type=\"email\" name=\"email\">\r\n\t\t\t<\/td>\r\n\t\t<\/tr>\r\n\r\n\r\n\t\t<tr>\r\n\t\t\t<td>\r\n\t\t\t\tPlease enter your CQPweb username:\r\n\t\t\t\t<br>\r\n\t\t\t\t(and check it carefully!)\r\n\t\t\t<\/td>\r\n\t\t\t<td>\r\n<!-- \t\t\t\t<input type=\"text\" name=\"cqpwebName\" placeholder=\"(not needed for corpus download)\"> -->\r\n\t\t\t\t<input type=\"text\" name=\"cqpwebName\" placeholder=\"type username here\">\r\n\t\t\t<\/td>\r\n\t\t<\/tr>\r\n\t\t\r\n\r\n<!-- \t\t<tr> -->\r\n<!-- \t\t\t<td>Tick here if you wish to download the corpus:<\/td> -->\r\n<!-- \t\t\t<td> -->\r\n<!-- \t\t\t\t<input type=\"checkbox\" name=\"requestDownload\" value=\"yes\"> -->\r\n<!-- \t\t\t\t(Download will begin after you sign the licence)  -->\r\n<!-- \t\t\t<\/td> -->\r\n<!-- \t\t<\/tr> -->\r\n\t\r\n\t\t\r\n\t\t<tr>\r\n\t\t\t<td colspan=\"2\">\r\n\t\t\t\tFinally: type your name again below, as an electronic signature, to indicate\r\n\t\t\t\tthat you agree to use the ESC according to the terms of use above. \r\n\t\t\t<\/td>\r\n\t\t<\/tr>\r\n \r\n\r\n\t\t<tr>\r\n\t\t\t<td colspan=\"2\" style=\"text-align:center;\">\r\n\t\t\t\t<input width=\"200\" size=\"50\" type=\"text\" name=\"signature\">\r\n\t\t\t<\/td>\r\n\t\t<\/tr>\r\n\r\n\r\n\t\t<tr>\r\n\t\t\t<td colspan=\"2\" style=\"text-align:center;\"> \r\n\t\t\t\t<input type=\"submit\" VALUE=\"Click here to sign the form and get access to the data\">\r\n\t\t\t<\/td>\r\n\t\t<\/tr>\r\n\t<\/table>\r\n<\/form><\/p>\n","protected":false},"excerpt":{"rendered":"<p>You can access our datasets via the Lancaster University CQPweb server: Create an account on cqpweb.lancs.ac.uk if you don&#8217;t already have one. From the main page, click on Create account. Complete the form, submit it, and then click the link &hellip; <a href=\"http:\/\/wp.lancs.ac.uk\/shakespearelang\/project-resources\/access\/\">Continue reading <span class=\"meta-nav\">&rarr;<\/span><\/a><\/p>\n","protected":false},"author":37,"featured_media":0,"parent":1112,"menu_order":2,"comment_status":"closed","ping_status":"closed","template":"","meta":{"footnotes":""},"class_list":["post-1279","page","type-page","status-publish","hentry"],"jetpack_sharing_enabled":true,"_links":{"self":[{"href":"http:\/\/wp.lancs.ac.uk\/shakespearelang\/wp-json\/wp\/v2\/pages\/1279","targetHints":{"allow":["GET"]}}],"collection":[{"href":"http:\/\/wp.lancs.ac.uk\/shakespearelang\/wp-json\/wp\/v2\/pages"}],"about":[{"href":"http:\/\/wp.lancs.ac.uk\/shakespearelang\/wp-json\/wp\/v2\/types\/page"}],"author":[{"embeddable":true,"href":"http:\/\/wp.lancs.ac.uk\/shakespearelang\/wp-json\/wp\/v2\/users\/37"}],"replies":[{"embeddable":true,"href":"http:\/\/wp.lancs.ac.uk\/shakespearelang\/wp-json\/wp\/v2\/comments?post=1279"}],"version-history":[{"count":10,"href":"http:\/\/wp.lancs.ac.uk\/shakespearelang\/wp-json\/wp\/v2\/pages\/1279\/revisions"}],"predecessor-version":[{"id":1303,"href":"http:\/\/wp.lancs.ac.uk\/shakespearelang\/wp-json\/wp\/v2\/pages\/1279\/revisions\/1303"}],"up":[{"embeddable":true,"href":"http:\/\/wp.lancs.ac.uk\/shakespearelang\/wp-json\/wp\/v2\/pages\/1112"}],"wp:attachment":[{"href":"http:\/\/wp.lancs.ac.uk\/shakespearelang\/wp-json\/wp\/v2\/media?parent=1279"}],"curies":[{"name":"wp","href":"https:\/\/api.w.org\/{rel}","templated":true}]}}