{"id":199,"date":"2013-10-25T08:08:45","date_gmt":"2013-10-25T08:08:45","guid":{"rendered":"http:\/\/wp.lancs.ac.uk\/shakespeare\/?page_id=199"},"modified":"2013-10-25T11:08:42","modified_gmt":"2013-10-25T11:08:42","slug":"programme-overview","status":"publish","type":"page","link":"http:\/\/wp.lancs.ac.uk\/shakespeare\/events\/2012-2\/programme-overview\/","title":{"rendered":"Shakespeare Inside-out: Programme"},"content":{"rendered":"<h2>Friday 24 February 2012<\/h2>\n<p><a title=\"Programme\" href=\"http:\/\/wp.lancs.ac.uk\/shakespeare\/programme\/\">View programme with Abstracts<\/a><\/p>\n<p>Publishers\u2019 Displays in Conference Centre and Faraday Lecture Complex<\/p>\n<h2>Plenary I: Chair: Alison Findlay<\/h2>\n<p>&#8216;Getting Past Two Dimensional Staging&#8217; &#8211; Professor Andrew Gurr, University of Reading, the Globe Theatre and Rose Theatre.<\/p>\n<h2>Panel 1: Shakespeare and Children (2.00-3.30 Conference Centre Room 1)\u00a0 Chair: Sarah Olive<\/h2>\n<p>\u2018Why, all this while I ha\u2019 but played a part\u2019 (Antonio\u2019s Revenge 4.5.47): Exposing the Child in Marston and Jonson, Shehzana Mamujee (Newcastle University)<\/p>\n<p>Speaking Like a Child: Staging Children\u2019s Speech in Shakespearean Drama, Lucy Munro, Keele University.<\/p>\n<p>\u201cJust Boys Really&#8230;\u201d In the Company of Edward\u2019s Boys, Perry Mills, King Edward\u2019s School, Stratford-upon-Avon.<\/p>\n<h2>Panel 2: Water \u2013 Surface, Depth, Meaning<br \/>\nChair: Steve Longstaffe<\/h2>\n<p>Antonio \u2018against a sea of troubles\u2019 in the The Merchant of Venice, Sara Trevisan, University of Warwick.<\/p>\n<p>Turning the Early Modern Thames Outside In and Inside Out, Jemima Matthews, Nottingham University<\/p>\n<p>\u2018Disliken the truth of your own seeming\u2019: Female Seafaring in Early Modern Drama, Maria Shmygol, Liverpool University.<\/p>\n<h2>Panel 3: Shakespeare\u2019s Inside-Out Communities<br \/>\nChair: Hilary Hinds<\/h2>\n<p>&#8216;This physic&#8217;: Prayer as immune space in early modern English drama and poetry, Joseph Sterrett, Aarhus University, Denmark.<\/p>\n<p>At a Safe Distance: Protection and Exclusion in 2 Henry IV, Katie Knowles, University of Liverpool.<\/p>\n<p>Immunity and Silence on Shakespeare\u2019s Stage, Anne Sophie Haahr-Refskou, Aarhus University, Denmark.<\/p>\n<h2>Panel 4: Shakespeare and Music<br \/>\nChair: Alison Findlay<\/h2>\n<p>Silver Sounds and Moody Food: Composing and Historical Performance at Shakespeare\u2019s Globe Theatre, William Lyons, The Guildhall School of Music &amp; Drama and The Royal College of Music.<\/p>\n<p>Shakespeare and Jazz: Turning Meanings Inside Out, Helen Wilcox, Bangor University, Wales and Allan Wilcox (jazz bassist)<\/p>\n<h2>Panel 5: Romeo and Juliet \u2013 Open Rehearsal and Discussion<br \/>\nHelen Tozer, Lancaster Girls Grammar School.<\/h2>\n<p>3.30-4.00\u00a0\u00a0 Tea \/ Coffee\u00a0 Faraday Lecture Complex<br \/>\nPublishers\u2019 displays<\/p>\n<h2>Plenary II: (4.00 pm Faraday Lecture Theatre)<br \/>\nChair: Peter J. Smith<\/h2>\n<p>Smiles That Reveal, Smiles That Conceal, Professor Bob White (Winthrop Professor\u00a0 in English and Cultural Studies and co-director of the Australian Research Council Centre of Excellence for the History of Emotions in Europe 1100-1800)<\/p>\n<p>5 pm \u2013 6 pm:\u00a0 Conference Reception, Lancaster Institute for Contemporary Arts Building (LICA)<\/p>\n<p>Welcome by Professor Bob McKinlay (Deputy Vice-Chancellor)<\/p>\n<p>Launch of the British Shakespeare Assocation&#8217;s \u2018Teaching Shakespeare\u2019<\/p>\n<p>6.00 p.m. Coaches depart from outside the LICA building for Lancaster City Centre<\/p>\n<p>7.30 pm:\u00a0\u00a0\u00a0 Performances<\/p>\n<p>Much Ado About Nothing at Lancaster Castle<\/p>\n<p>Love\u2019s Labour\u2019s Lost, Northern Broadsides, Duke\u2019s Theatre, Lancaster<\/p>\n<h2>Saturday 25 February 2012<\/h2>\n<h2>Plenary III:<\/h2>\n<p>\u2018The Tempest at 400: Verona: \u201cAbstraction and Allegory\u201d: Making The Tempest Mean\u2019, Professor Kate McLuskie, Emeritus Professor, The Shakespeare Institute, University of Birmingham.<\/p>\n<p>10-10.30 Tea \/ coffee Faraday Lecture Complex<\/p>\n<h2>Panel 6: Picturing Shakespeare<br \/>\nChair: Stuart Sillars<\/h2>\n<p>Painting The Tempest, Alan O\u2019Cain (artist and designer)<\/p>\n<p>Winding Blake\u2019s Fiery Pegasus; the Art of Illustrating Metaphor, Siri Vevle, University of Bergen.<\/p>\n<p>Know\u2019st me not by my clothes?, Sylvia Morris (Head of Library and Archive, Shakespeare Birthplace Trust)<\/p>\n<h2>Panel 7: Teaching Shakespeare Inside-Out<br \/>\nChair: James Stredder<\/h2>\n<p>Innovative approaches to Shakespeare&#8217;s Works in Education, Sarah Olive, Lecturer in English in Education, University of York.<\/p>\n<p>\u201cFrom the table of my memory\u201d: Blogging Shakespeare in\/out of the classroom, Peter Kirwan, University of Nottingham.<\/p>\n<p>&#8216;How popular media can be used in the classroom to facilitate understanding of Shakespeare?, Kathryn Westwood, University of Manchester.<\/p>\n<h2>Panel 8: Screenings<br \/>\nChair: Liz Oakley-Brown<\/h2>\n<p>Cold War Shakespeare: Secret Interior or Public Square?, Erica Sheen, University of York.<\/p>\n<p>Asian Shakespeare Intercultural Archive (A|S|I|A): A New Digital Project for Developing Research and Pedagogy, Kaori Kobayashi, Nagoya City University, Japan.<\/p>\n<p>Kenneth Branagh\u2019s Shakespeare Films, Kevin Murray, Queen\u2019s University, Belfast.<\/p>\n<h2>Panel 9: Bodying Forth<br \/>\nChair: Hilary Hinds<\/h2>\n<p>Bodying Forth: Shakespeare and Stage Materiality, Dr. Matthew Wagner, University of Surrey.<\/p>\n<p>Hermione\u2019s Statue and Petruchio\u2019s foot: Spectacle, Ekphrasis and the persuasive power of performance, Kathleen O\u2019Leary, St. Helens College.<\/p>\n<p>&#8216;Problem-Play Dramaturgy in Measure for Measure and Othello, David Margolies, Goldsmiths University.<\/p>\n<h2>Panel 10: Intertexts<br \/>\nChair: Kerry Gilbert<\/h2>\n<p>\u2018Her arms do lend his neck a sweet embrace: \/ Incorp\u2019rate then they seem; face grows to face\u2019: Ovid\u2019s tale of Salmacis and Hermaphroditus as a source text for Shakespeare\u2019s Venus and Adonis, Cathleen McKague, The Shakespeare Institute, University of Birmingham<\/p>\n<p>Lions and Tigers and Bears, Oh My! Shakespeare\u2019s Transformation of his Sources in The Winter\u2019s Tale and A Midsummer Night\u2019s Dream, Katherine Heavey, Newcastle University.<\/p>\n<p>Inside Out Down Under: Reworking Shakespeare in New Zealand, Megan Murray-Pepper, King&#8217;s College London.<\/p>\n<h2>Panel 11: Shakespeare and Language<br \/>\nChair: Jonathan Culpeper<\/h2>\n<p>&#8220;Shakespeare and Early\/Modern English&#8221;, Paula Blank, College of William &amp; Mary.<\/p>\n<p>&#8216;Close Encounters: The Rhetoric of the un-natural in &#8216;Hamlet&#8221;, Katie Wales, University of Nottingham.<\/p>\n<h2>Panel 12: Workshop Much Ado About Nothing<\/h2>\n<p>Gemma North, Richard Hand and Sue McCormick (Demi-Paradise Productions)<\/p>\n<p>12.00-1.30\u00a0\u00a0 LUNCH \u2013 Hot and Cold buffet served in the Conference Centre<\/p>\n<h2>Panel 13: Shakespeare Human Surfaces and Depths<br \/>\nChair: Andrew Hiscock<\/h2>\n<p>\u2018Shakespeare and the History of Human Experience\u2019, Erin Sullivan, Shakespeare Institute, University of Birmingham.<\/p>\n<p>\u2018A Prolegomenon to \u201cShakespearience\u201d\u2019, Ewan Fernie, Shakespeare Institute, University of Birmingham.<\/p>\n<p>\u2018Shakespeare and Depth\u2019, Andy Mousley, De Montfort University.<\/p>\n<h2>Panel 14: Shakespeare in Performance<\/h2>\n<p>Stuart Hampton-Reeves (Chair), Professor of Drama, University of Central Lancashire<br \/>\nPresenters: Jami Rogers, Darren Tunstall and Stephen Purcell.<\/p>\n<h2>Panel 15: Radical Politics<br \/>\nChair: Liz Oakley-Brown<\/h2>\n<p>The relationship between surface and depth in Shakespeare\u2019s plays as seen through Karl Marx\u2019s reading of them, Christian Smith, University of Warwick.<\/p>\n<p>Shakespeare v The BNP: Beyond a skin-deep Bard, Dr Adam Hansen, Northumbria University.<\/p>\n<p>\u201cWe have seen the best of our time\u201d: (King) Lear\u2019s politics of the present, Sam Haddow, University of Nottingham.<\/p>\n<h2>Panel 16: Shakespeare, Children and Pedagogy<br \/>\nChair: Sarah Olive<\/h2>\n<p>&#8216;From love in earnest to love in play&#8217;: Layering Cels and Meaning in Shakespeare: The Animated Tales, Kate Harvey, Trinity College Dublin<\/p>\n<p>\u2018It represents a real baby\u2019: Performing Shakespeare&#8217;s Children for Child Audiences, Kate Chedgzoy, Newcastle University.<\/p>\n<p>\u201cReeling word-drunk\u201d: The Experience of Text in Children&#8217;s Shakespeare Fictions, Chloe Stopa-Hunt (poet and critic)<\/p>\n<h2>Panel 17: Much Ado About Nothing<br \/>\nChair: Eleanor Rycroft<\/h2>\n<p>&#8220;What is Innogen thinking?&#8221; John Drakakis, University of Stirling<\/p>\n<p>Misapprehension of the Senses in Much Ado About Nothing, Paul Innes, Glasgow University.<\/p>\n<p>The Club Tropicana Much A Dr Who About Nothing, Julie Raby, York St John University.<\/p>\n<h2>Panel 18: &#8216;Unlocking Shakespeare Unlocking Prisoners &#8211; Macbeth becomes &#8216;Mickey B&#8217; in maximum security&#8217;<\/h2>\n<p>A Screening of Mickey B by Tom Magill introduced by Tom Magill (Educational Shakespeare Company) and Ramona Wray (Queen&#8217;s University Belfast)<\/p>\n<p>3.15-4.00 Tea \/ Coffee<\/p>\n<h2>Plenary IV:<\/h2>\n<p>From the Inside-Out: Fifty Years of Making Meaning at the RSC, Cicely Berry in Conversation with Dr Alycia Smith-Howard , author of Studio Shakespeare: The Royal Shakespeare Company at The Other Place (Ashgate, 2006).<\/p>\n<p>5.30 pm \u2013 7.00 pm: Reception<\/p>\n<p>British Shakespeare Association&#8217;s 10th Anniversary Celebrations including<\/p>\n<p>6.30-7.00 The Tempest, dir. Marion Plowright, Ripley St. Thomas School, Lancaster (Auditorium, Storey Creative Industries Centre)\u00a0 Entry by ticket (free but as seating will be limited, only by advance reservation by emailing the conference organiser a.g.findlay@lancaster.ac.uk)<\/p>\n<h2>Sunday 26 February 2012<\/h2>\n<h2>Plenary V:<\/h2>\n<p>Shakespeare and Aesthetic Identity: Depth\/Surface\/Meaning, Professor Stuart Sillars, University of Bergen.<\/p>\n<h2>Panel 20<\/h2>\n<p>Much Ado About Nothing and Site-Specific Production, Steve Tomlin (Producer); Sue McCormick (Director); Jude Glendinning (Musical Director). (10.00-11.00 Conference Centre Room 4) Chair: Alison Findlay<\/p>\n<h2>Panel 21: Screening the Surface (10.00 am \u2013 11.30 am Conference Centre Room 3) Chair: Becky Coleman<\/h2>\n<p>From the Film of the Skin to \u2018The Skin of the Film\u2019: Corporeal Surfaces in As You Like It, Liz Oakley-Brown, Lancaster University.<\/p>\n<p>Shakespeare&#8217;s \u2018Tragedy of Blood\u2019 Reassessed: On the Recuperation of Titus Andronicus\u2019s Affective Surface, Xavier Aldana Reyes, Lancaster University.<\/p>\n<p>Hairs, heirs, and airs: Masculine subjectivity in Hamlet and Macbeth, Eleanor Rycroft, Lancaster University.<\/p>\n<p>The Mask of the Refuser, Richard Chamberlain, Northampton University.<\/p>\n<h2>Panel 22: Early Modern Stage Traffic<br \/>\nChair: Jean E. Howard<\/h2>\n<p>Shakespeare\u2019s Stage Traffic, Janet Clare, University of Hull.<\/p>\n<p>\u201cNothing, but the understanding Gentlemen o&#8217;the Ground\u201d: Citizens of the London Stage. Diana Barnes, University of Tasmania.<\/p>\n<p>Transcribing Theatre History: What Henry Herbert&#8217;s Office Book Can Tell us&#8217;, Eleanor Collins (Oxford University Press).<\/p>\n<h2>Panel 23: Inside and Outside the Book<br \/>\nChair: Erin Sullivan<\/h2>\n<p>Publishers&#8217; perspectives, Sarah Stanton (Cambridge University Press) and Matthew Frost (Manchester University Press)<\/p>\n<p>The Influence of Anxiety(?): Thoughts on the Supposed &#8216;Crisis in Editing&#8217; and the use of Editions in Pedagogical Practice, Will Sharpe, University of Leeds.<\/p>\n<h2>Panel 24: Shakespeare and I<br \/>\nChair: Ramona Wray<\/h2>\n<p>Panel leaders: Will McKenzie (Birkbeck, London) Theodora Papadopoulou (University of Cyprus), Participants: Simon Palfrey (Brasenose College, Oxford University), Richard Wilson (Cardiff University) Phil Davis (University of Liverpool), Paul Edmondson (Shakespeare Birthplace Trust).<\/p>\n<h2>Panel 25: \u2018Feeling Shakespeare&#8217;s Language: a practical workshop for teachers at all levels,\u00a0 Ros King (Southampton University)<\/h2>\n<h2>Panel 26: Shakespeare\u2019s Language and Style Seminar<br \/>\nJonathan Culpeper (Chair), Lancaster University, and Mireille Ravassat, Valenciennes University, France.<\/h2>\n<p>Participants: Carson Bergstrom, Peter Groves, Jos\u00e9 L. Oncins-Mart\u00ednez, Michael Ingham, Jonathan Hope, Iolanda Plescia, Urszula Kizelbach, Russ McDonald, Giles Goodland, John Bigelow, Hugh Craig. Respondent: Paula Blank.<\/p>\n<p>Carson BERGSTROM, University of Salford, Manchester, UK, Shakespeare\u2019s use of the pun from the perspective of neuro-and-cognitive science.<\/p>\n<p>John BIGELOW, Monash University, Australia, \u2018Changing the beat: did he deliberate?\u2019<\/p>\n<p>Giles GOODLAND, Oxford English Dictionary<\/p>\n<p>Hugh CRAIG, University of Newcastle, Australia, Sisters under the skin: characters with different names and authors but deep stylistic affinities.<\/p>\n<p>Peter GROVES, Monash University, Australia, Profiling Shakespeare&#8217;s Pentameter.<\/p>\n<p>Jonathan HOPE, Strathclyde University, The very large textual surface: digital approaches to meaning<\/p>\n<p>Richard INGHAM, Birmingham City University &amp; Michael INGHAM, Lingnan University, Hong Kong, Diachronic variables, proximity, and distance in the verse dramas of Shakespeare and his contemporaries.<\/p>\n<p>Urszula KIZELBACH, Adam Mickiewicz University, Pozna\u0144, Poland, \u2018All is true that is mistrusted\u2019 or the pragmatic study of jealousy in Othello and The Winter\u2019s Tale by William Shakespeare.<\/p>\n<p>Russ MCDONALD, Goldsmiths College, University of London, Pretty rooms: the Shakespearean sonnet in context.<\/p>\n<p>Jos\u00e9 Luis ONCINS MART\u00cdNEZ, C\u00e1ceres University, Spain, News or tidings? Stylistic markedness and emotions in Shakespeare\u2019s plays.<\/p>\n<p>Iolanda PLESCIA, Sapienza University of Rome, Expressions of futurity in Shakespearean dialogue.<\/p>\n<p>11.30-12.00 Coffee \/ Tea\u00a0\u00a0 Faraday Lecture Complex<\/p>\n<p>12.00-1.00 Panel Sessions and Workshops<\/p>\n<h2>Panel 27: Shakespeare and Optics<br \/>\nChair: Hilary Hinds<\/h2>\n<p>Shakespeare Does Cultural History: Optics of Disenchantment, Nick Davis, Liverpool University.<\/p>\n<p>Bottom translated: Shakespeare\u2019s fourth wall as a mirror of folly, M A Katritzky (Open University)<\/p>\n<h2>Panel 28: Lines and Ciphers in Shakespeare\u2019s Histories<br \/>\nChair: John Drakakis<\/h2>\n<p>Do you want me to draw you a picture?\u00a0 Clarity and genealogy in the history plays, Dr Pete Orford, The Shakespeare Institute, University of Birmingham.<\/p>\n<p>Shakespeare\u2019s Cipher: the Appearance of Character in Henry V, Matthew J. Smith, University of California<\/p>\n<h2>Panel 29: Digital Gateways to Shakespeare<br \/>\nChair: Erin Sullivan<\/h2>\n<p>Exploring the value of teaching English through adaptations of Shakespeare to non-native learners, Dr. Lucia Garcia Magaldi, University of Cordoba, Spain.<\/p>\n<p>Shakespeare and Digitalised Departures From Text and Stage: How Do Adaptations or Retellings of Shakespeare Act As Gateways To and From the Text?, Poonperm Paitayawat, Royal Holloway.<\/p>\n<h2>Panel 30: Inside Out Down Under<br \/>\nChair: Kathleen O\u2019Leary.<\/h2>\n<p>Please note: Papers in this panel have been reassigned to panels 10 and 36 respectively: Inside Out Down Under: Reworking Shakespeare in New Zealand, Megan Murray-Pepper, King\u2019s College London; and Text, body, site: Anglo-American and M\u0101ori Merchant(s) of Venice, Kornelia Taborska, Adam Mickiewicz University in Pozna\u0144, Poland.<\/p>\n<h2>Panel 31: Love\u2019s Labour\u2019s Lost<br \/>\nChair: Liz Oakley-Brown<\/h2>\n<p>Transformations of the Catholic ritual of the Eucharist in Love\u2019s Labour\u2019s Lost, Ayako Kawanami, Gakuin University, Japan.<\/p>\n<p>\u2018This Civil War of Wits\u2019: Shakespeare\u2019s Love\u2019s Labour\u2019s Lost and Mary Sidney\u2019s Antonius, Daniel Cadman, Sheffield Hallam University.<\/p>\n<h2>Panel 32: Regional Shakespeare: Directors\u2019 Panel<br \/>\nPeter J. Smith and Alison Findlay (Chair) in discussion with Barrie Rutter, David Thacker, Helena Kaut-Howson<\/h2>\n<p>1.00 \u2013 2.00 LUNCH\u00a0 Hot and Cold buffet served in the Conference Centre<\/p>\n<h2>2.00-3.30\u00a0 Panels and Workshops<\/h2>\n<p>\u2018Language and Style Seminar\u2019 (Continued)<\/p>\n<h2>Panel 33: Self-Representation and Self-Government<br \/>\nChair: Stephen Curtis<\/h2>\n<p>Secrecy, Privacy, and Power in Middleton and Shakespeare, Eoin Price, The Shakespeare Institute, University of Birmingham.<\/p>\n<p>\u2018I am he\u2019: seeking the performative self beneath the surface of Julius Caesar\u2019s third person, Miryana Dimitrova, University of London.<\/p>\n<p>\u2018The \u201cantic disposition\u201d: madness and justice in Shakespeare, Webster and Brome\u2019, Dr Jessica Dyson, University of Portsmouth.<\/p>\n<h2>Panel 34: Women and Bewitchment<br \/>\nChair: Eleanor Rycroft<\/h2>\n<p>\u2018I\u2019ll catch thine eyes\u2019 \u2013 Fascination on Shakespeare\u2019s stage, Sibylle Baumbach,\u00a0 University of Mainz.<\/p>\n<p>\u201cWrestling with Sibyls: Reattribution of Sibylline Agency in Macbeth\u201d, Jessica L. Malay, University of Huddersfield.<\/p>\n<p>\u2018Throw her forth\u2019: r\/ejecting women in Titus Andronicus, Marion Wynne-Davies, University of Surrey.<\/p>\n<h2>Panel 35: Histories and Performance Histories<br \/>\nChair: Stuart Hampton Reeves<\/h2>\n<p>Shakespeare, the Play of History and the War on Memory, Andrew Hiscock, Bangor University.<\/p>\n<p>A rose is a rose?\u00a0 Doubling in Michael Boyd\u2019s production of Shakespeare\u2019s Histories, Imke Pannen,University of Bonn, Germany.<\/p>\n<p>History Inside-Out Prophecy, Ideology, and Historiography In 1 and 2 Henry IV, Lee Rooney, University of Liverpool.<\/p>\n<h2>Panel 36: Ritual Violence<br \/>\nChair: Liz Oakley-Brown<\/h2>\n<p>&#8216;The Empty Box in Timon of Athens&#8217;, Graham Atkin, University of Chester.<\/p>\n<p>&#8220;Timon of Athens (1606?) and Timon (1602?): Ritualistic Violence and Rhetorical Violence; When is Misanthropy not Misanthropy?&#8221;, Steve Orman, Canterbury Christ Church University.<\/p>\n<p>Text, body, site: Anglo-American and M\u0101ori Merchant(s) of Venice, Kornelia Taborska, Adam Mickiewicz University in Pozna\u0144, Poland.<\/p>\n<h2>Panel 37: Hamlet<\/h2>\n<p>Turning Hamlet Inside-out: Barton\u2019s 1980-81 RSC Production, Thea Buckley, Shakespeare Institute.<\/p>\n<p>Welcome and\/as Farewell: Loyalty in Hamlet, Q1 and Q2, Assoc. Prof. Dr. J\u00fcrgen Meyer, Institute for English and American Studies, Martin-Luther-University Halle-Wittenberg, Germany<\/p>\n<p>Lost in translation? A Western Viewer (Mis)Reads a Chinese Production of Hamlet, Saffron Walkling, University of York and York St John University.<\/p>\n<h2>Panel 38: Sympathy<br \/>\nChair: Bob White<\/h2>\n<p>\u2018[T]he senseless brands will sympathize \/ The heavy accent of thy moving tongue\u2019: Shakespeare and the Imitation of Sympathy, Richard Meek, University of Hull.<\/p>\n<p>\u201cI see it feelingly\u201d: Seeing surfaces and feeling truth in King Lear and Hamlet, Zhiyan Zhang, University of Exeter.<\/p>\n<p>\u2018(S)wept from power: two versions of tyrannicide in Richard III\u2019, Ann Kaegi, University of Hull.<\/p>\n<h2>Panel 39: \u2018Clowning\u2019 Workshop and paper<br \/>\nChair: Steve Longstaffe<\/h2>\n<p>How were Elizabethan clowning sequences performed? What kinds of clues are there in printed texts? And just how full a picture do such texts actually give us?, Dr Stephen Purcell, University of Warwick.<\/p>\n<p>Placing and Spacing the Clown: Launce in The Two Gentlemen of Verona, Elizabeth Ford, Cardiff University.<\/p>\n<p>3.30-4.00\u00a0 Coffee \/ Tea served Faraday Lecture Complex<\/p>\n<h2>Plenary VI:<\/h2>\n<p>Men Who Weep: Affective Politics in the English History Play, Professor Jean E. Howard, George Delacorte Professor in the Humanities Columbia University<\/p>\n<p>Chair: Liz Oakley-Brown<\/p>\n<p>Closing Plenary: (6.00 pm \u2013 7.00 pm, The Duke\u2019s Theatre, Lancaster)<\/p>\n<p>Shakespeare Bites Back!\u00a0 Professor Stanley Wells and Dr Paul Edmondson Stand Up for Shakespeare as the Author of his Works.<\/p>\n<p><a title=\"Programme\" href=\"http:\/\/wp.lancs.ac.uk\/shakespeare\/programme\/\">View programme with Abstracts<\/a><\/p>\n<p><a title=\"2012\" href=\"http:\/\/wp.lancs.ac.uk\/shakespeare\/events\/2012-2\/\">\u00abBack<\/a><\/p>\n","protected":false},"excerpt":{"rendered":"<p>Friday 24 February 2012 View programme with Abstracts Publishers\u2019 Displays in Conference Centre and Faraday Lecture Complex Plenary I: Chair: Alison Findlay &#8216;Getting Past Two Dimensional Staging&#8217; &#8211; Professor Andrew Gurr, University of Reading, the Globe Theatre and Rose Theatre. &hellip; <a href=\"http:\/\/wp.lancs.ac.uk\/shakespeare\/events\/2012-2\/programme-overview\/\">Continue reading <span class=\"meta-nav\">&rarr;<\/span><\/a><\/p>\n","protected":false},"author":32,"featured_media":0,"parent":45,"menu_order":0,"comment_status":"closed","ping_status":"closed","template":"","meta":{"footnotes":""},"class_list":["post-199","page","type-page","status-publish","hentry"],"_links":{"self":[{"href":"http:\/\/wp.lancs.ac.uk\/shakespeare\/wp-json\/wp\/v2\/pages\/199","targetHints":{"allow":["GET"]}}],"collection":[{"href":"http:\/\/wp.lancs.ac.uk\/shakespeare\/wp-json\/wp\/v2\/pages"}],"about":[{"href":"http:\/\/wp.lancs.ac.uk\/shakespeare\/wp-json\/wp\/v2\/types\/page"}],"author":[{"embeddable":true,"href":"http:\/\/wp.lancs.ac.uk\/shakespeare\/wp-json\/wp\/v2\/users\/32"}],"replies":[{"embeddable":true,"href":"http:\/\/wp.lancs.ac.uk\/shakespeare\/wp-json\/wp\/v2\/comments?post=199"}],"version-history":[{"count":10,"href":"http:\/\/wp.lancs.ac.uk\/shakespeare\/wp-json\/wp\/v2\/pages\/199\/revisions"}],"predecessor-version":[{"id":202,"href":"http:\/\/wp.lancs.ac.uk\/shakespeare\/wp-json\/wp\/v2\/pages\/199\/revisions\/202"}],"up":[{"embeddable":true,"href":"http:\/\/wp.lancs.ac.uk\/shakespeare\/wp-json\/wp\/v2\/pages\/45"}],"wp:attachment":[{"href":"http:\/\/wp.lancs.ac.uk\/shakespeare\/wp-json\/wp\/v2\/media?parent=199"}],"curies":[{"name":"wp","href":"https:\/\/api.w.org\/{rel}","templated":true}]}}