{"id":155,"date":"2018-02-02T19:57:55","date_gmt":"2018-02-02T19:57:55","guid":{"rendered":"http:\/\/wp.lancs.ac.uk\/rede-cidada-am\/?page_id=155"},"modified":"2018-02-02T20:03:41","modified_gmt":"2018-02-02T20:03:41","slug":"reduzindo-inseguranca-alimentar-e-nutricional-em-maues","status":"publish","type":"page","link":"http:\/\/wp.lancs.ac.uk\/rede-cidada-am\/reduzindo-inseguranca-alimentar-e-nutricional-em-maues\/","title":{"rendered":"Reduzindo inseguran\u00e7a alimentar e nutricional em Mau\u00e9s"},"content":{"rendered":"<p><span style=\"text-decoration: underline;color: #0000ff\"><strong><span style=\"font-size: 18pt\">Resultados de Caf\u00e9 criativo<\/span> <\/strong><\/span><br \/>\n<em>Oficina Rede Cidad\u00e3, Mau\u00e9s\/AM 16 e 17 de novembro de 2017<\/em><\/p>\n<p><strong>S\u00edntese do di\u00e1logo progressivo das cinco mesas de trabalho \u2013 <\/strong>as a\u00e7\u00f5es e pr\u00e1ticas sugeridas pelos participantes foram classificadas em temas, pelos pesquisadores, e s\u00e3o apresentadas aqui desta forma para auxiliar na identifi\u00e7\u00e3o dos principais t\u00f3picos apontados. Mantivemos o sentido original de todas as sugest\u00f5es, como foram verbalizadas nas mesas, por\u00e9m resumimos e agrupamos algumas das sugest\u00f5es para facilitar a compreens\u00e3o do conte\u00fado. Al\u00e9m da divis\u00e3o por tema, as sugest\u00f5es foram divididas entre aquelas que podem servir para ambas as zonas (rural e urbana) e aquelas exclusivas para a zona rural ou urbana.<\/p>\n<p><span style=\"font-size: 14pt\"><strong>Pergunta 1: <\/strong>Quais a\u00e7\u00f5es ou pr\u00e1ticas podem reduzir a inseguran\u00e7a alimentar e nutricional na <strong><em>zona rural<\/em><\/strong> de Mau\u00e9s?<\/span><br \/>\n<span style=\"font-size: 14pt\"> <strong>Pergunta 2.:<\/strong> Quais a\u00e7\u00f5es ou pr\u00e1ticas podem reduzir inseguran\u00e7a alimentar e nutricional na <strong><em>zona urbana<\/em><\/strong> de Mau\u00e9s?<\/span><\/p>\n<p><span style=\"font-size: 18pt\"><strong><span style=\"color: #0000ff\">Tema: Informa\u00e7\u00e3o &#8211; a\u00e7\u00f5es pedag\u00f3gicas\/educacionais, orienta\u00e7\u00e3o e capacita\u00e7\u00e3o<\/span> <\/strong><\/span><\/p>\n<ol>\n<li><strong><u>A\u00e7\u00f5es e pr\u00e1ticas tanto para a zona rural quanto para a urbana<\/u><\/strong><\/li>\n<\/ol>\n<ul>\n<li>Palestras e outras atividades sobre educa\u00e7\u00e3o nutricional em escolas, domic\u00edlios e igrejas &#8211; conscientiza\u00e7\u00e3o e orienta\u00e7\u00e3o sobre como comer melhor.<\/li>\n<li>Orienta\u00e7\u00e3o para incentivar as pessoas a comprarem menos alimentos ultraprocessados, a\u00e7\u00facar (no caf\u00e9 e nos sucos em geral), sal, gordura e salgadinhos, como militos, e indicar os benef\u00edcios do consumo de alimentos <em>in natura<\/em>.<\/li>\n<li>Informa\u00e7\u00f5es sobre alimentos muito nutritivos locais (ex. leite de sementes de jerimum).<\/li>\n<li>As a\u00e7\u00f5es pedag\u00f3gicas incentivando a dieta composta de alimentos locais, como forma de respeitar e resgatar os costumes e h\u00e1bitos alimentares<\/li>\n<li>A\u00e7\u00f5es pedag\u00f3gicas como instrumento de divulga\u00e7\u00e3o do problema da inseguran\u00e7a alimentar. Estas a\u00e7\u00f5es informariam a popula\u00e7\u00e3o sobre o tema e podem resultar no reconhecimento de pessoas que sofrem de inseguran\u00e7a alimentar.<\/li>\n<li>Como iniciativa do poder p\u00fablico desenvolver programas de educa\u00e7\u00e3o em medicina preventiva.<\/li>\n<li>A escola \u00e9 um ambiente prop\u00edcio para iniciar essa orienta\u00e7\u00e3o e a merenda escolar deve servir tamb\u00e9m para educa\u00e7\u00e3o alimentar.<\/li>\n<li>Desenvolvimento de atividades para reduzir inseguran\u00e7a alimentar poderiam considerar e aproveitar o papel das igrejas e mission\u00e1rios.<\/li>\n<li>Orienta\u00e7\u00e3o nutricional para crian\u00e7as.<\/li>\n<li>Orienta\u00e7\u00e3o para adultos &#8211; orientar os pais e as m\u00e3es para que estes repassassem para seus\/suas filhos e filhas.<\/li>\n<li>Ensinar a plantar.<\/li>\n<li>Apoio t\u00e9cnico do IDAM.<\/li>\n<li>Reestrutura\u00e7\u00e3o das pr\u00e1ticas m\u00e9dicas \u2013 ex. profissionais apenas receitam rem\u00e9dios em casos de anemia, mas n\u00e3o orientam sobre alimenta\u00e7\u00e3o e outros aspectos preventivos<\/li>\n<li>Mais capacita\u00e7\u00e3o de Agentes Comunit\u00e1rios de Sa\u00fade (ACSs) para levarem mais conhecimento nutricional \u00e0 popula\u00e7\u00e3o.<\/li>\n<li>Educa\u00e7\u00e3o sobre a import\u00e2ncia do saneamento ambiental.<\/li>\n<li>Informa\u00e7\u00f5es sobre a quest\u00e3o devem circular em diversos meios. Considerando a dificuldade de acesso \u00e0 informa\u00e7\u00e3o por parte da popula\u00e7\u00e3o rural e maior diversidade de meios de comuni\u00e7\u00e3o para a popula\u00e7\u00e3o urbana.<\/li>\n<li>R\u00e1dio \u2013 Programas j\u00e1 existente podem realizar uma mesa redonda com nutricionistas, ACSs, Assistentes sociais. Cidad\u00e3os fazendo perguntas (inclusive pelas mensagems de Whatsapp).<\/li>\n<li>Usar a m\u00eddia para falar sobre boas pr\u00e1ticas alimentares, chamando nutricionistas e estudantes para falar\/serem entrevistados.<\/li>\n<li>Orienta\u00e7\u00e3o para planejamento de or\u00e7amentos familiares.<\/li>\n<li>Programa e servi\u00e7os de prote\u00e7\u00e3o e aten\u00e7\u00e3o integral \u00e0s fam\u00edlias (PAIF) dos CRAS, devem orientar as fam\u00edlias benefici\u00e1rias do Bolsa Fam\u00edlia quanto a finalidade do recurso e seu uso adequado, al\u00e9m de estimular as fam\u00edlias a aderirem a fontes alternativas de renda (artesanato, p.e.) como estrat\u00e9gia para eliminar a fome e a mis\u00e9ria.<\/li>\n<\/ul>\n<ol start=\"2\">\n<li><strong><u>A\u00e7\u00f5es e pr\u00e1ticas para a zona rural<\/u><\/strong><\/li>\n<\/ol>\n<ul>\n<li>Import\u00e2ncia estrat\u00e9gica de institui\u00e7\u00f5es de ensino orientadas \u00e0 produ\u00e7\u00e3o rural, tendo como p\u00fablico os jovens de comunidades rurais.<\/li>\n<li>Forma\u00e7\u00e3o e capacita\u00e7\u00e3o de l\u00edderes comunit\u00e1rios (igreja cat\u00f3lica j\u00e1 tem um programa).<\/li>\n<li>A\u00e7\u00f5es para levar \u201cferramentas\u201d para as comunidades. Levar mais capacita\u00e7\u00e3o aos comunit\u00e1rios para que eles pr\u00f3rprios possam realizar melhorias.<\/li>\n<li>Capta\u00e7\u00e3o de recursos dentro da pr\u00f3pria comunidade para melhorias locais.<\/li>\n<\/ul>\n<ol start=\"3\">\n<li><strong><u>A\u00e7\u00f5es e pr\u00e1ticas para a zona urbana<\/u><\/strong><\/li>\n<\/ol>\n<ul>\n<li>IFAM pode realizar mais oficinas nas escolas para ensinar a fazer horta.<\/li>\n<li>Palestras promovidas pela secretaria de sa\u00fade.<\/li>\n<li>Secretaria de sa\u00fade pode promover capacita\u00e7\u00e3o para a pastoral da crian\u00e7a.<\/li>\n<li>Mostrar os problemas do consumo de leite de soja para as crian\u00e7as, o qual muitas vezes causa intoler\u00e2ncia alimentar e estimula o abandono do aleitamento materno.<\/li>\n<li>Institu\u00e7\u00f5es p\u00fablicas podem realizar a\u00e7\u00f5es educativas, programas de fortalecimento alimentar. Neste \u00e2mbito existe o SISVAN (Sistema de Vigil\u00e2ncia Alimentar e Nutricional) que \u00e9 encarregado de fazer isso.<\/li>\n<\/ul>\n<p><strong>\u00a0<span style=\"font-size: 18pt;color: #0000ff\">Tema: I<\/span><\/strong><span style=\"font-size: 18pt;color: #0000ff\"><strong>ncentivo\/apoio \u00e0 produ\u00e7\u00e3o agr\u00edcola<\/strong><\/span><\/p>\n<ol>\n<li><strong><u>A\u00e7\u00f5es e pr\u00e1ticas tanto para a zona rural quanto para a urbana<\/u><\/strong><\/li>\n<\/ol>\n<ul>\n<li>Incentivo do poder p\u00fablico para produ\u00e7\u00e3o agr\u00edcola.<\/li>\n<li>Incentivos \u00e0 produ\u00e7\u00e3o agr\u00edcola pr\u00f3pria de alimentos (subsist\u00eancia) com orienta\u00e7\u00f5es e apoio t\u00e9cnico especializado.<\/li>\n<li>Trabalho mais intenso com ind\u00edgenas, que est\u00e3o perdendo as pr\u00e1ticas agr\u00edcolas e alimentares tradicionais.<\/li>\n<li>Programas que comprem a produ\u00e7\u00e3o local do munic\u00edpio, qualifiquem e aproveitem a expertise local.<\/li>\n<\/ul>\n<ol start=\"2\">\n<li><strong><u>A\u00e7\u00f5es e pr\u00e1ticas para a zona rural <\/u><\/strong><\/li>\n<\/ol>\n<ul>\n<li>Moderniza\u00e7\u00e3o\/mecaniza\u00e7\u00e3o (sistemas de irriga\u00e7\u00e3o etc.) da produ\u00e7\u00e3o.<\/li>\n<li>Cria\u00e7\u00e3o de novos projetos e incentivo para desenvolver projetos como:<\/li>\n<li>1. Cria\u00e7\u00e3o de animais para consumo (apoio t\u00e9cnico de \u00f3rg\u00e3os como o SEPROR)<\/li>\n<li>2. Horta mandala, com um galinheiro no centro (ensinada pelo IFAM)<\/li>\n<li>3. Investimento em saneamento ambiental \u2013 poder p\u00fablico investir na constru\u00e7\u00e3o de banheiros individuais ou coletivos, fossas ecol\u00f3gicas para banheiros e descarte de \u00e1gua de pia (ex. descarte em fossa com bananeira).<\/li>\n<li>Resolver entraves na produ\u00e7\u00e3o:<\/li>\n<li>1. processo produtivo n\u00e3o modernizado;<\/li>\n<li>2. o clima e suas mudan\u00e7as;<\/li>\n<li>3. a motiva\u00e7\u00e3o em produzir; e<\/li>\n<li>4. a precariedade em rela\u00e7\u00e3o ao escoamento.<\/li>\n<li>Cria\u00e7\u00e3o de um programa focado na produ\u00e7\u00e3o rural das comunidades, para fornecer frutas e hortali\u00e7as na merenda escolar, deixando de utilizar enlatados.<\/li>\n<\/ul>\n<p><span style=\"color: #0000ff;font-size: 18pt\"><strong>Tema: <\/strong><strong>Contrata\u00e7\u00e3o de profissionais<\/strong><\/span><\/p>\n<ol>\n<li><strong><u>A\u00e7\u00f5es e pr\u00e1ticas tanto para a zona rural quanto para a urbana<\/u><\/strong><\/li>\n<\/ol>\n<ul>\n<li>NASF \u2013 aten\u00e7\u00e3o b\u00e1sica \u00e0 sa\u00fade \u2013 aumentar o n\u00famero de profissionais (nutricionistas, assistentes sociais, psic\u00f3logos etc) para darem conta de realizar palestras e visitas com orienta\u00e7\u00f5es.<\/li>\n<li>Contrata\u00e7\u00e3o de profissionais para trabalhar nas escolas com merenda escolar e programas de educa\u00e7\u00e3o alimentar.<\/li>\n<li>Cria\u00e7\u00e3o de hortas comunit\u00e1rias em terrenos ociosos da cidade que sejam da prefeitura \u2013 prefeitura organiza e comunidade toma conta.<\/li>\n<li>Aumentar o n\u00famero de hortas escolares, para fornecer parte do alimento da merenda escolar \u2013 j\u00e1 est\u00e1 em pr\u00e1tica no IFAM e em algumas escolas municipais.<\/li>\n<li>Incentivo de hortas nos quintais para subsist\u00eancia.<\/li>\n<li>Incentivar produ\u00e7\u00e3o de galinha no quintal, para venda de ovo \u2013 incentivar empreendedorismo.<\/li>\n<\/ul>\n<p><strong>\u00a0<span style=\"font-size: 18pt;color: #0000ff\">Tema: <\/span><\/strong><span style=\"color: #0000ff;font-size: 18pt\"><strong><span style=\"font-size: 18pt;color: #0000ff\">O<\/span>rganiza\u00e7\u00e3o e uni\u00e3o<\/strong><\/span><\/p>\n<ol>\n<li><strong><u>A\u00e7\u00f5es e pr\u00e1ticas tanto para a zona rural quanto para a urbana<\/u><\/strong><\/li>\n<\/ol>\n<ul>\n<li>Organizar a\u00e7\u00f5es conjuntas, parcerias, agregar experi\u00eancias nas cidades e zona rural.<\/li>\n<li>Mais parcerias entre as diversas institui\u00e7\u00f5es p\u00fablicas e da sociedade civil.<\/li>\n<li>Mobiliza\u00e7\u00e3o e organiza\u00e7\u00e3o social<\/li>\n<\/ul>\n<p><strong><u>2. A\u00e7\u00f5es e pr\u00e1ticas para a zona rural<\/u><\/strong><\/p>\n<ul>\n<li>Organizar um grupo de pequenos produtores.<\/li>\n<li>Organiza\u00e7\u00e3o de produtores rurais em associa\u00e7\u00f5es.<\/li>\n<li>Mesmo com uma comunidade organizada \u00e9 importante incluir nas a\u00e7\u00f5es outros trabalhadores, como ACSs, professores, catequistas.<\/li>\n<\/ul>\n<p><strong><u>3. A\u00e7\u00f5es e pr\u00e1ticas para a zona urbana<\/u><\/strong><\/p>\n<ul>\n<li>Incentivar e fortalecer as associa\u00e7\u00f5es de bairro para organiza\u00e7\u00e3o comunit\u00e1ria.<\/li>\n<\/ul>\n<ol start=\"2\">\n<li style=\"list-style-type: none\"><span style=\"font-size: 18pt;color: #0000ff\"><strong>Tema: <\/strong><strong>Empoderamento, lideran\u00e7a e autonomia<\/strong><\/span>\n<ul>\n<li style=\"list-style-type: none\"><strong><u>1. A\u00e7\u00f5es e pr\u00e1ticas tanto para a zona rural quanto para a urbana<\/u><\/strong><\/li>\n<li>Presidentes das comunidades (rurais e bairros urbanos) devem ser ativos em cobrar a\u00e7\u00f5es da prefeitura.<\/li>\n<li>Empoderamento da popula\u00e7\u00e3o no sentido destas n\u00e3o tornarem-se dependentes do poder p\u00fablico.<\/li>\n<li>A partir do empoderamento da popula\u00e7\u00e3o, seria necess\u00e1rio que houvesse uma uni\u00e3o em prol da educa\u00e7\u00e3o alimentar, entendendo que \u00e9 um problema social e n\u00e3o somente individual.<\/li>\n<li>Est\u00edmulo de iniciativas que valorizem um di\u00e1logo mais amplo entre os n\u00facleos familiares e o poder p\u00fablico<\/li>\n<\/ul>\n<\/li>\n<\/ol>\n<p><strong><u>2. A\u00e7\u00f5es e pr\u00e1ticas para a zona rural <\/u><\/strong><\/p>\n<ul>\n<li>Cria\u00e7\u00e3o de programas para empoderar jovens lideran\u00e7as das comunidades (exemplos de Jovens Protagonistas e Jovens Comunicadores nas UCs dos rios Ja\u00fa e Unini). Importante pois faltam futuros l\u00edderes para guiar a comunidade.<\/li>\n<li>L\u00edderes diferentes para diversas fun\u00e7\u00f5es dentro da comunidade.<\/li>\n<li>As fam\u00edlias devem buscar sua autonomia e autoafirma\u00e7\u00e3o , bem como incentivar os mais jovens a assumirem o compromisso com o futuro das iniciativas comunit\u00e1rias.<\/li>\n<li>Comunidades devem criar autonomia para tocar os projetos iniciados por outros agentes (poder p\u00fablico, ONGs etc).<\/li>\n<li>Comunidade deve agir tamb\u00e9m por conta pr\u00f3pria em alguns projetos, pois falta verba do poder p\u00fablico para a zona rural.<\/li>\n<\/ul>\n<ol start=\"3\">\n<li><strong><u>A\u00e7\u00f5es e pr\u00e1ticas para a zona urbana<\/u><\/strong><\/li>\n<\/ol>\n<ul>\n<li>Criar ou revitalizar associa\u00e7\u00f5es de bairro que s\u00e3o inexistentes ou est\u00e3o inativas.<\/li>\n<\/ul>\n<p><span style=\"font-size: 18pt;color: #0000ff\"><strong>Tema: <\/strong><strong><span style=\"font-size: 18pt;color: #0000ff\">O<\/span>utras a\u00e7\u00f5es ou pr\u00e1ticas citadas nos grupos<\/strong><\/span><\/p>\n<ol>\n<li><strong> <u>A\u00e7\u00f5es e pr\u00e1ticas tanto para a zona rural quanto para a urbana<\/u><\/strong><\/li>\n<\/ol>\n<ol start=\"2\">\n<li style=\"list-style-type: none\">\n<ol start=\"2\">\n<li style=\"list-style-type: none\">\n<ul>\n<li>Melhorar a composi\u00e7\u00e3o nutricional da merenda escolar (ex. suco de cove \u00e9 muito saud\u00e1vel, tamb\u00e9m existem exemplos de merenda escolar com verduras).<\/li>\n<li>Utilizar multimistura da pastoral da crian\u00e7a para crian\u00e7as desnutridas \u2013 suplemento alimentar.<\/li>\n<li>Apoio econ\u00f4mico para a Pastoral da crian\u00e7a e um local em cada comunidade rural para que a pastoral possa desenvolver as suas atividades.<\/li>\n<li>Melhora no abastecimento e qualidade da \u00e1gua.<\/li>\n<li>Realiza\u00e7\u00e3o de projetos de m\u00e9dio e longo prazos. A\u00e7\u00f5es de m\u00e9dio e longo prazos da prefeitura e suas secretarias, especialmente Secretaria de Assist\u00eancia Social, que pode ajudar e orientar. Debatido que tem uma equipe volante da Secretaria de Assist\u00eancia Social, mas foca apenas na doa\u00e7\u00e3o de cestas b\u00e1sicas, logo a atua\u00e7\u00e3o \u00e9 restrita.<\/li>\n<li>Necessidade de que os projetos de pesquisa tenham uma segunda fase para a procura de solu\u00e7\u00f5es aos problemas locais.<\/li>\n<li>Cobrar das pesquisas a difus\u00e3o dos resultados e procura de solu\u00e7\u00f5es.<\/li>\n<li>Aumento da renda das fam\u00edlias \u2013 pois uma alimenta\u00e7\u00e3o balanceada tem um custo alto.<\/li>\n<\/ul>\n<\/li>\n<\/ol>\n<\/li>\n<\/ol>\n<ul>\n<li style=\"list-style-type: none\"><strong><u>2. A\u00e7\u00f5es e pr\u00e1ticas para a zona rural<\/u><\/strong><\/li>\n<li>Resolver problemas de armazenamento de comida fresca no interior.<\/li>\n<li>Resolver a falta de espa\u00e7o para preparar comida em escolas na zona rural.<\/li>\n<li>Implementa\u00e7\u00e3o de programas na linha do projeto \u201dPrimeira Inf\u00e2ncia Ribeirinha\u201d, da Funda\u00e7\u00e3o Amazonas Sustent\u00e1vel (FAS) (experi\u00eancia dos morandores da comunidade Monte Sinai).<\/li>\n<li>Melhora no abastecimento e qualidade da \u00e1gua \u2013 constru\u00e7\u00e3o de po\u00e7os artesianos nas comunidades (foi apontado por servidor da SEMAS que aproximadamente 85% das comunidades de Mau\u00e9s j\u00e1 disp\u00f5em de po\u00e7o artesiano).<\/li>\n<li>Investir em programas e pol\u00edticas sociais que amenizem o problema da fome em curto prazo, como a cestas b\u00e1sicas, pois foi apontado que apesar de haver muita terra na zona rural ainda h\u00e1 muita fome. Por\u00e9m, foi apontado que a cesta b\u00e1sica tem itens limitados e alguns n\u00e3o nutritivos (\u00f3leo, sal, a\u00e7\u00facar, macarr\u00e3o), estimulando uma dieta pouco balanceada.<\/li>\n<\/ul>\n<p><strong><u>3. A\u00e7\u00f5es e pr\u00e1ticas para a zona urbana<\/u><\/strong><\/p>\n<ul>\n<li>Bairros mais longe do centro s\u00e3o mais marginalizados e devem ser priorizados pela prefeitura.<\/li>\n<li>Aten\u00e7\u00e3o aos problemas de v\u00edcios: \u00e1lcool e outras drogas.<\/li>\n<li>A\u00e7\u00f5es para aumentar a assiduidade das fam\u00edlias acompanhadas pela Pastoral da Crian\u00e7a.<\/li>\n<li>Nas \u00e1reas urbanas h\u00e1 mais bols\u00f5es de pobreza, onde h\u00e1 a necessidade de ampliar o acesso dessas fam\u00edlias a programas de garantam a seguran\u00e7a a alimentar e nutricional, reduzindo as desigualdades e a exclus\u00e3o social de segmentos invis\u00edveis aos olhos da cidade e do poder p\u00fablico<\/li>\n<li>Oferecer alimentos mais saudaveis no ambiente escolar &#8211; talvez limitar a venda de refrigerantes e outros alimentos processados, pois um grande problema nas escolas da \u00e1rea urbana \u00e9 a contradi\u00e7\u00e3o de se fazer um esfor\u00e7o para que a merenda escolar seja mais saud\u00e1vel e, ao mesmo tempo, se permitir venda de alimentos ultraprocessados dentro da escola.<\/li>\n<li>Distribui\u00e7\u00e3o de cestas b\u00e1sicas para os domic\u00edlios mais carentes.<\/li>\n<li>Evitar a distribui\u00e7\u00e3o de leite de soja para as crian\u00e7as, o qual muitas vezes causa intoler\u00e2ncia alimentar e estimula o abandono do aleitamento materno.<\/li>\n<\/ul>\n","protected":false},"excerpt":{"rendered":"<p>Resultados de Caf\u00e9 criativo Oficina Rede Cidad\u00e3, Mau\u00e9s\/AM 16 e 17 de novembro de 2017 S\u00edntese do di\u00e1logo progressivo das cinco mesas de trabalho \u2013 as a\u00e7\u00f5es e pr\u00e1ticas sugeridas pelos participantes foram classificadas em temas, pelos pesquisadores, e s\u00e3o apresentadas aqui desta forma para auxiliar na identifi\u00e7\u00e3o dos principais t\u00f3picos apontados. Mantivemos o sentido &hellip; <a href=\"http:\/\/wp.lancs.ac.uk\/rede-cidada-am\/reduzindo-inseguranca-alimentar-e-nutricional-em-maues\/\" class=\"more-link\">Continue reading <span class=\"screen-reader-text\">Reduzindo inseguran\u00e7a alimentar e nutricional em Mau\u00e9s<\/span><\/a><\/p>\n","protected":false},"author":836,"featured_media":0,"parent":0,"menu_order":0,"comment_status":"closed","ping_status":"closed","template":"","meta":{"jetpack_post_was_ever_published":false,"footnotes":""},"class_list":["post-155","page","type-page","status-publish","hentry"],"jetpack_sharing_enabled":true,"jetpack_shortlink":"https:\/\/wp.me\/P9CSZ0-2v","_links":{"self":[{"href":"http:\/\/wp.lancs.ac.uk\/rede-cidada-am\/wp-json\/wp\/v2\/pages\/155","targetHints":{"allow":["GET"]}}],"collection":[{"href":"http:\/\/wp.lancs.ac.uk\/rede-cidada-am\/wp-json\/wp\/v2\/pages"}],"about":[{"href":"http:\/\/wp.lancs.ac.uk\/rede-cidada-am\/wp-json\/wp\/v2\/types\/page"}],"author":[{"embeddable":true,"href":"http:\/\/wp.lancs.ac.uk\/rede-cidada-am\/wp-json\/wp\/v2\/users\/836"}],"replies":[{"embeddable":true,"href":"http:\/\/wp.lancs.ac.uk\/rede-cidada-am\/wp-json\/wp\/v2\/comments?post=155"}],"version-history":[{"count":10,"href":"http:\/\/wp.lancs.ac.uk\/rede-cidada-am\/wp-json\/wp\/v2\/pages\/155\/revisions"}],"predecessor-version":[{"id":166,"href":"http:\/\/wp.lancs.ac.uk\/rede-cidada-am\/wp-json\/wp\/v2\/pages\/155\/revisions\/166"}],"wp:attachment":[{"href":"http:\/\/wp.lancs.ac.uk\/rede-cidada-am\/wp-json\/wp\/v2\/media?parent=155"}],"curies":[{"name":"wp","href":"https:\/\/api.w.org\/{rel}","templated":true}]}}