{"id":6,"date":"2016-06-07T10:58:26","date_gmt":"2016-06-07T10:58:26","guid":{"rendered":"http:\/\/wp.lancs.ac.uk\/rebuschat\/?page_id=6"},"modified":"2024-04-19T08:58:54","modified_gmt":"2024-04-19T08:58:54","slug":"home","status":"publish","type":"page","link":"http:\/\/wp.lancs.ac.uk\/rebuschat\/","title":{"rendered":"Ol\u00e1! Hallo!"},"content":{"rendered":"<p>I am Professor of Linguistics and Cognitive Science and the Cam\u00f5es Institute Chair for Multilingualism and Diversity at Lancaster University. I am also Distinguished International Professor at the LEAD Graduate School, University of T\u00fcbingen.<\/p>\n<p>To learn more about the Cam\u00f5es Institute Chair (&#8220;C\u00e1tedra&#8221;), please visit this <a href=\"https:\/\/www.lancaster.ac.uk\/heritage-language\/catedra-camoes\/#\" target=\"_blank\" rel=\"noopener\">webpage<\/a>. You can also follow the &#8220;C\u00e1tedra&#8221;\u00a0 Facebook page, which you can access <a href=\"https:\/\/www.facebook.com\/lancastercamoes\/\">here<\/a>.<\/p>\n<p>Since 2017, I have directed the <a href=\"http:\/\/www.lancaster.ac.uk\/heritage-language\">Heritage Language 2 Consortium<\/a> (HL2C), a strategic partnership that brings together six leading universities and the Portuguese Ministry of Foreign Affairs. At Lancaster, I co-direct the <a href=\"http:\/\/lancaster.ac.uk\/language-learning\/\" target=\"_blank\" rel=\"noopener\">Lancaster Language Learning Lab<\/a> (4L), the <a href=\"https:\/\/www.lancaster.ac.uk\/global-lancaster\/nova\/#\">NOVA Lancaster partnership<\/a>\u00a0 and the <a href=\"http:\/\/wp.lancs.ac.uk\/sllat\/\">SLLAT Research Group <\/a>within the Department of Linguistics and English Language.<\/p>\n<p>I received my PhD from the University of Cambridge and my BA from the University of Lisbon. Prior to joining Lancaster, I taught at Georgetown University, Harvard University, the University of California, Santa Barbara, and the University of G\u00f6ttingen. I also spent a semester as a Visiting Researcher at the University of Auckland.<\/p>\n<p>I am interested in the cognitive basis of language learning and processing, i.e. I study how the mind and brain acquires and processes novel language(s). I am particularly interested in <strong>implicit learning<\/strong>, <strong>statistical learning<\/strong>, <strong>heritage language bilingualism<\/strong>, and <strong>second language acquisition<\/strong>.<\/p>\n<p>If you are interested in joining the <a href=\"http:\/\/lancaster.ac.uk\/language-learning\/\" target=\"_blank\" rel=\"noopener\">Lancaster Language Learning Lab<\/a> (4L) as a PhD student or postdoctoral fellow, please send me a message.<\/p>\n<div id=\"Introduction\" class=\"\">\u00a0Click here to visit<\/div>\n<ul>\n<li><a href=\"https:\/\/scholar.google.co.uk\/citations?hl=en&amp;user=WvdI_2gAAAAJ\">Google Scholar<\/a><\/li>\n<li><a href=\"https:\/\/www.linkedin.com\/in\/patrick-rebuschat-4085916\/\">LinkedIN<\/a><\/li>\n<li><a href=\"http:\/\/orcid.org\/0000-0002-5903-3478\">ORCID profile<\/a><\/li>\n<li><a href=\"https:\/\/www.facebook.com\/lancastercamoes\/\" target=\"_blank\" rel=\"noopener\">Facebook profile of the Cam\u00f5es Institute Chair<\/a><\/li>\n<\/ul>\n","protected":false},"excerpt":{"rendered":"<p>I am Professor of Linguistics and Cognitive Science and the Cam\u00f5es Institute Chair for Multilingualism and Diversity at Lancaster University. I am also Distinguished International Professor at the LEAD Graduate School, University of T\u00fcbingen. To learn more about the Cam\u00f5es Institute Chair (&#8220;C\u00e1tedra&#8221;), please visit this webpage. You can also follow the &#8220;C\u00e1tedra&#8221;\u00a0 Facebook page, [&hellip;]<\/p>\n","protected":false},"author":36,"featured_media":0,"parent":0,"menu_order":0,"comment_status":"closed","ping_status":"closed","template":"","meta":{"footnotes":""},"class_list":["post-6","page","type-page","status-publish","hentry","post-preview"],"jetpack_sharing_enabled":true,"jetpack_shortlink":"https:\/\/wp.me\/P7CCEU-6","_links":{"self":[{"href":"http:\/\/wp.lancs.ac.uk\/rebuschat\/wp-json\/wp\/v2\/pages\/6","targetHints":{"allow":["GET"]}}],"collection":[{"href":"http:\/\/wp.lancs.ac.uk\/rebuschat\/wp-json\/wp\/v2\/pages"}],"about":[{"href":"http:\/\/wp.lancs.ac.uk\/rebuschat\/wp-json\/wp\/v2\/types\/page"}],"author":[{"embeddable":true,"href":"http:\/\/wp.lancs.ac.uk\/rebuschat\/wp-json\/wp\/v2\/users\/36"}],"replies":[{"embeddable":true,"href":"http:\/\/wp.lancs.ac.uk\/rebuschat\/wp-json\/wp\/v2\/comments?post=6"}],"version-history":[{"count":59,"href":"http:\/\/wp.lancs.ac.uk\/rebuschat\/wp-json\/wp\/v2\/pages\/6\/revisions"}],"predecessor-version":[{"id":1566,"href":"http:\/\/wp.lancs.ac.uk\/rebuschat\/wp-json\/wp\/v2\/pages\/6\/revisions\/1566"}],"wp:attachment":[{"href":"http:\/\/wp.lancs.ac.uk\/rebuschat\/wp-json\/wp\/v2\/media?parent=6"}],"curies":[{"name":"wp","href":"https:\/\/api.w.org\/{rel}","templated":true}]}}