{"id":20,"date":"2017-06-06T16:39:49","date_gmt":"2017-06-06T16:39:49","guid":{"rendered":"http:\/\/wp.lancs.ac.uk\/native-scientist-lancaster\/?page_id=20"},"modified":"2018-02-25T23:19:44","modified_gmt":"2018-02-25T23:19:44","slug":"travel","status":"publish","type":"page","link":"http:\/\/wp.lancs.ac.uk\/native-scientist-lancaster\/travel\/","title":{"rendered":"Travel information"},"content":{"rendered":"<p><strong>How to find the venue<\/strong><\/p>\n<ul>\n<li>Private Dining Room, County South building<\/li>\n<li><a href=\"http:\/\/www.lancaster.ac.uk\/media\/lancaster-university\/content-assets\/documents\/maps\/campus-map.pdf\">Campus map<\/a>\u00a0(County South =\u00a0nr18)<\/li>\n<li>The venue is close to County Avenue.<\/li>\n<\/ul>\n<p><strong>How to get to Lancaster University<\/strong><\/p>\n<ul>\n<li>You can find detailed information on the University website, including information on public transport:\u00a0<a href=\"http:\/\/www.lancaster.ac.uk\/contact-and-getting-here\/\">http:\/\/www.lancaster.ac.uk\/contact-and-getting-here\/<\/a><\/li>\n<li>Local taxi companies: 32090-35666 Taxis (phone: 01524-35666) or 848 Taxis (phone: 01524-848848).<\/li>\n<\/ul>\n<p><strong>Parking<\/strong><\/p>\n<ul>\n<li>Visitor parking is free of charge on weekends.<\/li>\n<li>We suggest parking at Visitors Car Park \u2018B\u2019<\/li>\n<li><a href=\"https:\/\/wwa.lancaster.ac.uk\/media\/lancaster-university\/content-assets\/documents\/facilities\/car-parking-policy\/CarParking_ParkingZones.pdf\">Maps with campus parking<\/a><\/li>\n<\/ul>\n<p><strong>Accommodation<\/strong><\/p>\n<p>Accommodation on campus:<\/p>\n<ul>\n<li><a href=\"https:\/\/www.conferences.lancs.ac.uk\/bedandbreakfast\/Default.aspx\">Bed and breakfast accommodation<\/a><\/li>\n<li><a href=\"http:\/\/englishlakes.co.uk\/hotels\/lancashire-hotels\/lancaster-house-hotel\/index.aspx\" target=\"_blank\" rel=\"noopener\">Lancaster House Hotel<\/a>\u00a0(Hotel ****, localizado junto do campus)<\/li>\n<\/ul>\n<p>Accommodation in Lancaster city center:<\/p>\n<ul type=\"disc\">\n<li><a href=\"http:\/\/www.travelodge.co.uk\/hotels\/498\/Lancaster-Central-hotel\" target=\"_blank\" rel=\"noopener\">Travelodge \u2013 Lancaster central<\/a><\/li>\n<li><a href=\"https:\/\/www.thesunhotelandbar.co.uk\/\">The Sun Hotel and Bar<\/a><\/li>\n<li><a href=\"http:\/\/www.sunstreetstudios.co.uk\/\">Sun Street Studios<\/a>\u00a0(apartamentos)<\/li>\n<li><a href=\"http:\/\/www.royal-residences.net\/id-127150.html\">Royal King\u2019s Arms Hotel<\/a><\/li>\n<li><a href=\"http:\/\/www.theboroughlancaster.co.uk\/\">The Borough Restaurant Hotel Pub<\/a><\/li>\n<li><a href=\"http:\/\/www.thwaites.co.uk\/toll-house-at-lancaster\/\">The Toll House Inn<\/a><\/li>\n<li><a href=\"http:\/\/www.citycoastcountryside.co.uk\/where-to-stay\" target=\"_blank\" rel=\"noopener\">Lancaster tourism website<\/a><\/li>\n<li><a href=\"http:\/\/www.booking.com\/searchresults.pt-pt.html?aid=303948;label=lancaster-6I5Er30kfXyWX1ehO7mangS103007090781%3Apl%3Ata%3Ap115%3Ap2%3Aac%3Aap1t1%3Aneg%3Afi%3Atikwd-94051616%3Alp9046580%3Ali%3Adec%3Adm;sid=d141cdae19a200eb4d61cbc09cccb348;city=-2600656;hyb_red=1;keep_landing=1;redirected=1;redirected_from_city=1;source=city;src=city&amp;gclid=CPC18vH43dACFc-97QodKeEA5g&amp;\">Booking.com<\/a>\u00a0(resultados em portugu\u00eas)<\/li>\n<\/ul>\n<p><img loading=\"lazy\" decoding=\"async\" class=\"floatRightPadSide aligncenter\" src=\"https:\/\/i0.wp.com\/www.lancaster.ac.uk\/implicit-learning-seminar\/images\/campus\/campus.jpg?zoom=1.25&amp;resize=350%2C232\" alt=\"Campus\" width=\"350\" height=\"232\" \/><\/p>\n","protected":false},"excerpt":{"rendered":"<p>How to find the venue Private Dining Room, County South building Campus map\u00a0(County South =\u00a0nr18) The venue is close to County Avenue. How to get to Lancaster University You can find detailed information on the University website, including information on public transport:\u00a0http:\/\/www.lancaster.ac.uk\/contact-and-getting-here\/ Local taxi companies: 32090-35666 Taxis (phone: 01524-35666) or 848 Taxis (phone: 01524-848848). Parking [&hellip;]<\/p>\n","protected":false},"author":401,"featured_media":0,"parent":0,"menu_order":0,"comment_status":"closed","ping_status":"closed","template":"","meta":{"footnotes":""},"class_list":["post-20","page","type-page","status-publish","hentry"],"jetpack_sharing_enabled":true,"jetpack_shortlink":"https:\/\/wp.me\/P8Oum1-k","jetpack-related-posts":[{"id":229,"url":"http:\/\/wp.lancs.ac.uk\/native-scientist-lancaster\/como-chegar\/","url_meta":{"origin":20,"position":0},"title":"Como chegar","author":"strongs","date":"February 7, 2018","format":false,"excerpt":"Lancaster fica a duas horas de Londres e de Edimburgo (comboio directo). Local do\u00a0simp\u00f3sio e dos workshops Private Dining Room, Edif\u00edcio County South (nr 18 no mapa do Campus) Mapa do campus da Universidade\u00a0(County South =\u00a0edif\u00edcio\u00a018) A sala fica perto da County Avenue. Como chegar\u00a0\u00e0\u00a0Universidade de Lancaster Encontrar\u00e1 informa\u00e7\u00e3o detalhada\u2026","rel":"","context":"Similar post","block_context":{"text":"Similar post","link":""},"img":{"alt_text":"Campus","src":"https:\/\/i0.wp.com\/www.lancaster.ac.uk\/implicit-learning-seminar\/images\/campus\/campus.jpg?zoom=1.25&resize=350%2C200","width":350,"height":200},"classes":[]},{"id":18,"url":"http:\/\/wp.lancs.ac.uk\/native-scientist-lancaster\/schedule\/","url_meta":{"origin":20,"position":1},"title":"Workshops","author":"Patrick Rebuschat","date":"June 6, 2017","format":false,"excerpt":"Native Explorers: science workshops with a Portuguese twist Saturday, May 12, 2018, Lancaster University Management School (Hub) (\"MAN\" on campus\u00a0map) We will use the Management School for the welcome session, lunch and closing session. The labs for the workshops are located in the Department of Engineering, the Department of Physics,\u2026","rel":"","context":"Similar post","block_context":{"text":"Similar post","link":""},"img":{"alt_text":"","src":"","width":0,"height":0},"classes":[]},{"id":245,"url":"http:\/\/wp.lancs.ac.uk\/native-scientist-lancaster\/workshops-pt\/","url_meta":{"origin":20,"position":2},"title":"Workshop","author":"strongs","date":"February 7, 2018","format":false,"excerpt":"Native Explorers: science workshops with a Portuguese twist Saturday, May 12, 2018, Lancaster University Management School (Hub) (\"MAN\" on campus\u00a0map) We will use the Management School for the welcome session, lunch and closing session. The labs for the workshops are located in the Department of Engineering, the Department of Physics,\u2026","rel":"","context":"Similar post","block_context":{"text":"Similar post","link":""},"img":{"alt_text":"","src":"","width":0,"height":0},"classes":[]},{"id":123,"url":"http:\/\/wp.lancs.ac.uk\/native-scientist-lancaster\/symposium\/","url_meta":{"origin":20,"position":3},"title":"Symposium","author":"Patrick Rebuschat","date":"January 28, 2018","format":false,"excerpt":"Outreach without Borders Friday, May 11, 2018, County South Private Dining Room (nr 18 on campus\u00a0map) Note: Participation is free of charge but prior registration is required. To register, please visit https:\/\/outreach-without-borders.eventbrite.co.uk\u00a0(registration deadline: May 7). 13.45\u00a0 Coffee and tea, followed by opening\u00a0remarks: Patrick Rebuschat (FASS, Lancaster) 14.00\u00a0 Joana Moscoso and\u2026","rel":"","context":"Similar post","block_context":{"text":"Similar post","link":""},"img":{"alt_text":"","src":"","width":0,"height":0},"classes":[]},{"id":243,"url":"http:\/\/wp.lancs.ac.uk\/native-scientist-lancaster\/simposio\/","url_meta":{"origin":20,"position":4},"title":"Simp\u00f3sio","author":"strongs","date":"February 7, 2018","format":false,"excerpt":"Outreach without Borders Sexta-feira, dia 11 de Maio, 2018, County South Private Dining Room (nr 18 neste\u00a0mapa, direc\u00e7\u00f5es\u00a0aqui) NB:\u00a0A participa\u00e7\u00e3o \u00e9 gratuita mas carece de inscri\u00e7\u00e3o (ate dia 7 de Maio).\u00a0Clique este link para se inscrever. 13.45\u00a0 Sess\u00e3o de abertura (e past\u00e9is de nata) 14.00\u00a0 Dr Joana Moscoso e Dr\u2026","rel":"","context":"Similar post","block_context":{"text":"Similar post","link":""},"img":{"alt_text":"","src":"","width":0,"height":0},"classes":[]},{"id":147,"url":"http:\/\/wp.lancs.ac.uk\/native-scientist-lancaster\/program\/","url_meta":{"origin":20,"position":5},"title":"Program","author":"Patrick Rebuschat","date":"January 28, 2018","format":false,"excerpt":"Symposium: Outreach without Borders (Friday, May 11) The purpose of the symposium is to bring together academics and professional services to discuss challenges and opportunities in science outreach and widening participation. The symposium will feature presentations on innovative science outreach initiatives for children, adolescents and adults that are based in\u2026","rel":"","context":"Similar post","block_context":{"text":"Similar post","link":""},"img":{"alt_text":"","src":"","width":0,"height":0},"classes":[]}],"_links":{"self":[{"href":"http:\/\/wp.lancs.ac.uk\/native-scientist-lancaster\/wp-json\/wp\/v2\/pages\/20","targetHints":{"allow":["GET"]}}],"collection":[{"href":"http:\/\/wp.lancs.ac.uk\/native-scientist-lancaster\/wp-json\/wp\/v2\/pages"}],"about":[{"href":"http:\/\/wp.lancs.ac.uk\/native-scientist-lancaster\/wp-json\/wp\/v2\/types\/page"}],"author":[{"embeddable":true,"href":"http:\/\/wp.lancs.ac.uk\/native-scientist-lancaster\/wp-json\/wp\/v2\/users\/401"}],"replies":[{"embeddable":true,"href":"http:\/\/wp.lancs.ac.uk\/native-scientist-lancaster\/wp-json\/wp\/v2\/comments?post=20"}],"version-history":[{"count":17,"href":"http:\/\/wp.lancs.ac.uk\/native-scientist-lancaster\/wp-json\/wp\/v2\/pages\/20\/revisions"}],"predecessor-version":[{"id":439,"href":"http:\/\/wp.lancs.ac.uk\/native-scientist-lancaster\/wp-json\/wp\/v2\/pages\/20\/revisions\/439"}],"wp:attachment":[{"href":"http:\/\/wp.lancs.ac.uk\/native-scientist-lancaster\/wp-json\/wp\/v2\/media?parent=20"}],"curies":[{"name":"wp","href":"https:\/\/api.w.org\/{rel}","templated":true}]}}