{"id":33,"date":"2020-01-16T13:03:40","date_gmt":"2020-01-16T13:03:40","guid":{"rendered":"http:\/\/wp.lancs.ac.uk\/learning-languages-with-splds\/?page_id=33"},"modified":"2020-03-02T15:04:38","modified_gmt":"2020-03-02T15:04:38","slug":"people-and-projects","status":"publish","type":"page","link":"http:\/\/wp.lancs.ac.uk\/learning-languages-with-splds\/people-and-projects\/","title":{"rendered":"People"},"content":{"rendered":"<h3>Professor Judit Kormos<\/h3>\n<p><img loading=\"lazy\" decoding=\"async\" class=\"size-medium wp-image-64 alignright\" src=\"http:\/\/wp.lancs.ac.uk\/learning-languages-with-splds\/files\/2020\/01\/juditphoto-300x201.jpg\" alt=\"\" width=\"300\" height=\"201\" srcset=\"http:\/\/wp.lancs.ac.uk\/learning-languages-with-splds\/files\/2020\/01\/juditphoto-300x201.jpg 300w, http:\/\/wp.lancs.ac.uk\/learning-languages-with-splds\/files\/2020\/01\/juditphoto.jpg 640w\" sizes=\"auto, (max-width: 300px) 100vw, 300px\" \/>Judit Kormos is a Professor in Second Language Acquisition at Lancaster University. She was a key partner in the award-winning DysTEFL project sponsored by the European Commission and is a lead educator in the Dyslexia and Foreign Language Teaching massive open online learning course offered by FutureLearn.\u00a0 She is the co-author of the book Teaching Languages to Students with Specific Learning Differences with Anne Margaret Smith. She has published widely on the effect of dyslexia on learning additional languages including a book entitled The second language learning processes of students with specific learning difficulties. She is the author of multiple research papers that investigate the role of cognitive factors in second language acquisition.<\/p>\n<p>Link to the university profile: <span style=\"color: #000080\"><a style=\"color: #000080\" href=\"https:\/\/www.lancaster.ac.uk\/linguistics\/about\/people\/judit-kormos\">https:\/\/www.lancaster.ac.uk\/linguistics\/about\/people\/judit-kormos<\/a><\/span><\/p>\n<p>Twitter: @juditkormos<\/p>\n<h3>Dr. Bimali Indrarathne<\/h3>\n<p><img loading=\"lazy\" decoding=\"async\" class=\" wp-image-273 alignright\" src=\"http:\/\/wp.lancs.ac.uk\/learning-languages-with-splds\/files\/2020\/01\/Picture_Bimali-300x300.jpg\" alt=\"Bimali\" width=\"237\" height=\"237\" srcset=\"http:\/\/wp.lancs.ac.uk\/learning-languages-with-splds\/files\/2020\/01\/Picture_Bimali-300x300.jpg 300w, http:\/\/wp.lancs.ac.uk\/learning-languages-with-splds\/files\/2020\/01\/Picture_Bimali-1024x1024.jpg 1024w, http:\/\/wp.lancs.ac.uk\/learning-languages-with-splds\/files\/2020\/01\/Picture_Bimali-150x150.jpg 150w, http:\/\/wp.lancs.ac.uk\/learning-languages-with-splds\/files\/2020\/01\/Picture_Bimali-768x768.jpg 768w, http:\/\/wp.lancs.ac.uk\/learning-languages-with-splds\/files\/2020\/01\/Picture_Bimali-676x676.jpg 676w, http:\/\/wp.lancs.ac.uk\/learning-languages-with-splds\/files\/2020\/01\/Picture_Bimali.jpg 1302w\" sizes=\"auto, (max-width: 237px) 100vw, 237px\" \/>Bimali Indrarathne is a Lecturer in Applied Linguistics at the University of York, UK. Her research interests are second language acquisition, specific learning difficulties and teacher education. In her postdoctoral fellowship in 2016 she ran a teacher training project in Sri Lanka to raise English language teachers\u2019 awareness on dyslexia and its consequences when learning a foreign language. Professor Kormos was the mentor of this project. Thereafter, she extended the training to other education sectors in Sri Lanka and currently she runs teacher training projects on SpLDs for primary teacher educators in Sri Lanka. She was also involved in Dyslexia and Foreign Language Teaching FutureLearn MOOC.<\/p>\n<p>Link to the university profile: <a href=\"https:\/\/www.york.ac.uk\/education\/our-staff\/academic\/bimali-indrarathne\/\"><span style=\"color: #000080\">https:\/\/www.york.ac.uk\/education\/our-staff\/academic\/bimali-indrarathne\/<\/span><\/a><\/p>\n<p>Twitter: <span class=\"css-901oao css-16my406 r-1qd0xha r-ad9z0x r-bcqeeo r-qvutc0\">@DysEltsl<\/span><\/p>\n<h3>Dr. Anne Margaret Smith<\/h3>\n<p><img loading=\"lazy\" decoding=\"async\" class=\" wp-image-168 alignright\" src=\"http:\/\/wp.lancs.ac.uk\/learning-languages-with-splds\/files\/2020\/01\/AMS-standing2-211x300.jpg\" alt=\"ams photo\" width=\"176\" height=\"251\" srcset=\"http:\/\/wp.lancs.ac.uk\/learning-languages-with-splds\/files\/2020\/01\/AMS-standing2-211x300.jpg 211w, http:\/\/wp.lancs.ac.uk\/learning-languages-with-splds\/files\/2020\/01\/AMS-standing2-721x1024.jpg 721w, http:\/\/wp.lancs.ac.uk\/learning-languages-with-splds\/files\/2020\/01\/AMS-standing2-768x1091.jpg 768w, http:\/\/wp.lancs.ac.uk\/learning-languages-with-splds\/files\/2020\/01\/AMS-standing2-1082x1536.jpg 1082w, http:\/\/wp.lancs.ac.uk\/learning-languages-with-splds\/files\/2020\/01\/AMS-standing2-1442x2048.jpg 1442w, http:\/\/wp.lancs.ac.uk\/learning-languages-with-splds\/files\/2020\/01\/AMS-standing2-676x960.jpg 676w, http:\/\/wp.lancs.ac.uk\/learning-languages-with-splds\/files\/2020\/01\/AMS-standing2-scaled.jpg 1803w\" sizes=\"auto, (max-width: 176px) 100vw, 176px\" \/><\/p>\n<p>Dr Anne Margaret Smith has taught English for 30 years in Kenya, Germany, Sweden and the UK. She is also a dyslexia specialist tutor and assessor. She founded <strong><em>ELT well<\/em><\/strong> with the intention of bringing together best practice from the two fields of ELT and SpLD support, and now offers materials and training to teachers, as well as specialist teaching to dyslexic learners. She has worked with Judit Kormos on several projects, including the FutureLearn MOOC \u2018Dyslexia and Foreign Language Teaching\u2019. She is the co-ordinator of the IATEFL SIG: Inclusive Practices and SEN.<br \/>\nFind out more: <a href=\"http:\/\/www.ELTwell.com\"><span style=\"color: #000080\">www.ELTwell.com<\/span><\/a><\/p>\n<p>Twitter: @<span class=\"css-901oao css-16my406 r-1qd0xha r-ad9z0x r-bcqeeo r-qvutc0\">amsELTwell<\/span><\/p>\n<h3><span style=\"color: #000080\"><img loading=\"lazy\" decoding=\"async\" class=\"alignnone  wp-image-326 alignright\" src=\"http:\/\/wp.lancs.ac.uk\/learning-languages-with-splds\/files\/2020\/03\/Picture-1.png\" alt=\"joanna nijakowska\" width=\"163\" height=\"219\" \/><\/span>Dr. Joanna Nijakowska<\/h3>\n<p>Joanna Nijakowska is a University Professor in the Centre for Foreign Language Teacher Training and European Education, University of Warsaw, Poland. She was an initiator and co-ordinator of the award-winning (<em>ELTons, European Language Label, Success Story<\/em>) international DysTEFL and DysTEFL2 projects, co-financed by the European Commission. She was an educator on the Dyslexia and Foreign Language Teaching massive open online learning course offered by Future Learn. She is the author of the book <em>Dyslexia in the Foreign Language Classroom<\/em>. Her research focus is on dyslexia and inclusive foreign language classroom practices as well as foreign language teachers\u2019 professional development needs, concerns and beliefs about inclusive teaching of students with specific learning difficulties.<\/p>\n<p>Link to the university profile: <span style=\"color: #000080\"><a style=\"color: #000080\" href=\"http:\/\/cknjoiee.uw.edu.pl\/prof-uw-dr-hab-joanna-nijakowska\/\">http:\/\/cknjoiee.uw.edu.pl\/prof-uw-dr-hab-joanna-nijakowska\/<\/a>\u00a0<\/span><\/p>\n<h3><img loading=\"lazy\" decoding=\"async\" class=\" wp-image-323 alignright\" src=\"http:\/\/wp.lancs.ac.uk\/learning-languages-with-splds\/files\/2020\/02\/photo-MCMichel.png\" alt=\"marije michel\" width=\"162\" height=\"216\" \/>Dr. Marije Michel<\/h3>\n<p>Associate Professor Marije Michel is Chair of\u00a0<i>Language Learning<\/i>\u00a0of\u00a0the Department of\u00a0<i>European Languages and Cultures<\/i>\u00a0at Groningen University. Marije&#8217;s research and teaching focuses on second language acquisition, assessment and teaching. She is an expert on task-based language teaching (TBLT) and digitally-mediated communication in educational settings. Within the <a href=\"http:\/\/engage.uni-miskolc.hu\/\"><span style=\"color: #000080\">ENGaGE project<\/span><\/a><span style=\"color: #000080\">,<\/span> Marije was the academic advisor for the German material.<\/p>\n<p>Website: <a href=\"https:\/\/www.rug.nl\/staff\/m.c.michel\/research\"><span style=\"color: #000080\">https:\/\/www.rug.nl\/staff\/m.c.michel\/research<\/span><\/a><\/p>\n<h3>Dr. Karmen Pi\u017eorn<\/h3>\n<h3><img loading=\"lazy\" decoding=\"async\" class=\" wp-image-136 alignright\" src=\"http:\/\/wp.lancs.ac.uk\/learning-languages-with-splds\/files\/2020\/01\/Karmen-300x225.jpg\" alt=\"\" width=\"239\" height=\"179\" srcset=\"http:\/\/wp.lancs.ac.uk\/learning-languages-with-splds\/files\/2020\/01\/Karmen-300x225.jpg 300w, http:\/\/wp.lancs.ac.uk\/learning-languages-with-splds\/files\/2020\/01\/Karmen-1024x768.jpg 1024w, http:\/\/wp.lancs.ac.uk\/learning-languages-with-splds\/files\/2020\/01\/Karmen-768x576.jpg 768w, http:\/\/wp.lancs.ac.uk\/learning-languages-with-splds\/files\/2020\/01\/Karmen-1536x1152.jpg 1536w, http:\/\/wp.lancs.ac.uk\/learning-languages-with-splds\/files\/2020\/01\/Karmen-2048x1536.jpg 2048w, http:\/\/wp.lancs.ac.uk\/learning-languages-with-splds\/files\/2020\/01\/Karmen-676x507.jpg 676w\" sizes=\"auto, (max-width: 239px) 100vw, 239px\" \/><\/h3>\n<p>Karmen Pi\u017eorn\u00a0is Associate Professor of English in Education at the University of Ljubljana, Faculty of Education, Slovenia. She has been a key partner in many national and international projects focusing on young EFL learners, language assessment, multilingualism, and teaching foreign languages to students with specific learning differences, such as DysTEFL2, a successful continuation of the award-winning DysTEFL project. She has also co-authored research papers that investigated the effect of the input mode on reading comprehension of young EFL students with dyslexia.<\/p>\n<p>Twitter: @<span class=\"css-901oao css-16my406 r-1qd0xha r-ad9z0x r-bcqeeo r-qvutc0\">pizornka<\/span><\/p>\n<h3>Dr. Milena Ko\u0161ak Babuder<\/h3>\n<p><img loading=\"lazy\" decoding=\"async\" class=\" wp-image-135 alignright\" src=\"http:\/\/wp.lancs.ac.uk\/learning-languages-with-splds\/files\/2020\/01\/IMG_2597-169x300.jpg\" alt=\"milena\" width=\"139\" height=\"247\" srcset=\"http:\/\/wp.lancs.ac.uk\/learning-languages-with-splds\/files\/2020\/01\/IMG_2597-169x300.jpg 169w, http:\/\/wp.lancs.ac.uk\/learning-languages-with-splds\/files\/2020\/01\/IMG_2597-575x1024.jpg 575w, http:\/\/wp.lancs.ac.uk\/learning-languages-with-splds\/files\/2020\/01\/IMG_2597-768x1367.jpg 768w, http:\/\/wp.lancs.ac.uk\/learning-languages-with-splds\/files\/2020\/01\/IMG_2597-863x1536.jpg 863w, http:\/\/wp.lancs.ac.uk\/learning-languages-with-splds\/files\/2020\/01\/IMG_2597-1151x2048.jpg 1151w, http:\/\/wp.lancs.ac.uk\/learning-languages-with-splds\/files\/2020\/01\/IMG_2597-561x999.jpg 561w, http:\/\/wp.lancs.ac.uk\/learning-languages-with-splds\/files\/2020\/01\/IMG_2597-scaled.jpg 1439w\" sizes=\"auto, (max-width: 139px) 100vw, 139px\" \/>Milena Ko\u0161ak Babuder is an Assistant Professor of Special education at the University of Ljubljana Faculty of Education, Slovenia. Her fields of research are the exploration of the effects of general and specific learning difficulties, especially dyslexia, on educational performance of primary and secondary school students and the development of strategies and models of support and treatments in these areas. She co-authored research papers about the effect of the input mode on reading comprehension of young EFL students with dyslexia. She has been involved in various national and international projects on specific learning difficulties, including the DySTEFL2 project.<\/p>\n<h3><img loading=\"lazy\" decoding=\"async\" class=\" wp-image-140 alignright\" src=\"http:\/\/wp.lancs.ac.uk\/learning-languages-with-splds\/files\/2020\/01\/5797-239x300.jpg\" alt=\"michael photo\" width=\"174\" height=\"218\" srcset=\"http:\/\/wp.lancs.ac.uk\/learning-languages-with-splds\/files\/2020\/01\/5797-239x300.jpg 239w, http:\/\/wp.lancs.ac.uk\/learning-languages-with-splds\/files\/2020\/01\/5797.jpg 275w\" sizes=\"auto, (max-width: 174px) 100vw, 174px\" \/>Michael Ratajczak<\/h3>\n<p>Michael Ratajczak is a PhD student in the Department of Linguistics and English Language at Lancaster University, funded by the UK\u2019s Economic and Social Research Council (ESRC). His PhD is about reading comprehension of health-related texts. Michael is passionate about the use of Bayesian and frequentist multilevel models for inference in psycholinguistics. He co-authored research papers relating to second language acquisition, language testing, and behavioural science.<\/p>\n<h3>Dr. \u00c1gnes Magnuczn\u00e9 God\u00f3<\/h3>\n<p><img loading=\"lazy\" decoding=\"async\" class=\" wp-image-281 alignright\" src=\"http:\/\/wp.lancs.ac.uk\/learning-languages-with-splds\/files\/2020\/01\/21462494_1417227405060877_3780822456557932688_n-300x300.jpg\" alt=\"\u00c1gnes God\u00f3\" width=\"201\" height=\"201\" srcset=\"http:\/\/wp.lancs.ac.uk\/learning-languages-with-splds\/files\/2020\/01\/21462494_1417227405060877_3780822456557932688_n-300x300.jpg 300w, http:\/\/wp.lancs.ac.uk\/learning-languages-with-splds\/files\/2020\/01\/21462494_1417227405060877_3780822456557932688_n-150x150.jpg 150w, http:\/\/wp.lancs.ac.uk\/learning-languages-with-splds\/files\/2020\/01\/21462494_1417227405060877_3780822456557932688_n.jpg 404w\" sizes=\"auto, (max-width: 201px) 100vw, 201px\" \/>\u00c1gnes is a teacher of English, teacher trainer and educator at the University of Miskolc, Hungary. Her fields of interest include reflexive practice in language teaching and teacher training, discourse and rhetorical analysis, webpage analysis, English as a Lingua Franca in ELT, and teaching foreign languages to learners with Special Educational Needs. In recent years she has participated in different projects targeting learners in socially disadvantaged regions of Northeast Hungary. The experiences gained during these schools visits increased my interest in learners with SEN. We have recentlz developed digital learning materials for learners with SEN in primary schools and for mixed-ability secondary school classes. I am the co-ordinator of the <span style=\"color: #000080\"><a style=\"color: #000080\" href=\"http:\/\/engage.uni-miskolc.hu\/\">ENGaGE project<\/a>.<\/span><\/p>\n","protected":false},"excerpt":{"rendered":"<p>Professor Judit Kormos Judit Kormos is a Professor in Second Language Acquisition at Lancaster University. She was a key partner in the award-winning DysTEFL project sponsored by the European Commission and is a lead educator in the Dyslexia and Foreign Language Teaching massive open online learning course offered by FutureLearn.\u00a0 She is the co-author of&hellip; <a class=\"continue\" href=\"http:\/\/wp.lancs.ac.uk\/learning-languages-with-splds\/people-and-projects\/\">Continue Reading<span> People<\/span><\/a><\/p>\n","protected":false},"author":36,"featured_media":0,"parent":0,"menu_order":0,"comment_status":"closed","ping_status":"closed","template":"","meta":{"footnotes":""},"class_list":["post-33","page","type-page","status-publish","hentry"],"jetpack_sharing_enabled":true,"_links":{"self":[{"href":"http:\/\/wp.lancs.ac.uk\/learning-languages-with-splds\/wp-json\/wp\/v2\/pages\/33","targetHints":{"allow":["GET"]}}],"collection":[{"href":"http:\/\/wp.lancs.ac.uk\/learning-languages-with-splds\/wp-json\/wp\/v2\/pages"}],"about":[{"href":"http:\/\/wp.lancs.ac.uk\/learning-languages-with-splds\/wp-json\/wp\/v2\/types\/page"}],"author":[{"embeddable":true,"href":"http:\/\/wp.lancs.ac.uk\/learning-languages-with-splds\/wp-json\/wp\/v2\/users\/36"}],"replies":[{"embeddable":true,"href":"http:\/\/wp.lancs.ac.uk\/learning-languages-with-splds\/wp-json\/wp\/v2\/comments?post=33"}],"version-history":[{"count":26,"href":"http:\/\/wp.lancs.ac.uk\/learning-languages-with-splds\/wp-json\/wp\/v2\/pages\/33\/revisions"}],"predecessor-version":[{"id":327,"href":"http:\/\/wp.lancs.ac.uk\/learning-languages-with-splds\/wp-json\/wp\/v2\/pages\/33\/revisions\/327"}],"wp:attachment":[{"href":"http:\/\/wp.lancs.ac.uk\/learning-languages-with-splds\/wp-json\/wp\/v2\/media?parent=33"}],"curies":[{"name":"wp","href":"https:\/\/api.w.org\/{rel}","templated":true}]}}