{"id":157,"date":"2020-01-26T08:08:34","date_gmt":"2020-01-26T08:08:34","guid":{"rendered":"http:\/\/wp.lancs.ac.uk\/learning-languages-with-splds\/?page_id=157"},"modified":"2020-01-31T15:10:20","modified_gmt":"2020-01-31T15:10:20","slug":"teacher-resources-in-different-languages","status":"publish","type":"page","link":"http:\/\/wp.lancs.ac.uk\/learning-languages-with-splds\/teacher-resources-in-different-languages\/","title":{"rendered":"Teacher resources in different languages"},"content":{"rendered":"<h3>French<\/h3>\n<p>Odile Golliet: L\u2019Anglais pour les dyslexiques: <span style=\"color: #000080\"><a style=\"color: #000080\" href=\"https:\/\/disciplines.ac-montpellier.fr\/anglais\/sites\/anglais\/files\/pdf\/anglais_pour_dys.pdf\">https:\/\/disciplines.ac-montpellier.fr\/anglais\/sites\/anglais\/files\/pdf\/anglais_pour_dys.pdf<\/a><\/span><\/p>\n<h3>German<\/h3>\n<p align=\"LEFT\">Gerlach, D. (2019) <a href=\"https:\/\/www.amazon.de\/Lese-Rechtschreib-Schwierigkeiten-LRS-Fremdsprachenunterricht-narr-STARTER\/dp\/3823382624\"><span style=\"color: #000080\">Lese-Rechtschreib-Schwierigkeiten (LRS) im Fremdsprachenunterricht.<\/span><\/a> T\u00fcbingen: Narr<\/p>\n<p align=\"LEFT\">Judit Kormos: Sechs Dinge, die Fremdsprachenlehrkr\u00e4fte \u00fcber Lese-Rechtschreib-Schwierigkeiten\/Legasthenie wissen m\u00fcssen <span style=\"color: #000080\"><a style=\"color: #000080\" href=\"https:\/\/inklusiver-englischunterricht.de\/2019\/08\/sechs-dinge-die-fremdsprachenlehrkraefte-ueber-lese-rechtschreib-schwierigkeiten-legasthenie-wissen-muessen\/\">https:\/\/inklusiver-englischunterricht.de\/2019\/08\/sechs-dinge-die-fremdsprachenlehrkraefte-ueber-lese-rechtschreib-schwierigkeiten-legasthenie-wissen-muessen\/<\/a><\/span><\/p>\n<p align=\"LEFT\">\u00c1gnes Kollman: Wie k\u00f6nnen wir Legasthenikern im Fremdsprachenunterricht helfen? <a href=\"http:\/\/www.udaf.hu\/dufu\/dufu1\/DUfU_2017_ONLINE.4.pdf\" target=\"_blank\" rel=\"noopener noreferrer\"><u><span style=\"color: #000080\">http:\/\/www.udaf.hu<\/span><\/u><span style=\"color: #000080\"><b><u>\/<\/u><\/b><u>dufu\/dufu1\/DUfU_2017_ONLINE.4.pdf<\/u><\/span><\/a><\/p>\n<div class=\"tema17_2\">\n<p align=\"LEFT\"><span style=\"color: #000080\"><span style=\"color: #333333\">Sophie Engelen: Zum Umgang mit Legasthenie im Fremdsprachenunterricht<\/span> \u2013 Forschungsstand, theoretische Konzepte und Leitlinien f\u00fcr den Unterricht \u00a0<a style=\"color: #000080\" href=\"https:\/\/www.dgff.de\/assets\/Uploads\/ausgaben-zff\/ZFF-2-2016-Sophie-Engelen.pdf\" target=\"_blank\" rel=\"noopener noreferrer\"><u>https:\/\/www.dgff.de\/assets\/Uploads\/ausgaben-zff\/ZFF-2-2016-Sophie-Engelen.pdf<\/u><\/a><\/span><\/p>\n<p align=\"LEFT\"><img loading=\"lazy\" decoding=\"async\" class=\"size-medium wp-image-316 alignright\" src=\"http:\/\/wp.lancs.ac.uk\/learning-languages-with-splds\/files\/2020\/01\/alphaprof-300x236.jpeg\" alt=\"alphaprof website\" width=\"300\" height=\"236\" srcset=\"http:\/\/wp.lancs.ac.uk\/learning-languages-with-splds\/files\/2020\/01\/alphaprof-300x236.jpeg 300w, http:\/\/wp.lancs.ac.uk\/learning-languages-with-splds\/files\/2020\/01\/alphaprof-1024x805.jpeg 1024w, http:\/\/wp.lancs.ac.uk\/learning-languages-with-splds\/files\/2020\/01\/alphaprof-768x604.jpeg 768w, http:\/\/wp.lancs.ac.uk\/learning-languages-with-splds\/files\/2020\/01\/alphaprof-1536x1207.jpeg 1536w, http:\/\/wp.lancs.ac.uk\/learning-languages-with-splds\/files\/2020\/01\/alphaprof-676x531.jpeg 676w, http:\/\/wp.lancs.ac.uk\/learning-languages-with-splds\/files\/2020\/01\/alphaprof.jpeg 1664w\" sizes=\"auto, (max-width: 300px) 100vw, 300px\" \/>F\u00f6rderung von Kindern mit Legasthenie\/LRS im Unterricht <span style=\"color: #000080\"><a style=\"color: #000080\" href=\"http:\/\/www.legasthenie-therapie-muenchen.de\/e-unter.pdf\" target=\"_blank\" rel=\"noopener noreferrer\"><u>http:\/\/www.legasthenie-therapie-muenchen.de\/e-unter.pdf<\/u><\/a><\/span><\/p>\n<\/div>\n<p>Alphaprof website: <a href=\"https:\/\/alphaprof.de\/\"><span style=\"color: #000080\">https:\/\/alphaprof.de\/<\/span><\/a><\/p>\n<h3>Hungarian<\/h3>\n<p>Juh\u00e1sz Val\u00e9ria, Juh\u00e1sz Istv\u00e1n: Idegennyelv-oktat\u00e1s nyelvtanul\u00e1si neh\u00e9zs\u00e9ggel k\u00fczd\u0151k sz\u00e1m\u00e1ra: <a href=\"http:\/\/www.jgypk.hu\/mentorhalo\/tananyag\/Idegennyelv-oktats_nyelvtanulsi_nehzsggel_kzdk_szmraV2\/\"><span style=\"color: #000080\">http:\/\/www.jgypk.hu\/mentorhalo\/tananyag\/Idegennyelv-oktats_nyelvtanulsi_nehzsggel_kzdk_szmraV2\/<\/span><\/a><\/p>\n<p>Kontr\u00e1n\u00e9 Hegyb\u00edr\u00f3 Edit, K\u00e1lmos Borb\u00e1la , D\u00f3czi-V\u00e1mos Gabriella: Diszlexi\u00e1val angolul. Gyakorlati \u00fatmutat\u00f3 tan\u00e1roknak. Budapest: Akad\u00e9miai Kiad\u00f3. <a href=\"https:\/\/akademiai.hu\/1316\/course_books\/language_english\/elementary_b1\/diszlexiaval_angolul\"><span style=\"color: #000080\">https:\/\/akademiai.hu\/1316\/course_books\/language_english\/elementary_b1\/diszlexiaval_angolul<\/span><\/a><\/p>\n<h3>Japanese<\/h3>\n<p><img loading=\"lazy\" decoding=\"async\" class=\" wp-image-232 alignright\" src=\"http:\/\/wp.lancs.ac.uk\/learning-languages-with-splds\/files\/2020\/01\/japanesebook-215x300.jpg\" alt=\"\" width=\"158\" height=\"220\" srcset=\"http:\/\/wp.lancs.ac.uk\/learning-languages-with-splds\/files\/2020\/01\/japanesebook-215x300.jpg 215w, http:\/\/wp.lancs.ac.uk\/learning-languages-with-splds\/files\/2020\/01\/japanesebook.jpg 357w\" sizes=\"auto, (max-width: 158px) 100vw, 158px\" \/><\/p>\n<p><a href=\"https:\/\/www.abebooks.com\/servlet\/BookDetailsPL?bi=30048683045&amp;cm_ven=sws&amp;cm_cat=sws&amp;cm_pla=sws&amp;cm_ite=30048683045&amp;clickid=U0j3AGxF4xyOWKewUx0Mo3EUUknTXqQFn3iU0Y0&amp;cm_mmc=aff-_-ir-_-353196-_-77798&amp;ref=imprad353196&amp;afn_sr=impact\"><span style=\"color: #000080\">Japanese translation<\/span><\/a> of Kormos, J., &amp; Smith, A. M. (2012). <i>Teaching languages to students with specific learning differences<\/i>. Bristol Multilingual Matters. <span id=\"productTitle\" class=\"a-size-large\">\u5b66\u7fd2\u969c\u304c\u3044\u306e\u3042\u308b\u5150\u7ae5\u30fb\u751f\u5f92\u306e\u305f\u3081\u306e\u5916\u56fd\u8a9e\u6559\u80b2\u2015\u2015\u305d\u306e\u57fa\u672c\u6982\u5ff5\u3001\u6307\u5c0e\u65b9\u6cd5\u3001\u30a2\u30bb\u30b9\u30e1\u30f3\u30c8\u3001\u95a2\u9023\u6a5f\u95a2\u3068\u306e\u9023\u643a<\/span><\/p>\n","protected":false},"excerpt":{"rendered":"<p>French Odile Golliet: L\u2019Anglais pour les dyslexiques: https:\/\/disciplines.ac-montpellier.fr\/anglais\/sites\/anglais\/files\/pdf\/anglais_pour_dys.pdf German Gerlach, D. (2019) Lese-Rechtschreib-Schwierigkeiten (LRS) im Fremdsprachenunterricht. T\u00fcbingen: Narr Judit Kormos: Sechs Dinge, die Fremdsprachenlehrkr\u00e4fte \u00fcber Lese-Rechtschreib-Schwierigkeiten\/Legasthenie wissen m\u00fcssen https:\/\/inklusiver-englischunterricht.de\/2019\/08\/sechs-dinge-die-fremdsprachenlehrkraefte-ueber-lese-rechtschreib-schwierigkeiten-legasthenie-wissen-muessen\/ \u00c1gnes Kollman: Wie k\u00f6nnen wir Legasthenikern im Fremdsprachenunterricht helfen? http:\/\/www.udaf.hu\/dufu\/dufu1\/DUfU_2017_ONLINE.4.pdf Sophie Engelen: Zum Umgang mit Legasthenie im Fremdsprachenunterricht \u2013 Forschungsstand, theoretische Konzepte und Leitlinien f\u00fcr den&hellip; <a class=\"continue\" href=\"http:\/\/wp.lancs.ac.uk\/learning-languages-with-splds\/teacher-resources-in-different-languages\/\">Continue Reading<span> Teacher resources in different languages<\/span><\/a><\/p>\n","protected":false},"author":1251,"featured_media":0,"parent":0,"menu_order":0,"comment_status":"closed","ping_status":"closed","template":"","meta":{"footnotes":""},"class_list":["post-157","page","type-page","status-publish","hentry"],"jetpack_sharing_enabled":true,"_links":{"self":[{"href":"http:\/\/wp.lancs.ac.uk\/learning-languages-with-splds\/wp-json\/wp\/v2\/pages\/157","targetHints":{"allow":["GET"]}}],"collection":[{"href":"http:\/\/wp.lancs.ac.uk\/learning-languages-with-splds\/wp-json\/wp\/v2\/pages"}],"about":[{"href":"http:\/\/wp.lancs.ac.uk\/learning-languages-with-splds\/wp-json\/wp\/v2\/types\/page"}],"author":[{"embeddable":true,"href":"http:\/\/wp.lancs.ac.uk\/learning-languages-with-splds\/wp-json\/wp\/v2\/users\/1251"}],"replies":[{"embeddable":true,"href":"http:\/\/wp.lancs.ac.uk\/learning-languages-with-splds\/wp-json\/wp\/v2\/comments?post=157"}],"version-history":[{"count":17,"href":"http:\/\/wp.lancs.ac.uk\/learning-languages-with-splds\/wp-json\/wp\/v2\/pages\/157\/revisions"}],"predecessor-version":[{"id":319,"href":"http:\/\/wp.lancs.ac.uk\/learning-languages-with-splds\/wp-json\/wp\/v2\/pages\/157\/revisions\/319"}],"wp:attachment":[{"href":"http:\/\/wp.lancs.ac.uk\/learning-languages-with-splds\/wp-json\/wp\/v2\/media?parent=157"}],"curies":[{"name":"wp","href":"https:\/\/api.w.org\/{rel}","templated":true}]}}