{"id":159,"date":"2016-02-15T10:13:39","date_gmt":"2016-02-15T10:13:39","guid":{"rendered":"http:\/\/wp.lancs.ac.uk\/laelpgconference\/?page_id=159"},"modified":"2016-02-15T10:29:47","modified_gmt":"2016-02-15T10:29:47","slug":"papers-from-lael-pg-2013-volume-8","status":"publish","type":"page","link":"http:\/\/wp.lancs.ac.uk\/laelpgconference\/papers-from-lael-pg\/papers-from-lael-pg-2013-volume-8\/","title":{"rendered":"Papers from LAEL PG 2013: Volume 8"},"content":{"rendered":"<p><a href=\"http:\/\/www.lancaster.ac.uk\/fass\/events\/laelpgconference\/papers\/v08\/LAEL_Volume8_2014.pdf\"><img data-recalc-dims=\"1\" loading=\"lazy\" decoding=\"async\" class=\"floatRight alignright\" src=\"https:\/\/i0.wp.com\/www.lancaster.ac.uk\/fass\/events\/laelpgconference\/papers\/v08\/LAEL_Volume8_2014-1.png?resize=175%2C250\" alt=\"LAEL PG 2013: download the whole volume\" width=\"175\" height=\"250\" border=\"0\" \/><\/a><strong>Published: 2014<\/strong><br \/>\n<strong>ISSN 1756-123X<\/strong><\/p>\n<p><strong>Editors: <\/strong><br \/>\nB\u00e1rbara-Pamela Olmos-L\u00f3pez, Jing Huang, Jo\u00e3o Almeida<\/p>\n<p><em>Papers from LAEL PG <\/em>is a peer-reviewed, open-access, online publication featuring full papers from the annual Lancaster University Postgraduate Conference in Linguistics and Language Teaching(LAEL PG). There is one volume annually, published in November\/December of the year following the conference. Each volume is edited by a different team of PhD students at the <a href=\"http:\/\/www.lancaster.ac.uk\/linguistics\/\">Department of Linguistics and English Language<\/a> (LAEL), Lancaster University.<\/p>\n<p><a href=\"http:\/\/www.lancaster.ac.uk\/fass\/events\/laelpgconference\/papers\/v08\/LAEL_Volume8_2014.pdf\">Download the whole volume<\/a>, or select individual papers from the contents below.<\/p>\n<h2>Volume 8 Contents<\/h2>\n<table class=\"data\" cellspacing=\"0\" cellpadding=\"0\">\n<tbody>\n<tr>\n<th valign=\"top\">Title\/Author<\/th>\n<th valign=\"top\">Download<\/th>\n<\/tr>\n<tr>\n<td valign=\"top\">Introduction to the Volume<br \/>\nB\u00e1rbara-Pamela Olmos-L\u00f3pez<\/td>\n<td valign=\"top\"><em><a href=\"http:\/\/www.lancaster.ac.uk\/fass\/events\/laelpgconference\/papers\/v08\/introduction.pdf\"><img data-recalc-dims=\"1\" loading=\"lazy\" decoding=\"async\" src=\"https:\/\/i0.wp.com\/www.lancaster.ac.uk\/fass\/events\/laelpgconference\/images\/pdf.gif?resize=34%2C20\" alt=\"Introduction to the Volume\" width=\"34\" height=\"20\" border=\"0\" \/><\/a><\/em><\/td>\n<\/tr>\n<tr>\n<td valign=\"top\">Adjective Stacking and Classification in Northern Sotho: A Southern Bantu Language of South Africa<br \/>\nPaul Flanagan<\/td>\n<td valign=\"top\"><em><a href=\"http:\/\/www.lancaster.ac.uk\/fass\/events\/laelpgconference\/papers\/v08\/Paul-Flanagan.pdf\"><img data-recalc-dims=\"1\" loading=\"lazy\" decoding=\"async\" src=\"https:\/\/i0.wp.com\/www.lancaster.ac.uk\/fass\/events\/laelpgconference\/images\/pdf.gif?resize=34%2C20\" alt=\"Paul Flanagan\" width=\"34\" height=\"20\" border=\"0\" \/><\/a><\/em><\/td>\n<\/tr>\n<tr>\n<td valign=\"top\">Effects of task repetition on written language production in Task Based Language Teaching<br \/>\nBimali Indrarathne<\/td>\n<td valign=\"top\"><em><a href=\"http:\/\/www.lancaster.ac.uk\/fass\/events\/laelpgconference\/papers\/v08\/Bimali-Indrarathne.pdf\"><img data-recalc-dims=\"1\" loading=\"lazy\" decoding=\"async\" src=\"https:\/\/i0.wp.com\/www.lancaster.ac.uk\/fass\/events\/laelpgconference\/images\/pdf.gif?resize=34%2C20\" alt=\"Bimali Indrarathne\" width=\"34\" height=\"20\" border=\"0\" \/><\/a><\/em><\/td>\n<\/tr>\n<tr>\n<td valign=\"top\">Investigating the listening construct underlying listening-to-summarize tasks<br \/>\nAnchana Rukthong<\/td>\n<td valign=\"top\"><em><a href=\"http:\/\/www.lancaster.ac.uk\/fass\/events\/laelpgconference\/papers\/v08\/Anchana-Rukthong.pdf\"><img data-recalc-dims=\"1\" loading=\"lazy\" decoding=\"async\" src=\"https:\/\/i0.wp.com\/www.lancaster.ac.uk\/fass\/events\/laelpgconference\/images\/pdf.gif?resize=34%2C20\" alt=\"Anchana Rukthong\" width=\"34\" height=\"20\" border=\"0\" \/><\/a><\/em><\/td>\n<\/tr>\n<tr>\n<td valign=\"top\">Second language writing development from a Dynamic Systems Theory perspective<br \/>\nAttila M. Wind<\/td>\n<td valign=\"top\"><em><a href=\"http:\/\/www.lancaster.ac.uk\/fass\/events\/laelpgconference\/papers\/v08\/Attila-M-Wind.pdf\"><img data-recalc-dims=\"1\" loading=\"lazy\" decoding=\"async\" src=\"https:\/\/i0.wp.com\/www.lancaster.ac.uk\/fass\/events\/laelpgconference\/images\/pdf.gif?resize=34%2C20\" alt=\"Attila M. Wind\" width=\"34\" height=\"20\" border=\"0\" \/><\/a><\/em><\/td>\n<\/tr>\n<tr>\n<td valign=\"top\">Authors&#8217; and Editors&#8217; details<\/td>\n<td valign=\"top\"><em><a href=\"http:\/\/www.lancaster.ac.uk\/fass\/events\/laelpgconference\/papers\/v08\/Authors.pdf\"><img data-recalc-dims=\"1\" loading=\"lazy\" decoding=\"async\" src=\"https:\/\/i0.wp.com\/www.lancaster.ac.uk\/fass\/events\/laelpgconference\/images\/pdf.gif?resize=34%2C20\" alt=\"Authors' and Editors' details\" width=\"34\" height=\"20\" border=\"0\" \/><\/a><\/em><\/td>\n<\/tr>\n<\/tbody>\n<\/table>\n","protected":false},"excerpt":{"rendered":"<p>Published: 2014 ISSN 1756-123X Editors: B\u00e1rbara-Pamela Olmos-L\u00f3pez, Jing Huang, Jo\u00e3o Almeida Papers from LAEL PG is a peer-reviewed, open-access, online publication featuring full papers from the annual Lancaster University Postgraduate Conference in Linguistics and Language Teaching(LAEL PG). There is one volume annually, published in November\/December of the year following the conference. Each volume is edited&hellip;<\/p>\n","protected":false},"author":36,"featured_media":0,"parent":52,"menu_order":0,"comment_status":"closed","ping_status":"closed","template":"","meta":{"footnotes":""},"class_list":["post-159","page","type-page","status-publish","hentry"],"jetpack_sharing_enabled":true,"jetpack_shortlink":"https:\/\/wp.me\/P8m85o-2z","jetpack-related-posts":[],"_links":{"self":[{"href":"http:\/\/wp.lancs.ac.uk\/laelpgconference\/wp-json\/wp\/v2\/pages\/159","targetHints":{"allow":["GET"]}}],"collection":[{"href":"http:\/\/wp.lancs.ac.uk\/laelpgconference\/wp-json\/wp\/v2\/pages"}],"about":[{"href":"http:\/\/wp.lancs.ac.uk\/laelpgconference\/wp-json\/wp\/v2\/types\/page"}],"author":[{"embeddable":true,"href":"http:\/\/wp.lancs.ac.uk\/laelpgconference\/wp-json\/wp\/v2\/users\/36"}],"replies":[{"embeddable":true,"href":"http:\/\/wp.lancs.ac.uk\/laelpgconference\/wp-json\/wp\/v2\/comments?post=159"}],"version-history":[{"count":2,"href":"http:\/\/wp.lancs.ac.uk\/laelpgconference\/wp-json\/wp\/v2\/pages\/159\/revisions"}],"predecessor-version":[{"id":161,"href":"http:\/\/wp.lancs.ac.uk\/laelpgconference\/wp-json\/wp\/v2\/pages\/159\/revisions\/161"}],"up":[{"embeddable":true,"href":"http:\/\/wp.lancs.ac.uk\/laelpgconference\/wp-json\/wp\/v2\/pages\/52"}],"wp:attachment":[{"href":"http:\/\/wp.lancs.ac.uk\/laelpgconference\/wp-json\/wp\/v2\/media?parent=159"}],"curies":[{"name":"wp","href":"https:\/\/api.w.org\/{rel}","templated":true}]}}