{"id":59,"date":"2016-12-05T15:58:42","date_gmt":"2016-12-05T15:58:42","guid":{"rendered":"http:\/\/wp.lancs.ac.uk\/futuro-portugues\/?page_id=59"},"modified":"2017-04-01T23:19:17","modified_gmt":"2017-04-01T23:19:17","slug":"inscricoes","status":"publish","type":"page","link":"http:\/\/wp.lancs.ac.uk\/futuro-portugues\/inscricoes\/","title":{"rendered":"Inscri\u00e7\u00f5es e como chegar"},"content":{"rendered":"<p>Data e local do simp\u00f3sio: 8 de Abril, 2017, Universidade de Lancaster, Reino Unido<\/p>\n<p>A participa\u00e7\u00e3o \u00e9 gratuita (inclu\u00edndo coffee breaks e almo\u00e7o). O jantar do simp\u00f3sio n\u00e3o esta inclu\u00eddo e ter\u00e1 de ser pago separadamente (<a href=\"http:\/\/wp.lancs.ac.uk\/futuro-portugues\/files\/2016\/12\/Menu-Sun-Cafe-Simposio.pdf\">Menu<\/a>).\u00a0Recomendamos inscri\u00e7\u00e3o antecipada j\u00e1 que o espa\u00e7o \u00e9 limitado.<\/p>\n<p style=\"text-align: center\"><span style=\"font-size: 14pt\"><strong><a href=\"http:\/\/online-payments.lancaster-university.co.uk\/browse\/extra_info.asp?compid=1&amp;modid=1&amp;deptid=6&amp;catid=729&amp;prodvarid=410\">Clique este link para se inscrever no evento e\/ou no jantar.<\/a><\/strong><\/span><\/p>\n<h3>Como chegar<\/h3>\n<header class=\"entry-header\">Lancaster fica a duas horas de Londres e de Edimburgo (comboio directo).<\/p>\n<\/header>\n<div class=\"entry-content\">\n<h4>Local do\u00a0simp\u00f3sio<\/h4>\n<ul>\n<li>Private Dining Room, Edif\u00edcio County South (nr 18 no mapa do Campus)<\/li>\n<li><a href=\"http:\/\/www.lancaster.ac.uk\/media\/lancaster-university\/content-assets\/documents\/maps\/campus-map.pdf\">Mapa do campus da Universidade<\/a>\u00a0(County South =\u00a0edif\u00edcio\u00a018)<\/li>\n<li>O local do simp\u00f3sio fica perto da County Avenue.<\/li>\n<\/ul>\n<h4>Como chegar\u00a0\u00e0\u00a0Universidade de Lancaster<\/h4>\n<ul>\n<li>Encontrar\u00e1 informa\u00e7\u00e3o detalhada no website da Universidade, incluindo informa\u00e7\u00e3o sobre transportes p\u00fablicos: <a href=\"http:\/\/www.lancaster.ac.uk\/contact-and-getting-here\/\">http:\/\/www.lancaster.ac.uk\/contact-and-getting-here\/<\/a><\/li>\n<li>T\u00e1xis locais: 32090-35666 Taxis (telefone: 01524-35666) ou 848 Taxis (01524-848848). Pe\u00e7a para sair na County Avenue do campus da Universidade. O local do simp\u00f3sio fica a 50 metros<\/li>\n<\/ul>\n<h4>Estacionamento<\/h4>\n<ul>\n<li>Os parques de estacionamento para visitantes s\u00e3o gratuitos ao fim-de-semana.<\/li>\n<li>Sugerimos a utiliza\u00e7\u00e3o do <em>Visitors Car Park \u2018B\u2019<\/em><\/li>\n<li><a href=\"https:\/\/wwa.lancaster.ac.uk\/media\/lancaster-university\/content-assets\/documents\/facilities\/car-parking-policy\/CarParking_ParkingZones.pdf\">Mapa parques de estacionamento<\/a><\/li>\n<\/ul>\n<h3>Alojamento<\/h3>\n<p>Alojamento no campus da Universidade de Lancaster:<\/p>\n<div class=\"entry-content\">\n<ul>\n<li>Bed and breakfast accommodation: Reserv\u00e1mos 15\u00a0quartos com tarifa especial para participantes no simp\u00f3sio. Para usufruir desta oferta, visite a p\u00e1gina da Conference Office da Universidade de Lancaster e utilize o c\u00f3digo de desconto REA17 quando reservar o seu quarto. <a href=\"https:\/\/www.conferences.lancs.ac.uk\/bedandbreakfast\/Default.aspx\">Link para reserva B&amp;B<\/a>.<\/li>\n<li><a href=\"http:\/\/englishlakes.co.uk\/hotels\/lancashire-hotels\/lancaster-house-hotel\/index.aspx\" target=\"_blank\">Lancaster House Hotel<\/a> (Hotel ****, localizado junto do campus)<\/li>\n<\/ul>\n<p>Alojamento no centro da cidade de Lancaster:<\/p>\n<ul type=\"disc\">\n<li><a href=\"http:\/\/www.travelodge.co.uk\/hotels\/498\/Lancaster-Central-hotel\" target=\"_blank\">Travelodge \u2013 Lancaster central<\/a><\/li>\n<li><a href=\"https:\/\/www.thesunhotelandbar.co.uk\/\">The Sun Hotel and Bar<\/a><\/li>\n<li><a href=\"http:\/\/www.sunstreetstudios.co.uk\/\">Sun Street Studios<\/a> (apartamentos)<\/li>\n<li><a href=\"http:\/\/www.royal-residences.net\/id-127150.html\">Royal King\u2019s Arms Hotel<\/a><\/li>\n<li><a href=\"http:\/\/www.theboroughlancaster.co.uk\/\">The Borough Restaurant Hotel Pub<\/a><\/li>\n<li><a href=\"http:\/\/www.thwaites.co.uk\/toll-house-at-lancaster\/\">The Toll House Inn<\/a><\/li>\n<li><a href=\"http:\/\/www.citycoastcountryside.co.uk\/where-to-stay\" target=\"_blank\">Lancaster tourism website<\/a><\/li>\n<li><a href=\"http:\/\/www.booking.com\/searchresults.pt-pt.html?aid=303948;label=lancaster-6I5Er30kfXyWX1ehO7mangS103007090781%3Apl%3Ata%3Ap115%3Ap2%3Aac%3Aap1t1%3Aneg%3Afi%3Atikwd-94051616%3Alp9046580%3Ali%3Adec%3Adm;sid=d141cdae19a200eb4d61cbc09cccb348;city=-2600656;hyb_red=1;keep_landing=1;redirected=1;redirected_from_city=1;source=city;src=city&amp;gclid=CPC18vH43dACFc-97QodKeEA5g&amp;\">Booking.com<\/a>\u00a0(resultados em portugu\u00eas)<\/li>\n<\/ul>\n<\/div>\n<\/div>\n<p><img data-recalc-dims=\"1\" loading=\"lazy\" decoding=\"async\" class=\"floatRightPadSide aligncenter\" src=\"https:\/\/i0.wp.com\/www.lancaster.ac.uk\/implicit-learning-seminar\/images\/campus\/campus.jpg?resize=350%2C232\" alt=\"Campus\" width=\"350\" height=\"232\" \/><\/p>\n","protected":false},"excerpt":{"rendered":"<p>Data e local do simp\u00f3sio: 8 de Abril, 2017, Universidade de Lancaster, Reino Unido A participa\u00e7\u00e3o \u00e9 gratuita (inclu\u00edndo coffee breaks e almo\u00e7o). O jantar do simp\u00f3sio n\u00e3o esta inclu\u00eddo e ter\u00e1 de ser pago separadamente (Menu).\u00a0Recomendamos inscri\u00e7\u00e3o antecipada j\u00e1 que o espa\u00e7o \u00e9 limitado. Clique este link para se inscrever no evento e\/ou no [&hellip;]<\/p>\n","protected":false},"author":401,"featured_media":0,"parent":0,"menu_order":0,"comment_status":"closed","ping_status":"closed","template":"","meta":{"footnotes":""},"class_list":["post-59","page","type-page","status-publish","hentry"],"jetpack_sharing_enabled":true,"jetpack_shortlink":"https:\/\/wp.me\/P8b6hh-X","jetpack-related-posts":[],"_links":{"self":[{"href":"http:\/\/wp.lancs.ac.uk\/futuro-portugues\/wp-json\/wp\/v2\/pages\/59","targetHints":{"allow":["GET"]}}],"collection":[{"href":"http:\/\/wp.lancs.ac.uk\/futuro-portugues\/wp-json\/wp\/v2\/pages"}],"about":[{"href":"http:\/\/wp.lancs.ac.uk\/futuro-portugues\/wp-json\/wp\/v2\/types\/page"}],"author":[{"embeddable":true,"href":"http:\/\/wp.lancs.ac.uk\/futuro-portugues\/wp-json\/wp\/v2\/users\/401"}],"replies":[{"embeddable":true,"href":"http:\/\/wp.lancs.ac.uk\/futuro-portugues\/wp-json\/wp\/v2\/comments?post=59"}],"version-history":[{"count":35,"href":"http:\/\/wp.lancs.ac.uk\/futuro-portugues\/wp-json\/wp\/v2\/pages\/59\/revisions"}],"predecessor-version":[{"id":405,"href":"http:\/\/wp.lancs.ac.uk\/futuro-portugues\/wp-json\/wp\/v2\/pages\/59\/revisions\/405"}],"wp:attachment":[{"href":"http:\/\/wp.lancs.ac.uk\/futuro-portugues\/wp-json\/wp\/v2\/media?parent=59"}],"curies":[{"name":"wp","href":"https:\/\/api.w.org\/{rel}","templated":true}]}}