{"id":10,"date":"2016-11-30T15:40:10","date_gmt":"2016-11-30T15:40:10","guid":{"rendered":"http:\/\/wp.lancs.ac.uk\/futuro-portugues\/?page_id=10"},"modified":"2017-04-04T11:56:59","modified_gmt":"2017-04-04T11:56:59","slug":"programa","status":"publish","type":"page","link":"http:\/\/wp.lancs.ac.uk\/futuro-portugues\/programa\/","title":{"rendered":"Programa"},"content":{"rendered":"<p><em>Data: S\u00e1bado, dia 8 de Abril, 2017<\/em><\/p>\n<p><em>Local: Private Dining Room, edif\u00edcio County South (nr 18 neste <a href=\"http:\/\/www.lancaster.ac.uk\/media\/lancaster-university\/content-assets\/documents\/maps\/campus-map.pdf\">mapa<\/a>, direc\u00e7\u00f5es <a href=\"http:\/\/www.lancaster.ac.uk\/implicit-learning-seminar\/How%20to%20Find%20FASS%20building.pdf\">aqui<\/a>).<\/em><\/p>\n<table style=\"width: 636px\">\n<tbody>\n<tr style=\"height: 20px\">\n<td style=\"width: 139px;text-align: left;vertical-align: top;height: 20px\">9.30<\/td>\n<td style=\"width: 139px;text-align: left;vertical-align: top;height: 20px\">Registo<\/td>\n<\/tr>\n<tr style=\"height: 23px\">\n<td style=\"width: 139px;text-align: left;vertical-align: top;height: 23px\">10.30<\/td>\n<td style=\"width: 139px;text-align: left;vertical-align: top;height: 23px\"><strong>Sess\u00e3o de abertura<\/strong><\/p>\n<ul>\n<li><a href=\"http:\/\/www.lancaster.ac.uk\/vc\/huttly.htm\">Sharon Huttly<\/a>, Vice Reitora, Universidade de Lancaster<\/li>\n<li><a href=\"http:\/\/wp.lancs.ac.uk\/rebuschat\/\">Patrick Pereira Rebuschat<\/a>, Organiza\u00e7\u00e3o,\u00a0Universidade de Lancaster<\/li>\n<li><a href=\"http:\/\/www.portugal.gov.pt\/pt\/ministerios\/medu\/equipa\/secretario-estado\/joao-costa.aspx\">Jo\u00e3o Costa<\/a>,\u00a0Secret\u00e1rio de Estado da Educa\u00e7\u00e3o<\/li>\n<\/ul>\n<\/td>\n<\/tr>\n<tr style=\"height: 17px\">\n<td style=\"width: 139px;text-align: left;vertical-align: top;height: 17px\">\u00a011.45<\/td>\n<td style=\"width: 139px;text-align: left;vertical-align: top;height: 17px\">Coffee break<\/td>\n<\/tr>\n<tr style=\"height: 100px\">\n<td style=\"width: 139px;text-align: left;vertical-align: top;height: 100px\">\u00a012.00<\/td>\n<td style=\"width: 139px;text-align: left;vertical-align: top;height: 100px\"><strong>Panorama das redes de ensino<\/strong><\/p>\n<ul>\n<li>M\u00e1rcia Fortuna (Instituto Cam\u00f5es UK):\u00a0&#8220;O ensino do portugu\u00eas nas escolas do Reino Unido&#8221;<\/li>\n<li>Adelaide Cristov\u00e3o\u00a0(Instituto Cam\u00f5es Fran\u00e7a):\u00a0&#8220;A rede de ensino\u00a0de\u00a0portugu\u00eas em Franca&#8221;<\/li>\n<li><em>Sess\u00e3o moderada por Joana Zozimo (Lancaster).<\/em><\/li>\n<\/ul>\n<\/td>\n<\/tr>\n<tr style=\"height: 23px\">\n<td style=\"width: 139px;text-align: left;vertical-align: top;height: 23px\">\u00a013:00<\/td>\n<td style=\"width: 139px;text-align: left;vertical-align: top;height: 23px\">Almo\u00e7o<\/td>\n<\/tr>\n<tr style=\"height: 191px\">\n<td style=\"width: 139px;text-align: left;vertical-align: top;height: 191px\">\u00a014:15<\/td>\n<td style=\"width: 139px;text-align: left;vertical-align: top;height: 191px\"><strong>Case studies<\/strong><\/p>\n<ul>\n<li><a href=\"https:\/\/www.leeds.ac.uk\/arts\/profile\/20043\/549\/sofia_martinho\">Sofia Martinho<\/a> (Leeds):\u00a0&#8220;O portugu\u00eas nas universidades do Reino Unido&#8221;<\/li>\n<li>Tatiana Correia (Native Scientist):\u00a0&#8220;Promo\u00e7\u00e3o do portugu\u00eas atrav\u00e9s da ci\u00eancia: O projecto <a href=\"https:\/\/www.nativescientist.com\/\"><em>Native Scientist<\/em><\/a>&#8220;<\/li>\n<li>Regina Duarte (Instituto Cam\u00f5es UK):\u00a0&#8220;A iniciativa <a href=\"http:\/\/angloportugueseschool.org\/\">Anglo-Portuguese School<\/a>&#8220;<\/li>\n<li><em><em>Sess\u00e3o moderada por C\u00e9<\/em><\/em><em>u Mateus (Lancaster)<\/em><\/li>\n<\/ul>\n<\/td>\n<\/tr>\n<tr style=\"height: 6px\">\n<td style=\"width: 139px;text-align: left;vertical-align: top;height: 6px\">15.45<\/td>\n<td style=\"width: 139px;text-align: left;vertical-align: top;height: 6px\">Coffee break<\/td>\n<\/tr>\n<tr style=\"height: 47px\">\n<td style=\"width: 139px;text-align: left;vertical-align: top;height: 47px\">\u00a016.00<\/td>\n<td style=\"width: 139px;text-align: left;vertical-align: top;height: 47px\"><strong>Mesa redonda<\/strong><\/p>\n<ul>\n<li><em>Sess\u00e3o moderada por Sara Belo Lu\u00eds (Vis\u00e3o)<\/em><\/li>\n<\/ul>\n<\/td>\n<\/tr>\n<tr style=\"height: 95px\">\n<td style=\"width: 139px;height: 95px\">\u00a016:45<\/td>\n<td style=\"width: 492px;height: 95px\"><strong>Sess\u00e3o de encerramento<\/strong><\/p>\n<div id=\"divPrtBk\" class=\"\">\n<ul>\n<li>Andr\u00e9 Castro, Comiss\u00e3o Executiva PARSUK<\/li>\n<li id=\"divSn\" class=\"divSn divTx\"><span id=\"spnFrom\" class=\"rwRRO\" title=\"carlos.amaro@mne.pt\">Carlos Sousa Amaro, C\u00f4nsul Geral, Consulado Geral de Portugal em Manchester<\/span><\/li>\n<\/ul>\n<\/div>\n<\/td>\n<\/tr>\n<tr style=\"height: 23px\">\n<td style=\"width: 139px;height: 23px\">\u00a019.00<\/td>\n<td style=\"width: 492px;height: 23px\">Jantar no <a href=\"http:\/\/www.thesuncafe.co.uk\/\">Sun Caf\u00e9<\/a><\/td>\n<\/tr>\n<\/tbody>\n<\/table>\n<p><img data-recalc-dims=\"1\" loading=\"lazy\" decoding=\"async\" data-attachment-id=\"176\" data-permalink=\"http:\/\/wp.lancs.ac.uk\/futuro-portugues\/home\/epvisitorcampus\/\" data-orig-file=\"https:\/\/i0.wp.com\/wp.lancs.ac.uk\/futuro-portugues\/files\/2016\/11\/epvisitorcampus.jpg?fit=361%2C250\" data-orig-size=\"361,250\" data-comments-opened=\"0\" data-image-meta=\"{&quot;aperture&quot;:&quot;0&quot;,&quot;credit&quot;:&quot;&quot;,&quot;camera&quot;:&quot;&quot;,&quot;caption&quot;:&quot;&quot;,&quot;created_timestamp&quot;:&quot;0&quot;,&quot;copyright&quot;:&quot;WWW,JILLJENNINGS.COM\\n07800563926&quot;,&quot;focal_length&quot;:&quot;0&quot;,&quot;iso&quot;:&quot;0&quot;,&quot;shutter_speed&quot;:&quot;0&quot;,&quot;title&quot;:&quot;&quot;,&quot;orientation&quot;:&quot;1&quot;}\" data-image-title=\"epvisitorcampus\" data-image-description=\"\" data-image-caption=\"\" data-large-file=\"https:\/\/i0.wp.com\/wp.lancs.ac.uk\/futuro-portugues\/files\/2016\/11\/epvisitorcampus.jpg?fit=361%2C250\" class=\"size-full wp-image-176 aligncenter\" src=\"https:\/\/i0.wp.com\/wp.lancs.ac.uk\/futuro-portugues\/files\/2016\/11\/epvisitorcampus.jpg?resize=361%2C250\" alt=\"epvisitorcampus\" width=\"361\" height=\"250\" srcset=\"https:\/\/i0.wp.com\/wp.lancs.ac.uk\/futuro-portugues\/files\/2016\/11\/epvisitorcampus.jpg?w=361 361w, https:\/\/i0.wp.com\/wp.lancs.ac.uk\/futuro-portugues\/files\/2016\/11\/epvisitorcampus.jpg?resize=300%2C208 300w\" sizes=\"auto, (max-width: 361px) 100vw, 361px\" \/><\/p>\n","protected":false},"excerpt":{"rendered":"<p>Data: S\u00e1bado, dia 8 de Abril, 2017 Local: Private Dining Room, edif\u00edcio County South (nr 18 neste mapa, direc\u00e7\u00f5es aqui). 9.30 Registo 10.30 Sess\u00e3o de abertura Sharon Huttly, Vice Reitora, Universidade de Lancaster Patrick Pereira Rebuschat, Organiza\u00e7\u00e3o,\u00a0Universidade de Lancaster Jo\u00e3o Costa,\u00a0Secret\u00e1rio de Estado da Educa\u00e7\u00e3o \u00a011.45 Coffee break \u00a012.00 Panorama das redes de ensino M\u00e1rcia [&hellip;]<\/p>\n","protected":false},"author":36,"featured_media":0,"parent":0,"menu_order":0,"comment_status":"closed","ping_status":"closed","template":"","meta":{"footnotes":""},"class_list":["post-10","page","type-page","status-publish","hentry"],"jetpack_sharing_enabled":true,"jetpack_shortlink":"https:\/\/wp.me\/P8b6hh-a","jetpack-related-posts":[],"_links":{"self":[{"href":"http:\/\/wp.lancs.ac.uk\/futuro-portugues\/wp-json\/wp\/v2\/pages\/10","targetHints":{"allow":["GET"]}}],"collection":[{"href":"http:\/\/wp.lancs.ac.uk\/futuro-portugues\/wp-json\/wp\/v2\/pages"}],"about":[{"href":"http:\/\/wp.lancs.ac.uk\/futuro-portugues\/wp-json\/wp\/v2\/types\/page"}],"author":[{"embeddable":true,"href":"http:\/\/wp.lancs.ac.uk\/futuro-portugues\/wp-json\/wp\/v2\/users\/36"}],"replies":[{"embeddable":true,"href":"http:\/\/wp.lancs.ac.uk\/futuro-portugues\/wp-json\/wp\/v2\/comments?post=10"}],"version-history":[{"count":54,"href":"http:\/\/wp.lancs.ac.uk\/futuro-portugues\/wp-json\/wp\/v2\/pages\/10\/revisions"}],"predecessor-version":[{"id":411,"href":"http:\/\/wp.lancs.ac.uk\/futuro-portugues\/wp-json\/wp\/v2\/pages\/10\/revisions\/411"}],"wp:attachment":[{"href":"http:\/\/wp.lancs.ac.uk\/futuro-portugues\/wp-json\/wp\/v2\/media?parent=10"}],"curies":[{"name":"wp","href":"https:\/\/api.w.org\/{rel}","templated":true}]}}