{"id":58,"date":"2014-05-23T07:45:47","date_gmt":"2014-05-23T07:45:47","guid":{"rendered":"http:\/\/wp.lancs.ac.uk\/elizabeth-shove\/?page_id=58"},"modified":"2024-12-21T13:01:38","modified_gmt":"2024-12-21T13:01:38","slug":"otherpublications","status":"publish","type":"page","link":"http:\/\/wp.lancs.ac.uk\/elizabeth-shove\/otherpublications\/","title":{"rendered":"Other publications"},"content":{"rendered":"<p>If you want to read one of these articles, chapters or reports and can&#8217;t get it from your library or on line, just get in touch.<\/p>\n<hr \/>\n<p>Shove, E., Blue, S. and Kelly, M. P. (2024) \u2018Categorising and cohabiting: practices as the site of biosocial becoming\u2019 in Social theory &amp; health 2024 Vol. 22 Issue 2 Pages 156-171.<\/p>\n<p>Marsden, G., Shove, E. and Torriti, J. (2024) \u2018How much storage do we need in a fully electrified future? A critical review of the assumptions on which this question depends\u2019 Energy research &amp; social science 2024 Vol. 114 Pages 103580.<\/p>\n<p>Blue, S., Shove, E. and Kurnicki, K (2024) Organisational flexibility: Core business, interdependence and the timing of energy demand, Journal of Organizational Sociology2024. <a href=\"https:\/\/doi.org\/10.1515\/joso-2023-0033\">https:\/\/doi.org\/10.1515\/joso-2023-0033<\/a><\/p>\n<p>Rinkinen, J. and Shove, E. (2023) Material culture and the circular economy, Frontiers in Sustainability 13 June 2023, Volume 4 &#8211; 2023 | <a href=\"https:\/\/doi.org\/10.3389\/frsus.2023.1158079\">https:\/\/doi.org\/10.3389\/frsus.2023.1158079 <\/a><\/p>\n<p>Sue-Chue-Lam, Shove E. and Xie, E. (2022) \u2018The counterintuitive role of efficiency: implications for the ecological impact of health care\u2019 in <em>The Lancet Planetary Health<\/em>, DOI: 10.1016\/S2542-5196(22)00256-X<\/p>\n<p>Watson, M. and Shove, E. (2022) How infrastructures and practices shape each other: aggregation, integration and the introduction of gas central heating. Sociological Research Online. January 2022. doi:<a href=\"https:\/\/doi.org\/10.1177\/13607804211055495\">10.1177\/13607804211055495<\/a><\/p>\n<p>Blue, S., Forman, P., and Shove, E., (2021) &#8220;Flexibilities in energy supply and demand: Legacies and lessons from the past&#8221;, <em>Journal of Energy History\/Revue d&#8217;Histoire de l&#8217;\u00c9nergie<\/em> [Online], n\u00b05, 05 May 2021: \u00a0<a href=\"https:\/\/www.energyhistory.eu\/en\/special-issue\/flexibilities-energy-supply-and-demand-legacies-and-lessons-past\">https:\/\/www.energyhistory.eu\/en\/special-issue\/flexibilities-energy-supply-and-demand-legacies-and-lessons-past<\/a>\u00a0 Introduction to special issue, edited by S. Blue, P. Forman and E. Shove \u2018Historicizing Flexibility\u2019.<\/p>\n<p>Blue, S., Shove, E., and Kelly, M. P. (2021). Obese societies: Reconceptualising the challenge for public health. Sociology of Health and Illness. \u00a0DOI: 10.1111\/1467-9566.13275, p1-17. \u00a0<a href=\"https:\/\/onlinelibrary.wiley.com\/doi\/epdf\/10.1111\/1467-9566.13275\">https:\/\/onlinelibrary.wiley.com\/doi\/epdf\/10.1111\/1467-9566.13275<\/a><\/p>\n<p>Rinkinen, J., Shove, E., &amp; Smits, M. (2021). Conceptualising urban density, energy demand and social practice. Buildings and Cities, 2(1), pp. 79\u201391. DOI: <a href=\"https:\/\/eur02.safelinks.protection.outlook.com\/?url=https%3A%2F%2Fdoi.org%2F10.5334%2Fbc.72&amp;data=04%7C01%7Ce.shove%40lancaster.ac.uk%7C02cb7170a6bd4817297808d8c6e0cf0c%7C9c9bcd11977a4e9ca9a0bc734090164a%7C0%7C0%7C637478016135104658%7CUnknown%7CTWFpbGZsb3d8eyJWIjoiMC4wLjAwMDAiLCJQIjoiV2luMzIiLCJBTiI6Ik1haWwiLCJXVCI6Mn0%3D%7C3000&amp;sdata=1brR5HRJJCXgqgqHT68iuCveXexYQgAekK4RGieJdco%3D&amp;reserved=0\">https:\/\/doi.org\/10.5334\/bc.72<\/a><\/p>\n<p>Shove, E. (2020) <a href=\"https:\/\/www.nature.com\/articles\/s41560-020-00739-9.epdf?sharing_token=5ljp8uG8QdV1v9_n2GN2kdRgN0jAjWel9jnR3ZoTv0MkGH6ZkufH9UwrEmpoMgK9ssTciSQSKaEoCYZR2znMzNV55v5GjPWqElL_JdPjVLrE95_3ccvCPI-vrihbDgnRvWLyRsrze-eVvLkpaTygX3neRYu44SaiiEX3fY4Khn4%3D\">Time to re-think energy research<\/a>, <em>Nature Energy<\/em>, November 2020: http:\/\/dx.doi.org\/10.1038\/s41560-020-00739-9<\/p>\n<p>Shove, E. (2020) <a href=\"https:\/\/www.buildingsandcities.org\/insights\/commentaries\/social-theory-energy.html\">Why social theory is important for energy research and the built environment<\/a>, <em>Buildings and Cities<\/em>, Research Legacy.<\/p>\n<p>Shove, E. (2020) CREDS blog on <a href=\"https:\/\/www.creds.ac.uk\/the-fixity-of-flexibility\">flexibility<\/a><\/p>\n<p>Blue, S., Shove, E. and Forman, P. (2020) &#8216;<a href=\"https:\/\/journals.sagepub.com\/doi\/full\/10.1177\/0961463X20905479\">Conceptualising Flexibility: Representatons of Time and Society in the Energy Sector<\/a>&#8216;, <em>Time and Society.<\/em><\/p>\n<p>Royston S., Selby, J. and Shove, E. (2018) &#8216;<a href=\"http:\/\/wp.lancs.ac.uk\/elizabeth-shove\/files\/2018\/09\/invisibleenergypolicy.pdf\">&#8216;Invisible energy policies: a new agenda for energy demand reduction&#8217; <\/a> <em>Energy Policy <\/em>123(2018): 127-135<\/p>\n<p>Cass, N., Schwanen, T. and Shove, E. (2018) &#8216;<a href=\"https:\/\/www.sciencedirect.com\/science\/article\/pii\/S0040162518301689\">Infrastructures, intersections and societal transformations<\/a>&#8216; <em>Technology Forecasting and Social Change<\/em><\/p>\n<p>Cass, N. and E. Shove (2018) &#8216;Standards? Whose standards?&#8217; <em>Architectural Science Review<\/em>: 1-8. DOI: <a href=\"https:\/\/doi.org\/10.1080\/00038628.2018.1502158\">10.1080\/00038628.2018.1502158<\/a><\/p>\n<p>Shove, E. (2017) &#8216;What is wrong with energy efficiency?&#8217; <em>Building Research and Information <\/em>available at<em>: <\/em><a href=\"http:\/\/www.tandfonline.com\/doi\/full\/10.1080\/09613218.2017.1361746\">http:\/\/www.tandfonline.com\/doi\/full\/10.1080\/09613218.2017.1361746<\/a><\/p>\n<p>See also &#8216;Writing the wrongs of energy efficiency&#8217; January, 2018, on the Building Research and <a href=\"https:\/\/wp.me\/p9iNgv-2s\">Information blog<\/a><\/p>\n<p>Rinkinen, J., Shove\u00a0 E. and Smits, M. (2017). &#8216;Cold chains in Hanoi and Bangkok: Changing systems of provision and practice.&#8217; <em>Journal of Consumer Culture<\/em>: 1469540517717783. <a href=\"http:\/\/wp.lancs.ac.uk\/elizabeth-shove\/files\/2017\/01\/Freezers-for-web.pdf\">Pre-publication version<\/a><\/p>\n<p>Shove, E. (2017). Energy and social practice: from abstractions to dynamic processes. In Labanca, N. (Ed.) <em>Complex systems and social practices in energy transitions:\u00a0 Framing the issue of energy sustainability in the time of renewables<\/em>, Springer<strong>: <\/strong>207-220.<br \/>\n<a href=\"http:\/\/wp.lancs.ac.uk\/elizabeth-shove\/files\/2017\/01\/Shove-energy-and-practice-for-web.pdf\">Pre-publication version<\/a><\/p>\n<p>Shove, E. and Walker, G. (2017) \u2018Demand\u2019 in Szeman, I., Wenzel, J., et al. (Eds) (2017). <em>Fueling Culture: 101 Words for Energy and Environment<\/em>, Fordham University Press<\/p>\n<p>Blue, S. Shove, E., Carmona, C. and Kelly, M. P., (2016) \u2018Theories of practice and public health: understanding (un)healthy practices\u2019, <em>Critical Public Health<\/em>, 26(1)36-50<\/p>\n<p>Shove, E., Watson, M. and Spurling, N. (2015) \u2018Conceptualising connections: Energy demand, infrastructures and social practices\u2019 <em>European Journal of Social Theory<\/em>, 18(3) 274-287. <a href=\"http:\/\/www.tandfonline.com\/doi\/abs\/10.1080\/09581596.2014.980396\">Open Access<\/a><\/p>\n<p>Shove, E. and Blue, S. (2016) \u2018How social practices generate, carry and require knowledge and know-how\u2019 in\u00a0 Orr, K., Nutley, S., Russell, S., Bain, R., Hacking, B., and Moran, C. (Eds), <em>Knowledge and Practice in Business and Organisations<\/em>.\u00a0 London: Routledge. P217-219<\/p>\n<p>Rinkinen, J., Jalas, M. and Shove, E. (2015) \u2018Object Relations in Accounts of Everyday Life\u2019 <em>Sociology<\/em> 49(5): 870-885.<\/p>\n<p>Newell, P., Bulkeley, H., Turner, K., Shaw, C., Caney, S., Shove, E., and Pigeon, N. (2015) \u2018Governance traps in climate change politics: re-framing the debate in terms of responsibilities and rights.\u2019 <em>Wiley Interdisciplinary Reviews: Climate Change<\/em> 6(6): 535-540.<\/p>\n<p>Shove, E. Walker, G. and Brown, S. (2014) \u2018Material culture, room temperature and the social organisation of thermal energy\u2019 <em>Journal of Material Culture<\/em>, 19(2): 113-124<\/p>\n<p>Shove, E. (2014) \u2018On the design of everyday life\u2019, in <em>Tecnoscienza<\/em>, <em>Italian Journal of science and technology studies<\/em>, 5(2): 33-42.<\/p>\n<p>Shove, E. and Walker, G. (2014) \u2018What Is Energy For? Social Practice and Energy Demand\u2018, <em>Theory, Culture &amp; Society 31: <\/em>41-58<em>. <\/em><\/p>\n<p>Walker, G., Shove, E., Brown, S. (2014). \u2018How does air conditioning become \u2018needed\u2019? A case study of routes, rationales and dynamics.\u2019 <em>Energy Research &amp; Social Science<\/em> 4: 1-9<\/p>\n<p>Shove, E., Walker, G. and Brown, S. (2013) Transnational Transitions: The Diffusion and Integration of Mechanical Cooling, <em>Urban Studies<\/em>, 51 (7): 1506-1515.<\/p>\n<p>Shove, E. (2012) \u2018Putting practice into policy: reconfiguring questions of consumption and climate change.\u2019 <em>Contemporary Social Science<\/em>: 9 (4): 415-429.<\/p>\n<p>Shove, E. (2012) \u2018The shadowy side of innovation: unmaking and sustainability\u2019, <em>Technology Analysis and Strategic Management, <\/em>24(4): 345-362.<\/p>\n<p>Chappells, H., Medd, W. And Shove, E. (2011) \u2018Disruption and change: drought and the inconspicuous dynamics of garden lives\u2019 <em>Social &amp; Cultural Geography<\/em> 12 (7): 701-715.<\/p>\n<p>Shove, E. (2011) \u2018On the difference between chalk and cheese\u2014a response to Whitmarsh et al&#8217;s comments on \u2018Beyond the ABC: climate change policy and theories of social change\u2019\u2019. <em>Environment and Planning A. <\/em>43 (2): 262-264.<\/p>\n<p>Pantzar, M. and Shove, E. (2010), \u2018Temporal rhythms as outcomes of social practices: a speculative discussion\u2019, <em>Ethnologia Europaea<\/em> 40(1): 19-29.<\/p>\n<p>Shove, E. (2010) \u2018Beyond the ABC: climate change policy and theories of social change\u2019, <em>Environment and Planning A.<\/em> 42 (6): 1273\u20131285.<\/p>\n<p>Shove, E. (2010) \u2018Social theory and climate change: questions often, sometimes and not yet asked\u2019, <em>Theory Culture and Society<\/em>, 27 (2-3): 277-288.<\/p>\n<p>Pantzar, M. and Shove, E. (2010), \u2018Towards a theory of practice innovations: a discussion of the production and reproduction of Nordic Walking\u2019, <em>Technology Analysis and Strategic Management,<\/em> 22(4): 447-461.<\/p>\n<p>Shove, E. and Walker, G. (2010) \u2018Governing Transitions in the Sustainability of Everyday Life\u2019 <em>Research Policy<\/em>. 39 (4): 471-476.<\/p>\n<p>Shove, E. and Walker, G. (2008) \u2018Transition management and the politics of shape shifting\u2019 <em>Environment and Planning A<\/em>\u00a0 40: 1012\u20131014.<\/p>\n<p>Watson, M. and Shove, E. (2008) \u2018Product, competence, project and practice: DIY and the dynamics of craft consumption\u2019 in the <em>Journal of Consumer Culture<\/em> 8(1): 69\u201389.<\/p>\n<p>Garrow, D. and Shove, E. (2007) \u2018Artefacts between disciplines. The Toothbrush and the Axe\u2019 Discussion article.\u00a0 <em>Archaeological Dialogues<\/em>, 14(2): 117-131.<\/p>\n<p>Walker, G. and Shove, E. (2007) \u2018Ambivalence, Sustainability and the Governance of Socio-Technical Systems\u2019, <em>Journal of Environmental Policy and Planning, <\/em>9(3-4): 213-225.<\/p>\n<p>Shove, E. and Walker, G. (2007) \u2018Caution! Transitions ahead: politics, practice and sustainable transition management\u2019, <em>Environment and Planning A,<\/em> 39(4) 763\u2013770.<\/p>\n<p>Shove, E. and Pantzar, M. (2007) &#8216;Recruitment and reproduction: the careers and carriers of digital photography and floorball&#8217; Journal of Human Affairs, 17: 154-167.<\/p>\n<p>Hand,\u00a0M., Shove,\u00a0E., and Southerton,\u00a0D. (2007)\u2019Home extensions in the United Kingdom: space, time, and practice\u2019 <em>Environment and Planning D: Society and Space<\/em> 25(4): 668-681<\/p>\n<p>Shove, E., Watson, M. and Ingram, J. (2007) &#8216;Products and practices: selected concepts from science and technology studies and from social theories of consumption and practice&#8217;, <em>Design Issues<\/em>, 23(2): 3-16<\/p>\n<p>Hand, M. and Shove, E. \u2018(2007) Condensing Practices\u2019 <em>Journal of Consumer Culture,<\/em> 7(1): 79-104.<\/p>\n<p>Shove, E. and Pantzar, M. (2006) \u2018Fossilisation\u2019, <em>Ethnologia Europaea<\/em>: Journal of European Ethnology, 35:1-2: 59-63.<\/p>\n<p>Shove, E.\u00a0 and Southerton, D. (2006) Mraz\u00e1k dob\u0159e rozmrazen\u00fd: Od novosti k pohodl\u00ed (p\u0159\u00edb\u011bh normalizace) [translation of: Defrosting the freezer: From novelty to convenience (A narrative of normalization &#8211; 2000)]. <em>Biograf<\/em> (39): 49 paragraphs. <a href=\"http:\/\/www.biograf.org\/clanky\/clanek.php?clanek=3901\">http:\/\/www.biograf.org\/clanky\/clanek.php?clanek=3901<\/a><\/p>\n<p>Hand, M., Shove, E. and Southerton, D. (2005) &#8216;Explaining showering: a discussion of the material, conventional and temporal dimensions of practice&#8217;, <em>Sociological Research Online.<\/em> 10(2): <a href=\"http:\/\/www.socresonline.org.uk\/10\/2\/hand.htm\">http:\/\/www.socresonline.org.uk\/10\/2\/hand.htm<\/a>.<\/p>\n<p>Cass, N., Shove, E., and Urry, J. (2005) \u2018Social exclusion, mobility and access\u2019, <em>Sociological Review<\/em>\u00a0 53(3): 539-556.<\/p>\n<p>Shove, E., and Pantzar, M. (2005) &#8216;Consumers, producers and practices: understanding the invention and reinvention of Nordic Walking&#8217; <em>Journal of Consumer Culture<\/em>, 5(1): 43-64.<\/p>\n<p>Chappells, H., and Shove, E. (2005) &#8216;Debating the future of comfort: environmental sustainability, energy consumption and the indoor environment&#8217; <em>Building Research and Information,<\/em> 33(1): 32-40.<\/p>\n<p>Shove, E. (2004) &#8216;Efficiency and Consumption: Technology and Practice&#8217;, <em>Energy and Environment, <\/em>15(6): 1053-1065.<\/p>\n<p>Hand, M. and Shove, E. (2004) &#8216;Orchestrating Concepts: Kitchen Dynamics and Regime Change in <em>Good Housekeeping<\/em> and <em>Ideal Home<\/em> 1922-2002\u2019 <em>Home Cultures<\/em>, 1(3): 235-256.<\/p>\n<p>Shove, E., (2003) \u2018Converging conventions of comfort, cleanliness and convenience\u2019 <em>Journal of Consumer Policy<\/em>, 26(4) 395-418.<\/p>\n<p>Shove, E., (2003) \u2018Principals, Agents, Actors and Research Programmes\u2019, <em>Science and Public Policy<\/em>,\u00a0 30(5) 371-381.<\/p>\n<p>Shove, E., (2003) \u2018Users, technologies and expectations of comfort, cleanliness and convenience\u2019 <em>Innovation. <\/em>Special issue on users and design edited by H. Rohracher and J. Jelsma. 16(2):193-207.<\/p>\n<p>Southerton, D., Shove, E., Warde, A. and Deem, R., (2001) \u2018The Social Worlds of Caravanning: Objects, Scripts and Practices\u2019, in <em>Sociological Research Online<\/em>, 6(2) &lt;http:\/\/www.socresonline.org.uk\/6\/2\/southerton.html&gt;<\/p>\n<p>Shove, E. and Southerton, D., (2000) \u2018Defrosting the Freezer: from Novelty to Convenience\u2019, <em>Journal of Material Culture<\/em>, 5(3): 301-319.<\/p>\n<p>Shove, E. and Rip, A., (2000) \u2018Users and Unicorns: a discussion of mythical beasts in interactive science\u2019, <em>Science and Public Policy,<\/em> 27(3) June 2000: 175-182<\/p>\n<p>Shove, E. and Caswill, C. (2000) \u2018Introducing Interactive Social Science\u2019, <em>Science and Public Policy Special Issue on Interactive Social Science<\/em>, 27 (3) June 2000: 152-157<em>. <\/em><\/p>\n<p>Shove, E. and Caswill, C. (2000) \u2018Postscript\u2019, <em>Science and Public Policy Special Issue on Interactive Social Science<\/em>, 27 (3) June 2000: 220-222.<\/p>\n<p>Chappells, H. and Shove, E. (1999) \u2018The Dustbin: A study of domestic waste, household practices and utility services\u2019, <em>International Planning Studies,<\/em> 4 (2): 267-280.<\/p>\n<p>Lutzenhiser, L. and Shove, E. (1999) \u2018Contracting Knowledge: the organizational limits to interdisciplinary energy research and development in the US and the UK, <em>Energy Policy<\/em>, 27(4): 217-227.<\/p>\n<p>Shove, E., (1999) \u2018Gaps Barriers and Conceptual Chasms: Theories of Technology Transfer and Energy in Buildings\u2019, <em>Energy Policy<\/em>, 26: 1105-1112.<\/p>\n<p>Shove, E., (1998) \u2018Relevance, Independence and Capture\u2019<em>, Building Research and Information: The International Journal of Research, Development, Demonstration and Innovation<\/em>, 26(6): 386-389.<\/p>\n<p>Shove, E.,(1998) \u2018Designers as Consumers and Consumers as Designers\u2019, in <em>ARTTU!<\/em> 5-6, Helsinki University of Art and Design.<\/p>\n<p>Shove, E. and Simmons, P. (1997) \u2018Research contexts and policy knowledge: linking social science research and environmental policy\u2019, <em>Science and Public Policy<\/em>, 24(4): 214-222.<\/p>\n<p><strong>Recent Book Chapters<\/strong><\/p>\n<p>Coutard, O. and Shove, E. (2024) Infrastructures, practices and the materiality of daily life: revisiting urban metabolism, in Coutard, O. and Florentine, D. (Eds), Handbook of Infrastructures and Cities \u2013 Research Handbooks in Urban Studies, Elgar. P212-224.<\/p>\n<p>Shove, E. (2018) \u2018Working Materials\u2019. in Jensen, O., Kesselring, S. and Sheller, M. <em>Mobilities and Complexities <\/em>Routledge.<\/p>\n<p>Shove, E, Trentmann, F. and Watson, M. (2018) \u2018Introduction \u2013 infrastructures in practice: The evolution of demand in networked socieities\u2019 in Shove, E. and Trentmann, F. Infrastructures in Practice: the dynamics of demand in networked societies.\u00a0 London.\u00a0 Routledge.\u00a0 3-10.<\/p>\n<p>Coutard, O. and Shove, E. \u00a0(2018) \u2018Infrastructures, Practices and the Dynamics of Demand\u2019 in Shove, E. and Trentmann, F. Infrastructures in Practice: the dynamics of demand in networked societies.\u00a0 London.\u00a0 Routledge. 10-23.<\/p>\n<p>Shove, E., Watson, M. and Trentmann, F. (2018) \u2018Infrastructures in practice: Implications for the future\u2019 in Shove, E. and Trentmann, F. Infrastructures in Practice: the dynamics of demand in networked societies.\u00a0 London.\u00a0 Routledge. 210-217<\/p>\n<p>Shove, E. and Walker, G. (2017) \u2018<a href=\"http:\/\/wp.lancs.ac.uk\/elizabeth-shove\/files\/2014\/05\/Fuelling-culture-published.pdf\">Demand<\/a>\u2019 contribution to Szeman, I., Wenzel, J., et al. (Eds) (2017). <em>Fueling Culture: 101 Words for Energy and Environment<\/em>, Fordham University Press. P107-109.<\/p>\n<p>Shove, E. (2016) \u2018Matters of Practice\u2019 in Hui, A., Schatzki, T. and Shove, E. (Eds) <em>The Nexus of Practices: Connections, constellations, practitioners,<\/em> London: Routledge. P155-168.<\/p>\n<p>Hui, A., Schatzki, T. and Shove, E. (2016) \u2018Introduction\u2019 in Hui, A., Schatzki, T. and Shove, E. (Eds) <em>The Nexus of Practices: Connections, constellations, practitioners,<\/em> London: Routledge. P1-8.<\/p>\n<p>Shove, E. and Blue, S. (2016) \u2018How social practices generate, carry and require knowledge and know-how\u2019 in\u00a0 Orr, K., Nutley, S., Russell, S., Bain, R., Hacking, B., and Moran, C. (Eds), <em>Knowledge and Practice in Business and Organisations<\/em>.\u00a0 London: Routledge. P217-219.<\/p>\n<p>Shove, E. (2016) <a href=\"http:\/\/wp.lancs.ac.uk\/elizabeth-shove\/files\/2014\/05\/Infrastructures-and-practices-networks-beyond-the-city-.pdf\">Infrastructures and practices networks beyond the city<\/a>\u2019, in\u00a0 Coutard, O. and Rutherford, J. (Eds), <em>Beyond the Networked city: infrastructure reconfigurations and urban change in the North and South<\/em> London: \u00a0Routledge. P242-258.<\/p>\n<p>Shove, E. (2015) \u2018<a href=\"http:\/\/wp.lancs.ac.uk\/elizabeth-shove\/files\/2014\/05\/Linking-low-carbon-policy-and-social-practice.pdf\">Linking low carbon policy and social practice<\/a>\u2019 in Strengers, Y. and Maller, C. (Eds), <em>Social Practices, Intervention and Sustainability: Beyond behaviour change<\/em>, London: Routledge. P31-45.<\/p>\n<p>Wang, S. and Shove, E. (2014)\u00a0 \u2018<a href=\"http:\/\/wp.lancs.ac.uk\/elizabeth-shove\/files\/2014\/05\/How-Rounders-goes-around-the-world.pdf\">How Rounders goes around the world<\/a>\u2019 in Thrift, N., Tickell, A., and Rupp, W. (Eds.) <em>Globalization in Practice<\/em>, Oxford: Oxford University Press. P202-206.<\/p>\n<p><strong>Reports<\/strong> that are still of some interest<\/p>\n<p>Shove, E. (1991) <a href=\"http:\/\/wp.lancs.ac.uk\/elizabeth-shove\/files\/2014\/05\/filling-the-gap.pdf\">&#8216;Filling the Gap&#8217;<\/a> &#8211; a study of the cavity wall insulation industry<\/p>\n<p>Connaughton, J., Jarrett, N., and Shove, E. (1995) <a href=\"http:\/\/wp.lancs.ac.uk\/elizabeth-shove\/files\/2014\/05\/innovation-in-the-cladding-industry.pdf\"><em>Innovation in the Cladding Industry<\/em><\/a>, London: Department of the Environment.<\/p>\n<p>Shove, E., Robson, B., Fulton, O., Halfpenny, P., Miles, I. and Warde, A. (1998)\u00a0 <a href=\"http:\/\/wp.lancs.ac.uk\/elizabeth-shove\/files\/2014\/05\/exchangingexperienceexplotiation.pdf\"><em>Exchanging Experience of Exploitation: Report of a study for the ESRC<\/em><\/a>, Lancaster University and University of Manchester.<\/p>\n<p>Robson, B. and Shove E. (1999)<a href=\"http:\/\/wp.lancs.ac.uk\/elizabeth-shove\/files\/2014\/05\/interactionandinfluence.pdf\"> <em>Interaction and Influence: Individuals and Institutions, a summary report of six pilot studies commissioned by the ESRC<\/em><\/a>, Centre for Science Studies, Lancaster University and University of Manchester.<\/p>\n<p>For more of a catalogue, see\u00a0<a href=\"http:\/\/wp.lancs.ac.uk\/elizabeth-shove\/files\/2024\/12\/CV-for-web-2025.pdf\"> my CV<\/a><\/p>\n","protected":false},"excerpt":{"rendered":"<p>If you want to read one of these articles, chapters or reports and can&#8217;t get it from your library or on line, just get in touch. Shove, E., Blue, S. and Kelly, M. P. (2024) \u2018Categorising and cohabiting: practices as &hellip; <a href=\"http:\/\/wp.lancs.ac.uk\/elizabeth-shove\/otherpublications\/\">Continue reading <span class=\"meta-nav\">&rarr;<\/span><\/a><\/p>\n","protected":false},"author":32,"featured_media":134,"parent":0,"menu_order":0,"comment_status":"closed","ping_status":"open","template":"","meta":{"footnotes":""},"class_list":["post-58","page","type-page","status-publish","has-post-thumbnail","hentry"],"_links":{"self":[{"href":"http:\/\/wp.lancs.ac.uk\/elizabeth-shove\/wp-json\/wp\/v2\/pages\/58","targetHints":{"allow":["GET"]}}],"collection":[{"href":"http:\/\/wp.lancs.ac.uk\/elizabeth-shove\/wp-json\/wp\/v2\/pages"}],"about":[{"href":"http:\/\/wp.lancs.ac.uk\/elizabeth-shove\/wp-json\/wp\/v2\/types\/page"}],"author":[{"embeddable":true,"href":"http:\/\/wp.lancs.ac.uk\/elizabeth-shove\/wp-json\/wp\/v2\/users\/32"}],"replies":[{"embeddable":true,"href":"http:\/\/wp.lancs.ac.uk\/elizabeth-shove\/wp-json\/wp\/v2\/comments?post=58"}],"version-history":[{"count":40,"href":"http:\/\/wp.lancs.ac.uk\/elizabeth-shove\/wp-json\/wp\/v2\/pages\/58\/revisions"}],"predecessor-version":[{"id":712,"href":"http:\/\/wp.lancs.ac.uk\/elizabeth-shove\/wp-json\/wp\/v2\/pages\/58\/revisions\/712"}],"wp:featuredmedia":[{"embeddable":true,"href":"http:\/\/wp.lancs.ac.uk\/elizabeth-shove\/wp-json\/wp\/v2\/media\/134"}],"wp:attachment":[{"href":"http:\/\/wp.lancs.ac.uk\/elizabeth-shove\/wp-json\/wp\/v2\/media?parent=58"}],"curies":[{"name":"wp","href":"https:\/\/api.w.org\/{rel}","templated":true}]}}