{"id":457,"date":"2016-08-03T10:45:00","date_gmt":"2016-08-03T10:45:00","guid":{"rendered":"http:\/\/wp.lancs.ac.uk\/csec\/?page_id=457"},"modified":"2016-08-03T10:45:00","modified_gmt":"2016-08-03T10:45:00","slug":"publications","status":"publish","type":"page","link":"http:\/\/wp.lancs.ac.uk\/csec\/publications\/","title":{"rendered":"Publications"},"content":{"rendered":"<p><strong>2015<\/strong><br \/>\nWaterton, C., Maberly, S.C., Tsouvalis, J., Watson, N., Winfield, I.J., Norton, L.R. (2015) Committing to place: the potential of open collaborations for trusted environmental governance <em>PLOS Biology<\/em>, <em>13<\/em>(3), e1002081-e1002081.<\/p>\n<p>Tsouvalis, J. and Waterton, C. (2015) \u2018On the political nature of cyanobacteria: experimenting with intra-active collective politics in Loweswater, the English Lake District\u2019 <em>Environment and Planning D<\/em> (In press).<\/p>\n<p>Waterton, C. and Tsouvalis, J. (2015) An experiment with intensities: village hall reconfigurings of the world within a new participatory collective in Chilvers, J &amp; M. Kearnes (eds) <em>Remaking Participation: Science, Democracy and Emergent Publics.<\/em>London: Routledge-Earthscan. (In press).<\/p>\n<p>Waterton, C., Maberly, S. Norton, L. Tsouvalis, J. Watson, N. Winfield, I. (2015) \u2018Loweswater\u2019 in Smith, L and Porter, K and Hiscock, K and Porter, MJ and Benson, D, eds. (2015) <em><em>Catchment and River Basin Management: Integrating Science and Governance.<\/em><\/em>UK: Routledge. (Earthscan Studies in Water Resource Management) (In press)<\/p>\n<p><strong>2014<\/strong><br \/>\nNorton, L., Maberly, S., Waterton, C. Watson, N., and Tsouvalis, J. (2014) The relevance of scale to water governance: an example from Loweswater, UK. In Padt, F., Opdam, P., Polman, N. and Termer, C. <em>Scale Sensitive Governance of the Environment<\/em>. Chichester: Wiley, Blackwell. pp. 73-87.<\/p>\n<p><strong>2013<\/strong><\/p>\n<p>Mackenzie, A., Waterton, C., Ellis, R., Frow, E. K., McNally, R., Busch, L., &amp; Wynne, B. (2013) Classifying, Constructing, and Identifying Life Standards as Transformations of \u201cThe Biological\u201d. <em>Science, Technology &amp; Human Values<\/em>, <em>38<\/em>(5), 701-722<\/p>\n<p>Reynolds, L. &amp; Szerszynski, B. \u201cThe post-political and the end of nature: the case of the GMO\u201d in Wilson, J. &amp; Swyngedouw, E. (eds). <em>The Post-Political and Its Discontents: Spaces of Depoliticization, Spectres of Radical Politics.<\/em> Edinburgh: Edinburgh University Press. (forthcoming).<\/p>\n<p>Turnhout, E., Waterton, C., Neves, K., &amp; Buizer, M. \u201cTechnocratic and Economic ideals in the Ecosystem Services Discourse, response to Abson and Hanspach&#8221;.<em>Conservation Letters.<\/em> (forthcoming).<\/p>\n<p>Manderscheid, K., T. Schwanen and D. Tyfield \u2018Mobilities and Foucault\u2019, a Special Issue of <em>Mobilities<\/em>. (forthcoming)<\/p>\n<p>Tyfield, D. &amp; J. Urry\u00a0 \u2018Energizing Society\u2019, a Special Issue of <em>Theory, Culture &amp; Society<\/em>. (forthcoming)<\/p>\n<p>Tyfield, D. \u2018Transition to Science 2.0: \u2018Remoralizing\u2019 the Economy of Science\u2019, Spontaneous Generations, Special Issue on <em>The Economics of Science<\/em>. (forthcoming)<\/p>\n<p>Tyfield, D. (forthcoming) \u2018Neoliberalism and Science\u2019, in Ethics, Science, Technology, and Engineering: An International Resource, second edition of the <em>Encyclopedia of Science, Technology, and Ethics, <\/em>Macmillan Library Reference.<\/p>\n<p>Tyfield, D. (forthcoming) \u2018The Knowledge-Based Bio-Economy: A Critical Realist Critique\u2019, in R. Bhaskar, K. G. H\u00f8yer and P. Naess (eds), <em>Crisis System: A Critical Realist and Critical Environmental Critique of Contemporary Economics<\/em>, London: Routledge.<\/p>\n<p>Welsh, I. &amp; <a href=\"http:\/\/www.research.lancs.ac.uk\/portal\/en\/people\/brian-wynne%28daa91ef4-399e-4a48-b02d-cf9b1c9f5ea0%29.html\">Wynne, B.<\/a> (2013). Science, Scientism and Imaginaries of Publics in the UK: Passive Objects, Incipient Threats. <em>Science as Culture<\/em>. 22, 4<\/p>\n<p>Palsson, G., <a href=\"http:\/\/www.research.lancs.ac.uk\/portal\/en\/people\/bronislaw-szerszynski%2806ab72ef-a571-44b3-a90c-b766be574b7f%29.html\">Szerszynski, B.<\/a>, S\u00f6rlin, S., Marks, J., Avril, B., Crumley, C., Hackmann, H., Holm, P., Ingram, J., Pardo Buend\u00eda, M. &amp; Weehuizen, R.\u00a0 (2013).<a href=\"http:\/\/www.research.lancs.ac.uk\/portal\/en\/publications\/reconceptualizing-the-anthropos-in-the-anthropocene%2858e59a57-3c30-4c18-91eb-1e150bcd672b%29.html\">Reconceptualizing the \u2018Anthropos\u2019 in the Anthropocene: Integrating the social sciences and humanities in global environmental change research<\/a>. <em>Environmental Science and Policy<\/em>. 28, p. 3-13<\/p>\n<p><a href=\"http:\/\/www.research.lancs.ac.uk\/portal\/en\/people\/david-tyfield%288aac2946-1eb8-441f-8779-6891efe725ec%29.html\">Tyfield, D.<\/a> (2013). \u201c<a href=\"http:\/\/www.research.lancs.ac.uk\/portal\/en\/publications\/transportation-and-lowcarbon-development%28265d3b9a-a4a7-4f2b-a7f3-ef21bbdf0298%29.html\">Transportation and low-carbon development<\/a>\u201d. In: Urban, F. &amp; Nordensv\u00e4rd, J. (eds.). Low carbon development: key issues. London: Routledge. \u2013 colaboraci\u00f3n internacional<\/p>\n<p>Beck, U., Blok, A., <a href=\"http:\/\/www.research.lancs.ac.uk\/portal\/en\/people\/david-tyfield%288aac2946-1eb8-441f-8779-6891efe725ec%29.html\">Tyfield, D.<\/a> &amp; Zhang, J. Y (2013) <a href=\"http:\/\/www.research.lancs.ac.uk\/portal\/en\/publications\/cosmopolitan-communities-of-climate-risk%2866ff4666-e2cf-4b54-95f9-4b9f958d2ffd%29.html\"><em>Cosmopolitan communities of climate risk: conceptual and empirical suggestions for a new research agenda<\/em><\/a>. Global Networks. 13(1) p.1-21<\/p>\n<p><a href=\"http:\/\/www.research.lancs.ac.uk\/portal\/en\/people\/david-tyfield%288aac2946-1eb8-441f-8779-6891efe725ec%29.html\">Tyfield, D.<\/a> (2013). <a href=\"http:\/\/www.research.lancs.ac.uk\/portal\/en\/publications\/the-demise-of-capitalism%28a1e4662b-136b-494e-8ae0-19b229c012c9%29.html\">The Demise of Capitalism?: Lessons from an Entropic Perspective on the Current Crises &#8211; Review of Robert Biel (2012) &#8216;The Entropy of Capitalism&#8217;<\/a> <em>Journal of Critical Realism<\/em>. 12, 1, p. 112-128<\/p>\n<p><a href=\"http:\/\/www.research.lancs.ac.uk\/portal\/en\/people\/brian-wynne%28daa91ef4-399e-4a48-b02d-cf9b1c9f5ea0%29.html\">Wynne, B.<\/a>, <a href=\"http:\/\/www.research.lancs.ac.uk\/portal\/en\/people\/claire-waterton%28729a1496-cdec-41c9-924f-c72e40581635%29.html\">Waterton, C.<\/a> &amp; <a href=\"http:\/\/www.research.lancs.ac.uk\/portal\/en\/people\/rebecca-ellis%282bea5801-5095-4e31-aed8-9142b08f0762%29.html\">Ellis, R.<\/a> (2013) <a href=\"http:\/\/www.research.lancs.ac.uk\/portal\/en\/publications\/barcoding-nature%28098ec29d-1dc3-4969-82d7-3e45d3adf370%29.html\"><em>Barcoding nature: shifting cultures of taxonomy in an age of biodiversity loss. <\/em><\/a>London: Routledge.<\/p>\n<p>Waterton, C. (2013) \u2018Publics exp\u00e9rimentaux? Les affiliations avec les objets qui permettent de mieux comprendre les politiques de participation\u2019, in Dumain, A., Roux, J. and Charvolin, F.(2013) <em>Les Passions Cognitives: l&#8217;objectivit\u00e9 \u00e0 l&#8217;\u00e9preuve des affects.<\/em> Paris: Editions des Archives Contemporaines.<\/p>\n<p>Szerszynski, B (2013) Book Review: What Every Environmentalist Needs To Know About Capitalism: A Citizen\u2019s Guide to Capitalism and the Environment, by Magdoff, F. and Foster, J. B. <em>Organization &amp; Environment<\/em> September 2013 26: 355-357<\/p>\n<p>Tyfield, D. (2013) Review of B. Flyvbjerg, T. Landmann and S. Schramm (eds) (2012) Real Social Science: Applied Phronesis, Cambridge: Cambridge University Press, in <em>Journal of Transport Geography<\/em>.<\/p>\n<p>Wynne, B (2013), \u201cGlobal Science, Mexican Maize and Molecular Neoliberalism: shifting foundations of science, innovation and policy for sustainable food and agriculture\u201d (translated in Spanish), in E. Alvarez-Buylla, and A. Pineyro-Nelson, eds., <em>El maiz en Peligro: un Analisis Cientifico<\/em>, Mexico City: Edicions Cesar Carillo, 2013, pp. 277-310<\/p>\n<p><strong>2012<\/strong><\/p>\n<p><a href=\"http:\/\/www.research.lancs.ac.uk\/portal\/en\/people\/bronislaw-szerszynski%2806ab72ef-a571-44b3-a90c-b766be574b7f%29.html\">Szerszynski, B.<\/a> (2012) <a href=\"http:\/\/www.research.lancs.ac.uk\/portal\/en\/publications\/the-end-of-the-end-of-nature%28e9766aa9-b49b-4891-a140-bd9860b02e5e%29.html\"><em>The end of the end of nature: the Anthropocene and the fate of the human<\/em><\/a><em>.<\/em> Oxford Literary Review. 34, 2, p. 165-184<\/p>\n<p>Birch, K. &amp; <a href=\"http:\/\/www.research.lancs.ac.uk\/portal\/en\/people\/david-tyfield%288aac2946-1eb8-441f-8779-6891efe725ec%29.html\">Tyfield, D.<\/a> (2012). <a href=\"http:\/\/www.research.lancs.ac.uk\/portal\/en\/publications\/theorizing-the-bioeconomy%2894d441eb-3e01-4775-8288-55726b2541da%29.html\">Theorizing the Bioeconomy: Biovalue, Biocapital, Bioeconomics or&#8230;What?<\/a> <em>Science Technology &amp; Human Values<\/em>. 38, 3, p. 299-327<\/p>\n<p><a href=\"http:\/\/www.research.lancs.ac.uk\/portal\/en\/people\/judith-tsouvalis%2813a9e9ff-34a6-4531-b1a3-7b744f3a1f0d%29.html\">Tsouvalis, J.<\/a> &amp; <a href=\"http:\/\/www.research.lancs.ac.uk\/portal\/en\/people\/claire-waterton%28729a1496-cdec-41c9-924f-c72e40581635%29.html\">Waterton, C.<\/a> (2012). <a href=\"http:\/\/www.research.lancs.ac.uk\/portal\/en\/publications\/building-participation-upon-critique%287d8b5c3b-51f4-4e0e-bcae-055ccb6dc21c%29.html\">Building &#8216;participation&#8217; upon critique: The Loweswater Care Project, Cumbria, UK<\/a>. <em>Environmental Modelling and Software<\/em>. 36, p. 111-121<\/p>\n<p>Wickson, F. &amp; <a href=\"http:\/\/www.research.lancs.ac.uk\/portal\/en\/people\/brian-wynne%28daa91ef4-399e-4a48-b02d-cf9b1c9f5ea0%29.html\">Wynne, B.<\/a> (2012). <a href=\"http:\/\/www.research.lancs.ac.uk\/portal\/en\/publications\/ethics-of-science-for-policy-in-the-environmental-governance-of-biotechnology-mon810-maize-in-europe%28081db00d-cc8f-44a5-928d-5e8522693fab%29.html\">Ethics of Science for Policy in the Environmental Governance of Biotechnology: MON810 Maize in Europe<\/a>. <em>Ethics, Policy and Environment<\/em>. 15, 3, p. 321-340<\/p>\n<p>Schicktanz\u00a0 S, Schweda M, and Wynne B, (2012), \u201cThe ethics of &#8216;public understanding of ethics&#8217;\u2014why and how bioethics expertise should include public and patients&#8217; voices\u201d, <em>Medicine and Health Care Philosophy<\/em>,\u00a0 May 2012, vol.15(2):129-39.<\/p>\n<p>Turnhout, E, Bloomfield. B, Hulme. M, Vogel. J, and Wynne. B, (2012), \u201cListen to the Voices of Experience: the Intergovernmental Panel on Biodiversity Should Learn Lessons from the IPCC\u201d,\u00a0 <em>Nature<\/em> Volume:, vol. 488, (23 August 2012), pp. 454-455.<\/p>\n<p><a href=\"http:\/\/www.research.lancs.ac.uk\/portal\/en\/people\/david-tyfield%288aac2946-1eb8-441f-8779-6891efe725ec%29.html\">Tyfield, D.<\/a> &amp; <a href=\"http:\/\/www.research.lancs.ac.uk\/portal\/en\/people\/john-urry%28dae58d46-d77b-4bd5-9a15-7a8188f80d89%29.html\">Urry, J.<\/a> (2012). <a href=\"http:\/\/www.research.lancs.ac.uk\/portal\/en\/publications\/greening-chinas-cars%2877520d9f-e7ff-4cd2-80cd-6419c8d631af%29.html\"><em>Greening China\u2019s \u2018Cars\u2019: Could the Last be First?<\/em><\/a>Working paper. Lancaster: Lancaster University.<\/p>\n<p>Tyfield, D. (2012). <em>The Economics of Science: A Critical Realist Overview<\/em> \u2013Volume 1: Illustrations and Philosophical Preliminaries, London: Routledge. 230 pp.<\/p>\n<p>Tyfield, D. (2012) <em>The Economics of Science: A Critical Realist Overview<\/em> \u2013Volume 2: Towards a Synthesis of Political Economy and Science &amp; Technology Studies, London: Routledge. 210 pp.<\/p>\n<p><a href=\"http:\/\/www.research.lancs.ac.uk\/portal\/en\/people\/david-tyfield%288aac2946-1eb8-441f-8779-6891efe725ec%29.html\">Tyfield, D.<\/a> (2012). <a href=\"http:\/\/www.research.lancs.ac.uk\/portal\/en\/publications\/a-cultural-political-economy-of-research-and-innovation-in-an-age-of-crisis%288b82481d-7a6a-4ce2-a2b3-1770fd9e8a0c%29.html\">A Cultural Political Economy of Research and Innovation in an Age of Crisis<\/a>. Minerva. 50, 2, p. 149-167<\/p>\n<p><a href=\"http:\/\/www.research.lancs.ac.uk\/portal\/en\/people\/katerina-psarikidou%28c40d362e-c6fe-44a1-a264-7df4047b5ac3%29.html\">Psarikidou, K.<\/a> &amp; <a href=\"http:\/\/www.research.lancs.ac.uk\/portal\/en\/people\/bronislaw-szerszynski%2806ab72ef-a571-44b3-a90c-b766be574b7f%29.html\">Szerszynski, B.<\/a> (2012). <a href=\"http:\/\/www.research.lancs.ac.uk\/portal\/en\/publications\/growing-the-social-alternative-agrofood-networks-and-social-sustainability-in-the-urban-ethical-foodscape%2885aeaab0-9c15-43ec-9cb1-ad0e1d75e2b4%29.html\">Growing the social: alternative agro-food networks and social sustainability in the urban ethical foodscape<\/a>. Sustainability:<em>Science Practice, and Policy<\/em>. 8, 1, p. 30-39<\/p>\n<p>Wickson, F. &amp; <a href=\"http:\/\/www.research.lancs.ac.uk\/portal\/en\/people\/brian-wynne%28daa91ef4-399e-4a48-b02d-cf9b1c9f5ea0%29.html\">Wynne, B.<\/a> (2012). <a href=\"http:\/\/www.research.lancs.ac.uk\/portal\/en\/publications\/the-anglerfish-deceptionthe-light-of-proposed-reform-in-the-regulation-of-gm-crops-hides-underlying-problems-in-eu-science-and-governance%28a5bcfe45-0c3a-4dca-922b-aa84b45bf157%29.html\">The Anglerfish Deception:The light of proposed reform in the regulation of GM crops hides underlying problems in EU science and governance. <\/a><em>EMBO Reports<\/em>. 13 , 2, p. 100-105<\/p>\n<p><a href=\"http:\/\/www.research.lancs.ac.uk\/portal\/en\/people\/katerina-psarikidou%28c40d362e-c6fe-44a1-a264-7df4047b5ac3%29.html\">Psarikidou, K.<\/a> &amp; <a href=\"http:\/\/www.research.lancs.ac.uk\/portal\/en\/people\/bronislaw-szerszynski%2806ab72ef-a571-44b3-a90c-b766be574b7f%29.html\">Szerszynski, B.<\/a> (2012). <a href=\"http:\/\/www.research.lancs.ac.uk\/portal\/en\/publications\/the-moral-economy-of-civic-food-networks-in-manchester%2854814e03-a097-4764-8c8f-c0e967fe5d2c%29.html\">The moral economy of civic food networks in Manchester<\/a>. <em>International Journal of Sociology of Agriculture and Food<\/em>. 19, 3, p. 309-327<\/p>\n<p>Reynolds, L &amp; Szerszynski,B.(2012). \u201cNeoliberalism and technology: Perpetual innovation or perpetual crisis?\u201d in Pellizzoni, L. &amp; Yl\u00f6nen, M. (ed) <em>Neoliberalism and Technoscience: Critical Assessments<\/em>. Farnham: Ashgate, 2012, pp. 27-46.<\/p>\n<p>Turnhout, E., Waterton, C. Neves, K., and Buizer, M. (2012) Rethinking biodiversity: from goods and services to \u201cliving with\u201d. <em>Conservation Letters<\/em> 6 (2013) 154\u2013161.<\/p>\n<p>Tsouvalis, J, Waterton, Claire, Winfield, I.J. (2012) \u201cIntra-actions in Loweswater, Cumbria: New Collectives, Blue-Green Algae, and the Visualization of Invisible Presences through Sound and Science\u201d. In Gillian Rose and Diviya P. Tolia-Kelly (eds.) <em>Architectures of Visuality<\/em>. Ashgate. pp 109-132.<\/p>\n<p><strong>2011<\/strong><\/p>\n<p>Wynne, B. (2011), \u201cLab Work Goes Social &#8211; and Vice-Versa: Strategising Public Engagement\u201d. <em>Science and Engineering Ethics<\/em>, vol. 17(4), pp.791-800.<\/p>\n<p>Doubleday, R and Wynne, B, (2011) \u201cDespotism and Democracy in the United Kingdom: Experiments in Reframing Citizenship Through Science\u201d, in S. Jasanoff, ed, Reframing Rights: <em>Bioconstitutionalism in The Genetic Age<\/em>, Cambridge MA: MIT Press.<\/p>\n<p>Wynne, B (2011), \u201cIntolerance: Science Informs, not Defines\u201d, Nature, vol. 471, p.305\u00a0 17 March 2011.<\/p>\n<p>Fish, R., <a href=\"http:\/\/www.research.lancs.ac.uk\/portal\/en\/people\/zoe-austin%281dc77e93-4fec-40e5-9463-7cc9a86d245d%29.html\">Austin, Z.<\/a>, Christley, R., <a href=\"http:\/\/www.research.lancs.ac.uk\/portal\/en\/people\/philip-haygarth%2896c2ca5d-a3be-480d-896b-5b6afcae5f2e%29.html\">Haygarth, P. M.<\/a>, <a href=\"http:\/\/www.research.lancs.ac.uk\/portal\/en\/people\/louise-heathwaite%28f4da3481-3a97-43ea-85b2-323a210e1242%29.html\">Heathwaite, A. L.<\/a>, Heathwaite, L. A., Latham, S., <a href=\"http:\/\/www.research.lancs.ac.uk\/portal\/en\/people\/william-medd%2871b6f720-06ce-48b7-8a08-59f1fa982e72%29.html\">Medd, W.<\/a>, <a href=\"http:\/\/www.research.lancs.ac.uk\/portal\/en\/people\/maggie-mort%2888184b8c-23af-4fd8-b735-e7d3e22f080f%29.html\">Mort, M.<\/a>, Oliver, D. M., <a href=\"http:\/\/www.research.lancs.ac.uk\/portal\/en\/people\/roger-pickup%28e6ef2e0b-dc80-445a-8dcb-97f005ab698d%29.html\">Pickup, R.<\/a>, Wastling, J. M. &amp;<a href=\"http:\/\/www.research.lancs.ac.uk\/portal\/en\/people\/brian-wynne%28daa91ef4-399e-4a48-b02d-cf9b1c9f5ea0%29.html\">Wynne, B.<\/a> (2011<em>). <\/em><a href=\"http:\/\/www.research.lancs.ac.uk\/portal\/en\/publications\/uncertainties-in-the-governance-of-animal-disease-an-interdisciplinary-framework-for-analysis%284bea2c2b-c173-47b7-b35e-2ee82d0501de%29.html\"><em>Uncertainties in the governance of animal disease: an interdisciplinary framework for analysis<\/em><\/a>. Philosophical Transactions of the Royal Society of London Series B &#8211; Biological Sciences. 366, 1573, p. 2023-2034<\/p>\n<p>Tyfield. D. (2011). \u2018Food Systems Transition and Disruptive Low Carbon Innovation: Implications for a Food Security Research Agenda\u2019, <em>Journal of Experimental Botany<\/em>62(11): 3701-6.<\/p>\n<p><strong>2010<\/strong><\/p>\n<p><a href=\"http:\/\/www.research.lancs.ac.uk\/portal\/en\/people\/claire-waterton%28729a1496-cdec-41c9-924f-c72e40581635%29.html\">Waterton, C.<\/a> (2010). <a href=\"http:\/\/www.research.lancs.ac.uk\/portal\/en\/publications\/experimenting-with-the-archive%285e005997-565a-4cfb-a2dc-07e6705ff975%29.html\">Experimenting with the Archive: STS-ers as Analysts and Co-constructors of Databases and other Archives<\/a>. <em>Science Technology and Human Values<\/em>. 35, 5, p. 645-676<\/p>\n<p>Levidow, L., Price, B., <a href=\"http:\/\/www.research.lancs.ac.uk\/portal\/en\/people\/katerina-psarikidou%28c40d362e-c6fe-44a1-a264-7df4047b5ac3%29.html\">Psarikidou, K.<\/a>, <a href=\"http:\/\/www.research.lancs.ac.uk\/portal\/en\/people\/bronislaw-szerszynski%2806ab72ef-a571-44b3-a90c-b766be574b7f%29.html\">Szerszynski, B.<\/a> &amp; Wallace, H. (2010). <a href=\"http:\/\/www.research.lancs.ac.uk\/portal\/en\/publications\/urban-agriculture-as-community-engagement-in-manchester%282215c6bd-296b-4d50-b6ed-b663b487acd1%29.html\">Urban Agriculture as Community Engagement in Manchester<\/a>. <em>Urban Agriculture<\/em>. 24, p. 43-45.<\/p>\n<p><a href=\"http:\/\/www.research.lancs.ac.uk\/portal\/en\/people\/bronislaw-szerszynski%2806ab72ef-a571-44b3-a90c-b766be574b7f%29.html\">Szerszynski, B.<\/a> &amp; <a href=\"http:\/\/www.research.lancs.ac.uk\/portal\/en\/people\/john-urry%28dae58d46-d77b-4bd5-9a15-7a8188f80d89%29.html\">Urry, J.<\/a> (2010). <a href=\"http:\/\/www.research.lancs.ac.uk\/portal\/en\/publications\/changing-climates%28ba015823-9ee2-412f-9b91-687d0848d3a3%29.html\">Changing climates: introduction<\/a>. <em>Theory, Culture and Society<\/em>. 27, 2-3, p. 1-8.<\/p>\n<p><a href=\"http:\/\/www.research.lancs.ac.uk\/portal\/en\/people\/bronislaw-szerszynski%2806ab72ef-a571-44b3-a90c-b766be574b7f%29.html\">Szerszynski, B.<\/a> (2010). <a href=\"http:\/\/www.research.lancs.ac.uk\/portal\/en\/publications\/reading-and-writing-the-weather%28a9775a24-fbb1-4364-b12e-0a159a5e0288%29.html\">Reading and writing the weather: climate technics and the moment of responsibility<\/a>. <em>Theory, Culture and Society<\/em>. 27, 2-3, p. 9-30.<\/p>\n<p><a href=\"http:\/\/www.research.lancs.ac.uk\/portal\/en\/people\/brian-wynne%28daa91ef4-399e-4a48-b02d-cf9b1c9f5ea0%29.html\">Wynne, B.<\/a> (2010). <a href=\"http:\/\/www.research.lancs.ac.uk\/portal\/en\/publications\/strange-weather-again%283a47fd0a-05f6-447f-81ed-d4c372f8492f%29.html\">Strange Weather, Again: Climate Science as Political Art<\/a>.<em>Theory, Culture and Society<\/em>. 27, 2-3, p. 289-305.<\/p>\n<p><a href=\"http:\/\/www.research.lancs.ac.uk\/portal\/en\/people\/rebecca-ellis%282bea5801-5095-4e31-aed8-9142b08f0762%29.html\">Ellis, R.<\/a>, <a href=\"http:\/\/www.research.lancs.ac.uk\/portal\/en\/people\/claire-waterton%28729a1496-cdec-41c9-924f-c72e40581635%29.html\">Waterton, C.<\/a> &amp; <a href=\"http:\/\/www.research.lancs.ac.uk\/portal\/en\/people\/brian-wynne%28daa91ef4-399e-4a48-b02d-cf9b1c9f5ea0%29.html\">Wynne, B.<\/a>\u00a0 (2010). <a href=\"http:\/\/www.research.lancs.ac.uk\/portal\/en\/publications\/taxonomy-biodiversity-and-their-publics-in-twentyfirstcentury-dna-barcoding%2815260a99-95b6-4c7e-973f-52327603292f%29.html\">Taxonomy, biodiversity and their publics in twenty-first-century DNA barcoding<\/a>. <em>Public Understanding of Science<\/em>. 19, 4, p. 497-512.<\/p>\n<p>Waterton, C. (2010) \u2018Barcoding Nature: strategic naturalisation as innovatory practice in the genomic ordering of things\u2019 in S. Parry and J. Dupr\u00e9, <em>Nature After the genome<\/em>. Chichester: Oxford: Blackwell Publishing. pp 152-171.<\/p>\n<p>Tyfield, D. &amp; J. Jin (2010) \u2018Low-Carbon Disruptive Innovation in China\u2019, in Tyfield &amp; Jin (eds) Special Issue of <em>Journal of Knowledge-based Innovation in China<\/em> on \u2018Low-Carbon Innovation in China\u2019 2(3): 269-282.<\/p>\n<p>Tyfield, D. &amp; Urry, J. (2010) \u2018Cosmopolitan China?\u2019, in U. Beck (ed.), Special Issue of<em>Soziale Welt on \u2018Second Modernity \u2013 Variations\u2019<\/em>. [Revised version of Tyfield &amp; Urry (2009)]<\/p>\n<p>Tyfield, D. &amp; Wilsdon, J. (2010) \u2018Low Carbon China: the role of international collaboration\u2019, in S. Yao, B. Wu and Z. Wang (eds) <em>Reform, Innovation and Sustainable Development in China<\/em>, London: Routledge.<\/p>\n<p>Tyfield, D. (2010) \u2018Neoliberalism and intellectual property rights: TRIPs and the US patent coalition\u2019, in K. Birch, V. Mykhnenko and K. Trebeck (eds) <em>The Rise and Fall of Neoliberalism: The Collapse of an Economic Order?<\/em>, London: Zed.<\/p>\n<p>Wynne, B, (2010), \u201cNormalising Europe \u2013 and the World \u2013 Through Science: risk, uncertainty and precaution\u201d, in S. Rodoto and M-C Tallachini, eds., <em>Treatise on BioLaw and Bioethics<\/em>,\u00a0 Giuffre Editore, Milan, chapter IV.2, pp.491-514<\/p>\n<p>Wynne, B, (2010), \u201cForeword\u201d, pp iv-xv, Andrew Feenberg, <em>Between Reason and Experience<\/em>, Cambridge MA: MIT Press<\/p>\n<p>Tyfield, D. (2010) Review of K. Kuah-Pearce and G. Guiheux (2009) <em>Social Movements in China and Hong Kong: The Expansion of Protest Space<\/em>, Amsterdam: Amsterdam University Press, in Contemporary Sociology.<\/p>\n<p><strong>2009<\/strong><\/p>\n<p><a href=\"http:\/\/www.research.lancs.ac.uk\/portal\/en\/people\/nigel-watson%28bdde3d36-791f-4078-9ce5-4e744373bdec%29.html\">Watson, N.<\/a>, <a href=\"http:\/\/www.research.lancs.ac.uk\/portal\/en\/people\/louise-heathwaite%28f4da3481-3a97-43ea-85b2-323a210e1242%29.html\">Heathwaite, L.<\/a>, Maberly, S., Norton, L., <a href=\"http:\/\/www.research.lancs.ac.uk\/portal\/en\/people\/claire-waterton%28729a1496-cdec-41c9-924f-c72e40581635%29.html\">Waterton, C.<\/a>, <a href=\"http:\/\/www.research.lancs.ac.uk\/portal\/en\/people\/judith-tsouvalis%2813a9e9ff-34a6-4531-b1a3-7b744f3a1f0d%29.html\">Tsouvalis, J.<\/a> &amp;<a href=\"http:\/\/www.research.lancs.ac.uk\/portal\/en\/people\/philip-haygarth%2896c2ca5d-a3be-480d-896b-5b6afcae5f2e%29.html\">Haygarth, P.<\/a> (2009). <a href=\"http:\/\/www.research.lancs.ac.uk\/portal\/en\/publications\/integrated-catchment-management-and-the-wfd%282092564e-f2fd-49bb-8f53-4e34e54f4962%29.html\">Integrated catchment management and the WFD: Dealing with the complexity and uncertainty of diffuse pollution from agriculture<\/a>.<em>Tearmann: the Irish journal of agri-environmental research<\/em>. 7, p. 195-210.<\/p>\n<p>Stengel, K., <a href=\"http:\/\/www.research.lancs.ac.uk\/portal\/en\/people\/jane-taylor%28f14adfc3-d83d-4f11-b84c-b43503a5a577%29.html\">Taylor, J. E.<\/a>, <a href=\"http:\/\/www.research.lancs.ac.uk\/portal\/en\/people\/claire-waterton%28729a1496-cdec-41c9-924f-c72e40581635%29.html\">Waterton, C.<\/a> &amp; <a href=\"http:\/\/www.research.lancs.ac.uk\/portal\/en\/people\/brian-wynne%28daa91ef4-399e-4a48-b02d-cf9b1c9f5ea0%29.html\">Wynne, B.<\/a> (2009). <a href=\"http:\/\/www.research.lancs.ac.uk\/portal\/en\/publications\/plant-sciences-and-the-public-good%288e7cc970-a235-475c-82ae-7cd2abbc82f7%29.html\">Plant sciences and the public good.<\/a> <em>Science Technology and Human Values<\/em>. 34, 3, p. 289-312.<\/p>\n<p>Tyfield, D. &amp; J. Urry (2009). \u2018Cosmopolitan China?\u2019, <em>British Journal of Sociology<\/em>, 60(4): 793-812.<\/p>\n<p>Tyfield, D., Y. Zhu &amp; J. Cao (2009). \u2018The importance of \u201cInternational Collaboration Dividend\u201d \u2013 the case of China\u2019, <em>Science &amp; Public Policy<\/em>, 36(9): 723-735.<\/p>\n<p>Tyfield, D. (2009). \u2018Raging at imaginary Don Quixotes: Reply to Giraud &amp; Weintraub\u2019, <em>Erasmus Journal of Philosophy and Economics<\/em>, 2(1): 60-69.<\/p>\n<p>Tyfield, D. (2009). \u2018A Surplus of \u2018Surplus\u2019?: a review of Life as Surplus by Melinda Cooper\u2019, <em>Science as Culture<\/em> 18(4): 497-500.<\/p>\n<p>Tyfield, D. (2009) Review of B.J. Cohen (2008) International Political Economy: An Intellectual History, Princeton: Princeton University Press, and R. Albritton (2007)<em>Economics Transformed: Discovering the Brilliance of Marx<\/em>, London: Pluto, in Millennium 37: 824-827.<\/p>\n","protected":false},"excerpt":{"rendered":"<p class=\"excerpt\">2015 Waterton, C., Maberly, S.C., Tsouvalis, J., Watson, N., Winfield, I.J., Norton, L.R. (2015) Committing to place: the potential of open collaborations for trusted environmental governance PLOS Biology, 13(3), e1002081-e1002081. Tsouvalis, J. and Waterton, C. (2015) \u2018On the political nature of cyanobacteria: experimenting with intra-active collective politics in Loweswater, the English Lake District\u2019 Environment and [&hellip;]<\/p>\n","protected":false},"author":36,"featured_media":0,"parent":0,"menu_order":0,"comment_status":"closed","ping_status":"closed","template":"","meta":{"footnotes":""},"class_list":["post-457","page","type-page","status-publish","hentry"],"jetpack_sharing_enabled":true,"jetpack_shortlink":"https:\/\/wp.me\/P7Mb73-7n","_links":{"self":[{"href":"http:\/\/wp.lancs.ac.uk\/csec\/wp-json\/wp\/v2\/pages\/457","targetHints":{"allow":["GET"]}}],"collection":[{"href":"http:\/\/wp.lancs.ac.uk\/csec\/wp-json\/wp\/v2\/pages"}],"about":[{"href":"http:\/\/wp.lancs.ac.uk\/csec\/wp-json\/wp\/v2\/types\/page"}],"author":[{"embeddable":true,"href":"http:\/\/wp.lancs.ac.uk\/csec\/wp-json\/wp\/v2\/users\/36"}],"replies":[{"embeddable":true,"href":"http:\/\/wp.lancs.ac.uk\/csec\/wp-json\/wp\/v2\/comments?post=457"}],"version-history":[{"count":1,"href":"http:\/\/wp.lancs.ac.uk\/csec\/wp-json\/wp\/v2\/pages\/457\/revisions"}],"predecessor-version":[{"id":458,"href":"http:\/\/wp.lancs.ac.uk\/csec\/wp-json\/wp\/v2\/pages\/457\/revisions\/458"}],"wp:attachment":[{"href":"http:\/\/wp.lancs.ac.uk\/csec\/wp-json\/wp\/v2\/media?parent=457"}],"curies":[{"name":"wp","href":"https:\/\/api.w.org\/{rel}","templated":true}]}}