{"id":498,"date":"2017-06-09T16:02:26","date_gmt":"2017-06-09T16:02:26","guid":{"rendered":"http:\/\/wp.lancs.ac.uk\/amlap2017\/?page_id=498"},"modified":"2017-09-05T11:46:22","modified_gmt":"2017-09-05T11:46:22","slug":"programme","status":"publish","type":"page","link":"http:\/\/wp.lancs.ac.uk\/amlap2017\/programme\/","title":{"rendered":"Programme"},"content":{"rendered":"<p>The final programme, including list of posters, is now published &#8211; available <a href=\"http:\/\/wp.lancs.ac.uk\/amlap2017\/files\/2017\/08\/Schedule_10.8.2017.pdf\">here<\/a>.<\/p>\n<p>The proceedings is available <a href=\"http:\/\/wp.lancs.ac.uk\/amlap2017\/files\/2017\/06\/amlap_proceedings_10.8.2017.pdf\">here<\/a> (50Mb file).<\/p>\n<p>For oral presenters, talks are 15 minutes with 5 minutes for questions and transition to the next talk. There is a windows computer with powerpoint, and you may also connect your own laptop via VGA (please bring your own adaptor).<\/p>\n<p><strong>For poster presenters<\/strong>, dimensions of the poster boards are landscape 1.8m wide by 1.2m high. Your posters don&#8217;t have to fill this space, but they do have to fit into this space. <strong>We advise landscape format A0.<\/strong><\/p>\n<p>&nbsp;<\/p>\n<p><strong>Thursday, September 7, 201<\/strong><strong>7<\/strong><\/p>\n<p>8.50 to 9.00\u00a0\u00a0\u00a0\u00a0\u00a0\u00a0 Opening remarks<\/p>\n<p>&nbsp;<\/p>\n<p>9.00 to 9.20\u00a0\u00a0\u00a0\u00a0\u00a0\u00a0 Stefanie Roessler, Anke Holler and Thomas Weskott<\/p>\n<p><em>Morphosyntactic Factors Modulate N1 Accessibility in Compound Processing<\/em><\/p>\n<p>&nbsp;<\/p>\n<p>9.20 to 9.40\u00a0\u00a0\u00a0\u00a0\u00a0\u00a0 Holger Mitterer and Ingo Plag<\/p>\n<p><em>Prefix vs suffix: Evidence for early morphological decomposition in auditory speech comprehension<\/em><\/p>\n<p>&nbsp;<\/p>\n<p>9.40 to 10.00\u00a0\u00a0\u00a0\u00a0 Pelle So\u0308derstro\u0308m, Merle Horne and Mikael Roll<\/p>\n<p><em>Predicting word endings and syntactic structures with prosodic cues \u2013 the pre-activation negativity<\/em><\/p>\n<p>&nbsp;<\/p>\n<p>10.00 to 10.20 Jenny Yu, Heather Kember, Robert Mailhammer and Anne Cutler<\/p>\n<p><em>Prosodic cues to syntactic disambiguation in English and German<\/em><\/p>\n<p>&nbsp;<\/p>\n<p>10.20 to 10.40 Xin Xie and Emily Myers<\/p>\n<p><em>Inferior frontal gyrus activation is modulated by phonetic competition: An fMRI study of clear and conversational speech<\/em><\/p>\n<p>&nbsp;<\/p>\n<p>10.40 to 11.10\u00a0 <strong>Coffee<\/strong><\/p>\n<p>&nbsp;<\/p>\n<p>11.10 to 11.30\u00a0 Simone Sulpizio, Marco Marelli, and Simona Amenta<\/p>\n<p><em>Phonology-mediated access to semantics in visual word recognition<\/em><\/p>\n<p>&nbsp;<\/p>\n<p>11.30 to 11.50\u00a0 Simona Amenta, Marco Marelli, Leo Budinich and Davide Crepaldi<\/p>\n<p><em>The interaction between context and word information in sentence reading<\/em><\/p>\n<p>&nbsp;<\/p>\n<p>11.50 to 12.10\u00a0 Yaling Hsiao, Helen Norris and Kate Nation<\/p>\n<p><em>Semantic diversity affects semantic judgment by developing readers<\/em><\/p>\n<p>&nbsp;<\/p>\n<p>12.10 to 12.30\u00a0 Lucy MacGregor, Jennifer Rodd, Ediz Sohoglu, Olaf Hauk and Matt Davis<\/p>\n<p><em>Neurocognitive mechanisms of semantic ambiguity resolution<\/em><\/p>\n<p>&nbsp;<\/p>\n<p>12.30 to 14.30 <strong>Lunch and Poster Session 1<\/strong><\/p>\n<p>&nbsp;<\/p>\n<p>14.30 to 14.50\u00a0 Liam Blything and Kate Cain<\/p>\n<p><em>The role of memory and language ability in children\u2019s knowledge and production of two-clause sentences containing \u2018before\u2019 and \u2018after\u2019<\/em><\/p>\n<p>&nbsp;<\/p>\n<p>14.50 to 15.10\u00a0 Katherine Messenger and Sophie Hardy<\/p>\n<p><em>Exploring the lexical boost to syntactic priming in children and adults<\/em><\/p>\n<p><em>\u00a0<\/em><\/p>\n<p>15.10 to 15.30\u00a0 Laura Lindsay, Zoe Hopkins and Holly Branigan<\/p>\n<p><em>A rabbit by any other name: Lexical alignment in preschoolers\u2019 dialogue<\/em><\/p>\n<p>&nbsp;<\/p>\n<p>15.30 to 15.50\u00a0 Stewart McCauley and Morten Christiansen<\/p>\n<p><em>Modeling the role of predictive vs. recognition-based processing in acquisition<\/em><\/p>\n<p>&nbsp;<\/p>\n<p>15.50 to 16.20\u00a0 <strong>Tea<\/strong><\/p>\n<p>&nbsp;<\/p>\n<p>16.20 to 16.40\u00a0 Silvia R\u0103dulescu, Frank Wijnen and Sergey Avrutin<\/p>\n<p><em>Statistical learning and cognitive constraints on rule induction: An entropy model<\/em><\/p>\n<p>&nbsp;<\/p>\n<p>16.40 to 17.00\u00a0 Jelena Mirkovic and Emma Hayiou-Thomas<\/p>\n<p><em>The emergence and role of explicit knowledge in implicit statistical learning<\/em><\/p>\n<p>&nbsp;<\/p>\n<p>17.15 to 18.15\u00a0 <strong>Keynote: Susan Goldin-Meadow<\/strong><\/p>\n<p><strong><em>The resilience of language and gesture<\/em><\/strong><\/p>\n<p>&nbsp;<\/p>\n<p>18.15 to 19.30\u00a0 <strong>Drinks reception<\/strong><\/p>\n<p>&nbsp;<\/p>\n<p>&nbsp;<\/p>\n<p><strong>Friday, September 8, 2017<\/strong><\/p>\n<p>&nbsp;<\/p>\n<p>9.00 to 10.00\u00a0\u00a0\u00a0\u00a0 <strong>Keynote: Jeff Elman<\/strong><\/p>\n<p><strong><em>A model of event knowledge<\/em><\/strong><\/p>\n<p>&nbsp;<\/p>\n<p>10.00 to 10.20 Eva Wittenberg, Shota Momma, Elsi Kaiser and Jeremy Skipper<\/p>\n<p><em>Complexity matters only when it matters: Pronominal object and event reference rapidly access different aspects of situation models<\/em><\/p>\n<p>&nbsp;<\/p>\n<p>10.20 to 10.40\u00a0 Wing-Yee Chow and Di Chen<\/p>\n<p><em>Listeners rapidly use unexpected information to update their predictions<\/em><\/p>\n<p>&nbsp;<\/p>\n<p>10.40 to 11.10\u00a0 <strong>Coffee<\/strong><\/p>\n<p>&nbsp;<\/p>\n<p>11.10 to 11.30\u00a0 Evangelia Balatsou, Simon Fischer-Baum and Gary Oppenheim<\/p>\n<p><em>The psychological reality of name agreement in picture naming<\/em><\/p>\n<p>&nbsp;<\/p>\n<p>11.30 to 11.50\u00a0 Laura Fra\u0308drich, Fabrizio Nunnari, Alexis Heloir and Maria Staudte<\/p>\n<p><em>Simulating listener gaze and evaluating its effect on human speakers<\/em><\/p>\n<p>&nbsp;<\/p>\n<p>11.50 to 12.10 Yasamin Motamedi, Marieke Schouwstra, Jennifer Culbertson, Kenny Smith and Simon Kirby<\/p>\n<p><em>Culturally evolving complex constructions in artificial sign languages<\/em><\/p>\n<p>&nbsp;<\/p>\n<p>12.10 to 12.30 Leanne Nagels, Roelien Bastiaanse, Deniz Bas\u0327kent and Anita \u00a0 Wagner<\/p>\n<p><em>\u00a0Lexical access in cochlear implant users<\/em><\/p>\n<p>&nbsp;<\/p>\n<p>12.30 to 14.30 <strong>Lunch and Poster Session 2<\/strong><\/p>\n<p>&nbsp;<\/p>\n<p>14.30 to 14.50\u00a0 Miquel Llompart and Eva Reinisch<\/p>\n<p><em>The robustness of lexical encoding in a second language is related \u00a0\u00a0\u00a0\u00a0\u00a0 to phonetic flexibility<\/em><\/p>\n<p>&nbsp;<\/p>\n<p>14.50 to 15.10 Juli Cebrian and Joan Mora<\/p>\n<p><em>Crosslinguistic perceptual similarity and asymmetric lexical competition in L2 spoken-word recognition<\/em><\/p>\n<p>&nbsp;<\/p>\n<p>15.10 to 15.30 Robin L. Thompson and Clifton Langdon<\/p>\n<p><em>Cross-modal bilingual activation in English and American Sign Language bilinguals: The role of language experience<\/em><\/p>\n<p>&nbsp;<\/p>\n<p>15.30 to 15.50 Luca Onnis and Win Chun<\/p>\n<p><em>Bilingualism is associated with better statistical learning<\/em><\/p>\n<p>&nbsp;<\/p>\n<p>15.50 to 16.20\u00a0 <strong>Tea<\/strong><\/p>\n<p>&nbsp;<\/p>\n<p>16.20 to 17.20\u00a0 <strong>Keynote: N\u00faria Sebasti\u00e1n-Gall\u00e9s<\/strong><\/p>\n<p><strong><em>Bilingualism and early language learning<\/em><\/strong><\/p>\n<p>&nbsp;<\/p>\n<p>18.30 Bus leaves campus for conference dinner from University House (advance booking required)<\/p>\n<p>&nbsp;<\/p>\n<p><strong>Saturday, September 9, 2017<\/strong><\/p>\n<p>&nbsp;<\/p>\n<p>9.00 to 9.20\u00a0\u00a0\u00a0\u00a0\u00a0\u00a0 Miguel Santi\u0301n, Angeliek van Hout and Monique Flecken<\/p>\n<p><em>Does the result justify the means? The representation of resultative events on Mandarin and Spanish<\/em><\/p>\n<p>&nbsp;<\/p>\n<p>9.20 to 9.40 \u00a0\u00a0\u00a0\u00a0\u00a0 Noyan Dokudan, Mehmet Yark\u0131n Ergin, and Pavel Logac\u030cev<\/p>\n<p><em>Missing-VP effects in a head-final language<\/em><\/p>\n<p>&nbsp;<\/p>\n<p>9.40 to 10.00 \u00a0\u00a0\u00a0 Ruth Corps, Chiara Gambi and Martin Pickering<\/p>\n<p><em>Using content and timing predictions to prepare and articulate turns during conversation<\/em><\/p>\n<p>&nbsp;<\/p>\n<p>10.00 to 10.20 Elisabeth Rabs, Heiner Drenhaus, Francesca Delogu and Matthew Crocker<\/p>\n<p><em>The influence of script knowledge on language processing: Evidence from ERPs<\/em><\/p>\n<p><em>\u00a0<\/em><\/p>\n<p>10.20 to 10.40 Jennifer Arnold, Iris Strangmann, Heeju Hwang, Sandy Zerkle, and Laura Castro-Schilo<\/p>\n<p><em>Who are you talking about? Individual differences in pronoun comprehension<\/em><\/p>\n<p>&nbsp;<\/p>\n<p>10.40 to 11.10 <strong>Coffee<\/strong><\/p>\n<p>&nbsp;<\/p>\n<p>11.10 to 11.30 Maria Nella Carminati and Roger van Gompel<\/p>\n<p><em>The lexical boost in production priming: Evidence for the special role \u00a0\u00a0 of the verb<\/em><\/p>\n<p>&nbsp;<\/p>\n<p>11.30 to 11.50 Matthew Husband and Aine Ito<\/p>\n<p><em>Symmetric priming of enrichment in aspectual and intensional constructions<\/em><\/p>\n<p><em>\u00a0<\/em><\/p>\n<p>11.50 to 12.10 Sophie M. Hardy, Katrien Segaert and Linda Wheeldon<\/p>\n<p><em>Ageing and sentence production: Effects of syntactic planning and lexical access<\/em><\/p>\n<p>&nbsp;<\/p>\n<p>12.10 to 12.30 Rebecca Gilbert, Matthew Davis, Gareth Gaskell and Jennifer Rodd<\/p>\n<p><em>Sentence-level learning mechanisms support lexical-semantic retuning during ambiguity resolution<\/em><\/p>\n<p><em>\u00a0<\/em><\/p>\n<p>12.30 to 14.30 <strong>Lunch and Poster Session 3<\/strong><\/p>\n<p><em>\u00a0<\/em><\/p>\n<p>14.30 to 15.30\u00a0 <strong>Keynote: Florian Jaeger<\/strong><\/p>\n<p><strong><em>Revisiting communicative goals in language production:\u00a0Inference and adaptation (aber klar: under uncertainty)<\/em><\/strong><\/p>\n<p>&nbsp;<\/p>\n<p>15.30 to 16.00\u00a0 <strong>Tea<\/strong><\/p>\n<p>&nbsp;<\/p>\n<p>16.00 to 16.20 Christina Kim and Vilde Reksnes<\/p>\n<p><em>Speaker-specific expectations about precision<\/em><\/p>\n<p>&nbsp;<\/p>\n<p>16.20 to 16.40\u00a0 Andreas Brocher, Franziska Kretzschmar and Petra Schumacher<\/p>\n<p><em>Discourse expectations and updating independently and additively affect pupil size in the processing of reference transfer<\/em><\/p>\n<p>&nbsp;<\/p>\n<p>16.40 to 17.00 Adriana Baltaretu and Craig Chambers<\/p>\n<p><em>Referring through rose-colored glasses: conceptual pacts under uncertainty<\/em><\/p>\n<p>&nbsp;<\/p>\n<p>17.00 \u00a0\u00a0\u00a0\u00a0\u00a0\u00a0\u00a0\u00a0\u00a0\u00a0\u00a0\u00a0\u00a0\u00a0\u00a0\u00a0 Closing statements<\/p>\n<p>&nbsp;<\/p>\n","protected":false},"excerpt":{"rendered":"<p class=\"excerpt\">The final programme, including list of posters, is now published &#8211; available here. The proceedings is available here (50Mb file). For oral presenters, talks are 15 minutes with 5 minutes for questions and transition to the next talk. There is a windows computer with powerpoint, and you may also connect your own laptop via VGA [&hellip;]<\/p>\n","protected":false},"author":401,"featured_media":0,"parent":0,"menu_order":0,"comment_status":"closed","ping_status":"closed","template":"","meta":{"footnotes":""},"class_list":["post-498","page","type-page","status-publish","hentry"],"jetpack_sharing_enabled":true,"jetpack_shortlink":"https:\/\/wp.me\/P8b6eO-82","jetpack-related-posts":[{"id":97,"url":"http:\/\/wp.lancs.ac.uk\/amlap2017\/submission\/","url_meta":{"origin":498,"position":0},"title":"Submission","author":"strongs","date":"April 4, 2016","format":false,"excerpt":"Abstract Submission \/* INLINE WIDGET CSS *\/ #layers-widget-slide-3-817 { background-color: #efefef; background-repeat: repeat;background-position: center;background-size: cover;background-image: url('http:\/\/wp.lancs.ac.uk\/amlap2017\/files\/2017\/06\/IMG_4184.jpg');} #layers-widget-slide-3-817 h3.heading,#layers-widget-slide-3-817h3.heading a,#layers-widget-slide-3-817div.excerpt{ color: #ffffff;} Abstract submissions are now closed. If your abstract was accepted for presentation, please do the following:To secure your place in the programme, the presenting author must register by 15th\u2026","rel":"","context":"Similar post","block_context":{"text":"Similar post","link":""},"img":{"alt_text":"","src":"","width":0,"height":0},"classes":[]},{"id":264,"url":"http:\/\/wp.lancs.ac.uk\/amlap2017\/news\/","url_meta":{"origin":498,"position":1},"title":"News","author":"strongs","date":"November 30, 2016","format":false,"excerpt":"Latest News \/* INLINE WIDGET CSS *\/ #layers-widget-slide-7-877 { background-color: #444; background-repeat: no-repeat;background-position: left;background-size: cover;background-image: url('http:\/\/wp.lancs.ac.uk\/amlap2017\/files\/2016\/11\/newspaper-1595773_1920.jpg');} AMLaP 2017: Decisions sent, registration open We sent out decisions on paper and poster slots for AMLaP 2017 today! Both quantity and quality of submitted abstracts was impressive, and we\u2019re very grateful to our\u2026","rel":"","context":"Similar post","block_context":{"text":"Similar post","link":""},"img":{"alt_text":"","src":"","width":0,"height":0},"classes":[]}],"_links":{"self":[{"href":"http:\/\/wp.lancs.ac.uk\/amlap2017\/wp-json\/wp\/v2\/pages\/498","targetHints":{"allow":["GET"]}}],"collection":[{"href":"http:\/\/wp.lancs.ac.uk\/amlap2017\/wp-json\/wp\/v2\/pages"}],"about":[{"href":"http:\/\/wp.lancs.ac.uk\/amlap2017\/wp-json\/wp\/v2\/types\/page"}],"author":[{"embeddable":true,"href":"http:\/\/wp.lancs.ac.uk\/amlap2017\/wp-json\/wp\/v2\/users\/401"}],"replies":[{"embeddable":true,"href":"http:\/\/wp.lancs.ac.uk\/amlap2017\/wp-json\/wp\/v2\/comments?post=498"}],"version-history":[{"count":31,"href":"http:\/\/wp.lancs.ac.uk\/amlap2017\/wp-json\/wp\/v2\/pages\/498\/revisions"}],"predecessor-version":[{"id":647,"href":"http:\/\/wp.lancs.ac.uk\/amlap2017\/wp-json\/wp\/v2\/pages\/498\/revisions\/647"}],"wp:attachment":[{"href":"http:\/\/wp.lancs.ac.uk\/amlap2017\/wp-json\/wp\/v2\/media?parent=498"}],"curies":[{"name":"wp","href":"https:\/\/api.w.org\/{rel}","templated":true}]}}